{"id":43377,"date":"2023-06-01T16:45:42","date_gmt":"2023-06-01T14:45:42","guid":{"rendered":"https:\/\/siluteinfo.lt\/freizeit\/zu-besuchende-orte\/ehemaliges-sanatorium-eglute\/"},"modified":"2025-06-12T15:05:20","modified_gmt":"2025-06-12T13:05:20","slug":"ehemaliges-sanatorium-eglute","status":"publish","type":"page","link":"https:\/\/siluteinfo.lt\/de\/freizeit\/zu-besuchende-orte\/ehemaliges-sanatorium-eglute\/","title":{"rendered":"Ehemaliges Sanatorium \u201eEglut\u0117\u201c"},"content":{"rendered":"\t\t<div data-elementor-type=\"wp-page\" data-elementor-id=\"43377\" class=\"elementor elementor-43377 elementor-24687\" data-elementor-post-type=\"page\">\n\t\t\t\t<div class=\"wd-negative-gap elementor-element elementor-element-4094261 e-flex e-con-boxed e-con e-parent\" data-id=\"4094261\" data-element_type=\"container\" data-e-type=\"container\">\n\t\t\t\t\t<div class=\"e-con-inner\">\n\t\t<div class=\"elementor-element elementor-element-2a4246d e-con-full e-flex e-con e-child\" data-id=\"2a4246d\" data-element_type=\"container\" data-e-type=\"container\">\n\t\t\t\t<div class=\"elementor-element elementor-element-ee90050 elementor-widget elementor-widget-theme-post-featured-image elementor-widget-image\" data-id=\"ee90050\" data-element_type=\"widget\" data-e-type=\"widget\" data-widget_type=\"theme-post-featured-image.default\">\n\t\t\t\t<div class=\"elementor-widget-container\">\n\t\t\t\t\t\t\t\t\t\t\t\t\t\t\t<img loading=\"lazy\" decoding=\"async\" width=\"1200\" height=\"900\" src=\"https:\/\/siluteinfo.lt\/wp-content\/themes\/woodmart\/images\/lazy.svg\" data-src=\"https:\/\/siluteinfo.lt\/wp-content\/uploads\/2023\/11\/lankomi-buvusi-eglutes-sanatorija.jpg\" class=\" wd-lazy-blur attachment-full size-full wp-image-31896\" alt=\"Buvusios \u201eEglut\u0117s\u201c sanatorijos pastatas \u0160ilut\u0117je\" srcset=\"\" data-srcset=\"https:\/\/siluteinfo.lt\/wp-content\/uploads\/2023\/11\/lankomi-buvusi-eglutes-sanatorija.jpg 1200w, https:\/\/siluteinfo.lt\/wp-content\/uploads\/2023\/11\/lankomi-buvusi-eglutes-sanatorija-400x300.jpg 400w, https:\/\/siluteinfo.lt\/wp-content\/uploads\/2023\/11\/lankomi-buvusi-eglutes-sanatorija-768x576.jpg 768w\" sizes=\"auto, (max-width: 1200px) 100vw, 1200px\" \/>\t\t\t\t\t\t\t\t\t\t\t\t\t\t\t<\/div>\n\t\t\t\t<\/div>\n\t\t\t\t<\/div>\n\t\t<div class=\"elementor-element elementor-element-3564e9e e-con-full e-flex e-con e-child\" data-id=\"3564e9e\" data-element_type=\"container\" data-e-type=\"container\">\n\t\t\t\t<div class=\"elementor-element elementor-element-3312c3d color-scheme-inherit text-left elementor-widget elementor-widget-text-editor\" data-id=\"3312c3d\" data-element_type=\"widget\" data-e-type=\"widget\" data-widget_type=\"text-editor.default\">\n\t\t\t\t<div class=\"elementor-widget-container\">\n\t\t\t\t\t\t\t\t\t<div dir=\"auto\" style=\"font-style: normal; font-variant-ligatures: normal; font-variant-caps: normal; font-weight: 400; font-family: Jost, Arial, Helvetica, sans-serif; font-size: 16px; white-space: normal; text-align: justify;\"><div dir=\"auto\" style=\"font-style: normal; font-variant-ligatures: normal; font-variant-caps: normal; font-weight: 400; font-family: Jost, Arial, Helvetica, sans-serif; font-size: 16px; white-space: normal; text-align: justify;\"><p style=\"text-align: left;\">Im Jahr 1888 wurde auf Initiative des Pfarrers Wichmann ein katholisches Waisenhaus gegr\u00fcndet, das j\u00e4hrlich Unterst\u00fctzung von der preu\u00dfischen Regierung erhielt. Das Heim beherbergte rund 60 Kinder \u2013 Waisen und Findelkinder. 1905 wurde ein neues, gro\u00dfz\u00fcgiges, dreist\u00f6ckiges Geb\u00e4ude errichtet. Das Heim wurde von deutschen Elisabethschwestern gef\u00fchrt. Im Herbst 1944, als sich die Front n\u00e4herte, wurden die Bewohner zusammen mit den Nonnen nach Ostpreu\u00dfen evakuiert.<br>1949 wurde im Geb\u00e4ude ein Wohnhaus mit kommunalen Wohnungen eingerichtet. 1961 wurde dort das Kinder-Tuberkulose-Sanatorium \u201eEglut\u0117\u201c er\u00f6ffnet. Es behandelte Kinder im Alter von 6 bis 16 Jahren aus 28 litauischen Bezirken. Das Sanatorium hatte 100 Betten \u2013 25 f\u00fcr Vorschulkinder und 75 f\u00fcr Schulkinder. Eine achtklassige Schule war angegliedert. Hier arbeiteten 3 \u00c4rzte, 20 Krankenschwestern, 10 Lehrer und 6 Erzieherinnen. Am 7. November 2004 wurde das Sanatorium geschlossen.              <br>Ein historischer Tag f\u00fcr \u0160ilut\u0117 war der 5. Dezember 2022, als das restaurierte ehemalige \u201eEglut\u0117\u201c-Sanatorium wiederer\u00f6ffnet wurde \u2013 nun als Zentrum f\u00fcr spirituelle Kultur, das kulturellen und religi\u00f6sen Gemeinschaften sowie allen, die sich f\u00fcr das Kulturerbe von \u0160ilut\u0117 interessieren, offensteht.   <\/p><\/div><\/div>\t\t\t\t\t\t\t\t<\/div>\n\t\t\t\t<\/div>\n\t\t\t\t<\/div>\n\t\t<div class=\"elementor-element elementor-element-43befa8 e-con-full e-flex e-con e-child\" data-id=\"43befa8\" data-element_type=\"container\" data-e-type=\"container\">\n\t\t\t\t<div class=\"elementor-element elementor-element-61e4082 elementor-widget elementor-widget-shortcode\" data-id=\"61e4082\" data-element_type=\"widget\" data-e-type=\"widget\" data-widget_type=\"shortcode.default\">\n\t\t\t\t<div class=\"elementor-widget-container\">\n\t\t\t\t\t\t\t<div class=\"elementor-shortcode\">\t\t<div id=\"maps-marker-pro-10e354c4\" class=\"maps-marker-pro mmp-list-below\" style=\"width: 100%;\">\n\t\t\t<div id=\"mmp-map-wrap-10e354c4\" class=\"mmp-map-wrap\">\n\t\t\t\t\t\t\t\t\t<div id=\"mmp-panel-10e354c4\" class=\"mmp-panel\"><\/div>\n\t\t\t\t\t\t\t\t<div id=\"mmp-map-10e354c4\" class=\"mmp-map\" style=\"height: 500px;\"><\/div>\n\t\t\t\t\t\t\t<\/div>\n\t\t\t\t\t\t\t<div id=\"mmp-list-10e354c4\" class=\"mmp-list\" style=\"flex-basis: 400px;\"><\/div>\n\t\t\t\t\t<\/div>\n\t\t<\/div>\n\t\t\t\t\t\t<\/div>\n\t\t\t\t<\/div>\n\t\t\t\t<\/div>\n\t\t\t\t\t<\/div>\n\t\t\t\t<\/div>\n\t\t\t\t<\/div>\n\t\t","protected":false},"excerpt":{"rendered":"<p>Im Jahr 1888 wurde auf Initiative des Pfarrers Wichmann ein katholisches Waisenhaus gegr\u00fcndet, das j\u00e4hrlich Unterst\u00fctzung von der preu\u00dfischen Regierung<\/p>\n","protected":false},"author":2,"featured_media":31896,"parent":22976,"menu_order":65,"comment_status":"closed","ping_status":"closed","template":"","meta":{"_acf_changed":false,"_monsterinsights_skip_tracking":false,"_monsterinsights_sitenote_active":false,"_monsterinsights_sitenote_note":"","_monsterinsights_sitenote_category":0,"footnotes":""},"class_list":["post-43377","page","type-page","status-publish","has-post-thumbnail","hentry"],"acf":[],"_links":{"self":[{"href":"https:\/\/siluteinfo.lt\/de\/wp-json\/wp\/v2\/pages\/43377","targetHints":{"allow":["GET"]}}],"collection":[{"href":"https:\/\/siluteinfo.lt\/de\/wp-json\/wp\/v2\/pages"}],"about":[{"href":"https:\/\/siluteinfo.lt\/de\/wp-json\/wp\/v2\/types\/page"}],"author":[{"embeddable":true,"href":"https:\/\/siluteinfo.lt\/de\/wp-json\/wp\/v2\/users\/2"}],"replies":[{"embeddable":true,"href":"https:\/\/siluteinfo.lt\/de\/wp-json\/wp\/v2\/comments?post=43377"}],"version-history":[{"count":0,"href":"https:\/\/siluteinfo.lt\/de\/wp-json\/wp\/v2\/pages\/43377\/revisions"}],"up":[{"embeddable":true,"href":"https:\/\/siluteinfo.lt\/de\/wp-json\/wp\/v2\/pages\/22976"}],"wp:featuredmedia":[{"embeddable":true,"href":"https:\/\/siluteinfo.lt\/de\/wp-json\/wp\/v2\/media\/31896"}],"wp:attachment":[{"href":"https:\/\/siluteinfo.lt\/de\/wp-json\/wp\/v2\/media?parent=43377"}],"curies":[{"name":"wp","href":"https:\/\/api.w.org\/{rel}","templated":true}]}}