{"id":43367,"date":"2022-05-26T05:37:10","date_gmt":"2022-05-26T03:37:10","guid":{"rendered":"https:\/\/siluteinfo.lt\/freizeit\/zu-besuchende-orte\/ehemaliges-gerichtsgebaude-und-gefangnis\/"},"modified":"2025-06-12T15:01:43","modified_gmt":"2025-06-12T13:01:43","slug":"ehemaliges-gerichtsgebaude-und-gefangnis","status":"publish","type":"page","link":"https:\/\/siluteinfo.lt\/de\/freizeit\/zu-besuchende-orte\/ehemaliges-gerichtsgebaude-und-gefangnis\/","title":{"rendered":"Ehemaliges Gerichtsgeb\u00e4ude und Gef\u00e4ngnis mit 200 Pl\u00e4tzen"},"content":{"rendered":"\t\t<div data-elementor-type=\"wp-page\" data-elementor-id=\"43367\" class=\"elementor elementor-43367 elementor-11273\" data-elementor-post-type=\"page\">\n\t\t\t\t<div class=\"wd-negative-gap elementor-element elementor-element-6ffb344 e-flex e-con-boxed e-con e-parent\" data-id=\"6ffb344\" data-element_type=\"container\" data-e-type=\"container\">\n\t\t\t\t\t<div class=\"e-con-inner\">\n\t\t<div class=\"elementor-element elementor-element-1498857 e-con-full e-flex e-con e-child\" data-id=\"1498857\" data-element_type=\"container\" data-e-type=\"container\">\n\t\t\t\t<div class=\"elementor-element elementor-element-4f198c6 elementor-widget elementor-widget-theme-post-featured-image elementor-widget-image\" data-id=\"4f198c6\" data-element_type=\"widget\" data-e-type=\"widget\" data-widget_type=\"theme-post-featured-image.default\">\n\t\t\t\t<div class=\"elementor-widget-container\">\n\t\t\t\t\t\t\t\t\t\t\t\t\t\t\t<img loading=\"lazy\" decoding=\"async\" width=\"1200\" height=\"900\" src=\"https:\/\/siluteinfo.lt\/wp-content\/themes\/woodmart\/images\/lazy.svg\" data-src=\"https:\/\/siluteinfo.lt\/wp-content\/uploads\/2023\/11\/lankomi-buve-teismo-rumai.jpg\" class=\" wd-lazy-blur attachment-full size-full wp-image-31889\" alt=\"Buvusi\u0173 teismo r\u016bm\u0173 ir 200 viet\u0173 kal\u0117jimo pastatas \u0160ilut\u0117je\" srcset=\"\" data-srcset=\"https:\/\/siluteinfo.lt\/wp-content\/uploads\/2023\/11\/lankomi-buve-teismo-rumai.jpg 1200w, https:\/\/siluteinfo.lt\/wp-content\/uploads\/2023\/11\/lankomi-buve-teismo-rumai-400x300.jpg 400w, https:\/\/siluteinfo.lt\/wp-content\/uploads\/2023\/11\/lankomi-buve-teismo-rumai-768x576.jpg 768w\" sizes=\"auto, (max-width: 1200px) 100vw, 1200px\" \/>\t\t\t\t\t\t\t\t\t\t\t\t\t\t\t<\/div>\n\t\t\t\t<\/div>\n\t\t\t\t<\/div>\n\t\t<div class=\"elementor-element elementor-element-9a245b8 e-con-full e-flex e-con e-child\" data-id=\"9a245b8\" data-element_type=\"container\" data-e-type=\"container\">\n\t\t\t\t<div class=\"elementor-element elementor-element-6de0dd7 color-scheme-inherit text-left elementor-widget elementor-widget-text-editor\" data-id=\"6de0dd7\" data-element_type=\"widget\" data-e-type=\"widget\" data-widget_type=\"text-editor.default\">\n\t\t\t\t<div class=\"elementor-widget-container\">\n\t\t\t\t\t\t\t\t\t<div dir=\"auto\" style=\"font-style: normal; font-variant-ligatures: normal; font-variant-caps: normal; font-weight: 400; font-family: Jost, Arial, Helvetica, sans-serif; font-size: 16px; white-space: normal; text-align: justify;\"><div dir=\"auto\" style=\"font-style: normal; font-variant-ligatures: normal; font-variant-caps: normal; font-weight: 400; font-family: Jost, Arial, Helvetica, sans-serif; font-size: 16px; white-space: normal; text-align: justify;\"><p style=\"text-align: left;\">Im Jahr 1848 wurden auf dem Gebiet des damaligen Dorfes \u017dibai das Kreisgericht und ein Gef\u00e4ngnis f\u00fcr 200 H\u00e4ftlinge errichtet. Hier wurden Straft\u00e4ter aus umliegenden D\u00f6rfern untergebracht, die zu Haftstrafen bis zu drei Jahren verurteilt worden waren.<br>1909 wurden die Geb\u00e4ude erweitert \u2013 ein drittes Stockwerk und ein drittes Geb\u00e4ude kamen hinzu. Das Gef\u00e4ngnis wurde weiterhin genutzt, sowohl nach der Angliederung des Memelgebiets an das unabh\u00e4ngige Litauen als auch w\u00e4hrend der nationalsozialistischen Besatzung. Nach 1944 wurde es zum stalinistischen Gef\u00e4ngnis, in dem politische Gefangene festgehalten wurden. Nach Stalins Tod wurde das Gef\u00e4ngnis geschlossen.<br>Seit 1954 sind die Geb\u00e4ude zu einer Berufsbildungseinrichtung umfunktioniert worden \u2013 heute befindet sich dort die Tourismus- und Wirtschaftsschule \u0160ilut\u0117. Die ehemaligen Gerichtsgeb\u00e4ude beherbergen Unterrichtsr\u00e4ume, das fr\u00fchere Gef\u00e4ngnis dient nun als Internat.<br>2011 wurde in der ehemaligen Einzelzelle ein kleines Museum er\u00f6ffnet.         <\/p><\/div><\/div>\t\t\t\t\t\t\t\t<\/div>\n\t\t\t\t<\/div>\n\t\t\t\t<\/div>\n\t\t<div class=\"elementor-element elementor-element-6a777b3 e-con-full e-flex e-con e-child\" data-id=\"6a777b3\" data-element_type=\"container\" data-e-type=\"container\">\n\t\t\t\t<div class=\"elementor-element elementor-element-02d24a0 elementor-widget elementor-widget-shortcode\" data-id=\"02d24a0\" data-element_type=\"widget\" data-e-type=\"widget\" data-widget_type=\"shortcode.default\">\n\t\t\t\t<div class=\"elementor-widget-container\">\n\t\t\t\t\t\t\t<div class=\"elementor-shortcode\">\t\t<div id=\"maps-marker-pro-b34a2320\" class=\"maps-marker-pro mmp-list-below\" style=\"width: 100%;\">\n\t\t\t<div id=\"mmp-map-wrap-b34a2320\" class=\"mmp-map-wrap\">\n\t\t\t\t\t\t\t\t\t<div id=\"mmp-panel-b34a2320\" class=\"mmp-panel\"><\/div>\n\t\t\t\t\t\t\t\t<div id=\"mmp-map-b34a2320\" class=\"mmp-map\" style=\"height: 500px;\"><\/div>\n\t\t\t\t\t\t\t<\/div>\n\t\t\t\t\t\t\t<div id=\"mmp-list-b34a2320\" class=\"mmp-list\" style=\"flex-basis: 400px;\"><\/div>\n\t\t\t\t\t<\/div>\n\t\t<\/div>\n\t\t\t\t\t\t<\/div>\n\t\t\t\t<\/div>\n\t\t\t\t<\/div>\n\t\t\t\t\t<\/div>\n\t\t\t\t<\/div>\n\t\t\t\t<\/div>\n\t\t","protected":false},"excerpt":{"rendered":"<p>Im Jahr 1848 wurden auf dem Gebiet des damaligen Dorfes \u017dibai das Kreisgericht und ein Gef\u00e4ngnis f\u00fcr 200 H\u00e4ftlinge errichtet.<\/p>\n","protected":false},"author":1,"featured_media":31889,"parent":22976,"menu_order":64,"comment_status":"closed","ping_status":"closed","template":"","meta":{"_acf_changed":false,"_monsterinsights_skip_tracking":false,"_monsterinsights_sitenote_active":false,"_monsterinsights_sitenote_note":"","_monsterinsights_sitenote_category":0,"footnotes":""},"class_list":["post-43367","page","type-page","status-publish","has-post-thumbnail","hentry"],"acf":[],"_links":{"self":[{"href":"https:\/\/siluteinfo.lt\/de\/wp-json\/wp\/v2\/pages\/43367","targetHints":{"allow":["GET"]}}],"collection":[{"href":"https:\/\/siluteinfo.lt\/de\/wp-json\/wp\/v2\/pages"}],"about":[{"href":"https:\/\/siluteinfo.lt\/de\/wp-json\/wp\/v2\/types\/page"}],"author":[{"embeddable":true,"href":"https:\/\/siluteinfo.lt\/de\/wp-json\/wp\/v2\/users\/1"}],"replies":[{"embeddable":true,"href":"https:\/\/siluteinfo.lt\/de\/wp-json\/wp\/v2\/comments?post=43367"}],"version-history":[{"count":0,"href":"https:\/\/siluteinfo.lt\/de\/wp-json\/wp\/v2\/pages\/43367\/revisions"}],"up":[{"embeddable":true,"href":"https:\/\/siluteinfo.lt\/de\/wp-json\/wp\/v2\/pages\/22976"}],"wp:featuredmedia":[{"embeddable":true,"href":"https:\/\/siluteinfo.lt\/de\/wp-json\/wp\/v2\/media\/31889"}],"wp:attachment":[{"href":"https:\/\/siluteinfo.lt\/de\/wp-json\/wp\/v2\/media?parent=43367"}],"curies":[{"name":"wp","href":"https:\/\/api.w.org\/{rel}","templated":true}]}}