{"id":43357,"date":"2022-05-26T05:36:00","date_gmt":"2022-05-26T03:36:00","guid":{"rendered":"https:\/\/siluteinfo.lt\/freizeit\/zu-besuchende-orte\/hotelgebaude-deims\/"},"modified":"2025-06-12T14:57:11","modified_gmt":"2025-06-12T12:57:11","slug":"hotelgebaude-deims","status":"publish","type":"page","link":"https:\/\/siluteinfo.lt\/de\/freizeit\/zu-besuchende-orte\/hotelgebaude-deims\/","title":{"rendered":"Hotelgeb\u00e4ude \u201eDeims\u201c"},"content":{"rendered":"\t\t<div data-elementor-type=\"wp-page\" data-elementor-id=\"43357\" class=\"elementor elementor-43357 elementor-11269\" data-elementor-post-type=\"page\">\n\t\t\t\t<div class=\"wd-negative-gap elementor-element elementor-element-ba0badd e-flex e-con-boxed e-con e-parent\" data-id=\"ba0badd\" data-element_type=\"container\" data-e-type=\"container\">\n\t\t\t\t\t<div class=\"e-con-inner\">\n\t\t<div class=\"elementor-element elementor-element-5a3cbeb e-con-full e-flex e-con e-child\" data-id=\"5a3cbeb\" data-element_type=\"container\" data-e-type=\"container\">\n\t\t\t\t<div class=\"elementor-element elementor-element-58d9817 elementor-widget elementor-widget-theme-post-featured-image elementor-widget-image\" data-id=\"58d9817\" data-element_type=\"widget\" data-e-type=\"widget\" data-widget_type=\"theme-post-featured-image.default\">\n\t\t\t\t<div class=\"elementor-widget-container\">\n\t\t\t\t\t\t\t\t\t\t\t\t\t\t\t<img loading=\"lazy\" decoding=\"async\" width=\"1200\" height=\"800\" src=\"https:\/\/siluteinfo.lt\/wp-content\/themes\/woodmart\/images\/lazy.svg\" data-src=\"https:\/\/siluteinfo.lt\/wp-content\/uploads\/2025\/05\/lankomi-viesbucio-deims-pastatas.jpg\" class=\" wd-lazy-blur attachment-full size-full wp-image-42057\" alt=\"Vie\u0161bu\u010dio \u201eDeims\u201c pastatas \u0160ilut\u0117je\" srcset=\"\" data-srcset=\"https:\/\/siluteinfo.lt\/wp-content\/uploads\/2025\/05\/lankomi-viesbucio-deims-pastatas.jpg 1200w, https:\/\/siluteinfo.lt\/wp-content\/uploads\/2025\/05\/lankomi-viesbucio-deims-pastatas-400x267.jpg 400w, https:\/\/siluteinfo.lt\/wp-content\/uploads\/2025\/05\/lankomi-viesbucio-deims-pastatas-768x512.jpg 768w\" sizes=\"auto, (max-width: 1200px) 100vw, 1200px\" \/>\t\t\t\t\t\t\t\t\t\t\t\t\t\t\t<\/div>\n\t\t\t\t<\/div>\n\t\t\t\t<\/div>\n\t\t<div class=\"elementor-element elementor-element-8c33611 e-con-full e-flex e-con e-child\" data-id=\"8c33611\" data-element_type=\"container\" data-e-type=\"container\">\n\t\t\t\t<div class=\"elementor-element elementor-element-49b1d53 color-scheme-inherit text-left elementor-widget elementor-widget-text-editor\" data-id=\"49b1d53\" data-element_type=\"widget\" data-e-type=\"widget\" data-widget_type=\"text-editor.default\">\n\t\t\t\t<div class=\"elementor-widget-container\">\n\t\t\t\t\t\t\t\t\t<div dir=\"auto\" style=\"font-style: normal; font-variant-ligatures: normal; font-variant-caps: normal; font-weight: 400; font-family: Jost, Arial, Helvetica, sans-serif; font-size: 16px; white-space: normal; text-align: justify;\"><div dir=\"auto\" style=\"font-style: normal; font-variant-ligatures: normal; font-variant-caps: normal; font-weight: 400; font-family: Jost, Arial, Helvetica, sans-serif; font-size: 16px; white-space: normal; text-align: justify;\"><div dir=\"auto\" style=\"font-style: normal; font-variant-ligatures: normal; font-variant-caps: normal; font-weight: 400; font-family: Jost, Arial, Helvetica, sans-serif; font-size: 16px; white-space: normal; text-align: justify;\"><p style=\"text-align: left;\">Das Hotel wurde im Jahr 1870 gegr\u00fcndet. Der Name stammt vom Nachnamen des Besitzers \u2013 Deim. Wann genau Hermann Deim Eigent\u00fcmer wurde, ist nicht bekannt, doch man vermutet, dass dies in den ersten Jahren des 20. Jahrhunderts geschah, da das Hotel unter diesem Namen im damaligen Adressbuch des Kreises \u0160ilut\u0117 verzeichnet ist.    <br>Im Jahr 1922 wurde das Hotel mit Caf\u00e9 von Herrn Haupt \u00fcbernommen. Nach dem Zweiten Weltkrieg nahm das Hotel seinen Betrieb wieder auf. Aus dem alten Namen \u201eDeims Hotel\u201c wurde \u201eNemunas\u201c, und das Caf\u00e9 \u201e\u017dibintas\u201c wurde er\u00f6ffnet. In der Nachkriegszeit wurde das Geb\u00e4ude umfassend renoviert. Die Au\u00dfenfassade \u00e4nderte sich nur geringf\u00fcgig \u2013 die wesentlichen Vorkriegselemente blieben erhalten.     <br>Heute ist das Hotel \u201eDeims\u201c das einzige Hotel in \u0160ilut\u0117, das bis zu 85 G\u00e4ste gleichzeitig aufnehmen kann. Es verf\u00fcgt \u00fcber 43 Zimmer. <\/p><\/div><\/div><\/div>\t\t\t\t\t\t\t\t<\/div>\n\t\t\t\t<\/div>\n\t\t\t\t<\/div>\n\t\t<div class=\"elementor-element elementor-element-320591e e-con-full e-flex e-con e-child\" data-id=\"320591e\" data-element_type=\"container\" data-e-type=\"container\">\n\t\t\t\t<div class=\"elementor-element elementor-element-89b213e elementor-widget elementor-widget-shortcode\" data-id=\"89b213e\" data-element_type=\"widget\" data-e-type=\"widget\" data-widget_type=\"shortcode.default\">\n\t\t\t\t<div class=\"elementor-widget-container\">\n\t\t\t\t\t\t\t<div class=\"elementor-shortcode\">\t\t<div id=\"maps-marker-pro-24076b86\" class=\"maps-marker-pro mmp-list-below\" style=\"width: 100%;\">\n\t\t\t<div id=\"mmp-map-wrap-24076b86\" class=\"mmp-map-wrap\">\n\t\t\t\t\t\t\t\t\t<div id=\"mmp-panel-24076b86\" class=\"mmp-panel\"><\/div>\n\t\t\t\t\t\t\t\t<div id=\"mmp-map-24076b86\" class=\"mmp-map\" style=\"height: 500px;\"><\/div>\n\t\t\t\t\t\t\t<\/div>\n\t\t\t\t\t\t\t<div id=\"mmp-list-24076b86\" class=\"mmp-list\" style=\"flex-basis: 400px;\"><\/div>\n\t\t\t\t\t<\/div>\n\t\t<\/div>\n\t\t\t\t\t\t<\/div>\n\t\t\t\t<\/div>\n\t\t\t\t<\/div>\n\t\t\t\t\t<\/div>\n\t\t\t\t<\/div>\n\t\t\t\t<\/div>\n\t\t","protected":false},"excerpt":{"rendered":"<p>Das Hotel wurde im Jahr 1870 gegr\u00fcndet. Der Name stammt vom Nachnamen des Besitzers \u2013 Deim. Wann genau Hermann Deim<\/p>\n","protected":false},"author":1,"featured_media":42057,"parent":22976,"menu_order":63,"comment_status":"closed","ping_status":"closed","template":"","meta":{"_acf_changed":false,"_monsterinsights_skip_tracking":false,"_monsterinsights_sitenote_active":false,"_monsterinsights_sitenote_note":"","_monsterinsights_sitenote_category":0,"footnotes":""},"class_list":["post-43357","page","type-page","status-publish","has-post-thumbnail","hentry"],"acf":[],"_links":{"self":[{"href":"https:\/\/siluteinfo.lt\/de\/wp-json\/wp\/v2\/pages\/43357","targetHints":{"allow":["GET"]}}],"collection":[{"href":"https:\/\/siluteinfo.lt\/de\/wp-json\/wp\/v2\/pages"}],"about":[{"href":"https:\/\/siluteinfo.lt\/de\/wp-json\/wp\/v2\/types\/page"}],"author":[{"embeddable":true,"href":"https:\/\/siluteinfo.lt\/de\/wp-json\/wp\/v2\/users\/1"}],"replies":[{"embeddable":true,"href":"https:\/\/siluteinfo.lt\/de\/wp-json\/wp\/v2\/comments?post=43357"}],"version-history":[{"count":0,"href":"https:\/\/siluteinfo.lt\/de\/wp-json\/wp\/v2\/pages\/43357\/revisions"}],"up":[{"embeddable":true,"href":"https:\/\/siluteinfo.lt\/de\/wp-json\/wp\/v2\/pages\/22976"}],"wp:featuredmedia":[{"embeddable":true,"href":"https:\/\/siluteinfo.lt\/de\/wp-json\/wp\/v2\/media\/42057"}],"wp:attachment":[{"href":"https:\/\/siluteinfo.lt\/de\/wp-json\/wp\/v2\/media?parent=43357"}],"curies":[{"name":"wp","href":"https:\/\/api.w.org\/{rel}","templated":true}]}}