{"id":43347,"date":"2022-05-25T16:27:27","date_gmt":"2022-05-25T14:27:27","guid":{"rendered":"https:\/\/siluteinfo.lt\/freizeit\/zu-besuchende-orte\/ehemalige-volksschule-volkschule\/"},"modified":"2025-06-12T14:52:08","modified_gmt":"2025-06-12T12:52:08","slug":"ehemalige-volksschule-volkschule","status":"publish","type":"page","link":"https:\/\/siluteinfo.lt\/de\/freizeit\/zu-besuchende-orte\/ehemalige-volksschule-volkschule\/","title":{"rendered":"Ehemalige Volksschule \u201eVolkschule\u201c"},"content":{"rendered":"\t\t<div data-elementor-type=\"wp-page\" data-elementor-id=\"43347\" class=\"elementor elementor-43347 elementor-11255\" data-elementor-post-type=\"page\">\n\t\t\t\t<div class=\"wd-negative-gap elementor-element elementor-element-c80c434 e-flex e-con-boxed e-con e-parent\" data-id=\"c80c434\" data-element_type=\"container\" data-e-type=\"container\">\n\t\t\t\t\t<div class=\"e-con-inner\">\n\t\t<div class=\"elementor-element elementor-element-a2bcc1f e-con-full e-flex e-con e-child\" data-id=\"a2bcc1f\" data-element_type=\"container\" data-e-type=\"container\">\n\t\t\t\t<div class=\"elementor-element elementor-element-cc5fb14 elementor-widget elementor-widget-theme-post-featured-image elementor-widget-image\" data-id=\"cc5fb14\" data-element_type=\"widget\" data-e-type=\"widget\" data-widget_type=\"theme-post-featured-image.default\">\n\t\t\t\t<div class=\"elementor-widget-container\">\n\t\t\t\t\t\t\t\t\t\t\t\t\t\t\t<img loading=\"lazy\" decoding=\"async\" width=\"1200\" height=\"800\" src=\"https:\/\/siluteinfo.lt\/wp-content\/themes\/woodmart\/images\/lazy.svg\" data-src=\"https:\/\/siluteinfo.lt\/wp-content\/uploads\/2024\/06\/lankomi-buvusi-liaudies-mokykla.jpg\" class=\" wd-lazy-blur attachment-full size-full wp-image-36439\" alt=\"Buvusios liaudies mokyklos \u201eVolkshule\u201c pastatas \u0160ilut\u0117je\" srcset=\"\" data-srcset=\"https:\/\/siluteinfo.lt\/wp-content\/uploads\/2024\/06\/lankomi-buvusi-liaudies-mokykla.jpg 1200w, https:\/\/siluteinfo.lt\/wp-content\/uploads\/2024\/06\/lankomi-buvusi-liaudies-mokykla-400x267.jpg 400w, https:\/\/siluteinfo.lt\/wp-content\/uploads\/2024\/06\/lankomi-buvusi-liaudies-mokykla-768x512.jpg 768w\" sizes=\"auto, (max-width: 1200px) 100vw, 1200px\" \/>\t\t\t\t\t\t\t\t\t\t\t\t\t\t\t<\/div>\n\t\t\t\t<\/div>\n\t\t\t\t<\/div>\n\t\t<div class=\"elementor-element elementor-element-2a18f08 e-con-full e-flex e-con e-child\" data-id=\"2a18f08\" data-element_type=\"container\" data-e-type=\"container\">\n\t\t\t\t<div class=\"elementor-element elementor-element-c564a64 color-scheme-inherit text-left elementor-widget elementor-widget-text-editor\" data-id=\"c564a64\" data-element_type=\"widget\" data-e-type=\"widget\" data-widget_type=\"text-editor.default\">\n\t\t\t\t<div class=\"elementor-widget-container\">\n\t\t\t\t\t\t\t\t\t<div dir=\"auto\" style=\"font-style: normal; font-variant-ligatures: normal; font-variant-caps: normal; font-weight: 400; font-family: Jost, Arial, Helvetica, sans-serif; font-size: 16px; white-space: normal; text-align: justify;\"><div dir=\"auto\" style=\"font-style: normal; font-variant-ligatures: normal; font-variant-caps: normal; font-weight: 400; font-family: Jost, Arial, Helvetica, sans-serif; font-size: 16px; white-space: normal; text-align: justify;\"><p style=\"text-align: left;\">Im 19. Jahrhundert wurde in Preu\u00dfen die achtj\u00e4hrige Schulpflicht eingef\u00fchrt und es entstanden sogenannte Volksschulen. Das deutsche Schulsystem war dreistufig: Volksschule, Mittelschule und Gymnasium. Die Volksschule (<em>Volkschule<\/em>) bildete Bauern, Arbeiter und Handwerker aus, die Mittelschule bereitete auf Verwaltungsberufe vor, und das Gymnasium \u00f6ffnete den Weg zu Hochschulen.<br>Ende des 19. Jahrhunderts wurde f\u00fcr die \u0160ilut\u0117er Volksschule dieses Schulgeb\u00e4ude mit gro\u00dfz\u00fcgigen, hellen Klassenzimmern, breiten Fluren und einer Aula errichtet. Bereits 1900 wurden hier die Klassen I bis VII unterrichtet, 1901 kam die achte Klasse hinzu. Nach dem Krieg war in dem Geb\u00e4ude eine achtklassige Schule untergebracht, die sp\u00e4ter zur IV. Mittelschule umgewandelt wurde.<br>1980 zog die Schule in ein neues Geb\u00e4ude in der \u017dalgirio-Stra\u00dfe um. Im alten Geb\u00e4ude wurden verschiedene Organisationen und eine Kindersportschule untergebracht. Ab 1990 befand sich hier die \u0160ilut\u0117er Grundschule, die 22 Jahre bestand und 2012 in die Pamarys-Grundschule integriert wurde (seit 2021 Pamarys-Progymnasium). Seit dem 1. September 2015 befindet sich im Geb\u00e4ude die Kunstschule \u0160ilut\u0117.                <\/p><\/div><\/div>\t\t\t\t\t\t\t\t<\/div>\n\t\t\t\t<\/div>\n\t\t\t\t<\/div>\n\t\t<div class=\"elementor-element elementor-element-d97dc66 e-con-full e-flex e-con e-child\" data-id=\"d97dc66\" data-element_type=\"container\" data-e-type=\"container\">\n\t\t\t\t<div class=\"elementor-element elementor-element-a4d9617 elementor-widget elementor-widget-shortcode\" data-id=\"a4d9617\" data-element_type=\"widget\" data-e-type=\"widget\" data-widget_type=\"shortcode.default\">\n\t\t\t\t<div class=\"elementor-widget-container\">\n\t\t\t\t\t\t\t<div class=\"elementor-shortcode\">\t\t<div id=\"maps-marker-pro-0778122b\" class=\"maps-marker-pro mmp-list-below\" style=\"width: 100%;\">\n\t\t\t<div id=\"mmp-map-wrap-0778122b\" class=\"mmp-map-wrap\">\n\t\t\t\t\t\t\t\t\t<div id=\"mmp-panel-0778122b\" class=\"mmp-panel\"><\/div>\n\t\t\t\t\t\t\t\t<div id=\"mmp-map-0778122b\" class=\"mmp-map\" style=\"height: 500px;\"><\/div>\n\t\t\t\t\t\t\t<\/div>\n\t\t\t\t\t\t\t<div id=\"mmp-list-0778122b\" class=\"mmp-list\" style=\"flex-basis: 400px;\"><\/div>\n\t\t\t\t\t<\/div>\n\t\t<\/div>\n\t\t\t\t\t\t<\/div>\n\t\t\t\t<\/div>\n\t\t\t\t<\/div>\n\t\t\t\t\t<\/div>\n\t\t\t\t<\/div>\n\t\t\t\t<\/div>\n\t\t","protected":false},"excerpt":{"rendered":"<p>Im 19. Jahrhundert wurde in Preu\u00dfen die achtj\u00e4hrige Schulpflicht eingef\u00fchrt und es entstanden sogenannte Volksschulen. Das deutsche Schulsystem war dreistufig:<\/p>\n","protected":false},"author":1,"featured_media":36439,"parent":22976,"menu_order":62,"comment_status":"closed","ping_status":"closed","template":"","meta":{"_acf_changed":false,"_monsterinsights_skip_tracking":false,"_monsterinsights_sitenote_active":false,"_monsterinsights_sitenote_note":"","_monsterinsights_sitenote_category":0,"footnotes":""},"class_list":["post-43347","page","type-page","status-publish","has-post-thumbnail","hentry"],"acf":[],"_links":{"self":[{"href":"https:\/\/siluteinfo.lt\/de\/wp-json\/wp\/v2\/pages\/43347","targetHints":{"allow":["GET"]}}],"collection":[{"href":"https:\/\/siluteinfo.lt\/de\/wp-json\/wp\/v2\/pages"}],"about":[{"href":"https:\/\/siluteinfo.lt\/de\/wp-json\/wp\/v2\/types\/page"}],"author":[{"embeddable":true,"href":"https:\/\/siluteinfo.lt\/de\/wp-json\/wp\/v2\/users\/1"}],"replies":[{"embeddable":true,"href":"https:\/\/siluteinfo.lt\/de\/wp-json\/wp\/v2\/comments?post=43347"}],"version-history":[{"count":0,"href":"https:\/\/siluteinfo.lt\/de\/wp-json\/wp\/v2\/pages\/43347\/revisions"}],"up":[{"embeddable":true,"href":"https:\/\/siluteinfo.lt\/de\/wp-json\/wp\/v2\/pages\/22976"}],"wp:featuredmedia":[{"embeddable":true,"href":"https:\/\/siluteinfo.lt\/de\/wp-json\/wp\/v2\/media\/36439"}],"wp:attachment":[{"href":"https:\/\/siluteinfo.lt\/de\/wp-json\/wp\/v2\/media?parent=43347"}],"curies":[{"name":"wp","href":"https:\/\/api.w.org\/{rel}","templated":true}]}}