{"id":43337,"date":"2022-05-26T05:35:17","date_gmt":"2022-05-26T03:35:17","guid":{"rendered":"https:\/\/siluteinfo.lt\/freizeit\/zu-besuchende-orte\/hermann-sudermann-denkmal\/"},"modified":"2025-06-12T14:46:00","modified_gmt":"2025-06-12T12:46:00","slug":"hermann-sudermann-denkmal","status":"publish","type":"page","link":"https:\/\/siluteinfo.lt\/de\/freizeit\/zu-besuchende-orte\/hermann-sudermann-denkmal\/","title":{"rendered":"Hermann-Sudermann-Denkmal"},"content":{"rendered":"\t\t<div data-elementor-type=\"wp-page\" data-elementor-id=\"43337\" class=\"elementor elementor-43337 elementor-11267\" data-elementor-post-type=\"page\">\n\t\t\t\t<div class=\"wd-negative-gap elementor-element elementor-element-3d0148b e-flex e-con-boxed e-con e-parent\" data-id=\"3d0148b\" data-element_type=\"container\" data-e-type=\"container\">\n\t\t\t\t\t<div class=\"e-con-inner\">\n\t\t<div class=\"elementor-element elementor-element-651c497 e-con-full e-flex e-con e-child\" data-id=\"651c497\" data-element_type=\"container\" data-e-type=\"container\">\n\t\t\t\t<div class=\"elementor-element elementor-element-6757467 elementor-widget elementor-widget-theme-post-featured-image elementor-widget-image\" data-id=\"6757467\" data-element_type=\"widget\" data-e-type=\"widget\" data-widget_type=\"theme-post-featured-image.default\">\n\t\t\t\t<div class=\"elementor-widget-container\">\n\t\t\t\t\t\t\t\t\t\t\t\t\t\t\t<img loading=\"lazy\" decoding=\"async\" width=\"1200\" height=\"800\" src=\"https:\/\/siluteinfo.lt\/wp-content\/themes\/woodmart\/images\/lazy.svg\" data-src=\"https:\/\/siluteinfo.lt\/wp-content\/uploads\/2024\/06\/lankomi-hermano-zudermano-paminklas.jpg\" class=\" wd-lazy-blur attachment-full size-full wp-image-36403\" alt=\"Hermano Zudermano paminklas \u0160ilut\u0117je\" srcset=\"\" data-srcset=\"https:\/\/siluteinfo.lt\/wp-content\/uploads\/2024\/06\/lankomi-hermano-zudermano-paminklas.jpg 1200w, https:\/\/siluteinfo.lt\/wp-content\/uploads\/2024\/06\/lankomi-hermano-zudermano-paminklas-400x267.jpg 400w, https:\/\/siluteinfo.lt\/wp-content\/uploads\/2024\/06\/lankomi-hermano-zudermano-paminklas-768x512.jpg 768w\" sizes=\"auto, (max-width: 1200px) 100vw, 1200px\" \/>\t\t\t\t\t\t\t\t\t\t\t\t\t\t\t<\/div>\n\t\t\t\t<\/div>\n\t\t\t\t<\/div>\n\t\t<div class=\"elementor-element elementor-element-d0ee35a e-con-full e-flex e-con e-child\" data-id=\"d0ee35a\" data-element_type=\"container\" data-e-type=\"container\">\n\t\t\t\t<div class=\"elementor-element elementor-element-8277726 color-scheme-inherit text-left elementor-widget elementor-widget-text-editor\" data-id=\"8277726\" data-element_type=\"widget\" data-e-type=\"widget\" data-widget_type=\"text-editor.default\">\n\t\t\t\t<div class=\"elementor-widget-container\">\n\t\t\t\t\t\t\t\t\t<div dir=\"auto\" style=\"font-style: normal; font-variant-ligatures: normal; font-variant-caps: normal; font-weight: 400; font-family: Jost, Arial, Helvetica, sans-serif; font-size: 16px; white-space: normal; text-align: justify;\"><div dir=\"auto\" style=\"font-style: normal; font-variant-ligatures: normal; font-variant-caps: normal; font-weight: 400; font-family: Jost, Arial, Helvetica, sans-serif; font-size: 16px; white-space: normal; text-align: justify;\"><div dir=\"auto\" style=\"font-style: normal; font-variant-ligatures: normal; font-variant-caps: normal; font-weight: 400; font-family: Jost, Arial, Helvetica, sans-serif; font-size: 16px; white-space: normal; text-align: justify;\"><p style=\"text-align: left;\">Hermann Sudermann war ein ber\u00fchmter deutscher Schriftsteller und Dramatiker. Er wurde am 30. September 1857 im Dorf Macikai bei \u0160ilut\u0117 geboren und lebte dort 12 Jahre lang. Er besuchte die private Grundschule in Verdain\u0117, danach das Gymnasium in Elbing (Ostpreu\u00dfen) und schloss 1875 das Gymnasium in Tilsit ab. Er studierte in K\u00f6nigsberg und Berlin und arbeitete als Hauslehrer f\u00fcr Kinder aus wohlhabenden Familien. Sp\u00e4ter brach er das Studium ab und widmete sich dem Journalismus.<br>Sudermann schrieb 20 Dramen und mehrere Prosawerke. Mit dem Drama Ehre (1889) gelang ihm der internationale Durchbruch. In seinen Litauischen Geschichten schilderte er die Landschaften und Menschen seiner Heimat. Dieses Werk widmete er dem Kulturf\u00f6rderer von \u0160ilut\u0117, Hugo Scheu. Die Novellen Die Reise nach Tilsit, Mikas Bumbulis und Jonas und Erdme gelten als H\u00f6hepunkte seines Schaffens.<br>1936 wurde in \u0160ilut\u0117 ein Denkmal f\u00fcr Sudermann errichtet. Hugo Scheu unterst\u00fctzte das Projekt, schenkte das Grundst\u00fcck und pflanzte eine Birkenallee \u2013 die Lieblingsb\u00e4ume des Autors. Der Bildhauer war Erich Schmidt-Kestner. In der Sowjetzeit wurde das Denkmal abgerissen und durch einen Obelisken f\u00fcr sowjetische Soldaten ersetzt. In den Jahren der litauischen Unabh\u00e4ngigkeitsbewegung wurde das Denkmal durch Initiative des \u0160ilut\u0117er Hermann-Sudermann-Literaturklubs wiedererrichtet. Es zeigt eine B\u00fcste aus grauem Marmor auf einem zwei Meter hohen Sockel.                     <\/p><\/div><\/div><\/div>\t\t\t\t\t\t\t\t<\/div>\n\t\t\t\t<\/div>\n\t\t\t\t<\/div>\n\t\t<div class=\"elementor-element elementor-element-990e099 e-con-full e-flex e-con e-child\" data-id=\"990e099\" data-element_type=\"container\" data-e-type=\"container\">\n\t\t\t\t<div class=\"elementor-element elementor-element-cee813a elementor-widget elementor-widget-shortcode\" data-id=\"cee813a\" data-element_type=\"widget\" data-e-type=\"widget\" data-widget_type=\"shortcode.default\">\n\t\t\t\t<div class=\"elementor-widget-container\">\n\t\t\t\t\t\t\t<div class=\"elementor-shortcode\">\t\t<div id=\"maps-marker-pro-b6e8a009\" class=\"maps-marker-pro mmp-list-below\" style=\"width: 100%;\">\n\t\t\t<div id=\"mmp-map-wrap-b6e8a009\" class=\"mmp-map-wrap\">\n\t\t\t\t\t\t\t\t\t<div id=\"mmp-panel-b6e8a009\" class=\"mmp-panel\"><\/div>\n\t\t\t\t\t\t\t\t<div id=\"mmp-map-b6e8a009\" class=\"mmp-map\" style=\"height: 500px;\"><\/div>\n\t\t\t\t\t\t\t<\/div>\n\t\t\t\t\t\t\t<div id=\"mmp-list-b6e8a009\" class=\"mmp-list\" style=\"flex-basis: 400px;\"><\/div>\n\t\t\t\t\t<\/div>\n\t\t<\/div>\n\t\t\t\t\t\t<\/div>\n\t\t\t\t<\/div>\n\t\t\t\t<\/div>\n\t\t\t\t\t<\/div>\n\t\t\t\t<\/div>\n\t\t\t\t<\/div>\n\t\t","protected":false},"excerpt":{"rendered":"<p>Hermann Sudermann war ein ber\u00fchmter deutscher Schriftsteller und Dramatiker. Er wurde am 30. September 1857 im Dorf Macikai bei \u0160ilut\u0117<\/p>\n","protected":false},"author":1,"featured_media":36403,"parent":22976,"menu_order":56,"comment_status":"closed","ping_status":"closed","template":"","meta":{"_acf_changed":false,"_monsterinsights_skip_tracking":false,"_monsterinsights_sitenote_active":false,"_monsterinsights_sitenote_note":"","_monsterinsights_sitenote_category":0,"footnotes":""},"class_list":["post-43337","page","type-page","status-publish","has-post-thumbnail","hentry"],"acf":[],"_links":{"self":[{"href":"https:\/\/siluteinfo.lt\/de\/wp-json\/wp\/v2\/pages\/43337","targetHints":{"allow":["GET"]}}],"collection":[{"href":"https:\/\/siluteinfo.lt\/de\/wp-json\/wp\/v2\/pages"}],"about":[{"href":"https:\/\/siluteinfo.lt\/de\/wp-json\/wp\/v2\/types\/page"}],"author":[{"embeddable":true,"href":"https:\/\/siluteinfo.lt\/de\/wp-json\/wp\/v2\/users\/1"}],"replies":[{"embeddable":true,"href":"https:\/\/siluteinfo.lt\/de\/wp-json\/wp\/v2\/comments?post=43337"}],"version-history":[{"count":0,"href":"https:\/\/siluteinfo.lt\/de\/wp-json\/wp\/v2\/pages\/43337\/revisions"}],"up":[{"embeddable":true,"href":"https:\/\/siluteinfo.lt\/de\/wp-json\/wp\/v2\/pages\/22976"}],"wp:featuredmedia":[{"embeddable":true,"href":"https:\/\/siluteinfo.lt\/de\/wp-json\/wp\/v2\/media\/36403"}],"wp:attachment":[{"href":"https:\/\/siluteinfo.lt\/de\/wp-json\/wp\/v2\/media?parent=43337"}],"curies":[{"name":"wp","href":"https:\/\/api.w.org\/{rel}","templated":true}]}}