{"id":43327,"date":"2022-05-26T05:32:59","date_gmt":"2022-05-26T03:32:59","guid":{"rendered":"https:\/\/siluteinfo.lt\/freizeit\/zu-besuchende-orte\/ehemaliges-museum-von-silute\/"},"modified":"2025-06-12T14:42:43","modified_gmt":"2025-06-12T12:42:43","slug":"ehemaliges-museum-von-silute","status":"publish","type":"page","link":"https:\/\/siluteinfo.lt\/de\/freizeit\/zu-besuchende-orte\/ehemaliges-museum-von-silute\/","title":{"rendered":"Ehemaliges Museum von \u0160ilut\u0117"},"content":{"rendered":"\t\t<div data-elementor-type=\"wp-page\" data-elementor-id=\"43327\" class=\"elementor elementor-43327 elementor-11257\" data-elementor-post-type=\"page\">\n\t\t\t\t<div class=\"wd-negative-gap elementor-element elementor-element-423d7f9 e-flex e-con-boxed e-con e-parent\" data-id=\"423d7f9\" data-element_type=\"container\" data-e-type=\"container\">\n\t\t\t\t\t<div class=\"e-con-inner\">\n\t\t<div class=\"elementor-element elementor-element-ff02a7c e-con-full e-flex e-con e-child\" data-id=\"ff02a7c\" data-element_type=\"container\" data-e-type=\"container\">\n\t\t\t\t<div class=\"elementor-element elementor-element-cb42e2e elementor-widget elementor-widget-theme-post-featured-image elementor-widget-image\" data-id=\"cb42e2e\" data-element_type=\"widget\" data-e-type=\"widget\" data-widget_type=\"theme-post-featured-image.default\">\n\t\t\t\t<div class=\"elementor-widget-container\">\n\t\t\t\t\t\t\t\t\t\t\t\t\t\t\t<img loading=\"lazy\" decoding=\"async\" width=\"1200\" height=\"800\" src=\"https:\/\/siluteinfo.lt\/wp-content\/themes\/woodmart\/images\/lazy.svg\" data-src=\"https:\/\/siluteinfo.lt\/wp-content\/uploads\/2024\/06\/lankomi-buves-silutes-muziejus.jpg\" class=\" wd-lazy-blur attachment-full size-full wp-image-36433\" alt=\"Buvusio muziejaus pastatas \u0160ilut\u0117je\" srcset=\"\" data-srcset=\"https:\/\/siluteinfo.lt\/wp-content\/uploads\/2024\/06\/lankomi-buves-silutes-muziejus.jpg 1200w, https:\/\/siluteinfo.lt\/wp-content\/uploads\/2024\/06\/lankomi-buves-silutes-muziejus-400x267.jpg 400w, https:\/\/siluteinfo.lt\/wp-content\/uploads\/2024\/06\/lankomi-buves-silutes-muziejus-768x512.jpg 768w\" sizes=\"auto, (max-width: 1200px) 100vw, 1200px\" \/>\t\t\t\t\t\t\t\t\t\t\t\t\t\t\t<\/div>\n\t\t\t\t<\/div>\n\t\t\t\t<\/div>\n\t\t<div class=\"elementor-element elementor-element-be179d1 e-con-full e-flex e-con e-child\" data-id=\"be179d1\" data-element_type=\"container\" data-e-type=\"container\">\n\t\t\t\t<div class=\"elementor-element elementor-element-ab63cfb color-scheme-inherit text-left elementor-widget elementor-widget-text-editor\" data-id=\"ab63cfb\" data-element_type=\"widget\" data-e-type=\"widget\" data-widget_type=\"text-editor.default\">\n\t\t\t\t<div class=\"elementor-widget-container\">\n\t\t\t\t\t\t\t\t\t<div dir=\"auto\" style=\"font-style: normal; font-variant-ligatures: normal; font-variant-caps: normal; font-weight: 400; font-family: Jost, Arial, Helvetica, sans-serif; font-size: 16px; white-space: normal; text-align: justify;\"><div dir=\"auto\" style=\"font-style: normal; font-variant-ligatures: normal; font-variant-caps: normal; font-weight: 400; font-family: Jost, Arial, Helvetica, sans-serif; font-size: 16px; white-space: normal; text-align: justify;\"><div dir=\"auto\" style=\"font-style: normal; font-variant-ligatures: normal; font-variant-caps: normal; font-weight: 400; font-family: Jost, Arial, Helvetica, sans-serif; font-size: 16px; white-space: normal; text-align: justify;\"><p style=\"text-align: left;\">Ende des 19. Jahrhunderts lie\u00df der bekannte Baumeister H. Fydler (Fiedler) dieses Haus f\u00fcr seine Familie errichten, jedoch wurde es offiziell auf den Namen seiner Frau Helene Fydler (Fiedler) eingetragen. Sp\u00e4ter kaufte der Pferdeh\u00e4ndler Adalbert Rittens das Geb\u00e4ude. Er handelte vor allem mit Trakehnern und \u017demaitukai-Pferden \u2013 die Trakehner gingen an das Milit\u00e4r, die \u017demaitukai wurden nach Westeuropa exportiert. Rittens wurde auch durch eine skandal\u00f6se Geschichte bekannt: F\u00fcr 50.000 Litas soll er seine Frau dem Direktor der Torffabrik Traks\u0117d\u017eiai, M. Kubilius, \u201e\u00fcberlassen\u201c haben.<br>Nach dem Krieg, im Jahr 1949, wurde in diesem Haus ein Heimatmuseum gegr\u00fcndet. Dort wurden Exponate aus dem gepl\u00fcnderten Museum des Hugo-Scheu-Gutes gesammelt und ausgestellt. Bis 1944 existierte in \u0160ilut\u0117 nur dieses private Gutsmuseum, eingerichtet in zwei R\u00e4umen des Herrenhauses.<br>Mehr als 65 Jahre lang war das Museum in diesem Haus untergebracht. Im Jahr 2015 wurde es in das restaurierte Hugo-Scheu-Gut verlegt.       <\/p><\/div><\/div><\/div>\t\t\t\t\t\t\t\t<\/div>\n\t\t\t\t<\/div>\n\t\t\t\t<\/div>\n\t\t<div class=\"elementor-element elementor-element-845ea72 e-con-full e-flex e-con e-child\" data-id=\"845ea72\" data-element_type=\"container\" data-e-type=\"container\">\n\t\t\t\t<div class=\"elementor-element elementor-element-1274567 elementor-widget elementor-widget-shortcode\" data-id=\"1274567\" data-element_type=\"widget\" data-e-type=\"widget\" data-widget_type=\"shortcode.default\">\n\t\t\t\t<div class=\"elementor-widget-container\">\n\t\t\t\t\t\t\t<div class=\"elementor-shortcode\">\t\t<div id=\"maps-marker-pro-60b70a6e\" class=\"maps-marker-pro mmp-list-below\" style=\"width: 100%;\">\n\t\t\t<div id=\"mmp-map-wrap-60b70a6e\" class=\"mmp-map-wrap\">\n\t\t\t\t\t\t\t\t\t<div id=\"mmp-panel-60b70a6e\" class=\"mmp-panel\"><\/div>\n\t\t\t\t\t\t\t\t<div id=\"mmp-map-60b70a6e\" class=\"mmp-map\" style=\"height: 500px;\"><\/div>\n\t\t\t\t\t\t\t<\/div>\n\t\t\t\t\t\t\t<div id=\"mmp-list-60b70a6e\" class=\"mmp-list\" style=\"flex-basis: 400px;\"><\/div>\n\t\t\t\t\t<\/div>\n\t\t<\/div>\n\t\t\t\t\t\t<\/div>\n\t\t\t\t<\/div>\n\t\t\t\t<\/div>\n\t\t\t\t\t<\/div>\n\t\t\t\t<\/div>\n\t\t\t\t<\/div>\n\t\t","protected":false},"excerpt":{"rendered":"<p>Ende des 19. Jahrhunderts lie\u00df der bekannte Baumeister H. Fydler (Fiedler) dieses Haus f\u00fcr seine Familie errichten, jedoch wurde es<\/p>\n","protected":false},"author":1,"featured_media":36433,"parent":22976,"menu_order":61,"comment_status":"closed","ping_status":"closed","template":"","meta":{"_acf_changed":false,"_monsterinsights_skip_tracking":false,"_monsterinsights_sitenote_active":false,"_monsterinsights_sitenote_note":"","_monsterinsights_sitenote_category":0,"footnotes":""},"class_list":["post-43327","page","type-page","status-publish","has-post-thumbnail","hentry"],"acf":[],"_links":{"self":[{"href":"https:\/\/siluteinfo.lt\/de\/wp-json\/wp\/v2\/pages\/43327","targetHints":{"allow":["GET"]}}],"collection":[{"href":"https:\/\/siluteinfo.lt\/de\/wp-json\/wp\/v2\/pages"}],"about":[{"href":"https:\/\/siluteinfo.lt\/de\/wp-json\/wp\/v2\/types\/page"}],"author":[{"embeddable":true,"href":"https:\/\/siluteinfo.lt\/de\/wp-json\/wp\/v2\/users\/1"}],"replies":[{"embeddable":true,"href":"https:\/\/siluteinfo.lt\/de\/wp-json\/wp\/v2\/comments?post=43327"}],"version-history":[{"count":0,"href":"https:\/\/siluteinfo.lt\/de\/wp-json\/wp\/v2\/pages\/43327\/revisions"}],"up":[{"embeddable":true,"href":"https:\/\/siluteinfo.lt\/de\/wp-json\/wp\/v2\/pages\/22976"}],"wp:featuredmedia":[{"embeddable":true,"href":"https:\/\/siluteinfo.lt\/de\/wp-json\/wp\/v2\/media\/36433"}],"wp:attachment":[{"href":"https:\/\/siluteinfo.lt\/de\/wp-json\/wp\/v2\/media?parent=43327"}],"curies":[{"name":"wp","href":"https:\/\/api.w.org\/{rel}","templated":true}]}}