{"id":43307,"date":"2022-05-26T05:34:21","date_gmt":"2022-05-26T03:34:21","guid":{"rendered":"https:\/\/siluteinfo.lt\/freizeit\/zu-besuchende-orte\/postgebaude-silute\/"},"modified":"2025-06-12T14:34:15","modified_gmt":"2025-06-12T12:34:15","slug":"postgebaude-silute","status":"publish","type":"page","link":"https:\/\/siluteinfo.lt\/de\/freizeit\/zu-besuchende-orte\/postgebaude-silute\/","title":{"rendered":"Postgeb\u00e4ude \u0160ilut\u0117"},"content":{"rendered":"\t\t<div data-elementor-type=\"wp-page\" data-elementor-id=\"43307\" class=\"elementor elementor-43307 elementor-11263\" data-elementor-post-type=\"page\">\n\t\t\t\t<div class=\"wd-negative-gap elementor-element elementor-element-55635d3 e-flex e-con-boxed e-con e-parent\" data-id=\"55635d3\" data-element_type=\"container\" data-e-type=\"container\">\n\t\t\t\t\t<div class=\"e-con-inner\">\n\t\t<div class=\"elementor-element elementor-element-71a34f9 e-con-full e-flex e-con e-child\" data-id=\"71a34f9\" data-element_type=\"container\" data-e-type=\"container\">\n\t\t\t\t<div class=\"elementor-element elementor-element-3292c22 elementor-widget elementor-widget-theme-post-featured-image elementor-widget-image\" data-id=\"3292c22\" data-element_type=\"widget\" data-e-type=\"widget\" data-widget_type=\"theme-post-featured-image.default\">\n\t\t\t\t<div class=\"elementor-widget-container\">\n\t\t\t\t\t\t\t\t\t\t\t\t\t\t\t<img loading=\"lazy\" decoding=\"async\" width=\"1200\" height=\"800\" src=\"https:\/\/siluteinfo.lt\/wp-content\/themes\/woodmart\/images\/lazy.svg\" data-src=\"https:\/\/siluteinfo.lt\/wp-content\/uploads\/2024\/06\/lankomi-silutes-pasto-pastatas.jpg\" class=\" wd-lazy-blur attachment-full size-full wp-image-36421\" alt=\"Buvusio pastato pastatas \u0160ilut\u0117je\" srcset=\"\" data-srcset=\"https:\/\/siluteinfo.lt\/wp-content\/uploads\/2024\/06\/lankomi-silutes-pasto-pastatas.jpg 1200w, https:\/\/siluteinfo.lt\/wp-content\/uploads\/2024\/06\/lankomi-silutes-pasto-pastatas-400x267.jpg 400w, https:\/\/siluteinfo.lt\/wp-content\/uploads\/2024\/06\/lankomi-silutes-pasto-pastatas-768x512.jpg 768w\" sizes=\"auto, (max-width: 1200px) 100vw, 1200px\" \/>\t\t\t\t\t\t\t\t\t\t\t\t\t\t\t<\/div>\n\t\t\t\t<\/div>\n\t\t\t\t<\/div>\n\t\t<div class=\"elementor-element elementor-element-da934b3 e-con-full e-flex e-con e-child\" data-id=\"da934b3\" data-element_type=\"container\" data-e-type=\"container\">\n\t\t\t\t<div class=\"elementor-element elementor-element-0efb7bc color-scheme-inherit text-left elementor-widget elementor-widget-text-editor\" data-id=\"0efb7bc\" data-element_type=\"widget\" data-e-type=\"widget\" data-widget_type=\"text-editor.default\">\n\t\t\t\t<div class=\"elementor-widget-container\">\n\t\t\t\t\t\t\t\t\t<div dir=\"auto\" style=\"font-style: normal; font-variant-ligatures: normal; font-variant-caps: normal; font-weight: 400; font-family: Jost, Arial, Helvetica, sans-serif; font-size: 16px; white-space: normal; text-align: justify;\"><div dir=\"auto\" style=\"font-style: normal; font-variant-ligatures: normal; font-variant-caps: normal; font-weight: 400; font-family: Jost, Arial, Helvetica, sans-serif; font-size: 16px; white-space: normal; text-align: justify;\"><div dir=\"auto\" style=\"font-style: normal; font-variant-ligatures: normal; font-variant-caps: normal; font-weight: 400; font-family: Jost, Arial, Helvetica, sans-serif; font-size: 16px; white-space: normal; text-align: justify;\"><p style=\"text-align: left;\">Im Jahr 1594 erhielt der Wirt von \u0160ilokar\u010dema (heute \u0160ilut\u0117) das Privileg, eine Schenke zu betreiben \u2013 unter der Bedingung, ein Postpferd zu halten oder j\u00e4hrlich 8 Mark zu zahlen. Damals wurde die Post von Schenke zu Schenke transportiert \u2013 nicht nur Briefe und Pakete, sondern auch Fahrg\u00e4ste. \u0160ilokar\u010dema lag auf der Postroute Klaip\u0117da\u2013Tilsit. 1718 richtete die Postverwaltung von Klaip\u0117da eine Poststation in \u0160ilokar\u010dema ein.<br>Ab 1850 wurde der Posttransport verpachtet; in \u0160ilokar\u010dema \u00fcbernahm ihn der damalige Gutsherr Radke. Mit der Er\u00f6ffnung der Bahnstrecke Tilsit\u2013Klaip\u0117da im Jahr 1875 wurde der Pferdepostdienst eingestellt.         <br>Das Postgeb\u00e4ude von \u0160ilut\u0117 wurde 1909 errichtet und galt als eines der sch\u00f6nsten Geb\u00e4ude der Stadt: ein zweist\u00f6ckiges Backsteinhaus mit rechteckigem Grundriss, Mansarddach und eindrucksvollem Haupteingang. <br>Bis zum Jahr 2023 wurden in diesem Geb\u00e4ude Postdienste angeboten.<\/p><\/div><\/div><\/div>\t\t\t\t\t\t\t\t<\/div>\n\t\t\t\t<\/div>\n\t\t\t\t<\/div>\n\t\t<div class=\"elementor-element elementor-element-d4ef260 e-con-full e-flex e-con e-child\" data-id=\"d4ef260\" data-element_type=\"container\" data-e-type=\"container\">\n\t\t\t\t<div class=\"elementor-element elementor-element-aed112e elementor-widget elementor-widget-shortcode\" data-id=\"aed112e\" data-element_type=\"widget\" data-e-type=\"widget\" data-widget_type=\"shortcode.default\">\n\t\t\t\t<div class=\"elementor-widget-container\">\n\t\t\t\t\t\t\t<div class=\"elementor-shortcode\">\t\t<div id=\"maps-marker-pro-eb2ae4e6\" class=\"maps-marker-pro mmp-list-below\" style=\"width: 100%;\">\n\t\t\t<div id=\"mmp-map-wrap-eb2ae4e6\" class=\"mmp-map-wrap\">\n\t\t\t\t\t\t\t\t\t<div id=\"mmp-panel-eb2ae4e6\" class=\"mmp-panel\"><\/div>\n\t\t\t\t\t\t\t\t<div id=\"mmp-map-eb2ae4e6\" class=\"mmp-map\" style=\"height: 500px;\"><\/div>\n\t\t\t\t\t\t\t<\/div>\n\t\t\t\t\t\t\t<div id=\"mmp-list-eb2ae4e6\" class=\"mmp-list\" style=\"flex-basis: 400px;\"><\/div>\n\t\t\t\t\t<\/div>\n\t\t<\/div>\n\t\t\t\t\t\t<\/div>\n\t\t\t\t<\/div>\n\t\t\t\t<\/div>\n\t\t\t\t\t<\/div>\n\t\t\t\t<\/div>\n\t\t\t\t<\/div>\n\t\t","protected":false},"excerpt":{"rendered":"<p>Im Jahr 1594 erhielt der Wirt von \u0160ilokar\u010dema (heute \u0160ilut\u0117) das Privileg, eine Schenke zu betreiben \u2013 unter der Bedingung,<\/p>\n","protected":false},"author":1,"featured_media":36421,"parent":22976,"menu_order":59,"comment_status":"closed","ping_status":"closed","template":"","meta":{"_acf_changed":false,"_monsterinsights_skip_tracking":false,"_monsterinsights_sitenote_active":false,"_monsterinsights_sitenote_note":"","_monsterinsights_sitenote_category":0,"footnotes":""},"class_list":["post-43307","page","type-page","status-publish","has-post-thumbnail","hentry"],"acf":[],"_links":{"self":[{"href":"https:\/\/siluteinfo.lt\/de\/wp-json\/wp\/v2\/pages\/43307","targetHints":{"allow":["GET"]}}],"collection":[{"href":"https:\/\/siluteinfo.lt\/de\/wp-json\/wp\/v2\/pages"}],"about":[{"href":"https:\/\/siluteinfo.lt\/de\/wp-json\/wp\/v2\/types\/page"}],"author":[{"embeddable":true,"href":"https:\/\/siluteinfo.lt\/de\/wp-json\/wp\/v2\/users\/1"}],"replies":[{"embeddable":true,"href":"https:\/\/siluteinfo.lt\/de\/wp-json\/wp\/v2\/comments?post=43307"}],"version-history":[{"count":0,"href":"https:\/\/siluteinfo.lt\/de\/wp-json\/wp\/v2\/pages\/43307\/revisions"}],"up":[{"embeddable":true,"href":"https:\/\/siluteinfo.lt\/de\/wp-json\/wp\/v2\/pages\/22976"}],"wp:featuredmedia":[{"embeddable":true,"href":"https:\/\/siluteinfo.lt\/de\/wp-json\/wp\/v2\/media\/36421"}],"wp:attachment":[{"href":"https:\/\/siluteinfo.lt\/de\/wp-json\/wp\/v2\/media?parent=43307"}],"curies":[{"name":"wp","href":"https:\/\/api.w.org\/{rel}","templated":true}]}}