{"id":43297,"date":"2022-05-26T05:36:27","date_gmt":"2022-05-26T03:36:27","guid":{"rendered":"https:\/\/siluteinfo.lt\/freizeit\/zu-besuchende-orte\/feuerwehrgebaude\/"},"modified":"2025-06-12T14:27:59","modified_gmt":"2025-06-12T12:27:59","slug":"feuerwehrgebaude","status":"publish","type":"page","link":"https:\/\/siluteinfo.lt\/de\/freizeit\/zu-besuchende-orte\/feuerwehrgebaude\/","title":{"rendered":"Feuerwehrgeb\u00e4ude"},"content":{"rendered":"\t\t<div data-elementor-type=\"wp-page\" data-elementor-id=\"43297\" class=\"elementor elementor-43297 elementor-11271\" data-elementor-post-type=\"page\">\n\t\t\t\t<div class=\"wd-negative-gap elementor-element elementor-element-59278db e-flex e-con-boxed e-con e-parent\" data-id=\"59278db\" data-element_type=\"container\" data-e-type=\"container\">\n\t\t\t\t\t<div class=\"e-con-inner\">\n\t\t<div class=\"elementor-element elementor-element-e3ec2ca e-con-full e-flex e-con e-child\" data-id=\"e3ec2ca\" data-element_type=\"container\" data-e-type=\"container\">\n\t\t\t\t<div class=\"elementor-element elementor-element-012e017 elementor-widget elementor-widget-theme-post-featured-image elementor-widget-image\" data-id=\"012e017\" data-element_type=\"widget\" data-e-type=\"widget\" data-widget_type=\"theme-post-featured-image.default\">\n\t\t\t\t<div class=\"elementor-widget-container\">\n\t\t\t\t\t\t\t\t\t\t\t\t\t\t\t<img loading=\"lazy\" decoding=\"async\" width=\"1200\" height=\"800\" src=\"https:\/\/siluteinfo.lt\/wp-content\/themes\/woodmart\/images\/lazy.svg\" data-src=\"https:\/\/siluteinfo.lt\/wp-content\/uploads\/2025\/05\/lankomi-silutes-gaisrines-pastatas.jpg\" class=\" wd-lazy-blur attachment-full size-full wp-image-42050\" alt=\"Senosios gaisrin\u0117s pastatas \u0160ilut\u0117je\" srcset=\"\" data-srcset=\"https:\/\/siluteinfo.lt\/wp-content\/uploads\/2025\/05\/lankomi-silutes-gaisrines-pastatas.jpg 1200w, https:\/\/siluteinfo.lt\/wp-content\/uploads\/2025\/05\/lankomi-silutes-gaisrines-pastatas-400x267.jpg 400w, https:\/\/siluteinfo.lt\/wp-content\/uploads\/2025\/05\/lankomi-silutes-gaisrines-pastatas-768x512.jpg 768w\" sizes=\"auto, (max-width: 1200px) 100vw, 1200px\" \/>\t\t\t\t\t\t\t\t\t\t\t\t\t\t\t<\/div>\n\t\t\t\t<\/div>\n\t\t\t\t<\/div>\n\t\t<div class=\"elementor-element elementor-element-364d69a e-con-full e-flex e-con e-child\" data-id=\"364d69a\" data-element_type=\"container\" data-e-type=\"container\">\n\t\t\t\t<div class=\"elementor-element elementor-element-57a14ec color-scheme-inherit text-left elementor-widget elementor-widget-text-editor\" data-id=\"57a14ec\" data-element_type=\"widget\" data-e-type=\"widget\" data-widget_type=\"text-editor.default\">\n\t\t\t\t<div class=\"elementor-widget-container\">\n\t\t\t\t\t\t\t\t\t<div dir=\"auto\" style=\"font-style: normal; font-variant-ligatures: normal; font-variant-caps: normal; font-weight: 400; font-family: Jost, Arial, Helvetica, sans-serif; font-size: 16px; white-space: normal; text-align: justify;\"><div dir=\"auto\" style=\"font-style: normal; font-variant-ligatures: normal; font-variant-caps: normal; font-weight: 400; font-family: Jost, Arial, Helvetica, sans-serif; font-size: 16px; white-space: normal; text-align: justify;\"><div dir=\"auto\" style=\"font-style: normal; font-variant-ligatures: normal; font-variant-caps: normal; font-weight: 400; font-family: Jost, Arial, Helvetica, sans-serif; font-size: 16px; white-space: normal; text-align: justify;\"><p style=\"text-align: left;\">Im Jahr 1897 wurde im Kreis \u0160ilokar\u010dema eine Freiwillige Feuerwehr gegr\u00fcndet. Der Gutsherr von \u0160ilut\u0117, Hugo Scheu, schenkte der Stadt ein Grundst\u00fcck, auf dem 1911 das Feuerwehrgeb\u00e4ude errichtet wurde. Es befand sich damals an der niedrigsten und sumpfigsten Stelle der Stadt, neben dem Bach \u0160ret, der heute in \u0160ilut\u0117 nicht mehr existiert.<br>Im Erdgeschoss war die Fahrzeughalle untergebracht, w\u00e4hrend im ersten Stock die Verwaltung ihren Sitz hatte. Die Feuerwehr bestand aus Freiwilligen, die nur eine handbetriebene Pumpe und vier Pferde besa\u00dfen.<br>Das Geb\u00e4ude im Jugendstil mit der f\u00fcr das Memelgebiet typischen zur\u00fcckhaltenden Dekoration ist ein architektonisches und historisches Denkmal. Es \u00fcberstand zwei Weltkriege und bewahrte \u00fcber mehr als 100 Jahre hinweg seine urspr\u00fcngliche Gestalt. Bis 2020 war hier der Sitz der Feuerwehr- und Rettungsdienste von \u0160ilut\u0117, bevor diese in ein neues Geb\u00e4ude in der N\u00e4he umzogen.      <\/p><\/div><\/div><\/div>\t\t\t\t\t\t\t\t<\/div>\n\t\t\t\t<\/div>\n\t\t\t\t<\/div>\n\t\t<div class=\"elementor-element elementor-element-7cbf143 e-con-full e-flex e-con e-child\" data-id=\"7cbf143\" data-element_type=\"container\" data-e-type=\"container\">\n\t\t\t\t<div class=\"elementor-element elementor-element-b132c93 elementor-widget elementor-widget-shortcode\" data-id=\"b132c93\" data-element_type=\"widget\" data-e-type=\"widget\" data-widget_type=\"shortcode.default\">\n\t\t\t\t<div class=\"elementor-widget-container\">\n\t\t\t\t\t\t\t<div class=\"elementor-shortcode\">\t\t<div id=\"maps-marker-pro-0afe1587\" class=\"maps-marker-pro mmp-list-below\" style=\"width: 100%;\">\n\t\t\t<div id=\"mmp-map-wrap-0afe1587\" class=\"mmp-map-wrap\">\n\t\t\t\t\t\t\t\t\t<div id=\"mmp-panel-0afe1587\" class=\"mmp-panel\"><\/div>\n\t\t\t\t\t\t\t\t<div id=\"mmp-map-0afe1587\" class=\"mmp-map\" style=\"height: 500px;\"><\/div>\n\t\t\t\t\t\t\t<\/div>\n\t\t\t\t\t\t\t<div id=\"mmp-list-0afe1587\" class=\"mmp-list\" style=\"flex-basis: 400px;\"><\/div>\n\t\t\t\t\t<\/div>\n\t\t<\/div>\n\t\t\t\t\t\t<\/div>\n\t\t\t\t<\/div>\n\t\t\t\t<\/div>\n\t\t\t\t\t<\/div>\n\t\t\t\t<\/div>\n\t\t\t\t<\/div>\n\t\t","protected":false},"excerpt":{"rendered":"<p>Im Jahr 1897 wurde im Kreis \u0160ilokar\u010dema eine Freiwillige Feuerwehr gegr\u00fcndet. Der Gutsherr von \u0160ilut\u0117, Hugo Scheu, schenkte der Stadt<\/p>\n","protected":false},"author":1,"featured_media":42050,"parent":22976,"menu_order":58,"comment_status":"closed","ping_status":"closed","template":"","meta":{"_acf_changed":false,"_monsterinsights_skip_tracking":false,"_monsterinsights_sitenote_active":false,"_monsterinsights_sitenote_note":"","_monsterinsights_sitenote_category":0,"footnotes":""},"class_list":["post-43297","page","type-page","status-publish","has-post-thumbnail","hentry"],"acf":[],"_links":{"self":[{"href":"https:\/\/siluteinfo.lt\/de\/wp-json\/wp\/v2\/pages\/43297","targetHints":{"allow":["GET"]}}],"collection":[{"href":"https:\/\/siluteinfo.lt\/de\/wp-json\/wp\/v2\/pages"}],"about":[{"href":"https:\/\/siluteinfo.lt\/de\/wp-json\/wp\/v2\/types\/page"}],"author":[{"embeddable":true,"href":"https:\/\/siluteinfo.lt\/de\/wp-json\/wp\/v2\/users\/1"}],"replies":[{"embeddable":true,"href":"https:\/\/siluteinfo.lt\/de\/wp-json\/wp\/v2\/comments?post=43297"}],"version-history":[{"count":0,"href":"https:\/\/siluteinfo.lt\/de\/wp-json\/wp\/v2\/pages\/43297\/revisions"}],"up":[{"embeddable":true,"href":"https:\/\/siluteinfo.lt\/de\/wp-json\/wp\/v2\/pages\/22976"}],"wp:featuredmedia":[{"embeddable":true,"href":"https:\/\/siluteinfo.lt\/de\/wp-json\/wp\/v2\/media\/42050"}],"wp:attachment":[{"href":"https:\/\/siluteinfo.lt\/de\/wp-json\/wp\/v2\/media?parent=43297"}],"curies":[{"name":"wp","href":"https:\/\/api.w.org\/{rel}","templated":true}]}}