{"id":43287,"date":"2022-05-25T16:24:41","date_gmt":"2022-05-25T14:24:41","guid":{"rendered":"https:\/\/siluteinfo.lt\/freizeit\/zu-besuchende-orte\/evangelisch-lutherische-kirche-silute\/"},"modified":"2025-06-12T09:06:02","modified_gmt":"2025-06-12T07:06:02","slug":"evangelisch-lutherische-kirche-silute","status":"publish","type":"page","link":"https:\/\/siluteinfo.lt\/de\/freizeit\/zu-besuchende-orte\/evangelisch-lutherische-kirche-silute\/","title":{"rendered":"Evangelisch-Lutherische Kirche \u0160ilut\u0117"},"content":{"rendered":"\t\t<div data-elementor-type=\"wp-page\" data-elementor-id=\"43287\" class=\"elementor elementor-43287 elementor-11245\" data-elementor-post-type=\"page\">\n\t\t\t\t<div class=\"wd-negative-gap elementor-element elementor-element-ed3368c e-flex e-con-boxed e-con e-parent\" data-id=\"ed3368c\" data-element_type=\"container\" data-e-type=\"container\">\n\t\t\t\t\t<div class=\"e-con-inner\">\n\t\t<div class=\"elementor-element elementor-element-78f5466 e-con-full e-flex e-con e-child\" data-id=\"78f5466\" data-element_type=\"container\" data-e-type=\"container\">\n\t\t\t\t<div class=\"elementor-element elementor-element-b5806a4 elementor-widget elementor-widget-theme-post-featured-image elementor-widget-image\" data-id=\"b5806a4\" data-element_type=\"widget\" data-e-type=\"widget\" data-widget_type=\"theme-post-featured-image.default\">\n\t\t\t\t<div class=\"elementor-widget-container\">\n\t\t\t\t\t\t\t\t\t\t\t\t\t\t\t<img loading=\"lazy\" decoding=\"async\" width=\"1200\" height=\"800\" src=\"https:\/\/siluteinfo.lt\/wp-content\/themes\/woodmart\/images\/lazy.svg\" data-src=\"https:\/\/siluteinfo.lt\/wp-content\/uploads\/2024\/06\/lankomi-silutes-evangeliku-liuteronu-baznycia.jpg\" class=\" wd-lazy-blur attachment-full size-full wp-image-36409\" alt=\"Evangelik\u0173 liuteron\u0173 ba\u017eny\u010dia \u0160ilut\u0117je\" srcset=\"\" data-srcset=\"https:\/\/siluteinfo.lt\/wp-content\/uploads\/2024\/06\/lankomi-silutes-evangeliku-liuteronu-baznycia.jpg 1200w, https:\/\/siluteinfo.lt\/wp-content\/uploads\/2024\/06\/lankomi-silutes-evangeliku-liuteronu-baznycia-400x267.jpg 400w, https:\/\/siluteinfo.lt\/wp-content\/uploads\/2024\/06\/lankomi-silutes-evangeliku-liuteronu-baznycia-768x512.jpg 768w\" sizes=\"auto, (max-width: 1200px) 100vw, 1200px\" \/>\t\t\t\t\t\t\t\t\t\t\t\t\t\t\t<\/div>\n\t\t\t\t<\/div>\n\t\t\t\t<\/div>\n\t\t<div class=\"elementor-element elementor-element-f8ce626 e-con-full e-flex e-con e-child\" data-id=\"f8ce626\" data-element_type=\"container\" data-e-type=\"container\">\n\t\t\t\t<div class=\"elementor-element elementor-element-0c62e88 color-scheme-inherit text-left elementor-widget elementor-widget-text-editor\" data-id=\"0c62e88\" data-element_type=\"widget\" data-e-type=\"widget\" data-widget_type=\"text-editor.default\">\n\t\t\t\t<div class=\"elementor-widget-container\">\n\t\t\t\t\t\t\t\t\t<div dir=\"auto\" style=\"font-style: normal; font-variant-ligatures: normal; font-variant-caps: normal; font-weight: 400; font-family: Jost, Arial, Helvetica, sans-serif; font-size: 16px; white-space: normal; text-align: justify;\"><div dir=\"auto\" style=\"font-style: normal; font-variant-ligatures: normal; font-variant-caps: normal; font-weight: 400; font-family: Jost, Arial, Helvetica, sans-serif; font-size: 16px; white-space: normal; text-align: justify;\"><div dir=\"auto\" style=\"font-style: normal; font-variant-ligatures: normal; font-variant-caps: normal; font-weight: 400; font-family: Jost, Arial, Helvetica, sans-serif; font-size: 16px; white-space: normal; text-align: justify;\"><p style=\"text-align: left;\">Die Kirche von \u0160ilut\u0117 galt als eine der sch\u00f6nsten evangelisch-lutherischen Kirchen in Ostpreu\u00dfen. Das Grundst\u00fcck f\u00fcr die Kirche und das Pfarrhaus wurde vom Gutsherrn Hugo Scheu gestiftet. Die Kirche wurde 1926 nach einem Entwurf des Architekten K. Gutknecht erbaut. Auff\u00e4llig ist der 50 Meter hohe Turm mit drei Glocken und der gr\u00f6\u00dften Turmuhr Litauens.<br>Das Innere der Kirche ist mit S\u00e4ulen, Balkonen, Buntglasfenstern und Gem\u00e4lden geschm\u00fcckt und bietet Platz f\u00fcr 950 Sitzpl\u00e4tze. Hinter dem Hauptaltar befindet sich ein 80 m\u00b2 gro\u00dfes Fresko, gemalt von Richard Pfeifer, ehemaliger Professor an der Kunstakademie K\u00f6nigsberg. Das Fresko zeigt 104 Personen \u2013 katholische Heilige, Pers\u00f6nlichkeiten der Reformation und der evangelischen Kirche, Wissenschaftler, K\u00fcnstler, Kirchenratsmitglieder sowie Bauherren der Kirche. Auch der M\u00e4zen H. Scheu ist zu sehen, wie er ein Modell der Kirche in der Hand h\u00e4lt.<br>Die Kirche blieb im Zweiten Weltkrieg unbesch\u00e4digt. Die evangelisch-lutherische Gemeinde \u0160ilut\u0117 wurde am 27. August 1948 offiziell registriert.         <\/p><\/div><\/div><\/div>\t\t\t\t\t\t\t\t<\/div>\n\t\t\t\t<\/div>\n\t\t\t\t<\/div>\n\t\t<div class=\"elementor-element elementor-element-def02c5 e-con-full e-flex e-con e-child\" data-id=\"def02c5\" data-element_type=\"container\" data-e-type=\"container\">\n\t\t\t\t<div class=\"elementor-element elementor-element-aeb9d8f elementor-widget elementor-widget-shortcode\" data-id=\"aeb9d8f\" data-element_type=\"widget\" data-e-type=\"widget\" data-widget_type=\"shortcode.default\">\n\t\t\t\t<div class=\"elementor-widget-container\">\n\t\t\t\t\t\t\t<div class=\"elementor-shortcode\">\t\t<div id=\"maps-marker-pro-8c6c4313\" class=\"maps-marker-pro mmp-list-below\" style=\"width: 100%;\">\n\t\t\t<div id=\"mmp-map-wrap-8c6c4313\" class=\"mmp-map-wrap\">\n\t\t\t\t\t\t\t\t\t<div id=\"mmp-panel-8c6c4313\" class=\"mmp-panel\"><\/div>\n\t\t\t\t\t\t\t\t<div id=\"mmp-map-8c6c4313\" class=\"mmp-map\" style=\"height: 500px;\"><\/div>\n\t\t\t\t\t\t\t<\/div>\n\t\t\t\t\t\t\t<div id=\"mmp-list-8c6c4313\" class=\"mmp-list\" style=\"flex-basis: 400px;\"><\/div>\n\t\t\t\t\t<\/div>\n\t\t<\/div>\n\t\t\t\t\t\t<\/div>\n\t\t\t\t<\/div>\n\t\t\t\t<\/div>\n\t\t\t\t\t<\/div>\n\t\t\t\t<\/div>\n\t\t\t\t<\/div>\n\t\t","protected":false},"excerpt":{"rendered":"<p>Die Kirche von \u0160ilut\u0117 galt als eine der sch\u00f6nsten evangelisch-lutherischen Kirchen in Ostpreu\u00dfen. Das Grundst\u00fcck f\u00fcr die Kirche und das<\/p>\n","protected":false},"author":1,"featured_media":36409,"parent":22976,"menu_order":57,"comment_status":"closed","ping_status":"closed","template":"","meta":{"_acf_changed":false,"_monsterinsights_skip_tracking":false,"_monsterinsights_sitenote_active":false,"_monsterinsights_sitenote_note":"","_monsterinsights_sitenote_category":0,"footnotes":""},"class_list":["post-43287","page","type-page","status-publish","has-post-thumbnail","hentry"],"acf":[],"_links":{"self":[{"href":"https:\/\/siluteinfo.lt\/de\/wp-json\/wp\/v2\/pages\/43287","targetHints":{"allow":["GET"]}}],"collection":[{"href":"https:\/\/siluteinfo.lt\/de\/wp-json\/wp\/v2\/pages"}],"about":[{"href":"https:\/\/siluteinfo.lt\/de\/wp-json\/wp\/v2\/types\/page"}],"author":[{"embeddable":true,"href":"https:\/\/siluteinfo.lt\/de\/wp-json\/wp\/v2\/users\/1"}],"replies":[{"embeddable":true,"href":"https:\/\/siluteinfo.lt\/de\/wp-json\/wp\/v2\/comments?post=43287"}],"version-history":[{"count":0,"href":"https:\/\/siluteinfo.lt\/de\/wp-json\/wp\/v2\/pages\/43287\/revisions"}],"up":[{"embeddable":true,"href":"https:\/\/siluteinfo.lt\/de\/wp-json\/wp\/v2\/pages\/22976"}],"wp:featuredmedia":[{"embeddable":true,"href":"https:\/\/siluteinfo.lt\/de\/wp-json\/wp\/v2\/media\/36409"}],"wp:attachment":[{"href":"https:\/\/siluteinfo.lt\/de\/wp-json\/wp\/v2\/media?parent=43287"}],"curies":[{"name":"wp","href":"https:\/\/api.w.org\/{rel}","templated":true}]}}