{"id":43277,"date":"2022-05-25T16:26:58","date_gmt":"2022-05-25T14:26:58","guid":{"rendered":"https:\/\/siluteinfo.lt\/freizeit\/zu-besuchende-orte\/die-silute-mauer\/"},"modified":"2025-06-12T09:00:50","modified_gmt":"2025-06-12T07:00:50","slug":"die-silute-mauer","status":"publish","type":"page","link":"https:\/\/siluteinfo.lt\/de\/freizeit\/zu-besuchende-orte\/die-silute-mauer\/","title":{"rendered":"Die \u0160ilut\u0117-Mauer"},"content":{"rendered":"\t\t<div data-elementor-type=\"wp-page\" data-elementor-id=\"43277\" class=\"elementor elementor-43277 elementor-11253\" data-elementor-post-type=\"page\">\n\t\t\t\t<div class=\"wd-negative-gap elementor-element elementor-element-f6bac85 e-flex e-con-boxed e-con e-parent\" data-id=\"f6bac85\" data-element_type=\"container\" data-e-type=\"container\">\n\t\t\t\t\t<div class=\"e-con-inner\">\n\t\t<div class=\"elementor-element elementor-element-5a5f762 e-con-full e-flex e-con e-child\" data-id=\"5a5f762\" data-element_type=\"container\" data-e-type=\"container\">\n\t\t\t\t<div class=\"elementor-element elementor-element-0f7d0f4 elementor-widget elementor-widget-theme-post-featured-image elementor-widget-image\" data-id=\"0f7d0f4\" data-element_type=\"widget\" data-e-type=\"widget\" data-widget_type=\"theme-post-featured-image.default\">\n\t\t\t\t<div class=\"elementor-widget-container\">\n\t\t\t\t\t\t\t\t\t\t\t\t\t\t\t<img loading=\"lazy\" decoding=\"async\" width=\"1200\" height=\"800\" src=\"https:\/\/siluteinfo.lt\/wp-content\/themes\/woodmart\/images\/lazy.svg\" data-src=\"https:\/\/siluteinfo.lt\/wp-content\/uploads\/2024\/06\/lankomi-silutes-siena.jpg\" class=\" wd-lazy-blur attachment-full size-full wp-image-36397\" alt=\"Bendruomeninio projekto \u201e\u0160ilut\u0117s siena\u201c fragmentas su istoriniais pie\u0161iniais\" srcset=\"\" data-srcset=\"https:\/\/siluteinfo.lt\/wp-content\/uploads\/2024\/06\/lankomi-silutes-siena.jpg 1200w, https:\/\/siluteinfo.lt\/wp-content\/uploads\/2024\/06\/lankomi-silutes-siena-400x267.jpg 400w, https:\/\/siluteinfo.lt\/wp-content\/uploads\/2024\/06\/lankomi-silutes-siena-768x512.jpg 768w\" sizes=\"auto, (max-width: 1200px) 100vw, 1200px\" \/>\t\t\t\t\t\t\t\t\t\t\t\t\t\t\t<\/div>\n\t\t\t\t<\/div>\n\t\t\t\t<\/div>\n\t\t<div class=\"elementor-element elementor-element-6986547 e-con-full e-flex e-con e-child\" data-id=\"6986547\" data-element_type=\"container\" data-e-type=\"container\">\n\t\t\t\t<div class=\"elementor-element elementor-element-52dd146 color-scheme-inherit text-left elementor-widget elementor-widget-text-editor\" data-id=\"52dd146\" data-element_type=\"widget\" data-e-type=\"widget\" data-widget_type=\"text-editor.default\">\n\t\t\t\t<div class=\"elementor-widget-container\">\n\t\t\t\t\t\t\t\t\t<div dir=\"auto\" style=\"font-style: normal; font-variant-ligatures: normal; font-variant-caps: normal; font-weight: 400; font-family: Jost, Arial, Helvetica, sans-serif; font-size: 16px; white-space: normal; text-align: justify;\"><div dir=\"auto\" style=\"font-style: normal; font-variant-ligatures: normal; font-variant-caps: normal; font-weight: 400; font-family: Jost, Arial, Helvetica, sans-serif; font-size: 16px; white-space: normal; text-align: justify;\"><p style=\"text-align: left;\">Die \u201e\u0160ilut\u0117s Mauer\u201c entstand durch ein Gemeinschaftsprojekt, das die Stadtbewohner vereinte. Initiiert wurde es vom SBA-Konzern und dem Unternehmen \u201e\u0160ilut\u0117s baldai\u201c. Zum 125-j\u00e4hrigen Jubil\u00e4um der M\u00f6belfabrik und dem 505. Stadtgeburtstag wurde beschlossen, gemeinsam mit der Bev\u00f6lkerung eine 500 Meter lange Wand zu schaffen \u2013 als l\u00e4ngste Chronik mit den wichtigsten historischen Ereignissen und Pers\u00f6nlichkeiten der Region.<br>Mehr als 500 Quadratmeter Wandfl\u00e4che, die die Fabrik \u201e\u0160ilut\u0117s baldai\u201c umgibt, wurden von jungen K\u00fcnstlern der Kunstschule \u0160ilut\u0117 gestaltet. Die Zeichnungen erz\u00e4hlen die Geschichte der Stadt und spiegeln die Besonderheiten des Kleinlitauen-Gebietes wider. Auf den 85 Segmenten der Wand sind unter anderem das gro\u00dfe Hochwasser, der Hafen von \u0160ilut\u0117, die ber\u00fchmten M\u00e4rkte, der Vertrag von Melno, das historische Postamt, das Gaswerk und die Zeit 1944 dargestellt, als nur noch 7 urspr\u00fcngliche Bewohner in \u0160ilut\u0117 lebten. Auch die \u201e\u0160ilut\u0117s baldai\u201c Fabrik, einer der \u00e4ltesten Betriebe und gr\u00f6\u00dften Arbeitgeber der Region, ist vertreten.<br>Die Mauer zeigt auch bedeutende Pers\u00f6nlichkeiten wie Hermann Sudermann, Hugo Scheu, Vyd\u016bnas, Petras Jak\u0161tas sowie Jurgis Talaitis, der Gr\u00fcnder der Siedlung \u0160ilokar\u010dema. Ebenfalls dargestellt sind die Unabh\u00e4ngigkeitsbewegung, Auswanderung, die franz\u00f6sische Besatzung und der Krieg.<br>Die k\u00fcnstlerische Umsetzung ist stilvoll \u2013 in Schwarz, Wei\u00df und Grau, mit auff\u00e4lligen Farbakzenten, kleinen Details wie einer Lampe, Blumen, M\u00f6belelementen und dem Humor der jungen Generation: franz\u00f6sische Soldaten mit Baguettes statt Gewehren oder die Inschrift \u201eWir sind keine Bauern mehr\u201c, die an die Verleihung der Stadtrechte am 27. September 1941 erinnert.      <br>Im Jahr 2016 wurde die \u201e\u0160ilut\u0117s Mauer\u201c bei einer Kulturveranstaltung zur besten Regionalinitiative des Jahres gek\u00fcrt \u2013 ein Projekt, das die Stadtgemeinschaft auf besondere Weise verbunden hat. <\/p><\/div><\/div>\t\t\t\t\t\t\t\t<\/div>\n\t\t\t\t<\/div>\n\t\t\t\t<\/div>\n\t\t<div class=\"elementor-element elementor-element-75fdee9 e-con-full e-flex e-con e-child\" data-id=\"75fdee9\" data-element_type=\"container\" data-e-type=\"container\">\n\t\t\t\t<div class=\"elementor-element elementor-element-f1e245a elementor-widget elementor-widget-shortcode\" data-id=\"f1e245a\" data-element_type=\"widget\" data-e-type=\"widget\" data-widget_type=\"shortcode.default\">\n\t\t\t\t<div class=\"elementor-widget-container\">\n\t\t\t\t\t\t\t<div class=\"elementor-shortcode\">\t\t<div id=\"maps-marker-pro-414568b7\" class=\"maps-marker-pro mmp-list-below\" style=\"width: 100%;\">\n\t\t\t<div id=\"mmp-map-wrap-414568b7\" class=\"mmp-map-wrap\">\n\t\t\t\t\t\t\t\t\t<div id=\"mmp-panel-414568b7\" class=\"mmp-panel\"><\/div>\n\t\t\t\t\t\t\t\t<div id=\"mmp-map-414568b7\" class=\"mmp-map\" style=\"height: 500px;\"><\/div>\n\t\t\t\t\t\t\t<\/div>\n\t\t\t\t\t\t\t<div id=\"mmp-list-414568b7\" class=\"mmp-list\" style=\"flex-basis: 400px;\"><\/div>\n\t\t\t\t\t<\/div>\n\t\t<\/div>\n\t\t\t\t\t\t<\/div>\n\t\t\t\t<\/div>\n\t\t\t\t<\/div>\n\t\t\t\t\t<\/div>\n\t\t\t\t<\/div>\n\t\t\t\t<\/div>\n\t\t","protected":false},"excerpt":{"rendered":"<p>Die \u201e\u0160ilut\u0117s Mauer\u201c entstand durch ein Gemeinschaftsprojekt, das die Stadtbewohner vereinte. Initiiert wurde es vom SBA-Konzern und dem Unternehmen \u201e\u0160ilut\u0117s<\/p>\n","protected":false},"author":1,"featured_media":36397,"parent":22976,"menu_order":55,"comment_status":"closed","ping_status":"closed","template":"","meta":{"_acf_changed":false,"_monsterinsights_skip_tracking":false,"_monsterinsights_sitenote_active":false,"_monsterinsights_sitenote_note":"","_monsterinsights_sitenote_category":0,"footnotes":""},"class_list":["post-43277","page","type-page","status-publish","has-post-thumbnail","hentry"],"acf":[],"_links":{"self":[{"href":"https:\/\/siluteinfo.lt\/de\/wp-json\/wp\/v2\/pages\/43277","targetHints":{"allow":["GET"]}}],"collection":[{"href":"https:\/\/siluteinfo.lt\/de\/wp-json\/wp\/v2\/pages"}],"about":[{"href":"https:\/\/siluteinfo.lt\/de\/wp-json\/wp\/v2\/types\/page"}],"author":[{"embeddable":true,"href":"https:\/\/siluteinfo.lt\/de\/wp-json\/wp\/v2\/users\/1"}],"replies":[{"embeddable":true,"href":"https:\/\/siluteinfo.lt\/de\/wp-json\/wp\/v2\/comments?post=43277"}],"version-history":[{"count":0,"href":"https:\/\/siluteinfo.lt\/de\/wp-json\/wp\/v2\/pages\/43277\/revisions"}],"up":[{"embeddable":true,"href":"https:\/\/siluteinfo.lt\/de\/wp-json\/wp\/v2\/pages\/22976"}],"wp:featuredmedia":[{"embeddable":true,"href":"https:\/\/siluteinfo.lt\/de\/wp-json\/wp\/v2\/media\/36397"}],"wp:attachment":[{"href":"https:\/\/siluteinfo.lt\/de\/wp-json\/wp\/v2\/media?parent=43277"}],"curies":[{"name":"wp","href":"https:\/\/api.w.org\/{rel}","templated":true}]}}