{"id":43265,"date":"2022-05-25T16:25:05","date_gmt":"2022-05-25T14:25:05","guid":{"rendered":"https:\/\/siluteinfo.lt\/freizeit\/zu-besuchende-orte\/silutes-sekretai\/"},"modified":"2025-06-12T08:51:40","modified_gmt":"2025-06-12T06:51:40","slug":"silutes-sekretai","status":"publish","type":"page","link":"https:\/\/siluteinfo.lt\/de\/freizeit\/zu-besuchende-orte\/silutes-sekretai\/","title":{"rendered":"\u0160ilut\u0117s Sekretai"},"content":{"rendered":"\t\t<div data-elementor-type=\"wp-page\" data-elementor-id=\"43265\" class=\"elementor elementor-43265 elementor-11247\" data-elementor-post-type=\"page\">\n\t\t\t\t<div class=\"wd-negative-gap elementor-element elementor-element-944dc90 e-flex e-con-boxed e-con e-parent\" data-id=\"944dc90\" data-element_type=\"container\" data-e-type=\"container\">\n\t\t\t\t\t<div class=\"e-con-inner\">\n\t\t<div class=\"elementor-element elementor-element-069a90e e-con-full e-flex e-con e-child\" data-id=\"069a90e\" data-element_type=\"container\" data-e-type=\"container\">\n\t\t\t\t<div class=\"elementor-element elementor-element-5e5d559 elementor-widget elementor-widget-theme-post-featured-image elementor-widget-image\" data-id=\"5e5d559\" data-element_type=\"widget\" data-e-type=\"widget\" data-widget_type=\"theme-post-featured-image.default\">\n\t\t\t\t<div class=\"elementor-widget-container\">\n\t\t\t\t\t\t\t\t\t\t\t\t\t\t\t<img loading=\"lazy\" decoding=\"async\" width=\"935\" height=\"623\" src=\"https:\/\/siluteinfo.lt\/wp-content\/themes\/woodmart\/images\/lazy.svg\" data-src=\"https:\/\/siluteinfo.lt\/wp-content\/uploads\/2024\/06\/lankomi-silutes-sekretai.jpg\" class=\" wd-lazy-blur attachment-full size-full wp-image-36391\" alt=\"\u0160ilut\u0117s sekretai \u2013 miniati\u016brinis dvira\u010di\u0173 taisyklos kambarys po stiklu\" srcset=\"\" data-srcset=\"https:\/\/siluteinfo.lt\/wp-content\/uploads\/2024\/06\/lankomi-silutes-sekretai.jpg 935w, https:\/\/siluteinfo.lt\/wp-content\/uploads\/2024\/06\/lankomi-silutes-sekretai-400x267.jpg 400w, https:\/\/siluteinfo.lt\/wp-content\/uploads\/2024\/06\/lankomi-silutes-sekretai-768x512.jpg 768w\" sizes=\"auto, (max-width: 935px) 100vw, 935px\" \/>\t\t\t\t\t\t\t\t\t\t\t\t\t\t\t<\/div>\n\t\t\t\t<\/div>\n\t\t\t\t<\/div>\n\t\t<div class=\"elementor-element elementor-element-07a18eb e-con-full e-flex e-con e-child\" data-id=\"07a18eb\" data-element_type=\"container\" data-e-type=\"container\">\n\t\t\t\t<div class=\"elementor-element elementor-element-061e52b color-scheme-inherit text-left elementor-widget elementor-widget-text-editor\" data-id=\"061e52b\" data-element_type=\"widget\" data-e-type=\"widget\" data-widget_type=\"text-editor.default\">\n\t\t\t\t<div class=\"elementor-widget-container\">\n\t\t\t\t\t\t\t\t\t<div dir=\"auto\" style=\"font-style: normal; font-variant-ligatures: normal; font-variant-caps: normal; font-weight: 400; font-family: Jost, Arial, Helvetica, sans-serif; font-size: 16px; white-space: normal; text-align: justify;\"><div dir=\"auto\" style=\"font-style: normal; font-variant-ligatures: normal; font-variant-caps: normal; font-weight: 400; font-family: Jost, Arial, Helvetica, sans-serif; font-size: 16px; white-space: normal; text-align: justify;\"><div dir=\"auto\" style=\"font-style: normal; font-variant-ligatures: normal; font-variant-caps: normal; font-weight: 400; font-family: Jost, Arial, Helvetica, sans-serif; font-size: 16px; white-space: normal; text-align: justify;\"><p style=\"text-align: left;\">Die \u201e\u0160ilut\u0117s Sekretai\u201c sind kleine Geheimnisfenster im Gehweg \u2013 Miniaturr\u00e4ume unter Glas, die das Leben in den historischen H\u00e4usern von \u0160ilut\u0117 am Ende des 19. und Anfang des 20. Jahrhunderts widerspiegeln.<br>Dieses einzigartige Projekt in Litauen und Europa bringt Stadtgeschichte auf eine neue, spielerische Weise n\u00e4her \u2013 mit kleinen architektonischen Elementen direkt unter den F\u00fc\u00dfen.  <br>Entlang der Lietuvinink\u0173-Stra\u00dfe findet man 20 solcher Fenster: vom Herrenhaus Hugo \u0160ojus bis zur Kreuzung mit der Taikos- und Egli\u0173-Stra\u00dfe. Was machte ein Buttermacher? Wie sah eine Zahnarztpraxis aus? Welche Leckereien gab es in der Konditorei? Wie lebte man an der Schmalspurbahn oder im Postkutschenamt?<br>Besonders beeindruckend wirken die Sekretai bei Dunkelheit \u2013 dann sind sie von innen beleuchtet und lassen die Vergangenheit fast lebendig erscheinen.     <\/p><p style=\"text-align: left;\"><strong><a href=\"http:\/\/siluteinfo.lt\/wp-content\/uploads\/2020\/08\/zemelapiscompressed5.pdf\">Sekretai-Stadtplan<\/a><\/strong><\/p><p style=\"text-align: left;\"><strong>Mehr Informationen: <a href=\"http:\/\/www.silutessekretai.lt\" target=\"_blank\" rel=\"noopener\">www.silutessekretai.lt<\/a><\/strong><\/p><\/div><\/div><\/div>\t\t\t\t\t\t\t\t<\/div>\n\t\t\t\t<\/div>\n\t\t\t\t<\/div>\n\t\t<div class=\"elementor-element elementor-element-c043a38 e-con-full e-flex e-con e-child\" data-id=\"c043a38\" data-element_type=\"container\" data-e-type=\"container\">\n\t\t\t\t<div class=\"elementor-element elementor-element-ae12b4d elementor-widget elementor-widget-shortcode\" data-id=\"ae12b4d\" data-element_type=\"widget\" data-e-type=\"widget\" data-widget_type=\"shortcode.default\">\n\t\t\t\t<div class=\"elementor-widget-container\">\n\t\t\t\t\t\t\t<div class=\"elementor-shortcode\">\t\t<div id=\"maps-marker-pro-1c015e03\" class=\"maps-marker-pro mmp-list-below\" style=\"width: 100%;\">\n\t\t\t<div id=\"mmp-map-wrap-1c015e03\" class=\"mmp-map-wrap\">\n\t\t\t\t\t\t\t\t\t<div id=\"mmp-panel-1c015e03\" class=\"mmp-panel\"><\/div>\n\t\t\t\t\t\t\t\t<div id=\"mmp-map-1c015e03\" class=\"mmp-map\" style=\"height: 500px;\"><\/div>\n\t\t\t\t\t\t\t<\/div>\n\t\t\t\t\t\t\t<div id=\"mmp-list-1c015e03\" class=\"mmp-list\" style=\"flex-basis: 400px;\"><\/div>\n\t\t\t\t\t<\/div>\n\t\t<\/div>\n\t\t\t\t\t\t<\/div>\n\t\t\t\t<\/div>\n\t\t\t\t<\/div>\n\t\t\t\t\t<\/div>\n\t\t\t\t<\/div>\n\t\t\t\t<\/div>\n\t\t","protected":false},"excerpt":{"rendered":"<p>Die \u201e\u0160ilut\u0117s Sekretai\u201c sind kleine Geheimnisfenster im Gehweg \u2013 Miniaturr\u00e4ume unter Glas, die das Leben in den historischen H\u00e4usern von<\/p>\n","protected":false},"author":1,"featured_media":36391,"parent":22976,"menu_order":54,"comment_status":"closed","ping_status":"closed","template":"","meta":{"_acf_changed":false,"_monsterinsights_skip_tracking":false,"_monsterinsights_sitenote_active":false,"_monsterinsights_sitenote_note":"","_monsterinsights_sitenote_category":0,"footnotes":""},"class_list":["post-43265","page","type-page","status-publish","has-post-thumbnail","hentry"],"acf":[],"_links":{"self":[{"href":"https:\/\/siluteinfo.lt\/de\/wp-json\/wp\/v2\/pages\/43265","targetHints":{"allow":["GET"]}}],"collection":[{"href":"https:\/\/siluteinfo.lt\/de\/wp-json\/wp\/v2\/pages"}],"about":[{"href":"https:\/\/siluteinfo.lt\/de\/wp-json\/wp\/v2\/types\/page"}],"author":[{"embeddable":true,"href":"https:\/\/siluteinfo.lt\/de\/wp-json\/wp\/v2\/users\/1"}],"replies":[{"embeddable":true,"href":"https:\/\/siluteinfo.lt\/de\/wp-json\/wp\/v2\/comments?post=43265"}],"version-history":[{"count":0,"href":"https:\/\/siluteinfo.lt\/de\/wp-json\/wp\/v2\/pages\/43265\/revisions"}],"up":[{"embeddable":true,"href":"https:\/\/siluteinfo.lt\/de\/wp-json\/wp\/v2\/pages\/22976"}],"wp:featuredmedia":[{"embeddable":true,"href":"https:\/\/siluteinfo.lt\/de\/wp-json\/wp\/v2\/media\/36391"}],"wp:attachment":[{"href":"https:\/\/siluteinfo.lt\/de\/wp-json\/wp\/v2\/media?parent=43265"}],"curies":[{"name":"wp","href":"https:\/\/api.w.org\/{rel}","templated":true}]}}