{"id":43159,"date":"2022-05-26T05:33:59","date_gmt":"2022-05-26T03:33:59","guid":{"rendered":"https:\/\/siluteinfo.lt\/freizeit\/zu-besuchende-orte\/alter-marktplatz\/"},"modified":"2025-06-10T17:41:52","modified_gmt":"2025-06-10T15:41:52","slug":"alter-marktplatz","status":"publish","type":"page","link":"https:\/\/siluteinfo.lt\/de\/freizeit\/zu-besuchende-orte\/alter-marktplatz\/","title":{"rendered":"Alter Marktplatz"},"content":{"rendered":"\t\t<div data-elementor-type=\"wp-page\" data-elementor-id=\"43159\" class=\"elementor elementor-43159 elementor-11261\" data-elementor-post-type=\"page\">\n\t\t\t\t<div class=\"wd-negative-gap elementor-element elementor-element-ed6b498 e-flex e-con-boxed e-con e-parent\" data-id=\"ed6b498\" data-element_type=\"container\" data-e-type=\"container\">\n\t\t\t\t\t<div class=\"e-con-inner\">\n\t\t<div class=\"elementor-element elementor-element-68ff536 e-con-full e-flex e-con e-child\" data-id=\"68ff536\" data-element_type=\"container\" data-e-type=\"container\">\n\t\t\t\t<div class=\"elementor-element elementor-element-63e293c elementor-widget elementor-widget-theme-post-featured-image elementor-widget-image\" data-id=\"63e293c\" data-element_type=\"widget\" data-e-type=\"widget\" data-widget_type=\"theme-post-featured-image.default\">\n\t\t\t\t<div class=\"elementor-widget-container\">\n\t\t\t\t\t\t\t\t\t\t\t\t\t\t\t<img loading=\"lazy\" decoding=\"async\" width=\"1200\" height=\"800\" src=\"https:\/\/siluteinfo.lt\/wp-content\/themes\/woodmart\/images\/lazy.svg\" data-src=\"https:\/\/siluteinfo.lt\/wp-content\/uploads\/2025\/05\/lankomi-senoji-silutes-turgaus-aikste.jpg\" class=\" wd-lazy-blur attachment-full size-full wp-image-42043\" alt=\"Senoji turgaus aik\u0161t\u0117 \u0160ilut\u0117je\" srcset=\"\" data-srcset=\"https:\/\/siluteinfo.lt\/wp-content\/uploads\/2025\/05\/lankomi-senoji-silutes-turgaus-aikste.jpg 1200w, https:\/\/siluteinfo.lt\/wp-content\/uploads\/2025\/05\/lankomi-senoji-silutes-turgaus-aikste-400x267.jpg 400w, https:\/\/siluteinfo.lt\/wp-content\/uploads\/2025\/05\/lankomi-senoji-silutes-turgaus-aikste-768x512.jpg 768w\" sizes=\"auto, (max-width: 1200px) 100vw, 1200px\" \/>\t\t\t\t\t\t\t\t\t\t\t\t\t\t\t<\/div>\n\t\t\t\t<\/div>\n\t\t\t\t<\/div>\n\t\t<div class=\"elementor-element elementor-element-515a8eb e-con-full e-flex e-con e-child\" data-id=\"515a8eb\" data-element_type=\"container\" data-e-type=\"container\">\n\t\t\t\t<div class=\"elementor-element elementor-element-fed4599 color-scheme-inherit text-left elementor-widget elementor-widget-text-editor\" data-id=\"fed4599\" data-element_type=\"widget\" data-e-type=\"widget\" data-widget_type=\"text-editor.default\">\n\t\t\t\t<div class=\"elementor-widget-container\">\n\t\t\t\t\t\t\t\t\t<div dir=\"auto\" style=\"font-style: normal; font-variant-ligatures: normal; font-variant-caps: normal; font-weight: 400; font-family: Jost, Arial, Helvetica, sans-serif; font-size: 16px; white-space: normal; text-align: justify;\"><div dir=\"auto\" style=\"font-style: normal; font-variant-ligatures: normal; font-variant-caps: normal; font-weight: 400; font-family: Jost, Arial, Helvetica, sans-serif; font-size: 16px; white-space: normal; text-align: justify;\"><p style=\"text-align: left;\">Vom 16. Jahrhundert bis zum Zweiten Weltkrieg war das auff\u00e4lligste Merkmal der Stadt \u0160ilut\u0117 die riesigen M\u00e4rkte auf dem alten Marktplatz. Fischer, Bauern und H\u00e4ndler aus den umliegenden Ortschaften sowie Kaufleute aus K\u00f6nigsberg und Klaip\u0117da und Samogiten aus dem Gro\u00dflitauen kamen hier zusammen. Neben dem Marktplatz wurde die erste Schenke gebaut, von der angenommen wird, dass sie den Beginn der Stadterweiterung von \u0160ilut\u0117 markierte. Der bekannte Fischmarkt auf dem Marktplatz von \u0160ilut\u0117 existierte mehrere Jahrhunderte lang.    <br>Der alte Marktplatz von \u0160ilut\u0117 ist noch immer von alten Geb\u00e4uden umgeben. Sein Raum ist weitgehend erhalten geblieben, nur leicht ver\u00e4ndert durch einen Damm entlang der \u0160y\u0161a-Biegung und das unter dem Asphalt liegende Steinpflaster. Dieser Ort nahe der \u0160y\u0161a-Biegung, dem \u0160ilut\u0117-Gutshof und der Eisenbr\u00fccke auf dem Weg nach Rusn\u0117 diente fast 500 Jahre lang als Marktplatz. <br>Der alte Marktplatz von \u0160ilut\u0117 ist einer der \u00e4ltesten historischen Orte der Stadt und mit wichtigen Etappen ihrer Entwicklung verbunden. Im Jahr 2022 wurde der Platz renoviert.  <\/p><\/div><\/div>\t\t\t\t\t\t\t\t<\/div>\n\t\t\t\t<\/div>\n\t\t\t\t<\/div>\n\t\t<div class=\"elementor-element elementor-element-dc6d28e e-con-full e-flex e-con e-child\" data-id=\"dc6d28e\" data-element_type=\"container\" data-e-type=\"container\">\n\t\t\t\t<div class=\"elementor-element elementor-element-fdcfb5b elementor-widget elementor-widget-shortcode\" data-id=\"fdcfb5b\" data-element_type=\"widget\" data-e-type=\"widget\" data-widget_type=\"shortcode.default\">\n\t\t\t\t<div class=\"elementor-widget-container\">\n\t\t\t\t\t\t\t<div class=\"elementor-shortcode\">\t\t<div id=\"maps-marker-pro-14c1a54e\" class=\"maps-marker-pro mmp-list-below\" style=\"width: 100%;\">\n\t\t\t<div id=\"mmp-map-wrap-14c1a54e\" class=\"mmp-map-wrap\">\n\t\t\t\t\t\t\t\t\t<div id=\"mmp-panel-14c1a54e\" class=\"mmp-panel\"><\/div>\n\t\t\t\t\t\t\t\t<div id=\"mmp-map-14c1a54e\" class=\"mmp-map\" style=\"height: 500px;\"><\/div>\n\t\t\t\t\t\t\t<\/div>\n\t\t\t\t\t\t\t<div id=\"mmp-list-14c1a54e\" class=\"mmp-list\" style=\"flex-basis: 400px;\"><\/div>\n\t\t\t\t\t<\/div>\n\t\t<\/div>\n\t\t\t\t\t\t<\/div>\n\t\t\t\t<\/div>\n\t\t\t\t<\/div>\n\t\t\t\t\t<\/div>\n\t\t\t\t<\/div>\n\t\t\t\t<\/div>\n\t\t","protected":false},"excerpt":{"rendered":"<p>Vom 16. Jahrhundert bis zum Zweiten Weltkrieg war das auff\u00e4lligste Merkmal der Stadt \u0160ilut\u0117 die riesigen M\u00e4rkte auf dem alten<\/p>\n","protected":false},"author":1,"featured_media":42043,"parent":22976,"menu_order":53,"comment_status":"closed","ping_status":"closed","template":"","meta":{"_acf_changed":false,"_monsterinsights_skip_tracking":false,"_monsterinsights_sitenote_active":false,"_monsterinsights_sitenote_note":"","_monsterinsights_sitenote_category":0,"footnotes":""},"class_list":["post-43159","page","type-page","status-publish","has-post-thumbnail","hentry"],"acf":[],"_links":{"self":[{"href":"https:\/\/siluteinfo.lt\/de\/wp-json\/wp\/v2\/pages\/43159","targetHints":{"allow":["GET"]}}],"collection":[{"href":"https:\/\/siluteinfo.lt\/de\/wp-json\/wp\/v2\/pages"}],"about":[{"href":"https:\/\/siluteinfo.lt\/de\/wp-json\/wp\/v2\/types\/page"}],"author":[{"embeddable":true,"href":"https:\/\/siluteinfo.lt\/de\/wp-json\/wp\/v2\/users\/1"}],"replies":[{"embeddable":true,"href":"https:\/\/siluteinfo.lt\/de\/wp-json\/wp\/v2\/comments?post=43159"}],"version-history":[{"count":0,"href":"https:\/\/siluteinfo.lt\/de\/wp-json\/wp\/v2\/pages\/43159\/revisions"}],"up":[{"embeddable":true,"href":"https:\/\/siluteinfo.lt\/de\/wp-json\/wp\/v2\/pages\/22976"}],"wp:featuredmedia":[{"embeddable":true,"href":"https:\/\/siluteinfo.lt\/de\/wp-json\/wp\/v2\/media\/42043"}],"wp:attachment":[{"href":"https:\/\/siluteinfo.lt\/de\/wp-json\/wp\/v2\/media?parent=43159"}],"curies":[{"name":"wp","href":"https:\/\/api.w.org\/{rel}","templated":true}]}}