{"id":43124,"date":"2025-06-10T10:01:32","date_gmt":"2025-06-10T08:01:32","guid":{"rendered":"https:\/\/siluteinfo.lt\/transport\/boote\/schiff-svajone\/"},"modified":"2025-06-10T10:19:26","modified_gmt":"2025-06-10T08:19:26","slug":"schiff-svajone","status":"publish","type":"page","link":"https:\/\/siluteinfo.lt\/de\/transport\/boote\/schiff-svajone\/","title":{"rendered":"Schiff \u201eSvajon\u0117\u201c"},"content":{"rendered":"\t\t<div data-elementor-type=\"wp-page\" data-elementor-id=\"43124\" class=\"elementor elementor-43124 elementor-43105\" data-elementor-post-type=\"page\">\n\t\t\t\t\t\t<section class=\"wd-negative-gap elementor-section elementor-top-section elementor-element elementor-element-3567869 elementor-section-boxed elementor-section-height-default elementor-section-height-default\" data-id=\"3567869\" data-element_type=\"section\" data-e-type=\"section\">\n\t\t\t\t\t\t<div class=\"elementor-container elementor-column-gap-default\">\n\t\t\t\t\t<div class=\"elementor-column elementor-col-100 elementor-top-column elementor-element elementor-element-864fbd1\" data-id=\"864fbd1\" data-element_type=\"column\" data-e-type=\"column\">\n\t\t\t<div class=\"elementor-widget-wrap elementor-element-populated\">\n\t\t\t\t\t\t<section class=\"wd-negative-gap elementor-section elementor-inner-section elementor-element elementor-element-3ae24d1 elementor-section-boxed elementor-section-height-default elementor-section-height-default\" data-id=\"3ae24d1\" data-element_type=\"section\" data-e-type=\"section\">\n\t\t\t\t\t\t<div class=\"elementor-container elementor-column-gap-default\">\n\t\t\t\t\t<div class=\"elementor-column elementor-col-50 elementor-inner-column elementor-element elementor-element-4debd9e\" data-id=\"4debd9e\" data-element_type=\"column\" data-e-type=\"column\">\n\t\t\t<div class=\"elementor-widget-wrap elementor-element-populated\">\n\t\t\t\t\t\t<div class=\"elementor-element elementor-element-c589956 elementor-widget elementor-widget-theme-post-featured-image elementor-widget-image\" data-id=\"c589956\" data-element_type=\"widget\" data-e-type=\"widget\" data-widget_type=\"theme-post-featured-image.default\">\n\t\t\t\t<div class=\"elementor-widget-container\">\n\t\t\t\t\t\t\t\t\t\t\t\t\t\t\t<img loading=\"lazy\" decoding=\"async\" width=\"1200\" height=\"800\" src=\"https:\/\/siluteinfo.lt\/wp-content\/themes\/woodmart\/images\/lazy.svg\" data-src=\"https:\/\/siluteinfo.lt\/wp-content\/uploads\/2025\/06\/laivininkai-svajone.jpg\" class=\" wd-lazy-blur attachment-large size-large wp-image-43109\" alt=\"LAivas sva\" srcset=\"\" data-srcset=\"https:\/\/siluteinfo.lt\/wp-content\/uploads\/2025\/06\/laivininkai-svajone.jpg 1200w, https:\/\/siluteinfo.lt\/wp-content\/uploads\/2025\/06\/laivininkai-svajone-400x267.jpg 400w, https:\/\/siluteinfo.lt\/wp-content\/uploads\/2025\/06\/laivininkai-svajone-768x512.jpg 768w\" sizes=\"auto, (max-width: 1200px) 100vw, 1200px\" \/>\t\t\t\t\t\t\t\t\t\t\t\t\t\t\t<\/div>\n\t\t\t\t<\/div>\n\t\t\t\t\t<\/div>\n\t\t<\/div>\n\t\t\t\t<div class=\"elementor-column elementor-col-50 elementor-inner-column elementor-element elementor-element-bc49566\" data-id=\"bc49566\" data-element_type=\"column\" data-e-type=\"column\">\n\t\t\t<div class=\"elementor-widget-wrap elementor-element-populated\">\n\t\t\t\t\t\t<div class=\"elementor-element elementor-element-cf33416 color-scheme-inherit text-left elementor-widget elementor-widget-text-editor\" data-id=\"cf33416\" data-element_type=\"widget\" data-e-type=\"widget\" data-widget_type=\"text-editor.default\">\n\t\t\t\t<div class=\"elementor-widget-container\">\n\t\t\t\t\t\t\t\t\t<p><strong>Pl\u00e4tze: 160 Personen<\/strong><\/p>\n<p>Liegeplatz \u2013 Krok\u0173 Lankos g. 33, Minija, \u0160ilut\u0117s r. sav.<br>Tel. +370 686 66 600<br>E-Mail <a href=\"mailto:minij&#97;&#64;&#109;&#105;&#110;&#103;&#101;&#115;&#101;&#103;&#122;&#111;&#116;&#105;&#107;&#x61;&#x2e;&#x6c;&#x74;\">m&#105;&#110;&#x69;&#x6a;&#x61;&#64;m&#105;&#110;&#x67;&#x65;&#x73;e&#103;&#122;&#111;&#x74;&#x69;&#x6b;a&#46;&#108;&#x74;<br><\/a><a href=\"https:\/\/www.mingeskaimas.lt\" target=\"_blank\" rel=\"noopener\">www.mingeskaimas.lt<\/a>   <\/p>\n<ul>\n<li>Zwei Decks<\/li>\n<li>Bar an Bord<\/li>\n<li>Klimaanlage \/ Heizungssystem<\/li>\n<li>Haustiere erlaubt<\/li>\n<li>Fahrr\u00e4der \/ E-Scooter k\u00f6nnen mitgenommen werden<\/li>\n<li>Das Schiff \u201eSvajon\u0117\u201c verkehrt auch als F\u00e4hre und f\u00e4hrt in der Saison die Route: MINIJA\u2013UOSTADVARIS\u2013NIDA\u2013UOSTADVARIS\u2013MINIJA<br>Mehr Informationen: <a href=\"https:\/\/siluteinfo.lt\/de\/transport\/faehren\/\">F\u00e4hren<\/a><\/li>\n<\/ul>\t\t\t\t\t\t\t\t<\/div>\n\t\t\t\t<\/div>\n\t\t\t\t\t<\/div>\n\t\t<\/div>\n\t\t\t\t\t<\/div>\n\t\t<\/section>\n\t\t\t\t<section class=\"wd-negative-gap elementor-section elementor-inner-section elementor-element elementor-element-6d6bc43 elementor-section-boxed elementor-section-height-default elementor-section-height-default\" data-id=\"6d6bc43\" data-element_type=\"section\" data-e-type=\"section\">\n\t\t\t\t\t\t<div class=\"elementor-container elementor-column-gap-default\">\n\t\t\t\t\t<div class=\"elementor-column elementor-col-100 elementor-inner-column elementor-element elementor-element-0027614\" data-id=\"0027614\" data-element_type=\"column\" data-e-type=\"column\">\n\t\t\t<div class=\"elementor-widget-wrap elementor-element-populated\">\n\t\t\t\t\t\t\t<\/div>\n\t\t<\/div>\n\t\t\t\t\t<\/div>\n\t\t<\/section>\n\t\t\t\t\t<\/div>\n\t\t<\/div>\n\t\t\t\t\t<\/div>\n\t\t<\/section>\n\t\t\t\t<\/div>\n\t\t","protected":false},"excerpt":{"rendered":"<p>Pl\u00e4tze: 160 Personen Liegeplatz \u2013 Krok\u0173 Lankos g. 33, Minija, \u0160ilut\u0117s r. sav.Tel. +370 686 66 600E-Mail &#109;&#x69;&#110;&#x69;&#106;&#x61;&#64;&#x6d;&#105;&#x6e;&#103;&#x65;&#115;&#x65;&#103;&#x7a;&#111;&#x74;&#105;&#x6b;&#97;&#x2e;&#108;&#x74;www.mingeskaimas.lt Zwei Decks<\/p>\n","protected":false},"author":2,"featured_media":43109,"parent":23032,"menu_order":8,"comment_status":"closed","ping_status":"closed","template":"","meta":{"_acf_changed":false,"_monsterinsights_skip_tracking":false,"_monsterinsights_sitenote_active":false,"_monsterinsights_sitenote_note":"","_monsterinsights_sitenote_category":0,"footnotes":""},"class_list":["post-43124","page","type-page","status-publish","has-post-thumbnail","hentry"],"acf":[],"_links":{"self":[{"href":"https:\/\/siluteinfo.lt\/de\/wp-json\/wp\/v2\/pages\/43124","targetHints":{"allow":["GET"]}}],"collection":[{"href":"https:\/\/siluteinfo.lt\/de\/wp-json\/wp\/v2\/pages"}],"about":[{"href":"https:\/\/siluteinfo.lt\/de\/wp-json\/wp\/v2\/types\/page"}],"author":[{"embeddable":true,"href":"https:\/\/siluteinfo.lt\/de\/wp-json\/wp\/v2\/users\/2"}],"replies":[{"embeddable":true,"href":"https:\/\/siluteinfo.lt\/de\/wp-json\/wp\/v2\/comments?post=43124"}],"version-history":[{"count":0,"href":"https:\/\/siluteinfo.lt\/de\/wp-json\/wp\/v2\/pages\/43124\/revisions"}],"up":[{"embeddable":true,"href":"https:\/\/siluteinfo.lt\/de\/wp-json\/wp\/v2\/pages\/23032"}],"wp:featuredmedia":[{"embeddable":true,"href":"https:\/\/siluteinfo.lt\/de\/wp-json\/wp\/v2\/media\/43109"}],"wp:attachment":[{"href":"https:\/\/siluteinfo.lt\/de\/wp-json\/wp\/v2\/media?parent=43124"}],"curies":[{"name":"wp","href":"https:\/\/api.w.org\/{rel}","templated":true}]}}