{"id":41691,"date":"2022-05-25T16:26:23","date_gmt":"2022-05-25T14:26:23","guid":{"rendered":"https:\/\/siluteinfo.lt\/freizeit\/zu-besuchende-orte\/metallbogenbruecke-ueber-den-fluss-sysa\/"},"modified":"2025-05-22T09:27:36","modified_gmt":"2025-05-22T07:27:36","slug":"metallbogenbruecke-ueber-den-fluss-sysa","status":"publish","type":"page","link":"https:\/\/siluteinfo.lt\/de\/freizeit\/zu-besuchende-orte\/metallbogenbruecke-ueber-den-fluss-sysa\/","title":{"rendered":"Metallbogenbr\u00fccke \u00fcber den Fluss \u0160y\u0161a"},"content":{"rendered":"\t\t<div data-elementor-type=\"wp-page\" data-elementor-id=\"41691\" class=\"elementor elementor-41691 elementor-11251\" data-elementor-post-type=\"page\">\n\t\t\t\t<div class=\"wd-negative-gap elementor-element elementor-element-f095950 e-flex e-con-boxed e-con e-parent\" data-id=\"f095950\" data-element_type=\"container\" data-e-type=\"container\">\n\t\t\t\t\t<div class=\"e-con-inner\">\n\t\t<div class=\"elementor-element elementor-element-48ad2c6 e-con-full e-flex e-con e-child\" data-id=\"48ad2c6\" data-element_type=\"container\" data-e-type=\"container\">\n\t\t\t\t<div class=\"elementor-element elementor-element-cc6cfee elementor-widget elementor-widget-theme-post-featured-image elementor-widget-image\" data-id=\"cc6cfee\" data-element_type=\"widget\" data-e-type=\"widget\" data-widget_type=\"theme-post-featured-image.default\">\n\t\t\t\t<div class=\"elementor-widget-container\">\n\t\t\t\t\t\t\t\t\t\t\t\t\t\t\t<img loading=\"lazy\" decoding=\"async\" width=\"1200\" height=\"800\" src=\"https:\/\/siluteinfo.lt\/wp-content\/themes\/woodmart\/images\/lazy.svg\" data-src=\"https:\/\/siluteinfo.lt\/wp-content\/uploads\/2024\/06\/lankomi-metalinis-arkinis-tiltas-per-sysos-upe.jpg\" class=\" wd-lazy-blur attachment-full size-full wp-image-36379\" alt=\"Metalinis arkinis tiltas per \u0160y\u0161os up\u0119 \u0160ilut\u0117je\" srcset=\"\" data-srcset=\"https:\/\/siluteinfo.lt\/wp-content\/uploads\/2024\/06\/lankomi-metalinis-arkinis-tiltas-per-sysos-upe.jpg 1200w, https:\/\/siluteinfo.lt\/wp-content\/uploads\/2024\/06\/lankomi-metalinis-arkinis-tiltas-per-sysos-upe-400x267.jpg 400w, https:\/\/siluteinfo.lt\/wp-content\/uploads\/2024\/06\/lankomi-metalinis-arkinis-tiltas-per-sysos-upe-768x512.jpg 768w\" sizes=\"auto, (max-width: 1200px) 100vw, 1200px\" \/>\t\t\t\t\t\t\t\t\t\t\t\t\t\t\t<\/div>\n\t\t\t\t<\/div>\n\t\t\t\t<\/div>\n\t\t<div class=\"elementor-element elementor-element-bcc9d47 e-con-full e-flex e-con e-child\" data-id=\"bcc9d47\" data-element_type=\"container\" data-e-type=\"container\">\n\t\t\t\t<div class=\"elementor-element elementor-element-777fce0 color-scheme-inherit text-left elementor-widget elementor-widget-text-editor\" data-id=\"777fce0\" data-element_type=\"widget\" data-e-type=\"widget\" data-widget_type=\"text-editor.default\">\n\t\t\t\t<div class=\"elementor-widget-container\">\n\t\t\t\t\t\t\t\t\t<div dir=\"auto\" style=\"font-style: normal; font-variant-ligatures: normal; font-variant-caps: normal; font-weight: 400; font-family: Jost, Arial, Helvetica, sans-serif; font-size: 16px; white-space: normal; text-align: justify;\"><p style=\"text-align: left;\">Die Metallbogenbr\u00fccke \u00fcber den Fluss \u0160y\u0161a wurde 1914 erbaut. Diese Br\u00fccke, die einen historischen und technischen Wert besitzt, befindet sich an der Stra\u00dfe \u0160ilut\u0117\u2013Rusn\u0117, dem damals einzigen Landweg zur Insel Rusn\u0117. Die Br\u00fccke wurde vom Ingenieur Fabian entworfen. Der Bedarf, eine Br\u00fccke \u00fcber die \u0160y\u0161a zu bauen, entstand, als in \u0160ilokar\u010dema (heute \u0160ilut\u0117) mit dem Bau eines kleinen Bootshafens begonnen wurde.   <br>Die zu Beginn des 20. Jahrhunderts errichtete Br\u00fccke erh\u00f6hte die verkehrstechnische Bedeutung der Region, indem sie das aus mehreren D\u00f6rfern entstandene \u0160ilut\u0117 mit der damals bedeutenden Insel Rusn\u0117 verband. Die mit staatlichen Mitteln gebaute Br\u00fccke spiegelt die Besonderheiten, Qualit\u00e4t und Moden des Br\u00fcckenbaus im Memelland des vergangenen Jahrhunderts wider. Ihre Fundamente und Pfeiler bestehen aus Stein, der \u00dcberbau (tragende Konstruktion) ist ein Stahlbogen. In den letzten Jahrzehnten wurden die B\u00f6gen gelb gestrichen. Die Br\u00fccke ist 40 Meter lang, 5 Meter breit und 3,5 Meter hoch, auf beiden Seiten befinden sich Gehwege mit 1 Meter hohen Gel\u00e4ndern.<br>Sie ist ein st\u00e4dtebauliches Denkmal der Altstadt von \u0160ilut\u0117.     <\/p><\/div>\t\t\t\t\t\t\t\t<\/div>\n\t\t\t\t<\/div>\n\t\t\t\t<\/div>\n\t\t<div class=\"elementor-element elementor-element-fe06706 e-con-full e-flex e-con e-child\" data-id=\"fe06706\" data-element_type=\"container\" data-e-type=\"container\">\n\t\t\t\t<div class=\"elementor-element elementor-element-957bde3 elementor-widget elementor-widget-shortcode\" data-id=\"957bde3\" data-element_type=\"widget\" data-e-type=\"widget\" data-widget_type=\"shortcode.default\">\n\t\t\t\t<div class=\"elementor-widget-container\">\n\t\t\t\t\t\t\t<div class=\"elementor-shortcode\">\t\t<div id=\"maps-marker-pro-669090ed\" class=\"maps-marker-pro mmp-list-below\" style=\"width: 100%;\">\n\t\t\t<div id=\"mmp-map-wrap-669090ed\" class=\"mmp-map-wrap\">\n\t\t\t\t\t\t\t\t\t<div id=\"mmp-panel-669090ed\" class=\"mmp-panel\"><\/div>\n\t\t\t\t\t\t\t\t<div id=\"mmp-map-669090ed\" class=\"mmp-map\" style=\"height: 500px;\"><\/div>\n\t\t\t\t\t\t\t<\/div>\n\t\t\t\t\t\t\t<div id=\"mmp-list-669090ed\" class=\"mmp-list\" style=\"flex-basis: 400px;\"><\/div>\n\t\t\t\t\t<\/div>\n\t\t<\/div>\n\t\t\t\t\t\t<\/div>\n\t\t\t\t<\/div>\n\t\t\t\t<\/div>\n\t\t\t\t\t<\/div>\n\t\t\t\t<\/div>\n\t\t\t\t<\/div>\n\t\t","protected":false},"excerpt":{"rendered":"<p>Die Metallbogenbr\u00fccke \u00fcber den Fluss \u0160y\u0161a wurde 1914 erbaut. Diese Br\u00fccke, die einen historischen und technischen Wert besitzt, befindet sich<\/p>\n","protected":false},"author":1,"featured_media":36379,"parent":22976,"menu_order":52,"comment_status":"closed","ping_status":"closed","template":"","meta":{"_acf_changed":false,"_monsterinsights_skip_tracking":false,"_monsterinsights_sitenote_active":false,"_monsterinsights_sitenote_note":"","_monsterinsights_sitenote_category":0,"footnotes":""},"class_list":["post-41691","page","type-page","status-publish","has-post-thumbnail","hentry"],"acf":[],"_links":{"self":[{"href":"https:\/\/siluteinfo.lt\/de\/wp-json\/wp\/v2\/pages\/41691","targetHints":{"allow":["GET"]}}],"collection":[{"href":"https:\/\/siluteinfo.lt\/de\/wp-json\/wp\/v2\/pages"}],"about":[{"href":"https:\/\/siluteinfo.lt\/de\/wp-json\/wp\/v2\/types\/page"}],"author":[{"embeddable":true,"href":"https:\/\/siluteinfo.lt\/de\/wp-json\/wp\/v2\/users\/1"}],"replies":[{"embeddable":true,"href":"https:\/\/siluteinfo.lt\/de\/wp-json\/wp\/v2\/comments?post=41691"}],"version-history":[{"count":0,"href":"https:\/\/siluteinfo.lt\/de\/wp-json\/wp\/v2\/pages\/41691\/revisions"}],"up":[{"embeddable":true,"href":"https:\/\/siluteinfo.lt\/de\/wp-json\/wp\/v2\/pages\/22976"}],"wp:featuredmedia":[{"embeddable":true,"href":"https:\/\/siluteinfo.lt\/de\/wp-json\/wp\/v2\/media\/36379"}],"wp:attachment":[{"href":"https:\/\/siluteinfo.lt\/de\/wp-json\/wp\/v2\/media?parent=41691"}],"curies":[{"name":"wp","href":"https:\/\/api.w.org\/{rel}","templated":true}]}}