{"id":41447,"date":"2022-06-11T11:28:09","date_gmt":"2022-06-11T09:28:09","guid":{"rendered":"https:\/\/siluteinfo.lt\/freizeit\/freizeitaktivitaeten\/paintball\/"},"modified":"2025-05-20T08:16:57","modified_gmt":"2025-05-20T06:16:57","slug":"paintball","status":"publish","type":"page","link":"https:\/\/siluteinfo.lt\/de\/freizeit\/freizeitaktivitaeten\/paintball\/","title":{"rendered":"Paintball"},"content":{"rendered":"\t\t<div data-elementor-type=\"wp-page\" data-elementor-id=\"41447\" class=\"elementor elementor-41447 elementor-13207\" data-elementor-post-type=\"page\">\n\t\t\t\t\t\t<section class=\"wd-negative-gap elementor-section elementor-top-section elementor-element elementor-element-717415d elementor-section-boxed elementor-section-height-default elementor-section-height-default\" data-id=\"717415d\" data-element_type=\"section\" data-e-type=\"section\">\n\t\t\t\t\t\t<div class=\"elementor-container elementor-column-gap-default\">\n\t\t\t\t\t<div class=\"elementor-column elementor-col-100 elementor-top-column elementor-element elementor-element-873235b\" data-id=\"873235b\" data-element_type=\"column\" data-e-type=\"column\">\n\t\t\t<div class=\"elementor-widget-wrap elementor-element-populated\">\n\t\t\t\t\t\t<section class=\"wd-negative-gap elementor-section elementor-inner-section elementor-element elementor-element-e987083 elementor-section-boxed elementor-section-height-default elementor-section-height-default\" data-id=\"e987083\" data-element_type=\"section\" data-e-type=\"section\">\n\t\t\t\t\t\t<div class=\"elementor-container elementor-column-gap-default\">\n\t\t\t\t\t<div class=\"elementor-column elementor-col-50 elementor-inner-column elementor-element elementor-element-b1e277b\" data-id=\"b1e277b\" data-element_type=\"column\" data-e-type=\"column\">\n\t\t\t<div class=\"elementor-widget-wrap elementor-element-populated\">\n\t\t\t\t\t\t<div class=\"elementor-element elementor-element-12a2949 elementor-widget elementor-widget-theme-post-featured-image elementor-widget-image\" data-id=\"12a2949\" data-element_type=\"widget\" data-e-type=\"widget\" data-widget_type=\"theme-post-featured-image.default\">\n\t\t\t\t<div class=\"elementor-widget-container\">\n\t\t\t\t\t\t\t\t\t\t\t\t\t\t\t<img loading=\"lazy\" decoding=\"async\" width=\"1200\" height=\"900\" src=\"https:\/\/siluteinfo.lt\/wp-content\/themes\/woodmart\/images\/lazy.svg\" data-src=\"https:\/\/siluteinfo.lt\/wp-content\/uploads\/2023\/11\/aktyvios-pramogos-dazasvydis.jpg\" class=\" wd-lazy-blur attachment-large size-large wp-image-32265\" alt=\"\" srcset=\"\" data-srcset=\"https:\/\/siluteinfo.lt\/wp-content\/uploads\/2023\/11\/aktyvios-pramogos-dazasvydis.jpg 1200w, https:\/\/siluteinfo.lt\/wp-content\/uploads\/2023\/11\/aktyvios-pramogos-dazasvydis-400x300.jpg 400w, https:\/\/siluteinfo.lt\/wp-content\/uploads\/2023\/11\/aktyvios-pramogos-dazasvydis-768x576.jpg 768w\" sizes=\"auto, (max-width: 1200px) 100vw, 1200px\" \/>\t\t\t\t\t\t\t\t\t\t\t\t\t\t\t<\/div>\n\t\t\t\t<\/div>\n\t\t\t\t\t<\/div>\n\t\t<\/div>\n\t\t\t\t<div class=\"elementor-column elementor-col-50 elementor-inner-column elementor-element elementor-element-7a2b39b\" data-id=\"7a2b39b\" data-element_type=\"column\" data-e-type=\"column\">\n\t\t\t<div class=\"elementor-widget-wrap elementor-element-populated\">\n\t\t\t\t\t\t<div class=\"elementor-element elementor-element-f54c2d3 color-scheme-inherit text-left elementor-widget elementor-widget-text-editor\" data-id=\"f54c2d3\" data-element_type=\"widget\" data-e-type=\"widget\" data-widget_type=\"text-editor.default\">\n\t\t\t\t<div class=\"elementor-widget-container\">\n\t\t\t\t\t\t\t\t\t<p style=\"text-align: justify;\">Paintball ist eine \u00e4u\u00dferst beliebte Aktivit\u00e4t f\u00fcr Erwachsene und Kinder. Dieses actionreiche Spiel steckt voller \u00dcberraschungen, Spannung und Emotionen. Es bietet nicht nur Bewegung an der frischen Luft, sondern f\u00f6rdert auch schnelle Entscheidungsfindung und pers\u00f6nliche Entwicklung.<br>Ein unterhaltsames, strategisches Spiel, das Teamgeist st\u00e4rkt und Stress abbaut \u2013 Paintball ist das ganze Jahr \u00fcber ein spannendes Erlebnis!   <\/p><p>Ideal f\u00fcr Geburtstage, Junggesellenabschiede, Junggesellinnenabschiede oder einfach, um mit Freunden Spa\u00df zu haben. Spannung, gute Laune und Adrenalin sind garantiert! <\/p><p><em>Kontakt und Reservierung: +370 685 13 266; +370 699 04 751, <a href=\"&#x6d;&#x61;&#105;lt&#x6f;&#x3a;&#105;&#110;f&#x6f;&#x40;&#107;&#101;b&#x65;&#x6c;&#x69;&#117;pi&#x72;&#x74;&#101;&#108;e&#x2e;&#x6c;&#116;\">&#x69;&#110;&#102;o&#x40;&#x6b;&#101;b&#x65;&#x6c;&#105;u&#x70;&#x69;&#114;t&#x65;&#x6c;&#101;&#46;&#x6c;&#x74;, <\/a><a href=\"http:\/\/www.kebeliupirtele.lt\/\" target=\"_blank\" rel=\"noopener\">www.kebeliupirtele.lt<\/a><\/em><\/p><p> <\/p><p><\/p><p><\/p>\t\t\t\t\t\t\t\t<\/div>\n\t\t\t\t<\/div>\n\t\t\t\t\t<\/div>\n\t\t<\/div>\n\t\t\t\t\t<\/div>\n\t\t<\/section>\n\t\t\t\t\t<\/div>\n\t\t<\/div>\n\t\t\t\t\t<\/div>\n\t\t<\/section>\n\t\t\t\t<\/div>\n\t\t","protected":false},"excerpt":{"rendered":"<p>Paintball ist eine \u00e4u\u00dferst beliebte Aktivit\u00e4t f\u00fcr Erwachsene und Kinder. Dieses actionreiche Spiel steckt voller \u00dcberraschungen, Spannung und Emotionen. Es<\/p>\n","protected":false},"author":1,"featured_media":32265,"parent":22980,"menu_order":6,"comment_status":"closed","ping_status":"closed","template":"","meta":{"_acf_changed":false,"_monsterinsights_skip_tracking":false,"_monsterinsights_sitenote_active":false,"_monsterinsights_sitenote_note":"","_monsterinsights_sitenote_category":0,"footnotes":""},"class_list":["post-41447","page","type-page","status-publish","has-post-thumbnail","hentry"],"acf":[],"_links":{"self":[{"href":"https:\/\/siluteinfo.lt\/de\/wp-json\/wp\/v2\/pages\/41447","targetHints":{"allow":["GET"]}}],"collection":[{"href":"https:\/\/siluteinfo.lt\/de\/wp-json\/wp\/v2\/pages"}],"about":[{"href":"https:\/\/siluteinfo.lt\/de\/wp-json\/wp\/v2\/types\/page"}],"author":[{"embeddable":true,"href":"https:\/\/siluteinfo.lt\/de\/wp-json\/wp\/v2\/users\/1"}],"replies":[{"embeddable":true,"href":"https:\/\/siluteinfo.lt\/de\/wp-json\/wp\/v2\/comments?post=41447"}],"version-history":[{"count":0,"href":"https:\/\/siluteinfo.lt\/de\/wp-json\/wp\/v2\/pages\/41447\/revisions"}],"up":[{"embeddable":true,"href":"https:\/\/siluteinfo.lt\/de\/wp-json\/wp\/v2\/pages\/22980"}],"wp:featuredmedia":[{"embeddable":true,"href":"https:\/\/siluteinfo.lt\/de\/wp-json\/wp\/v2\/media\/32265"}],"wp:attachment":[{"href":"https:\/\/siluteinfo.lt\/de\/wp-json\/wp\/v2\/media?parent=41447"}],"curies":[{"name":"wp","href":"https:\/\/api.w.org\/{rel}","templated":true}]}}