{"id":41437,"date":"2022-06-11T11:21:13","date_gmt":"2022-06-11T09:21:13","guid":{"rendered":"https:\/\/siluteinfo.lt\/freizeit\/freizeitaktivitaeten\/heissluftballonfahrt\/"},"modified":"2025-05-20T08:09:19","modified_gmt":"2025-05-20T06:09:19","slug":"heissluftballonfahrt","status":"publish","type":"page","link":"https:\/\/siluteinfo.lt\/de\/freizeit\/freizeitaktivitaeten\/heissluftballonfahrt\/","title":{"rendered":"Hei\u00dfluftballonfahrt"},"content":{"rendered":"\t\t<div data-elementor-type=\"wp-page\" data-elementor-id=\"41437\" class=\"elementor elementor-41437 elementor-13189\" data-elementor-post-type=\"page\">\n\t\t\t\t\t\t<section class=\"wd-negative-gap elementor-section elementor-top-section elementor-element elementor-element-13662e3 elementor-section-boxed elementor-section-height-default elementor-section-height-default\" data-id=\"13662e3\" data-element_type=\"section\" data-e-type=\"section\">\n\t\t\t\t\t\t<div class=\"elementor-container elementor-column-gap-default\">\n\t\t\t\t\t<div class=\"elementor-column elementor-col-100 elementor-top-column elementor-element elementor-element-50da66b\" data-id=\"50da66b\" data-element_type=\"column\" data-e-type=\"column\">\n\t\t\t<div class=\"elementor-widget-wrap elementor-element-populated\">\n\t\t\t\t\t\t<section class=\"wd-negative-gap elementor-section elementor-inner-section elementor-element elementor-element-283b76d elementor-section-boxed elementor-section-height-default elementor-section-height-default\" data-id=\"283b76d\" data-element_type=\"section\" data-e-type=\"section\">\n\t\t\t\t\t\t<div class=\"elementor-container elementor-column-gap-default\">\n\t\t\t\t\t<div class=\"elementor-column elementor-col-50 elementor-inner-column elementor-element elementor-element-4158727\" data-id=\"4158727\" data-element_type=\"column\" data-e-type=\"column\">\n\t\t\t<div class=\"elementor-widget-wrap elementor-element-populated\">\n\t\t\t\t\t\t<div class=\"elementor-element elementor-element-04c03ed elementor-widget elementor-widget-theme-post-featured-image elementor-widget-image\" data-id=\"04c03ed\" data-element_type=\"widget\" data-e-type=\"widget\" data-widget_type=\"theme-post-featured-image.default\">\n\t\t\t\t<div class=\"elementor-widget-container\">\n\t\t\t\t\t\t\t\t\t\t\t\t\t\t\t<img loading=\"lazy\" decoding=\"async\" width=\"1200\" height=\"900\" src=\"https:\/\/siluteinfo.lt\/wp-content\/themes\/woodmart\/images\/lazy.svg\" data-src=\"https:\/\/siluteinfo.lt\/wp-content\/uploads\/2023\/11\/aktyvios-pramogos-skrydis-oro-balionu.jpg\" class=\" wd-lazy-blur attachment-large size-large wp-image-32253\" alt=\"\" srcset=\"\" data-srcset=\"https:\/\/siluteinfo.lt\/wp-content\/uploads\/2023\/11\/aktyvios-pramogos-skrydis-oro-balionu.jpg 1200w, https:\/\/siluteinfo.lt\/wp-content\/uploads\/2023\/11\/aktyvios-pramogos-skrydis-oro-balionu-400x300.jpg 400w, https:\/\/siluteinfo.lt\/wp-content\/uploads\/2023\/11\/aktyvios-pramogos-skrydis-oro-balionu-768x576.jpg 768w\" sizes=\"auto, (max-width: 1200px) 100vw, 1200px\" \/>\t\t\t\t\t\t\t\t\t\t\t\t\t\t\t<\/div>\n\t\t\t\t<\/div>\n\t\t\t\t\t<\/div>\n\t\t<\/div>\n\t\t\t\t<div class=\"elementor-column elementor-col-50 elementor-inner-column elementor-element elementor-element-648de04\" data-id=\"648de04\" data-element_type=\"column\" data-e-type=\"column\">\n\t\t\t<div class=\"elementor-widget-wrap elementor-element-populated\">\n\t\t\t\t\t\t<div class=\"elementor-element elementor-element-9ce0bbf color-scheme-inherit text-left elementor-widget elementor-widget-text-editor\" data-id=\"9ce0bbf\" data-element_type=\"widget\" data-e-type=\"widget\" data-widget_type=\"text-editor.default\">\n\t\t\t\t<div class=\"elementor-widget-container\">\n\t\t\t\t\t\t\t\t\t<p>Entdecken Sie die einzigartige Sch\u00f6nheit des Memel-Deltas aus der Vogelperspektive! Die Altstadt, Kan\u00e4le und Buchten werden Sie begeistern \u2013 eine neue Sicht auf \u0160ilut\u0117 erwartet Sie aus dem Korb eines Hei\u00dfluftballons. Lautloses Gleiten \u00fcber Baumwipfeln oder &#8222;Wolkenpfl\u00fccken&#8220;, w\u00e4hrend Sie sich ganz dem Wind \u00fcberlassen. Dieses Gef\u00fchl der Leichtigkeit wird Sie vom ersten Moment an begleiten.<br>Laden Sie Ihre bessere H\u00e4lfte, Freunde oder Familie ein \u2013 gemeinsam wird das Erlebnis noch sch\u00f6ner! Es gibt spezielle Angebote f\u00fcr Familien mit Kindern.<br>W\u00e4hlen Sie zwischen Gruppenfl\u00fcgen (bis zu 7 Personen) oder einem ganz privaten Flug \u2013 ideal f\u00fcr Jubil\u00e4en, Geburtstage oder Junggesellenabschiede. Nach dem Flug erwartet Sie ein Erstflug-Zertifikat, ein Glas Sekt und unterhaltsame Ballonfahrer-Geschichten.<br>Wegen Thermik fliegen wir fr\u00fch morgens oder abends zum Sonnenuntergang. Die K\u00fcstenwinde sind oft stark, daher ist Planung schwierig, aber das Warten lohnt sich \u2013 mit unvergesslichen Ausblicken und Erlebnissen.<br>Startpunkt wird am Flugtag je nach Windrichtung gew\u00e4hlt, um eine m\u00f6glichst sch\u00f6ne Route \u00fcber die Stadt zu erm\u00f6glichen.         <\/p><p>Flugsaison: Mai bis Oktober<br>Flugdauer: ca. 1 Stunde (Gesamterlebnis ca. 3 Stunden mit Vorbereitung und R\u00fcckfahrt) <br>R\u00fccktransport vom Landeplatz inbegriffen.<\/p><p class=\"has-black-color has-text-color\"><em>Buchung &amp; Informationen: +370 658 44 434, <a href=\"&#x6d;&#97;i&#x6c;&#x74;&#111;:&#x69;&#x6e;&#102;o&#x40;&#115;k&#x72;&#x65;&#110;d&#x61;&#x6d;&#98;a&#x6c;&#105;&#111;&#x6e;&#x75;&#46;l&#x74;\">i&#110;&#x66;&#x6f;&#64;&#115;&#x6b;&#x72;e&#110;&#x64;&#x61;m&#98;&#x61;&#x6c;i&#111;&#x6e;&#x75;&#46;&#108;&#116;<\/a><a href=\"http:\/\/www.skrendambalionu.lt\" target=\"_blank\" rel=\"noopener\">, www.skrendambalionu.lt<br><\/a><a href=\"https:\/\/www.skrendambalionu.lt\/paslaugos\/skrydis-oro-balionu-siluteje\/\" target=\"_blank\" rel=\"noopener\">https:\/\/www.skrendambalionu.lt\/paslaugos\/skrydis-oro-balionu-siluteje\/<\/a><\/em><\/p>\t\t\t\t\t\t\t\t<\/div>\n\t\t\t\t<\/div>\n\t\t\t\t\t<\/div>\n\t\t<\/div>\n\t\t\t\t\t<\/div>\n\t\t<\/section>\n\t\t\t\t\t<\/div>\n\t\t<\/div>\n\t\t\t\t\t<\/div>\n\t\t<\/section>\n\t\t\t\t<\/div>\n\t\t","protected":false},"excerpt":{"rendered":"<p>Entdecken Sie die einzigartige Sch\u00f6nheit des Memel-Deltas aus der Vogelperspektive! Die Altstadt, Kan\u00e4le und Buchten werden Sie begeistern \u2013 eine<\/p>\n","protected":false},"author":1,"featured_media":32253,"parent":22980,"menu_order":5,"comment_status":"closed","ping_status":"closed","template":"","meta":{"_acf_changed":false,"_monsterinsights_skip_tracking":false,"_monsterinsights_sitenote_active":false,"_monsterinsights_sitenote_note":"","_monsterinsights_sitenote_category":0,"footnotes":""},"class_list":["post-41437","page","type-page","status-publish","has-post-thumbnail","hentry"],"acf":[],"_links":{"self":[{"href":"https:\/\/siluteinfo.lt\/de\/wp-json\/wp\/v2\/pages\/41437","targetHints":{"allow":["GET"]}}],"collection":[{"href":"https:\/\/siluteinfo.lt\/de\/wp-json\/wp\/v2\/pages"}],"about":[{"href":"https:\/\/siluteinfo.lt\/de\/wp-json\/wp\/v2\/types\/page"}],"author":[{"embeddable":true,"href":"https:\/\/siluteinfo.lt\/de\/wp-json\/wp\/v2\/users\/1"}],"replies":[{"embeddable":true,"href":"https:\/\/siluteinfo.lt\/de\/wp-json\/wp\/v2\/comments?post=41437"}],"version-history":[{"count":0,"href":"https:\/\/siluteinfo.lt\/de\/wp-json\/wp\/v2\/pages\/41437\/revisions"}],"up":[{"embeddable":true,"href":"https:\/\/siluteinfo.lt\/de\/wp-json\/wp\/v2\/pages\/22980"}],"wp:featuredmedia":[{"embeddable":true,"href":"https:\/\/siluteinfo.lt\/de\/wp-json\/wp\/v2\/media\/32253"}],"wp:attachment":[{"href":"https:\/\/siluteinfo.lt\/de\/wp-json\/wp\/v2\/media?parent=41437"}],"curies":[{"name":"wp","href":"https:\/\/api.w.org\/{rel}","templated":true}]}}