{"id":41427,"date":"2023-08-28T10:28:48","date_gmt":"2023-08-28T08:28:48","guid":{"rendered":"https:\/\/siluteinfo.lt\/freizeit\/freizeitaktivitaeten\/heissluftballonfahrt-ueber-silute\/"},"modified":"2025-05-20T07:55:25","modified_gmt":"2025-05-20T05:55:25","slug":"heissluftballonfahrt-ueber-silute","status":"publish","type":"page","link":"https:\/\/siluteinfo.lt\/de\/freizeit\/freizeitaktivitaeten\/heissluftballonfahrt-ueber-silute\/","title":{"rendered":"Hei\u00dfluftballonfahrt \u00fcber \u0160ilut\u0117"},"content":{"rendered":"\t\t<div data-elementor-type=\"wp-page\" data-elementor-id=\"41427\" class=\"elementor elementor-41427 elementor-27429\" data-elementor-post-type=\"page\">\n\t\t\t\t\t\t<section class=\"wd-negative-gap elementor-section elementor-top-section elementor-element elementor-element-4831ad4 elementor-section-boxed elementor-section-height-default elementor-section-height-default\" data-id=\"4831ad4\" data-element_type=\"section\" data-e-type=\"section\">\n\t\t\t\t\t\t<div class=\"elementor-container elementor-column-gap-default\">\n\t\t\t\t\t<div class=\"elementor-column elementor-col-100 elementor-top-column elementor-element elementor-element-d5be190\" data-id=\"d5be190\" data-element_type=\"column\" data-e-type=\"column\">\n\t\t\t<div class=\"elementor-widget-wrap elementor-element-populated\">\n\t\t\t\t\t\t<section class=\"wd-negative-gap elementor-section elementor-inner-section elementor-element elementor-element-6ff04be elementor-section-boxed elementor-section-height-default elementor-section-height-default\" data-id=\"6ff04be\" data-element_type=\"section\" data-e-type=\"section\">\n\t\t\t\t\t\t<div class=\"elementor-container elementor-column-gap-default\">\n\t\t\t\t\t<div class=\"elementor-column elementor-col-50 elementor-inner-column elementor-element elementor-element-122e535\" data-id=\"122e535\" data-element_type=\"column\" data-e-type=\"column\">\n\t\t\t<div class=\"elementor-widget-wrap elementor-element-populated\">\n\t\t\t\t\t\t<div class=\"elementor-element elementor-element-7c9f160 elementor-widget elementor-widget-theme-post-featured-image elementor-widget-image\" data-id=\"7c9f160\" data-element_type=\"widget\" data-e-type=\"widget\" data-widget_type=\"theme-post-featured-image.default\">\n\t\t\t\t<div class=\"elementor-widget-container\">\n\t\t\t\t\t\t\t\t\t\t\t\t\t\t\t<img loading=\"lazy\" decoding=\"async\" width=\"1200\" height=\"900\" src=\"https:\/\/siluteinfo.lt\/wp-content\/themes\/woodmart\/images\/lazy.svg\" data-src=\"https:\/\/siluteinfo.lt\/wp-content\/uploads\/2023\/11\/aktyvios-pramogos-skrydis_oro_balionu_siluteje.jpg\" class=\" wd-lazy-blur attachment-large size-large wp-image-32247\" alt=\"\" srcset=\"\" data-srcset=\"https:\/\/siluteinfo.lt\/wp-content\/uploads\/2023\/11\/aktyvios-pramogos-skrydis_oro_balionu_siluteje.jpg 1200w, https:\/\/siluteinfo.lt\/wp-content\/uploads\/2023\/11\/aktyvios-pramogos-skrydis_oro_balionu_siluteje-400x300.jpg 400w, https:\/\/siluteinfo.lt\/wp-content\/uploads\/2023\/11\/aktyvios-pramogos-skrydis_oro_balionu_siluteje-768x576.jpg 768w\" sizes=\"auto, (max-width: 1200px) 100vw, 1200px\" \/>\t\t\t\t\t\t\t\t\t\t\t\t\t\t\t<\/div>\n\t\t\t\t<\/div>\n\t\t\t\t\t<\/div>\n\t\t<\/div>\n\t\t\t\t<div class=\"elementor-column elementor-col-50 elementor-inner-column elementor-element elementor-element-d423f97\" data-id=\"d423f97\" data-element_type=\"column\" data-e-type=\"column\">\n\t\t\t<div class=\"elementor-widget-wrap elementor-element-populated\">\n\t\t\t\t\t\t<div class=\"elementor-element elementor-element-b139383 color-scheme-inherit text-left elementor-widget elementor-widget-text-editor\" data-id=\"b139383\" data-element_type=\"widget\" data-e-type=\"widget\" data-widget_type=\"text-editor.default\">\n\t\t\t\t<div class=\"elementor-widget-container\">\n\t\t\t\t\t\t\t\t\t<p>Steigen Sie mit uns \u00fcber das Memel-Delta auf! Sie werden nicht nur \u0160ilut\u0117 sehen, sondern auch die beeindruckende Wasserlandschaft \u2013 das Kurische Haff, Krok\u0173 Lankos, die Insel Rusn\u0117 und umliegende D\u00f6rfer.  <\/p><p>Inklusive Leistungen: Einweisung, Ballonfahrt, Taufzeremonie f\u00fcr Erstflieger, Urkunde, ein Glas Sekt und R\u00fccktransport zum Startplatz.<\/p><p>Flugzeiten: Fr\u00fchling, Sommer und Fr\u00fchherbst \u2013 Fl\u00fcge finden fr\u00fch morgens (1\u20132 Stunden nach Sonnenaufgang) und abends (1\u20132 Stunden vor Sonnenuntergang) statt: zwischen 5\u20138 Uhr morgens und 18\u201321 Uhr abends.<br>Flugdauer: ca. 1 Stunde.<br>Der gesamte Ablauf inklusive Vorbereitung, Flug, Landung, Zusammenpacken und R\u00fcckfahrt dauert etwa 3 oder mehr Stunden.     <\/p><p>Start- und Landeort: Der Ballon ist vollst\u00e4ndig vom Wind abh\u00e4ngig und fliegt mit dem Wind. Der Pilot w\u00e4hlt den Startort entsprechend der Windrichtung, um m\u00f6glichst attraktive Landschaften zu \u00fcberfliegen. Besonders beeindruckend: das vom Wasser geformte Delta des Nemunas. Bei g\u00fcnstigen Bedingungen starten wir m\u00f6glichst nahe am Kurischen Haff. Der Landeort wird w\u00e4hrend des Fluges vom Piloten festgelegt.    <\/p><p><em>Kontakt &amp; Buchung: +370 611 13 620, <a href=\"http:\/\/www.silutesorobalionas.lt\/\" target=\"_blank\" rel=\"noreferrer noopener\">www.silutesorobalionas.lt<\/a><\/em><\/p>\t\t\t\t\t\t\t\t<\/div>\n\t\t\t\t<\/div>\n\t\t\t\t\t<\/div>\n\t\t<\/div>\n\t\t\t\t\t<\/div>\n\t\t<\/section>\n\t\t\t\t\t<\/div>\n\t\t<\/div>\n\t\t\t\t\t<\/div>\n\t\t<\/section>\n\t\t\t\t<\/div>\n\t\t","protected":false},"excerpt":{"rendered":"<p>Steigen Sie mit uns \u00fcber das Memel-Delta auf! Sie werden nicht nur \u0160ilut\u0117 sehen, sondern auch die beeindruckende Wasserlandschaft \u2013<\/p>\n","protected":false},"author":2,"featured_media":32247,"parent":22980,"menu_order":4,"comment_status":"closed","ping_status":"closed","template":"","meta":{"_acf_changed":false,"_monsterinsights_skip_tracking":false,"_monsterinsights_sitenote_active":false,"_monsterinsights_sitenote_note":"","_monsterinsights_sitenote_category":0,"footnotes":""},"class_list":["post-41427","page","type-page","status-publish","has-post-thumbnail","hentry"],"acf":[],"_links":{"self":[{"href":"https:\/\/siluteinfo.lt\/de\/wp-json\/wp\/v2\/pages\/41427","targetHints":{"allow":["GET"]}}],"collection":[{"href":"https:\/\/siluteinfo.lt\/de\/wp-json\/wp\/v2\/pages"}],"about":[{"href":"https:\/\/siluteinfo.lt\/de\/wp-json\/wp\/v2\/types\/page"}],"author":[{"embeddable":true,"href":"https:\/\/siluteinfo.lt\/de\/wp-json\/wp\/v2\/users\/2"}],"replies":[{"embeddable":true,"href":"https:\/\/siluteinfo.lt\/de\/wp-json\/wp\/v2\/comments?post=41427"}],"version-history":[{"count":0,"href":"https:\/\/siluteinfo.lt\/de\/wp-json\/wp\/v2\/pages\/41427\/revisions"}],"up":[{"embeddable":true,"href":"https:\/\/siluteinfo.lt\/de\/wp-json\/wp\/v2\/pages\/22980"}],"wp:featuredmedia":[{"embeddable":true,"href":"https:\/\/siluteinfo.lt\/de\/wp-json\/wp\/v2\/media\/32247"}],"wp:attachment":[{"href":"https:\/\/siluteinfo.lt\/de\/wp-json\/wp\/v2\/media?parent=41427"}],"curies":[{"name":"wp","href":"https:\/\/api.w.org\/{rel}","templated":true}]}}