{"id":41417,"date":"2022-06-11T11:23:50","date_gmt":"2022-06-11T09:23:50","guid":{"rendered":"https:\/\/siluteinfo.lt\/freizeit\/freizeitaktivitaeten\/vogelbeobachtung-mit-dem-kanu-und-guide\/"},"modified":"2025-05-20T07:43:13","modified_gmt":"2025-05-20T05:43:13","slug":"vogelbeobachtung-mit-dem-kanu-und-guide","status":"publish","type":"page","link":"https:\/\/siluteinfo.lt\/de\/freizeit\/freizeitaktivitaeten\/vogelbeobachtung-mit-dem-kanu-und-guide\/","title":{"rendered":"Vogelbeobachtung mit dem Kanu und Guide"},"content":{"rendered":"\t\t<div data-elementor-type=\"wp-page\" data-elementor-id=\"41417\" class=\"elementor elementor-41417 elementor-13195\" data-elementor-post-type=\"page\">\n\t\t\t\t\t\t<section class=\"wd-negative-gap elementor-section elementor-top-section elementor-element elementor-element-f63e40b elementor-section-boxed elementor-section-height-default elementor-section-height-default\" data-id=\"f63e40b\" data-element_type=\"section\" data-e-type=\"section\">\n\t\t\t\t\t\t<div class=\"elementor-container elementor-column-gap-default\">\n\t\t\t\t\t<div class=\"elementor-column elementor-col-100 elementor-top-column elementor-element elementor-element-90a79ea\" data-id=\"90a79ea\" data-element_type=\"column\" data-e-type=\"column\">\n\t\t\t<div class=\"elementor-widget-wrap elementor-element-populated\">\n\t\t\t\t\t\t<section class=\"wd-negative-gap elementor-section elementor-inner-section elementor-element elementor-element-8c8d4dd elementor-section-boxed elementor-section-height-default elementor-section-height-default\" data-id=\"8c8d4dd\" data-element_type=\"section\" data-e-type=\"section\">\n\t\t\t\t\t\t<div class=\"elementor-container elementor-column-gap-default\">\n\t\t\t\t\t<div class=\"elementor-column elementor-col-50 elementor-inner-column elementor-element elementor-element-5ba68c8\" data-id=\"5ba68c8\" data-element_type=\"column\" data-e-type=\"column\">\n\t\t\t<div class=\"elementor-widget-wrap elementor-element-populated\">\n\t\t\t\t\t\t<div class=\"elementor-element elementor-element-c6a5fc2 elementor-widget elementor-widget-theme-post-featured-image elementor-widget-image\" data-id=\"c6a5fc2\" data-element_type=\"widget\" data-e-type=\"widget\" data-widget_type=\"theme-post-featured-image.default\">\n\t\t\t\t<div class=\"elementor-widget-container\">\n\t\t\t\t\t\t\t\t\t\t\t\t\t\t\t<img loading=\"lazy\" decoding=\"async\" width=\"1000\" height=\"750\" src=\"https:\/\/siluteinfo.lt\/wp-content\/themes\/woodmart\/images\/lazy.svg\" data-src=\"https:\/\/siluteinfo.lt\/wp-content\/uploads\/2023\/11\/aktyvios-pramogos-pauksciu-stebejimas-kanojomis-su-gidu.jpg\" class=\" wd-lazy-blur attachment-large size-large wp-image-32241\" alt=\"\" srcset=\"\" data-srcset=\"https:\/\/siluteinfo.lt\/wp-content\/uploads\/2023\/11\/aktyvios-pramogos-pauksciu-stebejimas-kanojomis-su-gidu.jpg 1000w, https:\/\/siluteinfo.lt\/wp-content\/uploads\/2023\/11\/aktyvios-pramogos-pauksciu-stebejimas-kanojomis-su-gidu-400x300.jpg 400w, https:\/\/siluteinfo.lt\/wp-content\/uploads\/2023\/11\/aktyvios-pramogos-pauksciu-stebejimas-kanojomis-su-gidu-768x576.jpg 768w\" sizes=\"auto, (max-width: 1000px) 100vw, 1000px\" \/>\t\t\t\t\t\t\t\t\t\t\t\t\t\t\t<\/div>\n\t\t\t\t<\/div>\n\t\t\t\t\t<\/div>\n\t\t<\/div>\n\t\t\t\t<div class=\"elementor-column elementor-col-50 elementor-inner-column elementor-element elementor-element-4d3dc1a\" data-id=\"4d3dc1a\" data-element_type=\"column\" data-e-type=\"column\">\n\t\t\t<div class=\"elementor-widget-wrap elementor-element-populated\">\n\t\t\t\t\t\t<div class=\"elementor-element elementor-element-9e783e2 color-scheme-inherit text-left elementor-widget elementor-widget-text-editor\" data-id=\"9e783e2\" data-element_type=\"widget\" data-e-type=\"widget\" data-widget_type=\"text-editor.default\">\n\t\t\t\t<div class=\"elementor-widget-container\">\n\t\t\t\t\t\t\t\t\t<p>Haben Sie sich jemals gefragt, wie ein Vogelparadies aussieht? Diese Tour bringt Ihnen das Gef\u00fchl von Freiheit und die unber\u00fchrte Sch\u00f6nheit der wilden Natur n\u00e4her. Die seichten Gew\u00e4sser des Kurischen Haffs vereinen sich mit dem Memel- und dem Minija-Fluss \u2013 in diesem Schilfreich finden j\u00e4hrlich Millionen Zugv\u00f6gel Zuflucht. Wir zeigen Ihnen versteckte Orte, die nur mit dem Kanu erreichbar sind. Dort k\u00f6nnen Kanufahrer atemberaubende Momente beobachten \u2013 die Rast der V\u00f6gel. Und das ist noch nicht alles: Ihnen er\u00f6ffnet sich die beeindruckende Landschaft des Memeldeltas.     <\/p><p>Tourdauer: 9 Stunden<\/p><ul><li>Sprachen: Englisch, Litauisch, Russisch<\/li><li>Strecke: 12 km (mit Stopps)<\/li><li>Schwierigkeit: Leicht (f\u00fcr Anf\u00e4nger geeignet)<\/li><\/ul><p>Wir stellen bereit:<\/p><p>Handgefertigtes Zedernholz-Kanu, Holzpaddel, Schwimmweste, wasserdichter Beutel, zwei St\u00fchle und ein Picknickkorb voller Leckereien. Transport und Guide inklusive. <\/p><p>Bitte mitbringen: Sonnencreme, Sonnenbrille, Hut, Badebekleidung, Trinkflasche, Regenjacke und Wechselkleidung. Passende Kleidung ist wichtig \u2013 bei warmem Wetter wie f\u00fcr den Strand kleiden. Sonnenschutz nicht vergessen!   <\/p><p>Gruppengr\u00f6\u00dfe &amp; Bedingungen:<\/p><p>4\u201310 Teilnehmer. Ab 16 Jahren. Schwimmkenntnisse erforderlich.<br>Bitte keine alkoholischen Getr\u00e4nke mitbringen.  <\/p><p>Kontakt und Buchung: +370 662 38 238, <a href=\"&#x6d;a&#x69;&#108;&#x74;&#111;&#x3a;&#x6f;r&#x64;&#101;&#x72;&#115;&#x40;&#119;e&#x74;&#119;&#x65;&#105;&#x6d;&#46;c&#x6f;&#109;\">o&#114;&#x64;&#x65;r&#115;&#64;&#x77;&#x65;t&#119;&#x65;&#x69;m&#46;&#99;&#x6f;&#x6d;,<\/a> <a href=\"http:\/\/www.wetweim.com\/\" target=\"_blank\" rel=\"noopener\">www.wetweim.com<\/a><br><a href=\"http:\/\/www.instagram.com\/wetweim\" target=\"_blank\" rel=\"noopener\">www.instagram.com\/wetweim, <\/a><a href=\"http:\/\/www.facebook.com\/wetweim\" target=\"_blank\" rel=\"noopener\">www.facebook.com\/wetweim<\/a><\/p>\t\t\t\t\t\t\t\t<\/div>\n\t\t\t\t<\/div>\n\t\t\t\t\t<\/div>\n\t\t<\/div>\n\t\t\t\t\t<\/div>\n\t\t<\/section>\n\t\t\t\t\t<\/div>\n\t\t<\/div>\n\t\t\t\t\t<\/div>\n\t\t<\/section>\n\t\t\t\t<\/div>\n\t\t","protected":false},"excerpt":{"rendered":"<p>Haben Sie sich jemals gefragt, wie ein Vogelparadies aussieht? Diese Tour bringt Ihnen das Gef\u00fchl von Freiheit und die unber\u00fchrte<\/p>\n","protected":false},"author":1,"featured_media":32241,"parent":22980,"menu_order":3,"comment_status":"closed","ping_status":"closed","template":"","meta":{"_acf_changed":false,"_monsterinsights_skip_tracking":false,"_monsterinsights_sitenote_active":false,"_monsterinsights_sitenote_note":"","_monsterinsights_sitenote_category":0,"footnotes":""},"class_list":["post-41417","page","type-page","status-publish","has-post-thumbnail","hentry"],"acf":[],"_links":{"self":[{"href":"https:\/\/siluteinfo.lt\/de\/wp-json\/wp\/v2\/pages\/41417","targetHints":{"allow":["GET"]}}],"collection":[{"href":"https:\/\/siluteinfo.lt\/de\/wp-json\/wp\/v2\/pages"}],"about":[{"href":"https:\/\/siluteinfo.lt\/de\/wp-json\/wp\/v2\/types\/page"}],"author":[{"embeddable":true,"href":"https:\/\/siluteinfo.lt\/de\/wp-json\/wp\/v2\/users\/1"}],"replies":[{"embeddable":true,"href":"https:\/\/siluteinfo.lt\/de\/wp-json\/wp\/v2\/comments?post=41417"}],"version-history":[{"count":0,"href":"https:\/\/siluteinfo.lt\/de\/wp-json\/wp\/v2\/pages\/41417\/revisions"}],"up":[{"embeddable":true,"href":"https:\/\/siluteinfo.lt\/de\/wp-json\/wp\/v2\/pages\/22980"}],"wp:featuredmedia":[{"embeddable":true,"href":"https:\/\/siluteinfo.lt\/de\/wp-json\/wp\/v2\/media\/32241"}],"wp:attachment":[{"href":"https:\/\/siluteinfo.lt\/de\/wp-json\/wp\/v2\/media?parent=41417"}],"curies":[{"name":"wp","href":"https:\/\/api.w.org\/{rel}","templated":true}]}}