{"id":41407,"date":"2025-05-15T20:21:03","date_gmt":"2025-05-15T18:21:03","guid":{"rendered":"https:\/\/siluteinfo.lt\/freizeit\/freizeitaktivitaeten\/discgolf-park-silute\/"},"modified":"2025-05-20T07:33:52","modified_gmt":"2025-05-20T05:33:52","slug":"discgolf-park-silute","status":"publish","type":"page","link":"https:\/\/siluteinfo.lt\/de\/freizeit\/freizeitaktivitaeten\/discgolf-park-silute\/","title":{"rendered":"Discgolf-Park \u0160ilut\u0117"},"content":{"rendered":"\t\t<div data-elementor-type=\"wp-page\" data-elementor-id=\"41407\" class=\"elementor elementor-41407 elementor-41348\" data-elementor-post-type=\"page\">\n\t\t\t\t<div class=\"wd-negative-gap elementor-element elementor-element-bb3b7ae e-flex e-con-boxed e-con e-parent\" data-id=\"bb3b7ae\" data-element_type=\"container\" data-e-type=\"container\">\n\t\t\t\t\t<div class=\"e-con-inner\">\n\t\t\t\t<div class=\"elementor-element elementor-element-50dbaae color-scheme-inherit text-left elementor-widget elementor-widget-text-editor\" data-id=\"50dbaae\" data-element_type=\"widget\" data-e-type=\"widget\" data-widget_type=\"text-editor.default\">\n\t\t\t\t<div class=\"elementor-widget-container\">\n\t\t\t\t\t\t\t\t\t<p>Disc-Golf ist endlich auch in \u0160ilut\u0117 angekommen! Komm vorbei, lerne es kennen und probiere es aus! Eine tolle Gelegenheit, Spa\u00df zu haben, sich zu bewegen und neue Eindr\u00fccke zu sammeln!  <\/p>\t\t\t\t\t\t\t\t<\/div>\n\t\t\t\t<\/div>\n\t\t\t\t\t<\/div>\n\t\t\t\t<\/div>\n\t\t<div class=\"wd-negative-gap elementor-element elementor-element-b156c6f e-flex e-con-boxed e-con e-parent\" data-id=\"b156c6f\" data-element_type=\"container\" data-e-type=\"container\">\n\t\t\t\t\t<div class=\"e-con-inner\">\n\t\t\t\t<div class=\"elementor-element elementor-element-d971b27 elementor-widget elementor-widget-image\" data-id=\"d971b27\" data-element_type=\"widget\" data-e-type=\"widget\" data-widget_type=\"image.default\">\n\t\t\t\t<div class=\"elementor-widget-container\">\n\t\t\t\t\t\t\t\t\t\t\t\t\t\t\t<img loading=\"lazy\" decoding=\"async\" width=\"1806\" height=\"1280\" src=\"https:\/\/siluteinfo.lt\/wp-content\/themes\/woodmart\/images\/lazy.svg\" data-src=\"https:\/\/siluteinfo.lt\/wp-content\/uploads\/2025\/05\/laisvalaikis-pramogos-silutes-diskgolfo-parkas-taisykles.jpg\" class=\" wd-lazy-blur attachment-full size-full wp-image-41377\" alt=\"Diskgolfo parko \u0160ilut\u0117je informacinis plakatas\" srcset=\"\" data-srcset=\"https:\/\/siluteinfo.lt\/wp-content\/uploads\/2025\/05\/laisvalaikis-pramogos-silutes-diskgolfo-parkas-taisykles.jpg 1806w, https:\/\/siluteinfo.lt\/wp-content\/uploads\/2025\/05\/laisvalaikis-pramogos-silutes-diskgolfo-parkas-taisykles-400x283.jpg 400w, https:\/\/siluteinfo.lt\/wp-content\/uploads\/2025\/05\/laisvalaikis-pramogos-silutes-diskgolfo-parkas-taisykles-1200x850.jpg 1200w, https:\/\/siluteinfo.lt\/wp-content\/uploads\/2025\/05\/laisvalaikis-pramogos-silutes-diskgolfo-parkas-taisykles-768x544.jpg 768w, https:\/\/siluteinfo.lt\/wp-content\/uploads\/2025\/05\/laisvalaikis-pramogos-silutes-diskgolfo-parkas-taisykles-1536x1089.jpg 1536w\" sizes=\"auto, (max-width: 1806px) 100vw, 1806px\" \/>\t\t\t\t\t\t\t\t\t\t\t\t\t\t\t<\/div>\n\t\t\t\t<\/div>\n\t\t\t\t\t<\/div>\n\t\t\t\t<\/div>\n\t\t\t\t<\/div>\n\t\t","protected":false},"excerpt":{"rendered":"<p>Disc-Golf ist endlich auch in \u0160ilut\u0117 angekommen! Komm vorbei, lerne es kennen und probiere es aus! Eine tolle Gelegenheit, Spa\u00df<\/p>\n","protected":false},"author":2,"featured_media":41351,"parent":22980,"menu_order":1,"comment_status":"closed","ping_status":"closed","template":"","meta":{"_acf_changed":false,"_monsterinsights_skip_tracking":false,"_monsterinsights_sitenote_active":false,"_monsterinsights_sitenote_note":"","_monsterinsights_sitenote_category":0,"footnotes":""},"class_list":["post-41407","page","type-page","status-publish","has-post-thumbnail","hentry"],"acf":[],"_links":{"self":[{"href":"https:\/\/siluteinfo.lt\/de\/wp-json\/wp\/v2\/pages\/41407","targetHints":{"allow":["GET"]}}],"collection":[{"href":"https:\/\/siluteinfo.lt\/de\/wp-json\/wp\/v2\/pages"}],"about":[{"href":"https:\/\/siluteinfo.lt\/de\/wp-json\/wp\/v2\/types\/page"}],"author":[{"embeddable":true,"href":"https:\/\/siluteinfo.lt\/de\/wp-json\/wp\/v2\/users\/2"}],"replies":[{"embeddable":true,"href":"https:\/\/siluteinfo.lt\/de\/wp-json\/wp\/v2\/comments?post=41407"}],"version-history":[{"count":0,"href":"https:\/\/siluteinfo.lt\/de\/wp-json\/wp\/v2\/pages\/41407\/revisions"}],"up":[{"embeddable":true,"href":"https:\/\/siluteinfo.lt\/de\/wp-json\/wp\/v2\/pages\/22980"}],"wp:featuredmedia":[{"embeddable":true,"href":"https:\/\/siluteinfo.lt\/de\/wp-json\/wp\/v2\/media\/41351"}],"wp:attachment":[{"href":"https:\/\/siluteinfo.lt\/de\/wp-json\/wp\/v2\/media?parent=41407"}],"curies":[{"name":"wp","href":"https:\/\/api.w.org\/{rel}","templated":true}]}}