{"id":41222,"date":"2022-06-11T07:46:07","date_gmt":"2022-06-11T05:46:07","guid":{"rendered":"https:\/\/siluteinfo.lt\/transport\/boote\/boot-aras\/"},"modified":"2025-05-15T09:46:54","modified_gmt":"2025-05-15T07:46:54","slug":"boot-aras","status":"publish","type":"page","link":"https:\/\/siluteinfo.lt\/de\/transport\/boote\/boot-aras\/","title":{"rendered":"Boot \u201eAras\u201c"},"content":{"rendered":"\t\t<div data-elementor-type=\"wp-page\" data-elementor-id=\"41222\" class=\"elementor elementor-41222 elementor-12840\" data-elementor-post-type=\"page\">\n\t\t\t\t\t\t<section class=\"wd-negative-gap elementor-section elementor-top-section elementor-element elementor-element-12ad792 elementor-section-boxed elementor-section-height-default elementor-section-height-default\" data-id=\"12ad792\" data-element_type=\"section\" data-e-type=\"section\">\n\t\t\t\t\t\t<div class=\"elementor-container elementor-column-gap-default\">\n\t\t\t\t\t<div class=\"elementor-column elementor-col-100 elementor-top-column elementor-element elementor-element-63cd9c9\" data-id=\"63cd9c9\" data-element_type=\"column\" data-e-type=\"column\">\n\t\t\t<div class=\"elementor-widget-wrap elementor-element-populated\">\n\t\t\t\t\t\t<section class=\"wd-negative-gap elementor-section elementor-inner-section elementor-element elementor-element-04fa7ae elementor-section-boxed elementor-section-height-default elementor-section-height-default\" data-id=\"04fa7ae\" data-element_type=\"section\" data-e-type=\"section\">\n\t\t\t\t\t\t<div class=\"elementor-container elementor-column-gap-default\">\n\t\t\t\t\t<div class=\"elementor-column elementor-col-50 elementor-inner-column elementor-element elementor-element-6ccd7c1\" data-id=\"6ccd7c1\" data-element_type=\"column\" data-e-type=\"column\">\n\t\t\t<div class=\"elementor-widget-wrap elementor-element-populated\">\n\t\t\t\t\t\t<div class=\"elementor-element elementor-element-5f6cec6 elementor-widget elementor-widget-theme-post-featured-image elementor-widget-image\" data-id=\"5f6cec6\" data-element_type=\"widget\" data-e-type=\"widget\" data-widget_type=\"theme-post-featured-image.default\">\n\t\t\t\t<div class=\"elementor-widget-container\">\n\t\t\t\t\t\t\t\t\t\t\t\t\t\t\t<img loading=\"lazy\" decoding=\"async\" width=\"1200\" height=\"900\" src=\"https:\/\/siluteinfo.lt\/wp-content\/themes\/woodmart\/images\/lazy.svg\" data-src=\"https:\/\/siluteinfo.lt\/wp-content\/uploads\/2023\/10\/laivininkai-aras.jpg\" class=\" wd-lazy-blur attachment-large size-large wp-image-30631\" alt=\"\" srcset=\"\" data-srcset=\"https:\/\/siluteinfo.lt\/wp-content\/uploads\/2023\/10\/laivininkai-aras.jpg 1200w, https:\/\/siluteinfo.lt\/wp-content\/uploads\/2023\/10\/laivininkai-aras-400x300.jpg 400w, https:\/\/siluteinfo.lt\/wp-content\/uploads\/2023\/10\/laivininkai-aras-768x576.jpg 768w\" sizes=\"auto, (max-width: 1200px) 100vw, 1200px\" \/>\t\t\t\t\t\t\t\t\t\t\t\t\t\t\t<\/div>\n\t\t\t\t<\/div>\n\t\t\t\t\t<\/div>\n\t\t<\/div>\n\t\t\t\t<div class=\"elementor-column elementor-col-50 elementor-inner-column elementor-element elementor-element-5678ccc\" data-id=\"5678ccc\" data-element_type=\"column\" data-e-type=\"column\">\n\t\t\t<div class=\"elementor-widget-wrap elementor-element-populated\">\n\t\t\t\t\t\t<div class=\"elementor-element elementor-element-7a51a8e color-scheme-inherit text-left elementor-widget elementor-widget-text-editor\" data-id=\"7a51a8e\" data-element_type=\"widget\" data-e-type=\"widget\" data-widget_type=\"text-editor.default\">\n\t\t\t\t<div class=\"elementor-widget-container\">\n\t\t\t\t\t\t\t\t\t<p><strong>Platzanzahl \u2013 12<\/strong><\/p><p>Liegeplatz \u2013 Pakaln\u0117s g. 64, Pakaln\u0117, \u0160ilut\u0117s r. sav.<br>Tel. +370 686 81 919<br>E-Mail <a href=\"m&#97;&#x69;&#x6c;t&#111;&#58;&#x70;&#x61;k&#97;&#108;&#x6e;&#x65;s&#118;&#x69;&#x6e;&#x67;i&#115;&#x40;&#x67;m&#97;&#105;&#x6c;&#x2e;c&#111;&#109;\">&#x70;&#97;&#x6b;&#x61;&#108;&#x6e;&#x65;&#115;&#x76;&#x69;&#110;&#x67;&#x69;s&#x40;&#x67;m&#x61;&#105;l&#x2e;&#99;o&#x6d;<\/a>    <\/p>\t\t\t\t\t\t\t\t<\/div>\n\t\t\t\t<\/div>\n\t\t\t\t\t<\/div>\n\t\t<\/div>\n\t\t\t\t\t<\/div>\n\t\t<\/section>\n\t\t\t\t<section class=\"wd-negative-gap elementor-section elementor-inner-section elementor-element elementor-element-87a0075 elementor-section-boxed elementor-section-height-default elementor-section-height-default\" data-id=\"87a0075\" data-element_type=\"section\" data-e-type=\"section\">\n\t\t\t\t\t\t<div class=\"elementor-container elementor-column-gap-default\">\n\t\t\t\t\t<div class=\"elementor-column elementor-col-100 elementor-inner-column elementor-element elementor-element-f9e6b20\" data-id=\"f9e6b20\" data-element_type=\"column\" data-e-type=\"column\">\n\t\t\t<div class=\"elementor-widget-wrap elementor-element-populated\">\n\t\t\t\t\t\t\t<\/div>\n\t\t<\/div>\n\t\t\t\t\t<\/div>\n\t\t<\/section>\n\t\t\t\t\t<\/div>\n\t\t<\/div>\n\t\t\t\t\t<\/div>\n\t\t<\/section>\n\t\t\t\t<\/div>\n\t\t","protected":false},"excerpt":{"rendered":"<p>Platzanzahl \u2013 12 Liegeplatz \u2013 Pakaln\u0117s g. 64, Pakaln\u0117, \u0160ilut\u0117s r. sav.Tel. +370 686 81 919E-Mail &#112;&#x61;k&#97;&#x6c;n&#101;&#x73;v&#x69;&#x6e;&#103;&#x69;s&#64;&#x67;m&#97;&#x69;l&#x2e;&#x63;&#111;&#x6d;<\/p>\n","protected":false},"author":1,"featured_media":30631,"parent":23032,"menu_order":32,"comment_status":"closed","ping_status":"closed","template":"","meta":{"_acf_changed":false,"_monsterinsights_skip_tracking":false,"_monsterinsights_sitenote_active":false,"_monsterinsights_sitenote_note":"","_monsterinsights_sitenote_category":0,"footnotes":""},"class_list":["post-41222","page","type-page","status-publish","has-post-thumbnail","hentry"],"acf":[],"_links":{"self":[{"href":"https:\/\/siluteinfo.lt\/de\/wp-json\/wp\/v2\/pages\/41222","targetHints":{"allow":["GET"]}}],"collection":[{"href":"https:\/\/siluteinfo.lt\/de\/wp-json\/wp\/v2\/pages"}],"about":[{"href":"https:\/\/siluteinfo.lt\/de\/wp-json\/wp\/v2\/types\/page"}],"author":[{"embeddable":true,"href":"https:\/\/siluteinfo.lt\/de\/wp-json\/wp\/v2\/users\/1"}],"replies":[{"embeddable":true,"href":"https:\/\/siluteinfo.lt\/de\/wp-json\/wp\/v2\/comments?post=41222"}],"version-history":[{"count":0,"href":"https:\/\/siluteinfo.lt\/de\/wp-json\/wp\/v2\/pages\/41222\/revisions"}],"up":[{"embeddable":true,"href":"https:\/\/siluteinfo.lt\/de\/wp-json\/wp\/v2\/pages\/23032"}],"wp:featuredmedia":[{"embeddable":true,"href":"https:\/\/siluteinfo.lt\/de\/wp-json\/wp\/v2\/media\/30631"}],"wp:attachment":[{"href":"https:\/\/siluteinfo.lt\/de\/wp-json\/wp\/v2\/media?parent=41222"}],"curies":[{"name":"wp","href":"https:\/\/api.w.org\/{rel}","templated":true}]}}