{"id":41160,"date":"2023-07-13T15:23:10","date_gmt":"2023-07-13T13:23:10","guid":{"rendered":"https:\/\/siluteinfo.lt\/transport\/boote\/hausboot-relax\/"},"modified":"2025-05-15T09:18:15","modified_gmt":"2025-05-15T07:18:15","slug":"hausboot-relax","status":"publish","type":"page","link":"https:\/\/siluteinfo.lt\/de\/transport\/boote\/hausboot-relax\/","title":{"rendered":"Hausboot \u201eRelax\u201c"},"content":{"rendered":"\t\t<div data-elementor-type=\"wp-page\" data-elementor-id=\"41160\" class=\"elementor elementor-41160 elementor-27100\" data-elementor-post-type=\"page\">\n\t\t\t\t\t\t<section class=\"wd-negative-gap elementor-section elementor-top-section elementor-element elementor-element-f05966e elementor-section-boxed elementor-section-height-default elementor-section-height-default\" data-id=\"f05966e\" data-element_type=\"section\" data-e-type=\"section\">\n\t\t\t\t\t\t<div class=\"elementor-container elementor-column-gap-default\">\n\t\t\t\t\t<div class=\"elementor-column elementor-col-100 elementor-top-column elementor-element elementor-element-3d08d4b\" data-id=\"3d08d4b\" data-element_type=\"column\" data-e-type=\"column\">\n\t\t\t<div class=\"elementor-widget-wrap elementor-element-populated\">\n\t\t\t\t\t\t<section class=\"wd-negative-gap elementor-section elementor-inner-section elementor-element elementor-element-54c9953 elementor-section-boxed elementor-section-height-default elementor-section-height-default\" data-id=\"54c9953\" data-element_type=\"section\" data-e-type=\"section\">\n\t\t\t\t\t\t<div class=\"elementor-container elementor-column-gap-default\">\n\t\t\t\t\t<div class=\"elementor-column elementor-col-50 elementor-inner-column elementor-element elementor-element-361658b\" data-id=\"361658b\" data-element_type=\"column\" data-e-type=\"column\">\n\t\t\t<div class=\"elementor-widget-wrap elementor-element-populated\">\n\t\t\t\t\t\t<div class=\"elementor-element elementor-element-40a2604 elementor-widget elementor-widget-theme-post-featured-image elementor-widget-image\" data-id=\"40a2604\" data-element_type=\"widget\" data-e-type=\"widget\" data-widget_type=\"theme-post-featured-image.default\">\n\t\t\t\t<div class=\"elementor-widget-container\">\n\t\t\t\t\t\t\t\t\t\t\t\t\t\t\t<img loading=\"lazy\" decoding=\"async\" width=\"1200\" height=\"800\" src=\"https:\/\/siluteinfo.lt\/wp-content\/themes\/woodmart\/images\/lazy.svg\" data-src=\"https:\/\/siluteinfo.lt\/wp-content\/uploads\/2024\/02\/laivininkai-relax.jpg\" class=\" wd-lazy-blur attachment-large size-large wp-image-35308\" alt=\"\" srcset=\"\" data-srcset=\"https:\/\/siluteinfo.lt\/wp-content\/uploads\/2024\/02\/laivininkai-relax.jpg 1200w, https:\/\/siluteinfo.lt\/wp-content\/uploads\/2024\/02\/laivininkai-relax-400x267.jpg 400w, https:\/\/siluteinfo.lt\/wp-content\/uploads\/2024\/02\/laivininkai-relax-768x512.jpg 768w\" sizes=\"auto, (max-width: 1200px) 100vw, 1200px\" \/>\t\t\t\t\t\t\t\t\t\t\t\t\t\t\t<\/div>\n\t\t\t\t<\/div>\n\t\t\t\t\t<\/div>\n\t\t<\/div>\n\t\t\t\t<div class=\"elementor-column elementor-col-50 elementor-inner-column elementor-element elementor-element-3330128\" data-id=\"3330128\" data-element_type=\"column\" data-e-type=\"column\">\n\t\t\t<div class=\"elementor-widget-wrap elementor-element-populated\">\n\t\t\t\t\t\t<div class=\"elementor-element elementor-element-64ccea24 color-scheme-inherit text-left elementor-widget elementor-widget-text-editor\" data-id=\"64ccea24\" data-element_type=\"widget\" data-e-type=\"widget\" data-widget_type=\"text-editor.default\">\n\t\t\t\t<div class=\"elementor-widget-container\">\n\t\t\t\t\t\t\t\t\t\n<p><strong>Platzanzahl \u2013 11, komfortable Schlafpl\u00e4tze f\u00fcr 6\u20138 G\u00e4ste<\/strong><\/p>\n\n\n\n<p>Liegeplatz \u2013 Binnenhafen Uostadvaris, Uostadvario g. 47, Uostadvaris, \u0160ilut\u0117s r. sav.<br>Tel. +370 646 94 794<br>E-Mail    &nbsp;<a href=\"&#x6d;&#x61;&#x69;&#x6c;&#116;&#111;&#58;la&#x62;&#x61;&#x73;&#x40;&#x75;&#111;&#115;&#116;ad&#x76;&#x61;&#x72;&#x69;&#x73;&#46;&#108;&#116;\">&#108;a&#x62;a&#x73;&#64;&#x75;o&#x73;&#116;&#x61;&#100;&#x76;&#97;&#x72;&#105;s&#46;l&#x74;<\/a><br><a href=\"https:\/\/uostadvaris.lt\/\" target=\"_blank\" rel=\"noreferrer noopener\">www.uostadvaris.lt<\/a><\/p>\n\n\n\n<ul>\n<li>Ein zweist\u00f6ckiges, ger\u00e4umiges, modernes und komfortables Hausboot f\u00fcr entspannte Fahrten im Memeldelta.&nbsp;Genie\u00dfen Sie die Fahrt und verbringen Sie anschlie\u00dfend eine gem\u00fctliche Nacht auf dem Wasser mit Familie oder Freunden.<\/li>\n\n\n\n<li>Wir fahren auf individuell abgestimmten Routen \u2013 im Memeldelta, Krok\u0173 Lankos, auf dem Minija-Fluss, in der Kniaupas-Bucht, im Kurischen Haff und auf anderen malerischen Fl\u00fcssen und B\u00e4chen Kleinlitauens. Wir besuchen das Kap Vent\u0117, das Dorf Ming\u0117, den Hafen von Uostadvaris, die Pumpstation Tulkiarag\u0117, die Stadt Rusn\u0117, Dreverna, Svencel\u0117, Juodkrant\u0117, Nida und mehr.<\/li>\n\n\n\n<li>An Bord finden Sie:<br>Unber\u00fchrte Natur | Wundersch\u00f6ne Landschaften des Memeldeltas | Grill | Gasherd | Kaffeemaschine | Wasserkocher | Komplettes K\u00fcchenzubeh\u00f6r | WLAN | Fernseher | Dusche | WC | Terrasse im Oberdeck mit Gartenm\u00f6beln | Bequemer Zugang zum Schwimmen | Audiosystem und viele weitere Annehmlichkeiten.<\/li>\n<\/ul>\n\t\t\t\t\t\t\t\t<\/div>\n\t\t\t\t<\/div>\n\t\t\t\t\t<\/div>\n\t\t<\/div>\n\t\t\t\t\t<\/div>\n\t\t<\/section>\n\t\t\t\t<section class=\"wd-negative-gap elementor-section elementor-inner-section elementor-element elementor-element-2816f89 elementor-section-boxed elementor-section-height-default elementor-section-height-default\" data-id=\"2816f89\" data-element_type=\"section\" data-e-type=\"section\">\n\t\t\t\t\t\t<div class=\"elementor-container elementor-column-gap-default\">\n\t\t\t\t\t<div class=\"elementor-column elementor-col-100 elementor-inner-column elementor-element elementor-element-4946106\" data-id=\"4946106\" data-element_type=\"column\" data-e-type=\"column\">\n\t\t\t<div class=\"elementor-widget-wrap elementor-element-populated\">\n\t\t\t\t\t\t\t<\/div>\n\t\t<\/div>\n\t\t\t\t\t<\/div>\n\t\t<\/section>\n\t\t\t\t\t<\/div>\n\t\t<\/div>\n\t\t\t\t\t<\/div>\n\t\t<\/section>\n\t\t\t\t<\/div>\n\t\t","protected":false},"excerpt":{"rendered":"<p>Platzanzahl \u2013 11, komfortable Schlafpl\u00e4tze f\u00fcr 6\u20138 G\u00e4ste Liegeplatz \u2013 Binnenhafen Uostadvaris, Uostadvario g. 47, Uostadvaris, \u0160ilut\u0117s r. sav.Tel. +370<\/p>\n","protected":false},"author":6,"featured_media":35308,"parent":23032,"menu_order":26,"comment_status":"closed","ping_status":"closed","template":"","meta":{"_acf_changed":false,"_monsterinsights_skip_tracking":false,"_monsterinsights_sitenote_active":false,"_monsterinsights_sitenote_note":"","_monsterinsights_sitenote_category":0,"footnotes":""},"class_list":["post-41160","page","type-page","status-publish","has-post-thumbnail","hentry"],"acf":[],"_links":{"self":[{"href":"https:\/\/siluteinfo.lt\/de\/wp-json\/wp\/v2\/pages\/41160","targetHints":{"allow":["GET"]}}],"collection":[{"href":"https:\/\/siluteinfo.lt\/de\/wp-json\/wp\/v2\/pages"}],"about":[{"href":"https:\/\/siluteinfo.lt\/de\/wp-json\/wp\/v2\/types\/page"}],"author":[{"embeddable":true,"href":"https:\/\/siluteinfo.lt\/de\/wp-json\/wp\/v2\/users\/6"}],"replies":[{"embeddable":true,"href":"https:\/\/siluteinfo.lt\/de\/wp-json\/wp\/v2\/comments?post=41160"}],"version-history":[{"count":0,"href":"https:\/\/siluteinfo.lt\/de\/wp-json\/wp\/v2\/pages\/41160\/revisions"}],"up":[{"embeddable":true,"href":"https:\/\/siluteinfo.lt\/de\/wp-json\/wp\/v2\/pages\/23032"}],"wp:featuredmedia":[{"embeddable":true,"href":"https:\/\/siluteinfo.lt\/de\/wp-json\/wp\/v2\/media\/35308"}],"wp:attachment":[{"href":"https:\/\/siluteinfo.lt\/de\/wp-json\/wp\/v2\/media?parent=41160"}],"curies":[{"name":"wp","href":"https:\/\/api.w.org\/{rel}","templated":true}]}}