{"id":41135,"date":"2023-06-13T15:27:32","date_gmt":"2023-06-13T13:27:32","guid":{"rendered":"https:\/\/siluteinfo.lt\/transport\/boote\/boot-eduka\/"},"modified":"2025-05-15T08:49:58","modified_gmt":"2025-05-15T06:49:58","slug":"boot-eduka","status":"publish","type":"page","link":"https:\/\/siluteinfo.lt\/de\/transport\/boote\/boot-eduka\/","title":{"rendered":"Boot \u201eEduka\u201c"},"content":{"rendered":"\t\t<div data-elementor-type=\"wp-page\" data-elementor-id=\"41135\" class=\"elementor elementor-41135 elementor-25817\" data-elementor-post-type=\"page\">\n\t\t\t\t\t\t<section class=\"wd-negative-gap elementor-section elementor-top-section elementor-element elementor-element-7738a14 elementor-section-boxed elementor-section-height-default elementor-section-height-default\" data-id=\"7738a14\" data-element_type=\"section\" data-e-type=\"section\">\n\t\t\t\t\t\t<div class=\"elementor-container elementor-column-gap-default\">\n\t\t\t\t\t<div class=\"elementor-column elementor-col-100 elementor-top-column elementor-element elementor-element-71a640d\" data-id=\"71a640d\" data-element_type=\"column\" data-e-type=\"column\">\n\t\t\t<div class=\"elementor-widget-wrap elementor-element-populated\">\n\t\t\t\t\t\t<section class=\"wd-negative-gap elementor-section elementor-inner-section elementor-element elementor-element-89397f1 elementor-section-boxed elementor-section-height-default elementor-section-height-default\" data-id=\"89397f1\" data-element_type=\"section\" data-e-type=\"section\">\n\t\t\t\t\t\t<div class=\"elementor-container elementor-column-gap-default\">\n\t\t\t\t\t<div class=\"elementor-column elementor-col-50 elementor-inner-column elementor-element elementor-element-50775d5\" data-id=\"50775d5\" data-element_type=\"column\" data-e-type=\"column\">\n\t\t\t<div class=\"elementor-widget-wrap elementor-element-populated\">\n\t\t\t\t\t\t<div class=\"elementor-element elementor-element-5387591 elementor-widget elementor-widget-theme-post-featured-image elementor-widget-image\" data-id=\"5387591\" data-element_type=\"widget\" data-e-type=\"widget\" data-widget_type=\"theme-post-featured-image.default\">\n\t\t\t\t<div class=\"elementor-widget-container\">\n\t\t\t\t\t\t\t\t\t\t\t\t\t\t\t<img loading=\"lazy\" decoding=\"async\" width=\"1200\" height=\"800\" src=\"https:\/\/siluteinfo.lt\/wp-content\/themes\/woodmart\/images\/lazy.svg\" data-src=\"https:\/\/siluteinfo.lt\/wp-content\/uploads\/2024\/02\/laivininkai-eduka.jpg\" class=\" wd-lazy-blur attachment-large size-large wp-image-35314\" alt=\"\" srcset=\"\" data-srcset=\"https:\/\/siluteinfo.lt\/wp-content\/uploads\/2024\/02\/laivininkai-eduka.jpg 1200w, https:\/\/siluteinfo.lt\/wp-content\/uploads\/2024\/02\/laivininkai-eduka-400x267.jpg 400w, https:\/\/siluteinfo.lt\/wp-content\/uploads\/2024\/02\/laivininkai-eduka-768x512.jpg 768w\" sizes=\"auto, (max-width: 1200px) 100vw, 1200px\" \/>\t\t\t\t\t\t\t\t\t\t\t\t\t\t\t<\/div>\n\t\t\t\t<\/div>\n\t\t\t\t\t<\/div>\n\t\t<\/div>\n\t\t\t\t<div class=\"elementor-column elementor-col-50 elementor-inner-column elementor-element elementor-element-d8ed8db\" data-id=\"d8ed8db\" data-element_type=\"column\" data-e-type=\"column\">\n\t\t\t<div class=\"elementor-widget-wrap elementor-element-populated\">\n\t\t\t\t\t\t<div class=\"elementor-element elementor-element-206b375 color-scheme-inherit text-left elementor-widget elementor-widget-text-editor\" data-id=\"206b375\" data-element_type=\"widget\" data-e-type=\"widget\" data-widget_type=\"text-editor.default\">\n\t\t\t\t<div class=\"elementor-widget-container\">\n\t\t\t\t\t\t\t\t\t<p><strong>Platzanzahl \u2013 12<\/strong><\/p>\n<p>Liegeplatz \u2013 Binnenhafen Uostadvaris, Uostadvario g. 47, Uostadvaris, \u0160ilut\u0117s r. sav.<br>Tel. +370 646 94 794<br>E-Mail <a href=\"&#109;&#x61;&#105;&#x6c;t&#x6f;:&#108;&#x61;&#98;&#x61;s&#x40;u&#111;&#x73;&#116;&#x61;d&#x76;a&#114;&#x69;&#115;&#x2e;l&#x74;\">&#108;&#x61;&#x62;a&#115;&#x40;&#x75;o&#115;&#x74;a&#100;&#x76;&#x61;r&#105;&#x73;&#46;&#108;&#x74;<\/a>    <br><a href=\"https:\/\/uostadvaris.lt\" data-type=\"URL\" data-id=\"www.uostadvaris.lt\" target=\"_blank\" rel=\"noopener\">www.uostadvaris.lt<\/a><\/p>\n<ul>\n<li>Ein zweist\u00f6ckiges, ger\u00e4umiges, modernes und komfortables Boot f\u00fcr Ihre angenehmen Ausfl\u00fcge im Memeldelta.&nbsp;<\/li><li>Das Boot ist f\u00fcr Bildungsfahrten und gef\u00fchrte Touren ausgestattet.&nbsp;<\/li>\n<li>Wir fahren auf individuell abgestimmten Routen \u2013 im Memeldelta, Krok\u0173 Lankos, auf dem Minija-Fluss, in der Kniaupas-Bucht, im Kurischen Haff und auf anderen malerischen Fl\u00fcssen und B\u00e4chen Kleinlitauens.&nbsp;<\/li><li>Wir besuchen das Kap Vent\u0117, das Dorf Ming\u0117, den Hafen von Uostadvaris, die Wasserpumpstation Tulkiarag\u0117, die Stadt Rusn\u0117, Dreverna, Svencel\u0117 oder sogar Nida.&nbsp;<\/li>\n<\/ul>\t\t\t\t\t\t\t\t<\/div>\n\t\t\t\t<\/div>\n\t\t\t\t\t<\/div>\n\t\t<\/div>\n\t\t\t\t\t<\/div>\n\t\t<\/section>\n\t\t\t\t<section class=\"wd-negative-gap elementor-section elementor-inner-section elementor-element elementor-element-845f64f elementor-section-boxed elementor-section-height-default elementor-section-height-default\" data-id=\"845f64f\" data-element_type=\"section\" data-e-type=\"section\">\n\t\t\t\t\t\t<div class=\"elementor-container elementor-column-gap-default\">\n\t\t\t\t\t<div class=\"elementor-column elementor-col-100 elementor-inner-column elementor-element elementor-element-a70a4c0\" data-id=\"a70a4c0\" data-element_type=\"column\" data-e-type=\"column\">\n\t\t\t<div class=\"elementor-widget-wrap elementor-element-populated\">\n\t\t\t\t\t\t\t<\/div>\n\t\t<\/div>\n\t\t\t\t\t<\/div>\n\t\t<\/section>\n\t\t\t\t\t<\/div>\n\t\t<\/div>\n\t\t\t\t\t<\/div>\n\t\t<\/section>\n\t\t\t\t<\/div>\n\t\t","protected":false},"excerpt":{"rendered":"<p>Platzanzahl \u2013 12 Liegeplatz \u2013 Binnenhafen Uostadvaris, Uostadvario g. 47, Uostadvaris, \u0160ilut\u0117s r. sav.Tel. +370 646 94 794E-Mail labas&#64;uo&#115;&#116;&#97;&#100;&#118;&#97;&#114;&#105;&#115;&#46;&#x6c;&#x74; www.uostadvaris.lt<\/p>\n","protected":false},"author":6,"featured_media":35314,"parent":23032,"menu_order":25,"comment_status":"closed","ping_status":"closed","template":"","meta":{"_acf_changed":false,"_monsterinsights_skip_tracking":false,"_monsterinsights_sitenote_active":false,"_monsterinsights_sitenote_note":"","_monsterinsights_sitenote_category":0,"footnotes":""},"class_list":["post-41135","page","type-page","status-publish","has-post-thumbnail","hentry"],"acf":[],"_links":{"self":[{"href":"https:\/\/siluteinfo.lt\/de\/wp-json\/wp\/v2\/pages\/41135","targetHints":{"allow":["GET"]}}],"collection":[{"href":"https:\/\/siluteinfo.lt\/de\/wp-json\/wp\/v2\/pages"}],"about":[{"href":"https:\/\/siluteinfo.lt\/de\/wp-json\/wp\/v2\/types\/page"}],"author":[{"embeddable":true,"href":"https:\/\/siluteinfo.lt\/de\/wp-json\/wp\/v2\/users\/6"}],"replies":[{"embeddable":true,"href":"https:\/\/siluteinfo.lt\/de\/wp-json\/wp\/v2\/comments?post=41135"}],"version-history":[{"count":0,"href":"https:\/\/siluteinfo.lt\/de\/wp-json\/wp\/v2\/pages\/41135\/revisions"}],"up":[{"embeddable":true,"href":"https:\/\/siluteinfo.lt\/de\/wp-json\/wp\/v2\/pages\/23032"}],"wp:featuredmedia":[{"embeddable":true,"href":"https:\/\/siluteinfo.lt\/de\/wp-json\/wp\/v2\/media\/35314"}],"wp:attachment":[{"href":"https:\/\/siluteinfo.lt\/de\/wp-json\/wp\/v2\/media?parent=41135"}],"curies":[{"name":"wp","href":"https:\/\/api.w.org\/{rel}","templated":true}]}}