{"id":40694,"date":"2023-05-30T08:06:02","date_gmt":"2023-05-30T06:06:02","guid":{"rendered":"https:\/\/siluteinfo.lt\/transport\/boote\/boot-minge\/"},"modified":"2025-05-13T15:56:09","modified_gmt":"2025-05-13T13:56:09","slug":"boot-minge","status":"publish","type":"page","link":"https:\/\/siluteinfo.lt\/de\/transport\/boote\/boot-minge\/","title":{"rendered":"Boot \u201eMing\u0117\u201c"},"content":{"rendered":"\t\t<div data-elementor-type=\"wp-page\" data-elementor-id=\"40694\" class=\"elementor elementor-40694 elementor-24534\" data-elementor-post-type=\"page\">\n\t\t\t\t\t\t<section class=\"wd-negative-gap elementor-section elementor-top-section elementor-element elementor-element-6febdef elementor-section-boxed elementor-section-height-default elementor-section-height-default\" data-id=\"6febdef\" data-element_type=\"section\" data-e-type=\"section\">\n\t\t\t\t\t\t<div class=\"elementor-container elementor-column-gap-default\">\n\t\t\t\t\t<div class=\"elementor-column elementor-col-100 elementor-top-column elementor-element elementor-element-2dfbef0\" data-id=\"2dfbef0\" data-element_type=\"column\" data-e-type=\"column\">\n\t\t\t<div class=\"elementor-widget-wrap elementor-element-populated\">\n\t\t\t\t\t\t<section class=\"wd-negative-gap elementor-section elementor-inner-section elementor-element elementor-element-bdcb8bf elementor-section-boxed elementor-section-height-default elementor-section-height-default\" data-id=\"bdcb8bf\" data-element_type=\"section\" data-e-type=\"section\">\n\t\t\t\t\t\t<div class=\"elementor-container elementor-column-gap-default\">\n\t\t\t\t\t<div class=\"elementor-column elementor-col-50 elementor-inner-column elementor-element elementor-element-330f994\" data-id=\"330f994\" data-element_type=\"column\" data-e-type=\"column\">\n\t\t\t<div class=\"elementor-widget-wrap elementor-element-populated\">\n\t\t\t\t\t\t<div class=\"elementor-element elementor-element-56c47db elementor-widget elementor-widget-theme-post-featured-image elementor-widget-image\" data-id=\"56c47db\" data-element_type=\"widget\" data-e-type=\"widget\" data-widget_type=\"theme-post-featured-image.default\">\n\t\t\t\t<div class=\"elementor-widget-container\">\n\t\t\t\t\t\t\t\t\t\t\t\t\t\t\t<img loading=\"lazy\" decoding=\"async\" width=\"1200\" height=\"900\" src=\"https:\/\/siluteinfo.lt\/wp-content\/themes\/woodmart\/images\/lazy.svg\" data-src=\"https:\/\/siluteinfo.lt\/wp-content\/uploads\/2023\/10\/laivininkai-minge.jpg\" class=\" wd-lazy-blur attachment-large size-large wp-image-30499\" alt=\"\" srcset=\"\" data-srcset=\"https:\/\/siluteinfo.lt\/wp-content\/uploads\/2023\/10\/laivininkai-minge.jpg 1200w, https:\/\/siluteinfo.lt\/wp-content\/uploads\/2023\/10\/laivininkai-minge-400x300.jpg 400w, https:\/\/siluteinfo.lt\/wp-content\/uploads\/2023\/10\/laivininkai-minge-768x576.jpg 768w\" sizes=\"auto, (max-width: 1200px) 100vw, 1200px\" \/>\t\t\t\t\t\t\t\t\t\t\t\t\t\t\t<\/div>\n\t\t\t\t<\/div>\n\t\t\t\t\t<\/div>\n\t\t<\/div>\n\t\t\t\t<div class=\"elementor-column elementor-col-50 elementor-inner-column elementor-element elementor-element-8decc5d\" data-id=\"8decc5d\" data-element_type=\"column\" data-e-type=\"column\">\n\t\t\t<div class=\"elementor-widget-wrap elementor-element-populated\">\n\t\t\t\t\t\t<div class=\"elementor-element elementor-element-5ed3430 color-scheme-inherit text-left elementor-widget elementor-widget-text-editor\" data-id=\"5ed3430\" data-element_type=\"widget\" data-e-type=\"widget\" data-widget_type=\"text-editor.default\">\n\t\t\t\t<div class=\"elementor-widget-container\">\n\t\t\t\t\t\t\t\t\t<p><strong>Platzanzahl \u2013 11<\/strong><\/p>\n<p>Liegeplatz \u2013 Upai\u010dio g. 34, Minija, \u0160ilut\u0117s r. sav.<br>Tel. +370 614 25 630<br>E-Mail    &nbsp;<a href=\"&#109;&#x61;&#105;&#x6c;&#116;&#x6f;:&#x69;n&#x66;o&#64;&#x6d;&#105;&#x6e;&#105;&#x6a;&#111;&#x73;k&#x61;i&#x6d;a&#115;&#x2e;&#108;&#x74;\">&#105;&#x6e;&#102;&#x6f;&#64;&#x6d;i&#110;&#x69;&#106;&#x6f;&#115;&#x6b;a&#x69;m&#97;&#x73;&#46;&#x6c;t<\/a><br><a href=\"https:\/\/www.minijoskaimas.lt\" target=\"_blank\" rel=\"noreferrer noopener\">www.minijoskaimas.lt<\/a><\/p>\t\t\t\t\t\t\t\t<\/div>\n\t\t\t\t<\/div>\n\t\t\t\t\t<\/div>\n\t\t<\/div>\n\t\t\t\t\t<\/div>\n\t\t<\/section>\n\t\t\t\t<section class=\"wd-negative-gap elementor-section elementor-inner-section elementor-element elementor-element-b05216c elementor-section-boxed elementor-section-height-default elementor-section-height-default\" data-id=\"b05216c\" data-element_type=\"section\" data-e-type=\"section\">\n\t\t\t\t\t\t<div class=\"elementor-container elementor-column-gap-default\">\n\t\t\t\t\t<div class=\"elementor-column elementor-col-100 elementor-inner-column elementor-element elementor-element-43dde75\" data-id=\"43dde75\" data-element_type=\"column\" data-e-type=\"column\">\n\t\t\t<div class=\"elementor-widget-wrap elementor-element-populated\">\n\t\t\t\t\t\t\t<\/div>\n\t\t<\/div>\n\t\t\t\t\t<\/div>\n\t\t<\/section>\n\t\t\t\t\t<\/div>\n\t\t<\/div>\n\t\t\t\t\t<\/div>\n\t\t<\/section>\n\t\t\t\t<\/div>\n\t\t","protected":false},"excerpt":{"rendered":"<p>Platzanzahl \u2013 11 Liegeplatz \u2013 Upai\u010dio g. 34, Minija, \u0160ilut\u0117s r. sav.Tel. +370 614 25 630E-Mail &nbsp;&#x69;&#x6e;&#x66;&#x6f;&#x40;&#x6d;&#x69;&#x6e;&#105;&#106;&#111;&#115;&#107;&#97;&#105;mas&#46;&#x6c;&#x74;www.minijoskaimas.lt<\/p>\n","protected":false},"author":6,"featured_media":30499,"parent":23032,"menu_order":14,"comment_status":"closed","ping_status":"closed","template":"","meta":{"_acf_changed":false,"_monsterinsights_skip_tracking":false,"_monsterinsights_sitenote_active":false,"_monsterinsights_sitenote_note":"","_monsterinsights_sitenote_category":0,"footnotes":""},"class_list":["post-40694","page","type-page","status-publish","has-post-thumbnail","hentry"],"acf":[],"_links":{"self":[{"href":"https:\/\/siluteinfo.lt\/de\/wp-json\/wp\/v2\/pages\/40694","targetHints":{"allow":["GET"]}}],"collection":[{"href":"https:\/\/siluteinfo.lt\/de\/wp-json\/wp\/v2\/pages"}],"about":[{"href":"https:\/\/siluteinfo.lt\/de\/wp-json\/wp\/v2\/types\/page"}],"author":[{"embeddable":true,"href":"https:\/\/siluteinfo.lt\/de\/wp-json\/wp\/v2\/users\/6"}],"replies":[{"embeddable":true,"href":"https:\/\/siluteinfo.lt\/de\/wp-json\/wp\/v2\/comments?post=40694"}],"version-history":[{"count":0,"href":"https:\/\/siluteinfo.lt\/de\/wp-json\/wp\/v2\/pages\/40694\/revisions"}],"up":[{"embeddable":true,"href":"https:\/\/siluteinfo.lt\/de\/wp-json\/wp\/v2\/pages\/23032"}],"wp:featuredmedia":[{"embeddable":true,"href":"https:\/\/siluteinfo.lt\/de\/wp-json\/wp\/v2\/media\/30499"}],"wp:attachment":[{"href":"https:\/\/siluteinfo.lt\/de\/wp-json\/wp\/v2\/media?parent=40694"}],"curies":[{"name":"wp","href":"https:\/\/api.w.org\/{rel}","templated":true}]}}