{"id":40684,"date":"2022-06-11T07:41:54","date_gmt":"2022-06-11T05:41:54","guid":{"rendered":"https:\/\/siluteinfo.lt\/transport\/boote\/boot-admirolas\/"},"modified":"2025-05-13T15:55:32","modified_gmt":"2025-05-13T13:55:32","slug":"boot-admirolas","status":"publish","type":"page","link":"https:\/\/siluteinfo.lt\/de\/transport\/boote\/boot-admirolas\/","title":{"rendered":"Boot \u201eAdmirolas\u201c"},"content":{"rendered":"\t\t<div data-elementor-type=\"wp-page\" data-elementor-id=\"40684\" class=\"elementor elementor-40684 elementor-12816\" data-elementor-post-type=\"page\">\n\t\t\t\t\t\t<section class=\"wd-negative-gap elementor-section elementor-top-section elementor-element elementor-element-edee1eb elementor-section-boxed elementor-section-height-default elementor-section-height-default\" data-id=\"edee1eb\" data-element_type=\"section\" data-e-type=\"section\">\n\t\t\t\t\t\t<div class=\"elementor-container elementor-column-gap-default\">\n\t\t\t\t\t<div class=\"elementor-column elementor-col-100 elementor-top-column elementor-element elementor-element-1927a7d\" data-id=\"1927a7d\" data-element_type=\"column\" data-e-type=\"column\">\n\t\t\t<div class=\"elementor-widget-wrap elementor-element-populated\">\n\t\t\t\t\t\t<section class=\"wd-negative-gap elementor-section elementor-inner-section elementor-element elementor-element-cb437e7 elementor-section-boxed elementor-section-height-default elementor-section-height-default\" data-id=\"cb437e7\" data-element_type=\"section\" data-e-type=\"section\">\n\t\t\t\t\t\t<div class=\"elementor-container elementor-column-gap-default\">\n\t\t\t\t\t<div class=\"elementor-column elementor-col-50 elementor-inner-column elementor-element elementor-element-cb545e3\" data-id=\"cb545e3\" data-element_type=\"column\" data-e-type=\"column\">\n\t\t\t<div class=\"elementor-widget-wrap elementor-element-populated\">\n\t\t\t\t\t\t<div class=\"elementor-element elementor-element-ad15e55 elementor-widget elementor-widget-theme-post-featured-image elementor-widget-image\" data-id=\"ad15e55\" data-element_type=\"widget\" data-e-type=\"widget\" data-widget_type=\"theme-post-featured-image.default\">\n\t\t\t\t<div class=\"elementor-widget-container\">\n\t\t\t\t\t\t\t\t\t\t\t\t\t\t\t<img loading=\"lazy\" decoding=\"async\" width=\"600\" height=\"450\" src=\"https:\/\/siluteinfo.lt\/wp-content\/themes\/woodmart\/images\/lazy.svg\" data-src=\"https:\/\/siluteinfo.lt\/wp-content\/uploads\/2023\/10\/laivininkai-admirolas.jpg\" class=\" wd-lazy-blur attachment-large size-large wp-image-30492\" alt=\"\" srcset=\"\" data-srcset=\"https:\/\/siluteinfo.lt\/wp-content\/uploads\/2023\/10\/laivininkai-admirolas.jpg 600w, https:\/\/siluteinfo.lt\/wp-content\/uploads\/2023\/10\/laivininkai-admirolas-400x300.jpg 400w\" sizes=\"auto, (max-width: 600px) 100vw, 600px\" \/>\t\t\t\t\t\t\t\t\t\t\t\t\t\t\t<\/div>\n\t\t\t\t<\/div>\n\t\t\t\t\t<\/div>\n\t\t<\/div>\n\t\t\t\t<div class=\"elementor-column elementor-col-50 elementor-inner-column elementor-element elementor-element-a66cc78\" data-id=\"a66cc78\" data-element_type=\"column\" data-e-type=\"column\">\n\t\t\t<div class=\"elementor-widget-wrap elementor-element-populated\">\n\t\t\t\t\t\t<div class=\"elementor-element elementor-element-58e2e6a color-scheme-inherit text-left elementor-widget elementor-widget-text-editor\" data-id=\"58e2e6a\" data-element_type=\"widget\" data-e-type=\"widget\" data-widget_type=\"text-editor.default\">\n\t\t\t\t<div class=\"elementor-widget-container\">\n\t\t\t\t\t\t\t\t\t<p><strong>Platzanzahl \u2013 20<\/strong><\/p><p>Liegeplatz \u2013 Upai\u010dio g. 34, Minija, \u0160ilut\u0117s r. sav.<br>Tel. +370 678 50 434<br>E-Mail: <a href=\"&#x6d;&#x61;&#x69;&#x6c;&#x74;&#x6f;&#x3a;&#105;&#110;&#102;&#111;&#64;mini&#x6a;&#x6f;&#x73;&#x6b;&#x61;&#x69;&#x6d;&#x61;&#115;&#46;&#108;&#116;\">&#x69;&#x6e;&#102;&#111;&#64;m&#x69;&#x6e;&#x69;&#106;&#111;sk&#x61;&#x69;&#x6d;&#97;&#115;&#46;&#x6c;&#x74;<\/a>    <br><a href=\"https:\/\/www.minijoskaimas.lt\" target=\"_blank\" rel=\"noopener\">www.minijoskaimas.lt<\/a><\/p>\t\t\t\t\t\t\t\t<\/div>\n\t\t\t\t<\/div>\n\t\t\t\t\t<\/div>\n\t\t<\/div>\n\t\t\t\t\t<\/div>\n\t\t<\/section>\n\t\t\t\t<section class=\"wd-negative-gap elementor-section elementor-inner-section elementor-element elementor-element-657c513 elementor-section-boxed elementor-section-height-default elementor-section-height-default\" data-id=\"657c513\" data-element_type=\"section\" data-e-type=\"section\">\n\t\t\t\t\t\t<div class=\"elementor-container elementor-column-gap-default\">\n\t\t\t\t\t<div class=\"elementor-column elementor-col-100 elementor-inner-column elementor-element elementor-element-0276fc7\" data-id=\"0276fc7\" data-element_type=\"column\" data-e-type=\"column\">\n\t\t\t<div class=\"elementor-widget-wrap elementor-element-populated\">\n\t\t\t\t\t\t\t<\/div>\n\t\t<\/div>\n\t\t\t\t\t<\/div>\n\t\t<\/section>\n\t\t\t\t\t<\/div>\n\t\t<\/div>\n\t\t\t\t\t<\/div>\n\t\t<\/section>\n\t\t\t\t<\/div>\n\t\t","protected":false},"excerpt":{"rendered":"<p>Platzanzahl \u2013 20 Liegeplatz \u2013 Upai\u010dio g. 34, Minija, \u0160ilut\u0117s r. sav.Tel. +370 678 50 434E-Mail: info&#64;m&#105;&#110;&#105;&#106;&#111;&#115;&#107;&#x61;&#x69;&#x6d;&#x61;&#x73;&#x2e;&#x6c;&#x74; www.minijoskaimas.lt<\/p>\n","protected":false},"author":1,"featured_media":30492,"parent":23032,"menu_order":13,"comment_status":"closed","ping_status":"closed","template":"","meta":{"_acf_changed":false,"_monsterinsights_skip_tracking":false,"_monsterinsights_sitenote_active":false,"_monsterinsights_sitenote_note":"","_monsterinsights_sitenote_category":0,"footnotes":""},"class_list":["post-40684","page","type-page","status-publish","has-post-thumbnail","hentry"],"acf":[],"_links":{"self":[{"href":"https:\/\/siluteinfo.lt\/de\/wp-json\/wp\/v2\/pages\/40684","targetHints":{"allow":["GET"]}}],"collection":[{"href":"https:\/\/siluteinfo.lt\/de\/wp-json\/wp\/v2\/pages"}],"about":[{"href":"https:\/\/siluteinfo.lt\/de\/wp-json\/wp\/v2\/types\/page"}],"author":[{"embeddable":true,"href":"https:\/\/siluteinfo.lt\/de\/wp-json\/wp\/v2\/users\/1"}],"replies":[{"embeddable":true,"href":"https:\/\/siluteinfo.lt\/de\/wp-json\/wp\/v2\/comments?post=40684"}],"version-history":[{"count":0,"href":"https:\/\/siluteinfo.lt\/de\/wp-json\/wp\/v2\/pages\/40684\/revisions"}],"up":[{"embeddable":true,"href":"https:\/\/siluteinfo.lt\/de\/wp-json\/wp\/v2\/pages\/23032"}],"wp:featuredmedia":[{"embeddable":true,"href":"https:\/\/siluteinfo.lt\/de\/wp-json\/wp\/v2\/media\/30492"}],"wp:attachment":[{"href":"https:\/\/siluteinfo.lt\/de\/wp-json\/wp\/v2\/media?parent=40684"}],"curies":[{"name":"wp","href":"https:\/\/api.w.org\/{rel}","templated":true}]}}