{"id":40664,"date":"2023-05-30T08:39:46","date_gmt":"2023-05-30T06:39:46","guid":{"rendered":"https:\/\/siluteinfo.lt\/transport\/boote\/boot-upaitis\/"},"modified":"2025-06-10T09:42:57","modified_gmt":"2025-06-10T07:42:57","slug":"boot-upaitis","status":"publish","type":"page","link":"https:\/\/siluteinfo.lt\/de\/transport\/boote\/boot-upaitis\/","title":{"rendered":"Boot \u201eUpaitis\u201c"},"content":{"rendered":"\t\t<div data-elementor-type=\"wp-page\" data-elementor-id=\"40664\" class=\"elementor elementor-40664 elementor-24570\" data-elementor-post-type=\"page\">\n\t\t\t\t\t\t<section class=\"wd-negative-gap elementor-section elementor-top-section elementor-element elementor-element-1492493 elementor-section-boxed elementor-section-height-default elementor-section-height-default\" data-id=\"1492493\" data-element_type=\"section\" data-e-type=\"section\">\n\t\t\t\t\t\t<div class=\"elementor-container elementor-column-gap-default\">\n\t\t\t\t\t<div class=\"elementor-column elementor-col-100 elementor-top-column elementor-element elementor-element-69ed946\" data-id=\"69ed946\" data-element_type=\"column\" data-e-type=\"column\">\n\t\t\t<div class=\"elementor-widget-wrap elementor-element-populated\">\n\t\t\t\t\t\t<section class=\"wd-negative-gap elementor-section elementor-inner-section elementor-element elementor-element-ba019d8 elementor-section-boxed elementor-section-height-default elementor-section-height-default\" data-id=\"ba019d8\" data-element_type=\"section\" data-e-type=\"section\">\n\t\t\t\t\t\t<div class=\"elementor-container elementor-column-gap-default\">\n\t\t\t\t\t<div class=\"elementor-column elementor-col-50 elementor-inner-column elementor-element elementor-element-35c4c3c\" data-id=\"35c4c3c\" data-element_type=\"column\" data-e-type=\"column\">\n\t\t\t<div class=\"elementor-widget-wrap elementor-element-populated\">\n\t\t\t\t\t\t<div class=\"elementor-element elementor-element-0b2af70 elementor-widget elementor-widget-theme-post-featured-image elementor-widget-image\" data-id=\"0b2af70\" data-element_type=\"widget\" data-e-type=\"widget\" data-widget_type=\"theme-post-featured-image.default\">\n\t\t\t\t<div class=\"elementor-widget-container\">\n\t\t\t\t\t\t\t\t\t\t\t\t\t\t\t<img loading=\"lazy\" decoding=\"async\" width=\"1200\" height=\"800\" src=\"https:\/\/siluteinfo.lt\/wp-content\/themes\/woodmart\/images\/lazy.svg\" data-src=\"https:\/\/siluteinfo.lt\/wp-content\/uploads\/2025\/06\/laivininkai-upaitis.jpg\" class=\" wd-lazy-blur attachment-large size-large wp-image-43085\" alt=\"Laivas \u201eUpaitis\u201c Nemuno deltos vandenyse\" srcset=\"\" data-srcset=\"https:\/\/siluteinfo.lt\/wp-content\/uploads\/2025\/06\/laivininkai-upaitis.jpg 1200w, https:\/\/siluteinfo.lt\/wp-content\/uploads\/2025\/06\/laivininkai-upaitis-400x267.jpg 400w, https:\/\/siluteinfo.lt\/wp-content\/uploads\/2025\/06\/laivininkai-upaitis-768x512.jpg 768w\" sizes=\"auto, (max-width: 1200px) 100vw, 1200px\" \/>\t\t\t\t\t\t\t\t\t\t\t\t\t\t\t<\/div>\n\t\t\t\t<\/div>\n\t\t\t\t\t<\/div>\n\t\t<\/div>\n\t\t\t\t<div class=\"elementor-column elementor-col-50 elementor-inner-column elementor-element elementor-element-33d1d41\" data-id=\"33d1d41\" data-element_type=\"column\" data-e-type=\"column\">\n\t\t\t<div class=\"elementor-widget-wrap elementor-element-populated\">\n\t\t\t\t\t\t<div class=\"elementor-element elementor-element-16150c5 color-scheme-inherit text-left elementor-widget elementor-widget-text-editor\" data-id=\"16150c5\" data-element_type=\"widget\" data-e-type=\"widget\" data-widget_type=\"text-editor.default\">\n\t\t\t\t<div class=\"elementor-widget-container\">\n\t\t\t\t\t\t\t\t\t<p><strong>Platzanzahl \u2013 18<\/strong><\/p>\n<p>Liegeplatz \u2013 Krok\u0173 Lankos g. 33, Minija, \u0160ilut\u0117s r. sav.<br>Tel. +370 686 66 600<br>E-Mail <a href=\"&#x6d;&#97;&#105;l&#x74;&#x6f;&#58;m&#x69;&#x6e;&#105;ja&#x40;&#109;&#105;n&#x67;&#x65;&#115;e&#x67;&#x7a;&#111;&#116;i&#x6b;&#x61;&#46;l&#x74;\">&#x6d;&#x69;&#x6e;&#x69;&#x6a;&#x61;&#64;&#109;&#105;&#110;gese&#x67;&#x7a;&#x6f;&#x74;&#x69;&#x6b;&#97;&#46;&#108;&#116;<br><\/a><a href=\"https:\/\/www.mingeskaimas.lt\" target=\"_blank\" rel=\"noopener\">www.mingeskaimas.lt<\/a>   <\/p>\t\t\t\t\t\t\t\t<\/div>\n\t\t\t\t<\/div>\n\t\t\t\t\t<\/div>\n\t\t<\/div>\n\t\t\t\t\t<\/div>\n\t\t<\/section>\n\t\t\t\t<section class=\"wd-negative-gap elementor-section elementor-inner-section elementor-element elementor-element-f2d54fa elementor-section-boxed elementor-section-height-default elementor-section-height-default\" data-id=\"f2d54fa\" data-element_type=\"section\" data-e-type=\"section\">\n\t\t\t\t\t\t<div class=\"elementor-container elementor-column-gap-default\">\n\t\t\t\t\t<div class=\"elementor-column elementor-col-100 elementor-inner-column elementor-element elementor-element-3b6dc5b\" data-id=\"3b6dc5b\" data-element_type=\"column\" data-e-type=\"column\">\n\t\t\t<div class=\"elementor-widget-wrap elementor-element-populated\">\n\t\t\t\t\t\t\t<\/div>\n\t\t<\/div>\n\t\t\t\t\t<\/div>\n\t\t<\/section>\n\t\t\t\t\t<\/div>\n\t\t<\/div>\n\t\t\t\t\t<\/div>\n\t\t<\/section>\n\t\t\t\t<\/div>\n\t\t","protected":false},"excerpt":{"rendered":"<p>Platzanzahl \u2013 18 Liegeplatz \u2013 Krok\u0173 Lankos g. 33, Minija, \u0160ilut\u0117s r. sav.Tel. +370 686 66 600E-Mail &#x6d;&#x69;&#x6e;&#x69;&#x6a;&#x61;&#x40;&#x6d;&#x69;&#x6e;&#x67;&#x65;&#x73;&#x65;&#x67;&#x7a;&#x6f;&#x74;&#x69;&#x6b;&#x61;&#x2e;&#108;&#116;www.mingeskaimas.lt<\/p>\n","protected":false},"author":6,"featured_media":43085,"parent":23032,"menu_order":11,"comment_status":"closed","ping_status":"closed","template":"","meta":{"_acf_changed":false,"_monsterinsights_skip_tracking":false,"_monsterinsights_sitenote_active":false,"_monsterinsights_sitenote_note":"","_monsterinsights_sitenote_category":0,"footnotes":""},"class_list":["post-40664","page","type-page","status-publish","has-post-thumbnail","hentry"],"acf":[],"_links":{"self":[{"href":"https:\/\/siluteinfo.lt\/de\/wp-json\/wp\/v2\/pages\/40664","targetHints":{"allow":["GET"]}}],"collection":[{"href":"https:\/\/siluteinfo.lt\/de\/wp-json\/wp\/v2\/pages"}],"about":[{"href":"https:\/\/siluteinfo.lt\/de\/wp-json\/wp\/v2\/types\/page"}],"author":[{"embeddable":true,"href":"https:\/\/siluteinfo.lt\/de\/wp-json\/wp\/v2\/users\/6"}],"replies":[{"embeddable":true,"href":"https:\/\/siluteinfo.lt\/de\/wp-json\/wp\/v2\/comments?post=40664"}],"version-history":[{"count":0,"href":"https:\/\/siluteinfo.lt\/de\/wp-json\/wp\/v2\/pages\/40664\/revisions"}],"up":[{"embeddable":true,"href":"https:\/\/siluteinfo.lt\/de\/wp-json\/wp\/v2\/pages\/23032"}],"wp:featuredmedia":[{"embeddable":true,"href":"https:\/\/siluteinfo.lt\/de\/wp-json\/wp\/v2\/media\/43085"}],"wp:attachment":[{"href":"https:\/\/siluteinfo.lt\/de\/wp-json\/wp\/v2\/media?parent=40664"}],"curies":[{"name":"wp","href":"https:\/\/api.w.org\/{rel}","templated":true}]}}