{"id":40612,"date":"2022-10-14T20:52:33","date_gmt":"2022-10-14T18:52:33","guid":{"rendered":"https:\/\/siluteinfo.lt\/transport\/boote\/boot-vikingas\/"},"modified":"2025-05-13T15:48:20","modified_gmt":"2025-05-13T13:48:20","slug":"boot-vikingas","status":"publish","type":"page","link":"https:\/\/siluteinfo.lt\/de\/transport\/boote\/boot-vikingas\/","title":{"rendered":"Boot \u201eVikingas\u201c"},"content":{"rendered":"\t\t<div data-elementor-type=\"wp-page\" data-elementor-id=\"40612\" class=\"elementor elementor-40612 elementor-17475\" data-elementor-post-type=\"page\">\n\t\t\t\t\t\t<section class=\"wd-negative-gap elementor-section elementor-top-section elementor-element elementor-element-04c488e elementor-section-boxed elementor-section-height-default elementor-section-height-default\" data-id=\"04c488e\" data-element_type=\"section\" data-e-type=\"section\">\n\t\t\t\t\t\t<div class=\"elementor-container elementor-column-gap-default\">\n\t\t\t\t\t<div class=\"elementor-column elementor-col-100 elementor-top-column elementor-element elementor-element-0b1abca\" data-id=\"0b1abca\" data-element_type=\"column\" data-e-type=\"column\">\n\t\t\t<div class=\"elementor-widget-wrap elementor-element-populated\">\n\t\t\t\t\t\t<section class=\"wd-negative-gap elementor-section elementor-inner-section elementor-element elementor-element-1fd52a2 elementor-section-boxed elementor-section-height-default elementor-section-height-default\" data-id=\"1fd52a2\" data-element_type=\"section\" data-e-type=\"section\">\n\t\t\t\t\t\t<div class=\"elementor-container elementor-column-gap-default\">\n\t\t\t\t\t<div class=\"elementor-column elementor-col-50 elementor-inner-column elementor-element elementor-element-6c3da2f\" data-id=\"6c3da2f\" data-element_type=\"column\" data-e-type=\"column\">\n\t\t\t<div class=\"elementor-widget-wrap elementor-element-populated\">\n\t\t\t\t\t\t<div class=\"elementor-element elementor-element-d89eed5 elementor-widget elementor-widget-theme-post-featured-image elementor-widget-image\" data-id=\"d89eed5\" data-element_type=\"widget\" data-e-type=\"widget\" data-widget_type=\"theme-post-featured-image.default\">\n\t\t\t\t<div class=\"elementor-widget-container\">\n\t\t\t\t\t\t\t\t\t\t\t\t\t\t\t<img loading=\"lazy\" decoding=\"async\" width=\"1200\" height=\"900\" src=\"https:\/\/siluteinfo.lt\/wp-content\/themes\/woodmart\/images\/lazy.svg\" data-src=\"https:\/\/siluteinfo.lt\/wp-content\/uploads\/2023\/10\/laivininkai-vikingas.jpg\" class=\" wd-lazy-blur attachment-large size-large wp-image-30436\" alt=\"\" srcset=\"\" data-srcset=\"https:\/\/siluteinfo.lt\/wp-content\/uploads\/2023\/10\/laivininkai-vikingas.jpg 1200w, https:\/\/siluteinfo.lt\/wp-content\/uploads\/2023\/10\/laivininkai-vikingas-400x300.jpg 400w, https:\/\/siluteinfo.lt\/wp-content\/uploads\/2023\/10\/laivininkai-vikingas-768x576.jpg 768w\" sizes=\"auto, (max-width: 1200px) 100vw, 1200px\" \/>\t\t\t\t\t\t\t\t\t\t\t\t\t\t\t<\/div>\n\t\t\t\t<\/div>\n\t\t\t\t\t<\/div>\n\t\t<\/div>\n\t\t\t\t<div class=\"elementor-column elementor-col-50 elementor-inner-column elementor-element elementor-element-aad11a3\" data-id=\"aad11a3\" data-element_type=\"column\" data-e-type=\"column\">\n\t\t\t<div class=\"elementor-widget-wrap elementor-element-populated\">\n\t\t\t\t\t\t<div class=\"elementor-element elementor-element-c352676 color-scheme-inherit text-left elementor-widget elementor-widget-text-editor\" data-id=\"c352676\" data-element_type=\"widget\" data-e-type=\"widget\" data-widget_type=\"text-editor.default\">\n\t\t\t\t<div class=\"elementor-widget-container\">\n\t\t\t\t\t\t\t\t\t<p><strong>Platzanzahl \u2013 34<\/strong><\/p>\n<p>Liegeplatz \u2013 \u0160y\u0161os k., \u0160ilut\u0117s r. sav.<br>Tel. +370 688 39 447<br>E-Mail <a href=\"ma&#105;&#108;&#116;&#x6f;&#x3a;&#x69;&#x6e;fo&#64;&#117;&#112;&#x61;&#x69;&#x74;&#x65;&#46;l&#116;\"><span class=\"elementor-icon-list-text\">&#x69;&#x6e;&#102;&#111;&#64;&#x75;&#x70;&#x61;&#105;te&#x2e;&#x6c;&#116;<\/span><\/a>  <br><a href=\"https:\/\/upaite.lt\" target=\"_blank\" rel=\"noopener noreferrer\">www.upaite.lt<\/a><\/p>\n<ul>\n<li>Es gibt eine Kaj\u00fcte mit Heizungssystem.<\/li>\n<\/ul>\t\t\t\t\t\t\t\t<\/div>\n\t\t\t\t<\/div>\n\t\t\t\t\t<\/div>\n\t\t<\/div>\n\t\t\t\t\t<\/div>\n\t\t<\/section>\n\t\t\t\t<section class=\"wd-negative-gap elementor-section elementor-inner-section elementor-element elementor-element-4107885 elementor-section-boxed elementor-section-height-default elementor-section-height-default\" data-id=\"4107885\" data-element_type=\"section\" data-e-type=\"section\">\n\t\t\t\t\t\t<div class=\"elementor-container elementor-column-gap-default\">\n\t\t\t\t\t<div class=\"elementor-column elementor-col-100 elementor-inner-column elementor-element elementor-element-4af2f59\" data-id=\"4af2f59\" data-element_type=\"column\" data-e-type=\"column\">\n\t\t\t<div class=\"elementor-widget-wrap elementor-element-populated\">\n\t\t\t\t\t\t\t<\/div>\n\t\t<\/div>\n\t\t\t\t\t<\/div>\n\t\t<\/section>\n\t\t\t\t\t<\/div>\n\t\t<\/div>\n\t\t\t\t\t<\/div>\n\t\t<\/section>\n\t\t\t\t<\/div>\n\t\t","protected":false},"excerpt":{"rendered":"<p>Platzanzahl \u2013 34 Liegeplatz \u2013 \u0160y\u0161os k., \u0160ilut\u0117s r. sav.Tel. +370 688 39 447E-Mail &#105;n&#x66;o&#x40;u&#x70;a&#x69;t&#x65;&#46;&#x6c;&#116; www.upaite.lt Es gibt eine Kaj\u00fcte<\/p>\n","protected":false},"author":2,"featured_media":30436,"parent":23032,"menu_order":6,"comment_status":"closed","ping_status":"closed","template":"","meta":{"_acf_changed":false,"_monsterinsights_skip_tracking":false,"_monsterinsights_sitenote_active":false,"_monsterinsights_sitenote_note":"","_monsterinsights_sitenote_category":0,"footnotes":""},"class_list":["post-40612","page","type-page","status-publish","has-post-thumbnail","hentry"],"acf":[],"_links":{"self":[{"href":"https:\/\/siluteinfo.lt\/de\/wp-json\/wp\/v2\/pages\/40612","targetHints":{"allow":["GET"]}}],"collection":[{"href":"https:\/\/siluteinfo.lt\/de\/wp-json\/wp\/v2\/pages"}],"about":[{"href":"https:\/\/siluteinfo.lt\/de\/wp-json\/wp\/v2\/types\/page"}],"author":[{"embeddable":true,"href":"https:\/\/siluteinfo.lt\/de\/wp-json\/wp\/v2\/users\/2"}],"replies":[{"embeddable":true,"href":"https:\/\/siluteinfo.lt\/de\/wp-json\/wp\/v2\/comments?post=40612"}],"version-history":[{"count":0,"href":"https:\/\/siluteinfo.lt\/de\/wp-json\/wp\/v2\/pages\/40612\/revisions"}],"up":[{"embeddable":true,"href":"https:\/\/siluteinfo.lt\/de\/wp-json\/wp\/v2\/pages\/23032"}],"wp:featuredmedia":[{"embeddable":true,"href":"https:\/\/siluteinfo.lt\/de\/wp-json\/wp\/v2\/media\/30436"}],"wp:attachment":[{"href":"https:\/\/siluteinfo.lt\/de\/wp-json\/wp\/v2\/media?parent=40612"}],"curies":[{"name":"wp","href":"https:\/\/api.w.org\/{rel}","templated":true}]}}