{"id":40562,"date":"2022-06-11T07:40:38","date_gmt":"2022-06-11T05:40:38","guid":{"rendered":"https:\/\/siluteinfo.lt\/transport\/boote\/schiff-kursiu-deltos-ekspresas\/"},"modified":"2025-05-13T20:22:54","modified_gmt":"2025-05-13T18:22:54","slug":"schiff-kursiu-deltos-ekspresas","status":"publish","type":"page","link":"https:\/\/siluteinfo.lt\/de\/transport\/boote\/schiff-kursiu-deltos-ekspresas\/","title":{"rendered":"Schiff \u201eKur\u0161i\u0173 deltos ekspresas\u201c"},"content":{"rendered":"\t\t<div data-elementor-type=\"wp-page\" data-elementor-id=\"40562\" class=\"elementor elementor-40562 elementor-12810\" data-elementor-post-type=\"page\">\n\t\t\t\t\t\t<section class=\"wd-negative-gap elementor-section elementor-top-section elementor-element elementor-element-97aeb75 elementor-section-boxed elementor-section-height-default elementor-section-height-default\" data-id=\"97aeb75\" data-element_type=\"section\" data-e-type=\"section\">\n\t\t\t\t\t\t<div class=\"elementor-container elementor-column-gap-default\">\n\t\t\t\t\t<div class=\"elementor-column elementor-col-100 elementor-top-column elementor-element elementor-element-9509485\" data-id=\"9509485\" data-element_type=\"column\" data-e-type=\"column\">\n\t\t\t<div class=\"elementor-widget-wrap elementor-element-populated\">\n\t\t\t\t\t\t<section class=\"wd-negative-gap elementor-section elementor-inner-section elementor-element elementor-element-4999d49 elementor-section-boxed elementor-section-height-default elementor-section-height-default\" data-id=\"4999d49\" data-element_type=\"section\" data-e-type=\"section\">\n\t\t\t\t\t\t<div class=\"elementor-container elementor-column-gap-default\">\n\t\t\t\t\t<div class=\"elementor-column elementor-col-50 elementor-inner-column elementor-element elementor-element-2bd805e\" data-id=\"2bd805e\" data-element_type=\"column\" data-e-type=\"column\">\n\t\t\t<div class=\"elementor-widget-wrap elementor-element-populated\">\n\t\t\t\t\t\t<div class=\"elementor-element elementor-element-825829c elementor-widget elementor-widget-theme-post-featured-image elementor-widget-image\" data-id=\"825829c\" data-element_type=\"widget\" data-e-type=\"widget\" data-widget_type=\"theme-post-featured-image.default\">\n\t\t\t\t<div class=\"elementor-widget-container\">\n\t\t\t\t\t\t\t\t\t\t\t\t\t\t\t<img loading=\"lazy\" decoding=\"async\" width=\"1200\" height=\"900\" src=\"https:\/\/siluteinfo.lt\/wp-content\/themes\/woodmart\/images\/lazy.svg\" data-src=\"https:\/\/siluteinfo.lt\/wp-content\/uploads\/2023\/10\/laivininkai-kursiu-deltos-ekspresas.jpg\" class=\" wd-lazy-blur attachment-large size-large wp-image-30395\" alt=\"\" srcset=\"\" data-srcset=\"https:\/\/siluteinfo.lt\/wp-content\/uploads\/2023\/10\/laivininkai-kursiu-deltos-ekspresas.jpg 1200w, https:\/\/siluteinfo.lt\/wp-content\/uploads\/2023\/10\/laivininkai-kursiu-deltos-ekspresas-400x300.jpg 400w, https:\/\/siluteinfo.lt\/wp-content\/uploads\/2023\/10\/laivininkai-kursiu-deltos-ekspresas-768x576.jpg 768w\" sizes=\"auto, (max-width: 1200px) 100vw, 1200px\" \/>\t\t\t\t\t\t\t\t\t\t\t\t\t\t\t<\/div>\n\t\t\t\t<\/div>\n\t\t\t\t\t<\/div>\n\t\t<\/div>\n\t\t\t\t<div class=\"elementor-column elementor-col-50 elementor-inner-column elementor-element elementor-element-e3bfb09\" data-id=\"e3bfb09\" data-element_type=\"column\" data-e-type=\"column\">\n\t\t\t<div class=\"elementor-widget-wrap elementor-element-populated\">\n\t\t\t\t\t\t<div class=\"elementor-element elementor-element-ada8399 color-scheme-inherit text-left elementor-widget elementor-widget-text-editor\" data-id=\"ada8399\" data-element_type=\"widget\" data-e-type=\"widget\" data-widget_type=\"text-editor.default\">\n\t\t\t\t<div class=\"elementor-widget-container\">\n\t\t\t\t\t\t\t\t\t<p><strong>Platzanzahl \u2013 90<\/strong><\/p><p>Liegeplatz \u2013 Kleinhafen \u0160ilut\u0117, Uosto g. 9, \u0160ilut\u0117<br>Tel. +370 616 72 402<br>E-Mail <a href=\"&#109;&#x61;&#x69;l&#116;&#x6f;:&#105;&#x6e;&#x66;&#111;&#x40;&#x6b;i&#110;&#x74;a&#105;&#x2e;&#x6c;&#116;\">inf&#111;&#64;&#107;&#x69;&#x6e;&#x74;&#x61;&#x69;&#x2e;lt<\/a>   <br><a href=\"https:\/\/www.kintai.lt\" target=\"_blank\" rel=\"noopener\">www.kintai.lt<\/a><strong><br><\/strong><\/p><ul><li>Bis zu 90 Passagiere k\u00f6nnen gleichzeitig bef\u00f6rdert werden.<\/li><li>Das ger\u00e4umige Innendeck verf\u00fcgt \u00fcber einen gem\u00fctlichen Salon mit Tischen und Polsterb\u00e4nken, in dem bis zu 60 Personen bequem Platz finden.<\/li><li>Gro\u00dfe Fenster bieten w\u00e4hrend der Fahrt eine herrliche Aussicht auf die Landschaft.<\/li><li>F\u00fcr den Komfort der Passagiere gibt es eine Bar mit Getr\u00e4nken und Snacks.<\/li><li>Das Innendeck ist mit Heizung, Klimaanlage sowie Audio- und Videosystemen ausgestattet.<\/li><li>An Bord gibt es ein WC.<\/li><li>Fahrr\u00e4der k\u00f6nnen mitgenommen werden.<\/li><\/ul><p>Das Schiff \u201eKur\u0161i\u0173 deltos ekspresas\u201c verkehrt w\u00e4hrend der Saison t\u00e4glich auf der Strecke \u0160ILUT\u0116\u2013NIDA\u2013\u0160ILUT\u0116.<br>F\u00e4hrinfos: <a href=\"https:\/\/siluteinfo.lt\/de\/transport\/faehren\/\">F\u00e4hren<\/a><\/p>\t\t\t\t\t\t\t\t<\/div>\n\t\t\t\t<\/div>\n\t\t\t\t\t<\/div>\n\t\t<\/div>\n\t\t\t\t\t<\/div>\n\t\t<\/section>\n\t\t\t\t<section class=\"wd-negative-gap elementor-section elementor-inner-section elementor-element elementor-element-64ca7a5 elementor-section-boxed elementor-section-height-default elementor-section-height-default\" data-id=\"64ca7a5\" data-element_type=\"section\" data-e-type=\"section\">\n\t\t\t\t\t\t<div class=\"elementor-container elementor-column-gap-default\">\n\t\t\t\t\t<div class=\"elementor-column elementor-col-100 elementor-inner-column elementor-element elementor-element-4108f51\" data-id=\"4108f51\" data-element_type=\"column\" data-e-type=\"column\">\n\t\t\t<div class=\"elementor-widget-wrap elementor-element-populated\">\n\t\t\t\t\t\t\t<\/div>\n\t\t<\/div>\n\t\t\t\t\t<\/div>\n\t\t<\/section>\n\t\t\t\t\t<\/div>\n\t\t<\/div>\n\t\t\t\t\t<\/div>\n\t\t<\/section>\n\t\t\t\t<\/div>\n\t\t","protected":false},"excerpt":{"rendered":"<p>Platzanzahl \u2013 90 Liegeplatz \u2013 Kleinhafen \u0160ilut\u0117, Uosto g. 9, \u0160ilut\u0117Tel. +370 616 72 402E-Mail &#x69;&#x6e;&#102;o&#64;&#x6b;&#x69;&#110;&#116;a&#x69;&#x2e;&#108;&#116; www.kintai.lt Bis zu 90<\/p>\n","protected":false},"author":1,"featured_media":30395,"parent":23032,"menu_order":1,"comment_status":"closed","ping_status":"closed","template":"","meta":{"_acf_changed":false,"_monsterinsights_skip_tracking":false,"_monsterinsights_sitenote_active":false,"_monsterinsights_sitenote_note":"","_monsterinsights_sitenote_category":0,"footnotes":""},"class_list":["post-40562","page","type-page","status-publish","has-post-thumbnail","hentry"],"acf":[],"_links":{"self":[{"href":"https:\/\/siluteinfo.lt\/de\/wp-json\/wp\/v2\/pages\/40562","targetHints":{"allow":["GET"]}}],"collection":[{"href":"https:\/\/siluteinfo.lt\/de\/wp-json\/wp\/v2\/pages"}],"about":[{"href":"https:\/\/siluteinfo.lt\/de\/wp-json\/wp\/v2\/types\/page"}],"author":[{"embeddable":true,"href":"https:\/\/siluteinfo.lt\/de\/wp-json\/wp\/v2\/users\/1"}],"replies":[{"embeddable":true,"href":"https:\/\/siluteinfo.lt\/de\/wp-json\/wp\/v2\/comments?post=40562"}],"version-history":[{"count":0,"href":"https:\/\/siluteinfo.lt\/de\/wp-json\/wp\/v2\/pages\/40562\/revisions"}],"up":[{"embeddable":true,"href":"https:\/\/siluteinfo.lt\/de\/wp-json\/wp\/v2\/pages\/23032"}],"wp:featuredmedia":[{"embeddable":true,"href":"https:\/\/siluteinfo.lt\/de\/wp-json\/wp\/v2\/media\/30395"}],"wp:attachment":[{"href":"https:\/\/siluteinfo.lt\/de\/wp-json\/wp\/v2\/media?parent=40562"}],"curies":[{"name":"wp","href":"https:\/\/api.w.org\/{rel}","templated":true}]}}