{"id":40552,"date":"2022-06-11T11:58:39","date_gmt":"2022-06-11T09:58:39","guid":{"rendered":"https:\/\/siluteinfo.lt\/freizeit\/reisebueros-und-reiseveranstalter\/reiseveranstalter-wind-bike-tours\/"},"modified":"2025-04-22T21:16:18","modified_gmt":"2025-04-22T19:16:18","slug":"reiseveranstalter-wind-bike-tours","status":"publish","type":"page","link":"https:\/\/siluteinfo.lt\/de\/freizeit\/reisebueros-und-reiseveranstalter\/reiseveranstalter-wind-bike-tours\/","title":{"rendered":"Reiseveranstalter \u201eWind Bike Tours\u201c"},"content":{"rendered":"\t\t<div data-elementor-type=\"wp-page\" data-elementor-id=\"40552\" class=\"elementor elementor-40552 elementor-13277\" data-elementor-post-type=\"page\">\n\t\t\t\t\t\t<section class=\"wd-negative-gap elementor-section elementor-top-section elementor-element elementor-element-517973cb elementor-section-boxed elementor-section-height-default elementor-section-height-default\" data-id=\"517973cb\" data-element_type=\"section\" data-e-type=\"section\">\n\t\t\t\t\t\t<div class=\"elementor-container elementor-column-gap-default\">\n\t\t\t\t\t<div class=\"elementor-column elementor-col-100 elementor-top-column elementor-element elementor-element-1ecfe332\" data-id=\"1ecfe332\" data-element_type=\"column\" data-e-type=\"column\">\n\t\t\t<div class=\"elementor-widget-wrap elementor-element-populated\">\n\t\t\t\t\t\t<div class=\"elementor-element elementor-element-2eb09c7b color-scheme-inherit text-left elementor-widget elementor-widget-text-editor\" data-id=\"2eb09c7b\" data-element_type=\"widget\" data-e-type=\"widget\" data-widget_type=\"text-editor.default\">\n\t\t\t\t<div class=\"elementor-widget-container\">\n\t\t\t\t\t\t\t\t\t<p style=\"text-align: center;\"><a href=\"http:\/\/siluteinfo.lt\/wp-content\/uploads\/2020\/12\/wind-tours.png\"><img loading=\"lazy\" decoding=\"async\" class=\" wd-lazy-blur size-full wp-image-16167 aligncenter\" src=\"https:\/\/siluteinfo.lt\/wp-content\/themes\/woodmart\/images\/lazy.svg\" data-src=\"http:\/\/siluteinfo.lt\/wp-content\/uploads\/2020\/12\/wind-tours.png\" alt=\"Wind tours\" width=\"281\" height=\"281\"><\/a><\/p><p><strong>Radtouren, Wanderungen, Wasser- und Kulinariktourismus im Klaip\u0117da-Gebiet, in Litauen und im Baltikum<\/strong><\/p><p>Wir f\u00f6rdern einen aktiven Lebensstil und bieten unseren G\u00e4sten Freude an Bewegung und Entdeckung. Ob mit dem Fahrrad oder zu Fu\u00df \u2013 Sie genie\u00dfen die Natur, ihre Vielfalt, lernen die Region und ihre Geschichte kennen und verbringen Zeit an der frischen Luft.<br>Die Gruppen werden von professionellen, lizenzierten Reiseleitern begleitet. Ein drahtloses Audiosystem sorgt f\u00fcr beste Verst\u00e4ndlichkeit und Tonqualit\u00e4t.  <br>Wenn Sie das Land und die Menschen einmal anders kennenlernen m\u00f6chten, sind solche Reisen die beste Gelegenheit.<\/p><p>Wir bieten folgende Tourismusdienstleistungen an:<\/p><p>Radtouren in Litauen, Lettland, Estland und Polen<br>Wander- und Wassertourismus in Litauen, Lettland, Estland und Polen<br>Kulinarischer Tourismus<br>Erstellung neuer Routen und Beratung<br>Reiseleitung mit drahtlosem Audiosystem<br>Hotelreservierungen f\u00fcr Einzelreisende und Gruppen<br>Organisation von Land- und Wassertransporten f\u00fcr Einzelpersonen und Gruppen<br>Transfers von Flugh\u00e4fen, F\u00e4hren, Bahnh\u00f6fen und Busstationen<br>Gep\u00e4ck- und Fahrradtransport<br>Organisation von Verpflegungsdiensten<br>Organisation kultureller Programme (Ausstellungen, Museen, Wasseraktivit\u00e4ten)<\/p><p>Wir tun alles, damit das Reisen mit uns ein Vergn\u00fcgen ist.<\/p><p>Tel. +370 686 25 044<br>&#105;&#x6e;&#x66;&#111;&#x40;&#x77;i&#x6e;&#x64;b&#105;&#x6b;e&#116;&#x75;o&#114;&#x73;&#46;&#99;&#x6f;m<br>https:\/\/windbiketours.com  <\/p>\t\t\t\t\t\t\t\t<\/div>\n\t\t\t\t<\/div>\n\t\t\t\t\t<\/div>\n\t\t<\/div>\n\t\t\t\t\t<\/div>\n\t\t<\/section>\n\t\t\t\t<\/div>\n\t\t","protected":false},"excerpt":{"rendered":"<p>Radtouren, Wanderungen, Wasser- und Kulinariktourismus im Klaip\u0117da-Gebiet, in Litauen und im Baltikum Wir f\u00f6rdern einen aktiven Lebensstil und bieten unseren<\/p>\n","protected":false},"author":1,"featured_media":13280,"parent":40480,"menu_order":2,"comment_status":"closed","ping_status":"closed","template":"","meta":{"_acf_changed":false,"_monsterinsights_skip_tracking":false,"_monsterinsights_sitenote_active":false,"_monsterinsights_sitenote_note":"","_monsterinsights_sitenote_category":0,"footnotes":""},"class_list":["post-40552","page","type-page","status-publish","has-post-thumbnail","hentry"],"acf":[],"_links":{"self":[{"href":"https:\/\/siluteinfo.lt\/de\/wp-json\/wp\/v2\/pages\/40552","targetHints":{"allow":["GET"]}}],"collection":[{"href":"https:\/\/siluteinfo.lt\/de\/wp-json\/wp\/v2\/pages"}],"about":[{"href":"https:\/\/siluteinfo.lt\/de\/wp-json\/wp\/v2\/types\/page"}],"author":[{"embeddable":true,"href":"https:\/\/siluteinfo.lt\/de\/wp-json\/wp\/v2\/users\/1"}],"replies":[{"embeddable":true,"href":"https:\/\/siluteinfo.lt\/de\/wp-json\/wp\/v2\/comments?post=40552"}],"version-history":[{"count":0,"href":"https:\/\/siluteinfo.lt\/de\/wp-json\/wp\/v2\/pages\/40552\/revisions"}],"up":[{"embeddable":true,"href":"https:\/\/siluteinfo.lt\/de\/wp-json\/wp\/v2\/pages\/40480"}],"wp:featuredmedia":[{"embeddable":true,"href":"https:\/\/siluteinfo.lt\/de\/wp-json\/wp\/v2\/media\/13280"}],"wp:attachment":[{"href":"https:\/\/siluteinfo.lt\/de\/wp-json\/wp\/v2\/media?parent=40552"}],"curies":[{"name":"wp","href":"https:\/\/api.w.org\/{rel}","templated":true}]}}