{"id":40501,"date":"2022-06-11T11:59:38","date_gmt":"2022-06-11T09:59:38","guid":{"rendered":"https:\/\/siluteinfo.lt\/freizeit\/reisebueros-und-reiseveranstalter\/reisebuero-upaite\/"},"modified":"2025-04-22T20:13:32","modified_gmt":"2025-04-22T18:13:32","slug":"reisebuero-upaite","status":"publish","type":"page","link":"https:\/\/siluteinfo.lt\/de\/freizeit\/reisebueros-und-reiseveranstalter\/reisebuero-upaite\/","title":{"rendered":"Reiseb\u00fcro &#8222;Upait\u0117&#8220;"},"content":{"rendered":"\t\t<div data-elementor-type=\"wp-page\" data-elementor-id=\"40501\" class=\"elementor elementor-40501 elementor-13283\" data-elementor-post-type=\"page\">\n\t\t\t\t\t\t<section class=\"wd-negative-gap elementor-section elementor-top-section elementor-element elementor-element-14b3238 elementor-section-boxed elementor-section-height-default elementor-section-height-default\" data-id=\"14b3238\" data-element_type=\"section\" data-e-type=\"section\">\n\t\t\t\t\t\t<div class=\"elementor-container elementor-column-gap-default\">\n\t\t\t\t\t<div class=\"elementor-column elementor-col-100 elementor-top-column elementor-element elementor-element-52001b96\" data-id=\"52001b96\" data-element_type=\"column\" data-e-type=\"column\">\n\t\t\t<div class=\"elementor-widget-wrap elementor-element-populated\">\n\t\t\t\t\t\t<div class=\"elementor-element elementor-element-25afc15a color-scheme-inherit text-left elementor-widget elementor-widget-text-editor\" data-id=\"25afc15a\" data-element_type=\"widget\" data-e-type=\"widget\" data-widget_type=\"text-editor.default\">\n\t\t\t\t<div class=\"elementor-widget-container\">\n\t\t\t\t\t\t\t\t\t<p>Wir sind Bewohner des K\u00fcstengebiets Pamarys, eng verbunden mit Wasser, \u00dcberschwemmungen und Wind. Unser Reichtum ist das dichte Flussnetz, das Kurische Haff und die \u00fcberfluteten Wiesen. Unsere Freude ist der Reichtum an Fischen und V\u00f6geln.<br>Wir sind bereit, all das mit unseren G\u00e4sten zu teilen. Wir zeigen Ihnen unsere Lebensweise, Kultur und Traditionen, laden Sie ein, unser kulinarisches Erbe zu probieren, und f\u00fchren Sie zu den sch\u00f6nsten Ecken unserer Region.<br>Damit Sie sich weder in unseren Gew\u00e4ssern noch in unserem vielf\u00e4ltigen Dienstleistungsangebot verirren, haben wir uns an einem Ort zusammengeschlossen \u2013 <a href=\"https:\/\/upaite.lt\/\" target=\"_blank\" rel=\"noopener\">www.upaite.lt<\/a>   <\/p><p>Uns vereint der Wunsch, dass Sie die besten Eindr\u00fccke sammeln und die angenehmsten Erinnerungen mit nach Hause nehmen.<\/p><p>Reiseb\u00fcro &#8222;Upait\u0117&#8220;<br>Tel. +370 688 39 447<br>Lietuvinink\u0173 g. 48A, \u0160ilut\u0117  <\/p>\t\t\t\t\t\t\t\t<\/div>\n\t\t\t\t<\/div>\n\t\t\t\t\t<\/div>\n\t\t<\/div>\n\t\t\t\t\t<\/div>\n\t\t<\/section>\n\t\t\t\t<\/div>\n\t\t","protected":false},"excerpt":{"rendered":"<p>Wir sind Bewohner des K\u00fcstengebiets Pamarys, eng verbunden mit Wasser, \u00dcberschwemmungen und Wind. Unser Reichtum ist das dichte Flussnetz, das<\/p>\n","protected":false},"author":1,"featured_media":13286,"parent":40480,"menu_order":1,"comment_status":"closed","ping_status":"closed","template":"","meta":{"_acf_changed":false,"_monsterinsights_skip_tracking":false,"_monsterinsights_sitenote_active":false,"_monsterinsights_sitenote_note":"","_monsterinsights_sitenote_category":0,"footnotes":""},"class_list":["post-40501","page","type-page","status-publish","has-post-thumbnail","hentry"],"acf":[],"_links":{"self":[{"href":"https:\/\/siluteinfo.lt\/de\/wp-json\/wp\/v2\/pages\/40501","targetHints":{"allow":["GET"]}}],"collection":[{"href":"https:\/\/siluteinfo.lt\/de\/wp-json\/wp\/v2\/pages"}],"about":[{"href":"https:\/\/siluteinfo.lt\/de\/wp-json\/wp\/v2\/types\/page"}],"author":[{"embeddable":true,"href":"https:\/\/siluteinfo.lt\/de\/wp-json\/wp\/v2\/users\/1"}],"replies":[{"embeddable":true,"href":"https:\/\/siluteinfo.lt\/de\/wp-json\/wp\/v2\/comments?post=40501"}],"version-history":[{"count":0,"href":"https:\/\/siluteinfo.lt\/de\/wp-json\/wp\/v2\/pages\/40501\/revisions"}],"up":[{"embeddable":true,"href":"https:\/\/siluteinfo.lt\/de\/wp-json\/wp\/v2\/pages\/40480"}],"wp:featuredmedia":[{"embeddable":true,"href":"https:\/\/siluteinfo.lt\/de\/wp-json\/wp\/v2\/media\/13286"}],"wp:attachment":[{"href":"https:\/\/siluteinfo.lt\/de\/wp-json\/wp\/v2\/media?parent=40501"}],"curies":[{"name":"wp","href":"https:\/\/api.w.org\/{rel}","templated":true}]}}