{"id":40435,"date":"2024-12-20T13:04:08","date_gmt":"2024-12-20T11:04:08","guid":{"rendered":"https:\/\/siluteinfo.lt\/freizeit\/freizeitaktivitaeten\/schwimmbad-silute\/"},"modified":"2025-05-20T07:28:12","modified_gmt":"2025-05-20T05:28:12","slug":"schwimmbad-silute","status":"publish","type":"page","link":"https:\/\/siluteinfo.lt\/de\/freizeit\/freizeitaktivitaeten\/schwimmbad-silute\/","title":{"rendered":"Schwimmbad \u0160ilut\u0117"},"content":{"rendered":"\t\t<div data-elementor-type=\"wp-page\" data-elementor-id=\"40435\" class=\"elementor elementor-40435 elementor-37989\" data-elementor-post-type=\"page\">\n\t\t\t\t\t\t<section class=\"wd-negative-gap elementor-section elementor-top-section elementor-element elementor-element-6806269 elementor-section-boxed elementor-section-height-default elementor-section-height-default\" data-id=\"6806269\" data-element_type=\"section\" data-e-type=\"section\">\n\t\t\t\t\t\t<div class=\"elementor-container elementor-column-gap-default\">\n\t\t\t\t\t<div class=\"elementor-column elementor-col-100 elementor-top-column elementor-element elementor-element-93f0e14\" data-id=\"93f0e14\" data-element_type=\"column\" data-e-type=\"column\">\n\t\t\t<div class=\"elementor-widget-wrap elementor-element-populated\">\n\t\t\t\t\t\t<section class=\"wd-negative-gap elementor-section elementor-inner-section elementor-element elementor-element-217d47b elementor-section-boxed elementor-section-height-default elementor-section-height-default\" data-id=\"217d47b\" data-element_type=\"section\" data-e-type=\"section\">\n\t\t\t\t\t\t<div class=\"elementor-container elementor-column-gap-default\">\n\t\t\t\t\t<div class=\"elementor-column elementor-col-50 elementor-inner-column elementor-element elementor-element-dd0ed0d\" data-id=\"dd0ed0d\" data-element_type=\"column\" data-e-type=\"column\">\n\t\t\t<div class=\"elementor-widget-wrap elementor-element-populated\">\n\t\t\t\t\t\t<div class=\"elementor-element elementor-element-b9a7788 elementor-widget elementor-widget-theme-post-featured-image elementor-widget-image\" data-id=\"b9a7788\" data-element_type=\"widget\" data-e-type=\"widget\" data-widget_type=\"theme-post-featured-image.default\">\n\t\t\t\t<div class=\"elementor-widget-container\">\n\t\t\t\t\t\t\t\t\t\t\t\t\t\t\t<img loading=\"lazy\" decoding=\"async\" width=\"1000\" height=\"666\" src=\"https:\/\/siluteinfo.lt\/wp-content\/themes\/woodmart\/images\/lazy.svg\" data-src=\"https:\/\/siluteinfo.lt\/wp-content\/uploads\/2025\/03\/pramogos-silutes-baseinas.jpg\" class=\" wd-lazy-blur attachment-large size-large wp-image-39196\" alt=\"Laisvalaikio ir sporto nam\u0173 pastatas \u0160ilut\u0117je\" srcset=\"\" data-srcset=\"https:\/\/siluteinfo.lt\/wp-content\/uploads\/2025\/03\/pramogos-silutes-baseinas.jpg 1000w, https:\/\/siluteinfo.lt\/wp-content\/uploads\/2025\/03\/pramogos-silutes-baseinas-400x266.jpg 400w, https:\/\/siluteinfo.lt\/wp-content\/uploads\/2025\/03\/pramogos-silutes-baseinas-768x511.jpg 768w\" sizes=\"auto, (max-width: 1000px) 100vw, 1000px\" \/>\t\t\t\t\t\t\t\t\t\t\t\t\t\t\t<\/div>\n\t\t\t\t<\/div>\n\t\t\t\t\t<\/div>\n\t\t<\/div>\n\t\t\t\t<div class=\"elementor-column elementor-col-50 elementor-inner-column elementor-element elementor-element-7f29403\" data-id=\"7f29403\" data-element_type=\"column\" data-e-type=\"column\">\n\t\t\t<div class=\"elementor-widget-wrap elementor-element-populated\">\n\t\t\t\t\t\t<div class=\"elementor-element elementor-element-453d810 color-scheme-inherit text-left elementor-widget elementor-widget-text-editor\" data-id=\"453d810\" data-element_type=\"widget\" data-e-type=\"widget\" data-widget_type=\"text-editor.default\">\n\t\t\t\t<div class=\"elementor-widget-container\">\n\t\t\t\t\t\t\t\t\t<p><em>Angebote:<\/em> 25-Meter-Becken mit 4 Bahnen; 3 Saunen (t\u00fcrkisch, Salzsauna, Dampfsauna); Whirlpool; Kinderbecken; Massagebecken; Str\u00f6mungskanal; Ruhebereich.<\/p><h5 class=\"wp-block-heading\"><strong>SCHWIMMBAD UND SPA-BEREICH<\/strong><\/h5><p>Vier 25-Meter-Bahnen, Tiefe: 1,28 m \u2013 1,82 m.<br>Im SPA-Bereich: drei Saunen, Whirlpool, Freizeitbecken f\u00fcr Kinder und Erwachsene mit Massagesystemen.<br>Zwei Dampfb\u00e4der, eine Sauna mit Himalaya-Salzwand.<br>Whirlpool f\u00fcr ca. 15 Personen.<br>Zweimal pro Woche Gesundheits\u00fcbungen mit Trainer, auch individuelle Schwimmkurse verf\u00fcgbar.  <\/p><h5 class=\"wp-block-heading\">SAUNEN<\/h5><p>Salzsauna \u2013 75\u201390\u2103, Luftfeuchtigkeit 40\u201360%<br>Mit Himalaya-Salzwand. Ionisierende Wirkung, antibakteriell, wohltuend f\u00fcr Atemwege, Koordination und Stimmung.   <\/p><p>T\u00fcrkisches Bad \u2013 45\u201350\u2103, Luftfeuchtigkeit 85\u201399%<br>Erw\u00e4rmte Liegen; W\u00e4nde und Sitze werden zur Luftfeuchtigkeitsregulierung mit Wasser besprenkelt. <\/p><p>Dampfbad \u2013 75\u201390\u2103, Luftfeuchtigkeit 40\u201360%<br>Ideal zur Stressreduktion, Entspannung, Hautpflege und Immunsystemst\u00e4rkung.<\/p><h5 class=\"wp-block-heading\"><strong>FITNESSSTUDIO<\/strong><\/h5><p>Er\u00f6ffnet im September, 373 m\u00b2 Fl\u00e4che. Moderne Ger\u00e4te: Laufb\u00e4nder, Fahrr\u00e4der, Crosstrainer, freie Gewichte f\u00fcr alle Muskelgruppen, funktionale Trainingsplattform, Zubeh\u00f6r (B\u00e4lle, Matten, Sprungk\u00e4sten, B\u00e4nder usw.). <\/p><p>Zweimal w\u00f6chentlich Gruppentraining. Personal Training m\u00f6glich. <\/p><p>Kontakt: <a href=\"tel:044151132\">+370 441 51 132<\/a>, <a href=\"&#x6d;&#x61;&#x69;&#x6c;&#116;&#111;&#58;si&#x6c;&#x75;&#x74;&#x65;&#x73;&#98;&#97;&#115;ei&#x6e;&#x61;&#x73;&#x40;&#x67;&#109;&#97;&#105;l&#46;&#x63;&#x6f;&#x6d;\">&#x73;i&#x6c;&#117;&#x74;&#101;&#x73;&#x62;a&#x73;&#101;&#x69;&#110;&#x61;&#115;&#64;&#x67;&#109;&#x61;&#105;&#x6c;&#46;c&#x6f;&#109;<br><\/a>Mehr Info: https:\/\/www.silutessportomokykla.lt\/silutes-baseinas<\/p>\t\t\t\t\t\t\t\t<\/div>\n\t\t\t\t<\/div>\n\t\t\t\t\t<\/div>\n\t\t<\/div>\n\t\t\t\t\t<\/div>\n\t\t<\/section>\n\t\t\t\t<section class=\"wd-negative-gap elementor-section elementor-inner-section elementor-element elementor-element-2a3ee62 elementor-section-boxed elementor-section-height-default elementor-section-height-default\" data-id=\"2a3ee62\" data-element_type=\"section\" data-e-type=\"section\">\n\t\t\t\t\t\t<div class=\"elementor-container elementor-column-gap-default\">\n\t\t\t\t\t<div class=\"elementor-column elementor-col-100 elementor-inner-column elementor-element elementor-element-ad94078\" data-id=\"ad94078\" data-element_type=\"column\" data-e-type=\"column\">\n\t\t\t<div class=\"elementor-widget-wrap elementor-element-populated\">\n\t\t\t\t\t\t\t<\/div>\n\t\t<\/div>\n\t\t\t\t\t<\/div>\n\t\t<\/section>\n\t\t\t\t\t<\/div>\n\t\t<\/div>\n\t\t\t\t\t<\/div>\n\t\t<\/section>\n\t\t\t\t<\/div>\n\t\t","protected":false},"excerpt":{"rendered":"<p>Angebote: 25-Meter-Becken mit 4 Bahnen; 3 Saunen (t\u00fcrkisch, Salzsauna, Dampfsauna); Whirlpool; Kinderbecken; Massagebecken; Str\u00f6mungskanal; Ruhebereich. SCHWIMMBAD UND SPA-BEREICH Vier 25-Meter-Bahnen,<\/p>\n","protected":false},"author":6,"featured_media":39196,"parent":22980,"menu_order":2,"comment_status":"closed","ping_status":"closed","template":"","meta":{"_acf_changed":false,"_monsterinsights_skip_tracking":false,"_monsterinsights_sitenote_active":false,"_monsterinsights_sitenote_note":"","_monsterinsights_sitenote_category":0,"footnotes":""},"class_list":["post-40435","page","type-page","status-publish","has-post-thumbnail","hentry"],"acf":[],"_links":{"self":[{"href":"https:\/\/siluteinfo.lt\/de\/wp-json\/wp\/v2\/pages\/40435","targetHints":{"allow":["GET"]}}],"collection":[{"href":"https:\/\/siluteinfo.lt\/de\/wp-json\/wp\/v2\/pages"}],"about":[{"href":"https:\/\/siluteinfo.lt\/de\/wp-json\/wp\/v2\/types\/page"}],"author":[{"embeddable":true,"href":"https:\/\/siluteinfo.lt\/de\/wp-json\/wp\/v2\/users\/6"}],"replies":[{"embeddable":true,"href":"https:\/\/siluteinfo.lt\/de\/wp-json\/wp\/v2\/comments?post=40435"}],"version-history":[{"count":0,"href":"https:\/\/siluteinfo.lt\/de\/wp-json\/wp\/v2\/pages\/40435\/revisions"}],"up":[{"embeddable":true,"href":"https:\/\/siluteinfo.lt\/de\/wp-json\/wp\/v2\/pages\/22980"}],"wp:featuredmedia":[{"embeddable":true,"href":"https:\/\/siluteinfo.lt\/de\/wp-json\/wp\/v2\/media\/39196"}],"wp:attachment":[{"href":"https:\/\/siluteinfo.lt\/de\/wp-json\/wp\/v2\/media?parent=40435"}],"curies":[{"name":"wp","href":"https:\/\/api.w.org\/{rel}","templated":true}]}}