{"id":40411,"date":"2022-11-30T22:43:26","date_gmt":"2022-11-30T20:43:26","guid":{"rendered":"https:\/\/siluteinfo.lt\/ueber-uns\/haufig-gestellte-fragen\/"},"modified":"2025-04-22T12:49:13","modified_gmt":"2025-04-22T10:49:13","slug":"haufig-gestellte-fragen","status":"publish","type":"page","link":"https:\/\/siluteinfo.lt\/de\/ueber-uns\/haufig-gestellte-fragen\/","title":{"rendered":"H\u00e4ufig gestellte Fragen"},"content":{"rendered":"\t\t<div data-elementor-type=\"wp-page\" data-elementor-id=\"40411\" class=\"elementor elementor-40411 elementor-18689\" data-elementor-post-type=\"page\">\n\t\t\t\t\t\t<section class=\"wd-negative-gap elementor-section elementor-top-section elementor-element elementor-element-e5cd986 elementor-section-boxed elementor-section-height-default elementor-section-height-default\" data-id=\"e5cd986\" data-element_type=\"section\" data-e-type=\"section\">\n\t\t\t\t\t\t<div class=\"elementor-container elementor-column-gap-default\">\n\t\t\t\t\t<div class=\"elementor-column elementor-col-100 elementor-top-column elementor-element elementor-element-fa662c1\" data-id=\"fa662c1\" data-element_type=\"column\" data-e-type=\"column\">\n\t\t\t<div class=\"elementor-widget-wrap elementor-element-populated\">\n\t\t\t\t\t\t<div class=\"elementor-element elementor-element-c924270 elementor-widget elementor-widget-wd_text_block\" data-id=\"c924270\" data-element_type=\"widget\" data-e-type=\"widget\" data-widget_type=\"wd_text_block.default\">\n\t\t\t\t<div class=\"elementor-widget-container\">\n\t\t\t\t\t\t\t<div class=\"wd-text-block reset-last-child text-left\">\n\t\t\t\n\t\t\t<h4><strong>Welche Dienstleistungen bieten Sie an?<\/strong><\/h4><p>Die angebotenen Dienstleistungen und Preise finden Sie hier: <span style=\"color: #0000ff;\"><a style=\"color: #0000ff;\" href=\"https:\/\/siluteinfo.lt\/de\/ueber-uns\/dienstleistungen\/\">https:\/\/siluteinfo.lt\/apie-mus\/paslaugos\/<\/a><\/span><\/p><h4><strong>Wo finde ich Informationen \u00fcber Reiseleiter?<\/strong><\/h4><p>Informationen zu Reiseleitern finden Sie unter: <span style=\"color: #0000ff;\"><a style=\"color: #0000ff;\" href=\"https:\/\/siluteinfo.lt\/de\/freizeit\/reiseleiter\/\">https:\/\/siluteinfo.lt\/laisvalaikis\/gidai\/<\/a><\/span><\/p><h4><strong>Welche F\u00e4hren kann man nutzen, um nach Nida zu gelangen?<\/strong><\/h4><p>Informationen zu F\u00e4hren, Routen, Preisen und Fahrpl\u00e4nen in der Saison: <span style=\"color: #0000ff;\"><a style=\"color: #0000ff;\" href=\"https:\/\/siluteinfo.lt\/de\/transport\/faehren\/\">https:\/\/siluteinfo.lt\/susisiekimas\/keltai\/<\/a><\/span><\/p><h4><strong>Kann man mit dem Zug nach \u0160ilut\u0117 reisen?<\/strong><\/h4><p>Ja. Der Zug f\u00e4hrt t\u00e4glich die Strecke Klaip\u0117da\u2013\u0160ilut\u0117\u2013Klaip\u0117da. Fahrplan: <span style=\"color: #0000ff;\"><a style=\"color: #0000ff;\" href=\"https:\/\/siluteinfo.lt\/de\/transport\/zuege\/\">https:\/\/siluteinfo.lt\/susisiekimas\/traukiniai\/<\/a><\/span>  <\/p>\n\t\t\t\t\t<\/div>\n\t\t\t\t\t\t<\/div>\n\t\t\t\t<\/div>\n\t\t\t\t\t<\/div>\n\t\t<\/div>\n\t\t\t\t\t<\/div>\n\t\t<\/section>\n\t\t\t\t<\/div>\n\t\t","protected":false},"excerpt":{"rendered":"<p>Welche Dienstleistungen bieten Sie an? Die angebotenen Dienstleistungen und Preise finden Sie hier: https:\/\/siluteinfo.lt\/apie-mus\/paslaugos\/ Wo finde ich Informationen \u00fcber Reiseleiter?<\/p>\n","protected":false},"author":2,"featured_media":0,"parent":22952,"menu_order":16,"comment_status":"closed","ping_status":"closed","template":"","meta":{"_acf_changed":false,"_monsterinsights_skip_tracking":false,"_monsterinsights_sitenote_active":false,"_monsterinsights_sitenote_note":"","_monsterinsights_sitenote_category":0,"footnotes":""},"class_list":["post-40411","page","type-page","status-publish","hentry"],"acf":[],"_links":{"self":[{"href":"https:\/\/siluteinfo.lt\/de\/wp-json\/wp\/v2\/pages\/40411","targetHints":{"allow":["GET"]}}],"collection":[{"href":"https:\/\/siluteinfo.lt\/de\/wp-json\/wp\/v2\/pages"}],"about":[{"href":"https:\/\/siluteinfo.lt\/de\/wp-json\/wp\/v2\/types\/page"}],"author":[{"embeddable":true,"href":"https:\/\/siluteinfo.lt\/de\/wp-json\/wp\/v2\/users\/2"}],"replies":[{"embeddable":true,"href":"https:\/\/siluteinfo.lt\/de\/wp-json\/wp\/v2\/comments?post=40411"}],"version-history":[{"count":0,"href":"https:\/\/siluteinfo.lt\/de\/wp-json\/wp\/v2\/pages\/40411\/revisions"}],"up":[{"embeddable":true,"href":"https:\/\/siluteinfo.lt\/de\/wp-json\/wp\/v2\/pages\/22952"}],"wp:attachment":[{"href":"https:\/\/siluteinfo.lt\/de\/wp-json\/wp\/v2\/media?parent=40411"}],"curies":[{"name":"wp","href":"https:\/\/api.w.org\/{rel}","templated":true}]}}