{"id":40395,"date":"2022-11-30T22:45:59","date_gmt":"2022-11-30T19:45:59","guid":{"rendered":"https:\/\/siluteinfo.lt\/ueber-uns\/oeffentliche-konsultation\/"},"modified":"2025-04-22T12:35:29","modified_gmt":"2025-04-22T10:35:29","slug":"oeffentliche-konsultation","status":"publish","type":"page","link":"https:\/\/siluteinfo.lt\/de\/ueber-uns\/oeffentliche-konsultation\/","title":{"rendered":"\u00d6ffentliche Konsultation"},"content":{"rendered":"\t\t<div data-elementor-type=\"wp-page\" data-elementor-id=\"40395\" class=\"elementor elementor-40395 elementor-18695\" data-elementor-post-type=\"page\">\n\t\t\t\t\t\t<section class=\"wd-negative-gap elementor-section elementor-top-section elementor-element elementor-element-76e54d97 elementor-section-boxed elementor-section-height-default elementor-section-height-default\" data-id=\"76e54d97\" data-element_type=\"section\" data-e-type=\"section\">\n\t\t\t\t\t\t<div class=\"elementor-container elementor-column-gap-default\">\n\t\t\t\t\t<div class=\"elementor-column elementor-col-100 elementor-top-column elementor-element elementor-element-54380a35\" data-id=\"54380a35\" data-element_type=\"column\" data-e-type=\"column\">\n\t\t\t<div class=\"elementor-widget-wrap elementor-element-populated\">\n\t\t\t\t\t\t<div class=\"elementor-element elementor-element-11863c42 color-scheme-inherit text-left elementor-widget elementor-widget-text-editor\" data-id=\"11863c42\" data-element_type=\"widget\" data-e-type=\"widget\" data-widget_type=\"text-editor.default\">\n\t\t\t\t<div class=\"elementor-widget-container\">\n\t\t\t\t\t\t\t\t\t<p>Derzeit finden keine laufenden oder geplanten \u00f6ffentlichen Konsultationen zu f\u00fcr die \u00d6ffentlichkeit oder die Einrichtung relevanten Themen statt.<\/p>\t\t\t\t\t\t\t\t<\/div>\n\t\t\t\t<\/div>\n\t\t\t\t\t<\/div>\n\t\t<\/div>\n\t\t\t\t\t<\/div>\n\t\t<\/section>\n\t\t\t\t<\/div>\n\t\t","protected":false},"excerpt":{"rendered":"<p>Derzeit finden keine laufenden oder geplanten \u00f6ffentlichen Konsultationen zu f\u00fcr die \u00d6ffentlichkeit oder die Einrichtung relevanten Themen statt.<\/p>\n","protected":false},"author":2,"featured_media":0,"parent":22952,"menu_order":17,"comment_status":"closed","ping_status":"closed","template":"","meta":{"_acf_changed":false,"_monsterinsights_skip_tracking":false,"_monsterinsights_sitenote_active":false,"_monsterinsights_sitenote_note":"","_monsterinsights_sitenote_category":0,"footnotes":""},"class_list":["post-40395","page","type-page","status-publish","hentry"],"acf":[],"_links":{"self":[{"href":"https:\/\/siluteinfo.lt\/de\/wp-json\/wp\/v2\/pages\/40395","targetHints":{"allow":["GET"]}}],"collection":[{"href":"https:\/\/siluteinfo.lt\/de\/wp-json\/wp\/v2\/pages"}],"about":[{"href":"https:\/\/siluteinfo.lt\/de\/wp-json\/wp\/v2\/types\/page"}],"author":[{"embeddable":true,"href":"https:\/\/siluteinfo.lt\/de\/wp-json\/wp\/v2\/users\/2"}],"replies":[{"embeddable":true,"href":"https:\/\/siluteinfo.lt\/de\/wp-json\/wp\/v2\/comments?post=40395"}],"version-history":[{"count":0,"href":"https:\/\/siluteinfo.lt\/de\/wp-json\/wp\/v2\/pages\/40395\/revisions"}],"up":[{"embeddable":true,"href":"https:\/\/siluteinfo.lt\/de\/wp-json\/wp\/v2\/pages\/22952"}],"wp:attachment":[{"href":"https:\/\/siluteinfo.lt\/de\/wp-json\/wp\/v2\/media?parent=40395"}],"curies":[{"name":"wp","href":"https:\/\/api.w.org\/{rel}","templated":true}]}}