{"id":40374,"date":"2022-05-24T12:32:06","date_gmt":"2022-05-24T10:32:06","guid":{"rendered":"https:\/\/siluteinfo.lt\/ueber-uns\/bewerten-sie-uns\/"},"modified":"2025-04-22T12:17:27","modified_gmt":"2025-04-22T10:17:27","slug":"bewerten-sie-uns","status":"publish","type":"page","link":"https:\/\/siluteinfo.lt\/de\/ueber-uns\/bewerten-sie-uns\/","title":{"rendered":"Bewerten Sie uns"},"content":{"rendered":"\t\t<div data-elementor-type=\"wp-page\" data-elementor-id=\"40374\" class=\"elementor elementor-40374 elementor-10602\" data-elementor-post-type=\"page\">\n\t\t\t\t\t\t<section class=\"wd-negative-gap elementor-section elementor-top-section elementor-element elementor-element-a60c86a elementor-section-boxed elementor-section-height-default elementor-section-height-default\" data-id=\"a60c86a\" data-element_type=\"section\" data-e-type=\"section\">\n\t\t\t\t\t\t<div class=\"elementor-container elementor-column-gap-default\">\n\t\t\t\t\t<div class=\"elementor-column elementor-col-100 elementor-top-column elementor-element elementor-element-6488df9\" data-id=\"6488df9\" data-element_type=\"column\" data-e-type=\"column\">\n\t\t\t<div class=\"elementor-widget-wrap elementor-element-populated\">\n\t\t\t\t\t\t<div class=\"elementor-element elementor-element-e71e666 elementor-widget elementor-widget-shortcode\" data-id=\"e71e666\" data-element_type=\"widget\" data-e-type=\"widget\" data-widget_type=\"shortcode.default\">\n\t\t\t\t<div class=\"elementor-widget-container\">\n\t\t\t\t\t\t\t<div class=\"elementor-shortcode\"><div class=\"forminator-ui forminator-custom-form forminator-custom-form-13598 forminator-design--flat  forminator_ajax\" data-forminator-render=\"0\" data-form=\"forminator-module-13598\" data-uid=\"69e5b927c0c48\"><br\/><\/div><form\n\t\t\t\tid=\"forminator-module-13598\"\n\t\t\t\tclass=\"forminator-ui forminator-custom-form forminator-custom-form-13598 forminator-design--flat  forminator_ajax\"\n\t\t\t\tmethod=\"post\"\n\t\t\t\tdata-forminator-render=\"0\"\n\t\t\t\tdata-form-id=\"13598\"\n\t\t\t\t data-color-option=\"default\" data-design=\"flat\" data-grid=\"open\" style=\"display: none;\"\n\t\t\t\tdata-uid=\"69e5b927c0c48\"\n\t\t\t><div role=\"alert\" aria-live=\"polite\" class=\"forminator-response-message forminator-error\" aria-hidden=\"true\"><\/div><div class=\"forminator-pagination-progress\" aria-hidden=\"true\"><\/div><div\n\t\t\t\ttabindex=\"-1\"\n\t\t\t\trole=\"tabpanel\"\n\t\t\t\tid=\"forminator-custom-form-13598--page-0\"\n\t\t\t\tclass=\"forminator-pagination forminator-pagination-start\"\n\t\t\t\taria-labelledby=\"forminator-custom-form-13598--page-0-label\"\n\t\t\t\tdata-step=\"0\"\n\t\t\t\tdata-label=\"5\"\n\t\t\t\tdata-actual-label=\"1\"\n\t\t\t\tdata-name=\"page-break-1\"\n\t\t\t><div class=\"forminator-pagination--content\"><div class=\"forminator-row\"><div id=\"radio-1\" class=\"forminator-field-radio forminator-col forminator-col-12 \"><div role=\"radiogroup\" class=\"forminator-field\" aria-labelledby=\"forminator-radiogroup-radio-1-69e5b927c0c48-label\"><span id=\"forminator-radiogroup-radio-1-69e5b927c0c48-label\" class=\"forminator-label\">Kokiu b\u016bdu \u0160ilut\u0117s turizmo informacijos centras jums suteik\u0117 informacij\u0105? <span class=\"forminator-required\">*<\/span><\/span><label id=\"forminator-field-radio-1-label-1\" for=\"forminator-field-radio-1-1-69e5b927c0c48\" class=\"forminator-radio\" title=\"Lankantis \u0160ilut\u0117s turizmo informacijos centre\"><input type=\"radio\" name=\"radio-1\" value=\"Lankantis-\u0160ilut\u0117s-turizmo-informacijos-centre\" id=\"forminator-field-radio-1-1-69e5b927c0c48\" aria-labelledby=\"forminator-field-radio-1-label-1\" data-calculation=\"0\"  \/><span class=\"forminator-radio-bullet\" aria-hidden=\"true\"><\/span><span class=\"forminator-radio-label\">Lankantis \u0160ilut\u0117s turizmo informacijos centre<\/span><\/label><label id=\"forminator-field-radio-1-label-2\" for=\"forminator-field-radio-1-2-69e5b927c0c48\" class=\"forminator-radio\" title=\"Telefonu\"><input type=\"radio\" name=\"radio-1\" value=\"Telefonu\" id=\"forminator-field-radio-1-2-69e5b927c0c48\" aria-labelledby=\"forminator-field-radio-1-label-2\" data-calculation=\"0\"  \/><span class=\"forminator-radio-bullet\" aria-hidden=\"true\"><\/span><span class=\"forminator-radio-label\">Telefonu<\/span><\/label><label id=\"forminator-field-radio-1-label-3\" for=\"forminator-field-radio-1-3-69e5b927c0c48\" class=\"forminator-radio\" title=\"Elektroniniu pa\u0161tu\"><input type=\"radio\" name=\"radio-1\" value=\"Elektroniniu-pa\u0161tu\" id=\"forminator-field-radio-1-3-69e5b927c0c48\" aria-labelledby=\"forminator-field-radio-1-label-3\" data-calculation=\"0\"  \/><span class=\"forminator-radio-bullet\" aria-hidden=\"true\"><\/span><span class=\"forminator-radio-label\">Elektroniniu pa\u0161tu<\/span><\/label><label id=\"forminator-field-radio-1-label-4\" for=\"forminator-field-radio-1-4-69e5b927c0c48\" class=\"forminator-radio\" title=\"Socialiniuose tinkluose\"><input type=\"radio\" name=\"radio-1\" value=\"Socialiniuose-tinkluose\" id=\"forminator-field-radio-1-4-69e5b927c0c48\" aria-labelledby=\"forminator-field-radio-1-label-4\" data-calculation=\"0\"  \/><span class=\"forminator-radio-bullet\" aria-hidden=\"true\"><\/span><span class=\"forminator-radio-label\">Socialiniuose tinkluose<\/span><\/label><\/div><\/div><\/div><\/div><\/div><div\n\t\t\t\ttabindex=\"-1\"\n\t\t\t\trole=\"tabpanel\"\n\t\t\t\tid=\"forminator-custom-form-13598--page-1\"\n\t\t\t\tclass=\"forminator-pagination\"\n\t\t\t\taria-labelledby=\"forminator-custom-form-13598--page-1-label\"\n\t\t\t\taria-hidden=\"true\"\n\t\t\t\tdata-step=\"1\"\n\t\t\t\tdata-label=\"1\"\n\t\t\t\tdata-actual-label=\"2\"\n\t\t\t\tdata-name=\"page-break-2\"\n\t\t\t\thidden\n\t\t\t><div class=\"forminator-pagination--content\"><div class=\"forminator-row\"><div id=\"radio-2\" class=\"forminator-field-radio forminator-col forminator-col-12 \"><div role=\"radiogroup\" class=\"forminator-field\" aria-labelledby=\"forminator-radiogroup-radio-2-69e5b927c0c48-label\"><span id=\"forminator-radiogroup-radio-2-69e5b927c0c48-label\" class=\"forminator-label\">Kaip vertinate \u0160ilut\u0117s turizmo informacijos centro darbuotoj\u0173 aptarnavimo kult\u016br\u0105 (d\u0117mesys, aktualios informacijos pateikimas) apsilankymo \u012fstaigoje ar pokalbio telefonu metu? <span class=\"forminator-required\">*<\/span><\/span><label id=\"forminator-field-radio-2-label-1\" for=\"forminator-field-radio-2-1-69e5b927c0c48\" class=\"forminator-radio\" title=\"Labai gerai\"><input type=\"radio\" name=\"radio-2\" value=\"Labai-gerai\" id=\"forminator-field-radio-2-1-69e5b927c0c48\" aria-labelledby=\"forminator-field-radio-2-label-1\" data-calculation=\"0\"  \/><span class=\"forminator-radio-bullet\" aria-hidden=\"true\"><\/span><span class=\"forminator-radio-label\">Labai gerai<\/span><\/label><label id=\"forminator-field-radio-2-label-2\" for=\"forminator-field-radio-2-2-69e5b927c0c48\" class=\"forminator-radio\" title=\"Gerai\"><input type=\"radio\" name=\"radio-2\" value=\"Gerai\" id=\"forminator-field-radio-2-2-69e5b927c0c48\" aria-labelledby=\"forminator-field-radio-2-label-2\" data-calculation=\"0\"  \/><span class=\"forminator-radio-bullet\" aria-hidden=\"true\"><\/span><span class=\"forminator-radio-label\">Gerai<\/span><\/label><label id=\"forminator-field-radio-2-label-3\" for=\"forminator-field-radio-2-3-69e5b927c0c48\" class=\"forminator-radio\" title=\"Neturiu nuomon\u0117s\"><input type=\"radio\" name=\"radio-2\" value=\"Neturiu-nuomon\u0117s\" id=\"forminator-field-radio-2-3-69e5b927c0c48\" aria-labelledby=\"forminator-field-radio-2-label-3\" data-calculation=\"0\"  \/><span class=\"forminator-radio-bullet\" aria-hidden=\"true\"><\/span><span class=\"forminator-radio-label\">Neturiu nuomon\u0117s<\/span><\/label><label id=\"forminator-field-radio-2-label-4\" for=\"forminator-field-radio-2-4-69e5b927c0c48\" class=\"forminator-radio\" title=\"Blogai\"><input type=\"radio\" name=\"radio-2\" value=\"Blogai\" id=\"forminator-field-radio-2-4-69e5b927c0c48\" aria-labelledby=\"forminator-field-radio-2-label-4\" data-calculation=\"0\"  \/><span class=\"forminator-radio-bullet\" aria-hidden=\"true\"><\/span><span class=\"forminator-radio-label\">Blogai<\/span><\/label><label id=\"forminator-field-radio-2-label-5\" for=\"forminator-field-radio-2-5-69e5b927c0c48\" class=\"forminator-radio\" title=\"Labai blogai\"><input type=\"radio\" name=\"radio-2\" value=\"Labai-blogai\" id=\"forminator-field-radio-2-5-69e5b927c0c48\" aria-labelledby=\"forminator-field-radio-2-label-5\" data-calculation=\"0\"  \/><span class=\"forminator-radio-bullet\" aria-hidden=\"true\"><\/span><span class=\"forminator-radio-label\">Labai blogai<\/span><\/label><\/div><\/div><\/div><\/div><\/div><div\n\t\t\t\ttabindex=\"-1\"\n\t\t\t\trole=\"tabpanel\"\n\t\t\t\tid=\"forminator-custom-form-13598--page-2\"\n\t\t\t\tclass=\"forminator-pagination\"\n\t\t\t\taria-labelledby=\"forminator-custom-form-13598--page-2-label\"\n\t\t\t\taria-hidden=\"true\"\n\t\t\t\tdata-step=\"2\"\n\t\t\t\tdata-label=\"2\"\n\t\t\t\tdata-actual-label=\"3\"\n\t\t\t\tdata-name=\"page-break-3\"\n\t\t\t\thidden\n\t\t\t><div class=\"forminator-pagination--content\"><div class=\"forminator-row\"><div id=\"radio-3\" class=\"forminator-field-radio forminator-col forminator-col-12 \"><div role=\"radiogroup\" class=\"forminator-field\" aria-labelledby=\"forminator-radiogroup-radio-3-69e5b927c0c48-label\"><span id=\"forminator-radiogroup-radio-3-69e5b927c0c48-label\" class=\"forminator-label\">Kaip vertinate suteikt\u0173 paslaug\u0173 ar suteiktos informacijos kokyb\u0119? <span class=\"forminator-required\">*<\/span><\/span><label id=\"forminator-field-radio-3-label-1\" for=\"forminator-field-radio-3-1-69e5b927c0c48\" class=\"forminator-radio\" title=\"Labai gerai\"><input type=\"radio\" name=\"radio-3\" value=\"Labai-gerai\" id=\"forminator-field-radio-3-1-69e5b927c0c48\" aria-labelledby=\"forminator-field-radio-3-label-1\" data-calculation=\"0\"  \/><span class=\"forminator-radio-bullet\" aria-hidden=\"true\"><\/span><span class=\"forminator-radio-label\">Labai gerai<\/span><\/label><label id=\"forminator-field-radio-3-label-2\" for=\"forminator-field-radio-3-2-69e5b927c0c48\" class=\"forminator-radio\" title=\"Gerai\"><input type=\"radio\" name=\"radio-3\" value=\"Gerai\" id=\"forminator-field-radio-3-2-69e5b927c0c48\" aria-labelledby=\"forminator-field-radio-3-label-2\" data-calculation=\"0\"  \/><span class=\"forminator-radio-bullet\" aria-hidden=\"true\"><\/span><span class=\"forminator-radio-label\">Gerai<\/span><\/label><label id=\"forminator-field-radio-3-label-3\" for=\"forminator-field-radio-3-3-69e5b927c0c48\" class=\"forminator-radio\" title=\"Neturiu nuomon\u0117s\"><input type=\"radio\" name=\"radio-3\" value=\"Neturiu-nuomon\u0117s\" id=\"forminator-field-radio-3-3-69e5b927c0c48\" aria-labelledby=\"forminator-field-radio-3-label-3\" data-calculation=\"0\"  \/><span class=\"forminator-radio-bullet\" aria-hidden=\"true\"><\/span><span class=\"forminator-radio-label\">Neturiu nuomon\u0117s<\/span><\/label><label id=\"forminator-field-radio-3-label-4\" for=\"forminator-field-radio-3-4-69e5b927c0c48\" class=\"forminator-radio\" title=\"Blogai\"><input type=\"radio\" name=\"radio-3\" value=\"Blogai\" id=\"forminator-field-radio-3-4-69e5b927c0c48\" aria-labelledby=\"forminator-field-radio-3-label-4\" data-calculation=\"0\"  \/><span class=\"forminator-radio-bullet\" aria-hidden=\"true\"><\/span><span class=\"forminator-radio-label\">Blogai<\/span><\/label><label id=\"forminator-field-radio-3-label-5\" for=\"forminator-field-radio-3-5-69e5b927c0c48\" class=\"forminator-radio\" title=\"Labai blogai\"><input type=\"radio\" name=\"radio-3\" value=\"Labai-blogai\" id=\"forminator-field-radio-3-5-69e5b927c0c48\" aria-labelledby=\"forminator-field-radio-3-label-5\" data-calculation=\"0\"  \/><span class=\"forminator-radio-bullet\" aria-hidden=\"true\"><\/span><span class=\"forminator-radio-label\">Labai blogai<\/span><\/label><\/div><\/div><\/div><\/div><\/div><div\n\t\t\t\ttabindex=\"-1\"\n\t\t\t\trole=\"tabpanel\"\n\t\t\t\tid=\"forminator-custom-form-13598--page-3\"\n\t\t\t\tclass=\"forminator-pagination\"\n\t\t\t\taria-labelledby=\"forminator-custom-form-13598--page-3-label\"\n\t\t\t\taria-hidden=\"true\"\n\t\t\t\tdata-step=\"3\"\n\t\t\t\tdata-label=\"3\"\n\t\t\t\tdata-actual-label=\"4\"\n\t\t\t\tdata-name=\"page-break-4\"\n\t\t\t\thidden\n\t\t\t><div class=\"forminator-pagination--content\"><div class=\"forminator-row\"><div id=\"radio-4\" class=\"forminator-field-radio forminator-col forminator-col-12 \"><div role=\"radiogroup\" class=\"forminator-field\" aria-labelledby=\"forminator-radiogroup-radio-4-69e5b927c0c48-label\"><span id=\"forminator-radiogroup-radio-4-69e5b927c0c48-label\" class=\"forminator-label\">Kaip vertinate \u0160ilut\u0117s turizmo informacijos centro internetin\u0117je svetain\u0117je pateikiamos informacijos aktualum\u0105 ir ai\u0161kum\u0105? <span class=\"forminator-required\">*<\/span><\/span><label id=\"forminator-field-radio-4-label-1\" for=\"forminator-field-radio-4-1-69e5b927c0c48\" class=\"forminator-radio\" title=\"Labai gerai\"><input type=\"radio\" name=\"radio-4\" value=\"Labai-gerai\" id=\"forminator-field-radio-4-1-69e5b927c0c48\" aria-labelledby=\"forminator-field-radio-4-label-1\" data-calculation=\"0\"  \/><span class=\"forminator-radio-bullet\" aria-hidden=\"true\"><\/span><span class=\"forminator-radio-label\">Labai gerai<\/span><\/label><label id=\"forminator-field-radio-4-label-2\" for=\"forminator-field-radio-4-2-69e5b927c0c48\" class=\"forminator-radio\" title=\"Gerai\"><input type=\"radio\" name=\"radio-4\" value=\"Gerai\" id=\"forminator-field-radio-4-2-69e5b927c0c48\" aria-labelledby=\"forminator-field-radio-4-label-2\" data-calculation=\"0\"  \/><span class=\"forminator-radio-bullet\" aria-hidden=\"true\"><\/span><span class=\"forminator-radio-label\">Gerai<\/span><\/label><label id=\"forminator-field-radio-4-label-3\" for=\"forminator-field-radio-4-3-69e5b927c0c48\" class=\"forminator-radio\" title=\"Neturiu nuomon\u0117s\"><input type=\"radio\" name=\"radio-4\" value=\"Neturiu-nuomon\u0117s\" id=\"forminator-field-radio-4-3-69e5b927c0c48\" aria-labelledby=\"forminator-field-radio-4-label-3\" data-calculation=\"0\"  \/><span class=\"forminator-radio-bullet\" aria-hidden=\"true\"><\/span><span class=\"forminator-radio-label\">Neturiu nuomon\u0117s<\/span><\/label><label id=\"forminator-field-radio-4-label-4\" for=\"forminator-field-radio-4-4-69e5b927c0c48\" class=\"forminator-radio\" title=\"Blogai\"><input type=\"radio\" name=\"radio-4\" value=\"Blogai\" id=\"forminator-field-radio-4-4-69e5b927c0c48\" aria-labelledby=\"forminator-field-radio-4-label-4\" data-calculation=\"0\"  \/><span class=\"forminator-radio-bullet\" aria-hidden=\"true\"><\/span><span class=\"forminator-radio-label\">Blogai<\/span><\/label><label id=\"forminator-field-radio-4-label-5\" for=\"forminator-field-radio-4-5-69e5b927c0c48\" class=\"forminator-radio\" title=\"Labai blogai\"><input type=\"radio\" name=\"radio-4\" value=\"Labai-blogai\" id=\"forminator-field-radio-4-5-69e5b927c0c48\" aria-labelledby=\"forminator-field-radio-4-label-5\" data-calculation=\"0\"  \/><span class=\"forminator-radio-bullet\" aria-hidden=\"true\"><\/span><span class=\"forminator-radio-label\">Labai blogai<\/span><\/label><\/div><\/div><\/div><\/div><\/div><div\n\t\t\t\ttabindex=\"-1\"\n\t\t\t\trole=\"tabpanel\"\n\t\t\t\tid=\"forminator-custom-form-13598--page-4\"\n\t\t\t\tclass=\"forminator-pagination\"\n\t\t\t\taria-labelledby=\"forminator-custom-form-13598--page-4-label\"\n\t\t\t\taria-hidden=\"true\"\n\t\t\t\tdata-step=\"4\"\n\t\t\t\tdata-label=\"4\"\n\t\t\t\tdata-actual-label=\"5\"\n\t\t\t\tdata-name=\"\"\n\t\t\t\thidden\n\t\t\t><div class=\"forminator-pagination--content\"><div class=\"forminator-row\"><div id=\"textarea-1\" class=\"forminator-field-textarea forminator-col forminator-col-12 \"><div class=\"forminator-field\"><label for=\"forminator-field-textarea-1_69e5b927c0c48\" id=\"forminator-field-textarea-1_69e5b927c0c48-label\" class=\"forminator-label\">J\u016bs\u0173 pageidavimai ir pasi\u016blymai<\/label><textarea name=\"textarea-1\" placeholder=\"J\u016bs\u0173 pasi\u016blymai\" id=\"forminator-field-textarea-1_69e5b927c0c48\" class=\"forminator-textarea\" rows=\"6\" style=\"min-height:140px;\" ><\/textarea><\/div><\/div><\/div><\/div><button class=\"forminator-button forminator-pagination-submit\" style=\"display: none;\" disabled>Pateikti<\/button><\/div><input type=\"hidden\" name=\"referer_url\" value=\"\" \/><input type=\"hidden\" id=\"forminator_nonce\" name=\"forminator_nonce\" value=\"03102fbce0\" \/><input type=\"hidden\" name=\"_wp_http_referer\" value=\"\/de\/wp-json\/wp\/v2\/pages\/40374\" \/><input type=\"hidden\" name=\"form_id\" value=\"13598\"><input type=\"hidden\" name=\"page_id\" value=\"40374\"><input type=\"hidden\" name=\"form_type\" value=\"default\"><input type=\"hidden\" name=\"current_url\" value=\"https:\/\/siluteinfo.lt\/de\/ueber-uns\/bewerten-sie-uns\/\"><input type=\"hidden\" name=\"render_id\" value=\"0\"><input type=\"hidden\" name=\"action\" value=\"forminator_submit_form_custom-forms\"><\/form><\/div>\n\t\t\t\t\t\t<\/div>\n\t\t\t\t<\/div>\n\t\t\t\t\t<\/div>\n\t\t<\/div>\n\t\t\t\t\t<\/div>\n\t\t<\/section>\n\t\t\t\t<\/div>\n\t\t","protected":false},"excerpt":{"rendered":"","protected":false},"author":1,"featured_media":0,"parent":22952,"menu_order":19,"comment_status":"closed","ping_status":"closed","template":"","meta":{"_acf_changed":false,"_monsterinsights_skip_tracking":false,"_monsterinsights_sitenote_active":false,"_monsterinsights_sitenote_note":"","_monsterinsights_sitenote_category":0,"footnotes":""},"class_list":["post-40374","page","type-page","status-publish","hentry"],"acf":[],"_links":{"self":[{"href":"https:\/\/siluteinfo.lt\/de\/wp-json\/wp\/v2\/pages\/40374","targetHints":{"allow":["GET"]}}],"collection":[{"href":"https:\/\/siluteinfo.lt\/de\/wp-json\/wp\/v2\/pages"}],"about":[{"href":"https:\/\/siluteinfo.lt\/de\/wp-json\/wp\/v2\/types\/page"}],"author":[{"embeddable":true,"href":"https:\/\/siluteinfo.lt\/de\/wp-json\/wp\/v2\/users\/1"}],"replies":[{"embeddable":true,"href":"https:\/\/siluteinfo.lt\/de\/wp-json\/wp\/v2\/comments?post=40374"}],"version-history":[{"count":0,"href":"https:\/\/siluteinfo.lt\/de\/wp-json\/wp\/v2\/pages\/40374\/revisions"}],"up":[{"embeddable":true,"href":"https:\/\/siluteinfo.lt\/de\/wp-json\/wp\/v2\/pages\/22952"}],"wp:attachment":[{"href":"https:\/\/siluteinfo.lt\/de\/wp-json\/wp\/v2\/media?parent=40374"}],"curies":[{"name":"wp","href":"https:\/\/api.w.org\/{rel}","templated":true}]}}