{"id":40325,"date":"2022-05-24T12:20:51","date_gmt":"2022-05-24T10:20:51","guid":{"rendered":"https:\/\/siluteinfo.lt\/ueber-uns\/offene-daten\/"},"modified":"2025-04-22T10:32:39","modified_gmt":"2025-04-22T08:32:39","slug":"offene-daten","status":"publish","type":"page","link":"https:\/\/siluteinfo.lt\/de\/ueber-uns\/offene-daten\/","title":{"rendered":"Offene Daten"},"content":{"rendered":"\t\t<div data-elementor-type=\"wp-page\" data-elementor-id=\"40325\" class=\"elementor elementor-40325 elementor-10590\" data-elementor-post-type=\"page\">\n\t\t\t\t\t\t<section class=\"wd-negative-gap elementor-section elementor-top-section elementor-element elementor-element-4c8c6ad9 elementor-section-boxed elementor-section-height-default elementor-section-height-default\" data-id=\"4c8c6ad9\" data-element_type=\"section\" data-e-type=\"section\">\n\t\t\t\t\t\t<div class=\"elementor-container elementor-column-gap-default\">\n\t\t\t\t\t<div class=\"elementor-column elementor-col-100 elementor-top-column elementor-element elementor-element-41d404a5\" data-id=\"41d404a5\" data-element_type=\"column\" data-e-type=\"column\">\n\t\t\t<div class=\"elementor-widget-wrap elementor-element-populated\">\n\t\t\t\t\t\t<div class=\"elementor-element elementor-element-4c4d6da8 color-scheme-inherit text-left elementor-widget elementor-widget-text-editor\" data-id=\"4c4d6da8\" data-element_type=\"widget\" data-e-type=\"widget\" data-widget_type=\"text-editor.default\">\n\t\t\t\t<div class=\"elementor-widget-container\">\n\t\t\t\t\t\t\t\t\t\n<p class=\"has-black-color has-text-color\">Offene Daten \u2013 frei zug\u00e4ngliche, anonymisierte Daten, Informationen oder Teile davon, die in den T\u00e4tigkeiten oder Dokumenten einer Institution erfasst und gesammelt werden und in maschinenlesbaren, offenen Formaten bereitgestellt werden. Dazu geh\u00f6ren auch Daten aus Datenquellen \u00f6ffentlicher Einrichtungen, die von jedermann f\u00fcr beliebige Zwecke unter Angabe der Quelle und unter Einhaltung der Nutzungsbedingungen wiederverwendet und verbreitet werden d\u00fcrfen.<\/p>\n\n<p class=\"has-black-color has-text-color\">Das Tourismusinformationszentrum \u0160ilut\u0117 verwaltet keine offenen Datendateien.<\/p>\n\n<p class=\"has-black-color has-text-color\">Wir laden Sie ein, das litauische Open-Data-Portal zu nutzen \u2013 <a href=\"https:\/\/data.gov.lt\/\" target=\"_blank\" rel=\"noopener\">https:\/\/data.gov.lt\/<\/a><\/p>\n\t\t\t\t\t\t\t\t<\/div>\n\t\t\t\t<\/div>\n\t\t\t\t\t<\/div>\n\t\t<\/div>\n\t\t\t\t\t<\/div>\n\t\t<\/section>\n\t\t\t\t<\/div>\n\t\t","protected":false},"excerpt":{"rendered":"<p>Offene Daten \u2013 frei zug\u00e4ngliche, anonymisierte Daten, Informationen oder Teile davon, die in den T\u00e4tigkeiten oder Dokumenten einer Institution erfasst<\/p>\n","protected":false},"author":1,"featured_media":0,"parent":22952,"menu_order":5,"comment_status":"closed","ping_status":"closed","template":"","meta":{"_acf_changed":false,"_monsterinsights_skip_tracking":false,"_monsterinsights_sitenote_active":false,"_monsterinsights_sitenote_note":"","_monsterinsights_sitenote_category":0,"footnotes":""},"class_list":["post-40325","page","type-page","status-publish","hentry"],"acf":[],"_links":{"self":[{"href":"https:\/\/siluteinfo.lt\/de\/wp-json\/wp\/v2\/pages\/40325","targetHints":{"allow":["GET"]}}],"collection":[{"href":"https:\/\/siluteinfo.lt\/de\/wp-json\/wp\/v2\/pages"}],"about":[{"href":"https:\/\/siluteinfo.lt\/de\/wp-json\/wp\/v2\/types\/page"}],"author":[{"embeddable":true,"href":"https:\/\/siluteinfo.lt\/de\/wp-json\/wp\/v2\/users\/1"}],"replies":[{"embeddable":true,"href":"https:\/\/siluteinfo.lt\/de\/wp-json\/wp\/v2\/comments?post=40325"}],"version-history":[{"count":0,"href":"https:\/\/siluteinfo.lt\/de\/wp-json\/wp\/v2\/pages\/40325\/revisions"}],"up":[{"embeddable":true,"href":"https:\/\/siluteinfo.lt\/de\/wp-json\/wp\/v2\/pages\/22952"}],"wp:attachment":[{"href":"https:\/\/siluteinfo.lt\/de\/wp-json\/wp\/v2\/media?parent=40325"}],"curies":[{"name":"wp","href":"https:\/\/api.w.org\/{rel}","templated":true}]}}