{"id":40302,"date":"2022-05-24T12:20:25","date_gmt":"2022-05-24T10:20:25","guid":{"rendered":"https:\/\/siluteinfo.lt\/ueber-uns\/dienstleistungen\/"},"modified":"2025-04-22T10:11:44","modified_gmt":"2025-04-22T08:11:44","slug":"dienstleistungen","status":"publish","type":"page","link":"https:\/\/siluteinfo.lt\/de\/ueber-uns\/dienstleistungen\/","title":{"rendered":"Dienstleistungen"},"content":{"rendered":"\t\t<div data-elementor-type=\"wp-page\" data-elementor-id=\"40302\" class=\"elementor elementor-40302 elementor-10588\" data-elementor-post-type=\"page\">\n\t\t\t\t\t\t<section class=\"wd-negative-gap elementor-section elementor-top-section elementor-element elementor-element-3476b5b elementor-section-boxed elementor-section-height-default elementor-section-height-default\" data-id=\"3476b5b\" data-element_type=\"section\" data-e-type=\"section\">\n\t\t\t\t\t\t<div class=\"elementor-container elementor-column-gap-default\">\n\t\t\t\t\t<div class=\"elementor-column elementor-col-100 elementor-top-column elementor-element elementor-element-ade369b\" data-id=\"ade369b\" data-element_type=\"column\" data-e-type=\"column\">\n\t\t\t<div class=\"elementor-widget-wrap elementor-element-populated\">\n\t\t\t\t\t\t<section class=\"wd-negative-gap elementor-section elementor-inner-section elementor-element elementor-element-778d300 elementor-section-boxed elementor-section-height-default elementor-section-height-default\" data-id=\"778d300\" data-element_type=\"section\" data-e-type=\"section\">\n\t\t\t\t\t\t<div class=\"elementor-container elementor-column-gap-default\">\n\t\t\t\t\t<div class=\"elementor-column elementor-col-100 elementor-inner-column elementor-element elementor-element-f287237\" data-id=\"f287237\" data-element_type=\"column\" data-e-type=\"column\">\n\t\t\t<div class=\"elementor-widget-wrap elementor-element-populated\">\n\t\t\t\t\t\t<div class=\"elementor-element elementor-element-41ca658 elementor-list-item-link-inline elementor-align-start elementor-icon-list--layout-traditional elementor-widget elementor-widget-icon-list\" data-id=\"41ca658\" data-element_type=\"widget\" data-e-type=\"widget\" data-widget_type=\"icon-list.default\">\n\t\t\t\t<div class=\"elementor-widget-container\">\n\t\t\t\t\t\t\t<ul class=\"elementor-icon-list-items\">\n\t\t\t\t\t\t\t<li class=\"elementor-icon-list-item\">\n\t\t\t\t\t\t\t\t\t\t\t<a href=\"https:\/\/siluteinfo.lt\/wp-content\/uploads\/2023\/10\/silutes-tic-teikiamu-paslaugu-ir-gaminamu-gaminiu-kainos-2023-04-12.pdf\" target=\"_blank\">\n\n\t\t\t\t\t\t\t\t\t\t\t\t<span class=\"elementor-icon-list-icon\">\n\t\t\t\t\t\t\t<i aria-hidden=\"true\" class=\"far fa-file-pdf\"><\/i>\t\t\t\t\t\t<\/span>\n\t\t\t\t\t\t\t\t\t\t<span class=\"elementor-icon-list-text\">Preise f\u00fcr Dienstleistungen und Produkte des Tourismusinformationszentrums \u0160ilut\u0117<\/span>\n\t\t\t\t\t\t\t\t\t\t\t<\/a>\n\t\t\t\t\t\t\t\t\t<\/li>\n\t\t\t\t\t\t\t\t<li class=\"elementor-icon-list-item\">\n\t\t\t\t\t\t\t\t\t\t\t<a href=\"https:\/\/siluteinfo.lt\/wp-content\/uploads\/2024\/04\/t1-275-del-paslaugu-kainu-pakeitimo-2024-03-28.pdf\" target=\"_blank\">\n\n\t\t\t\t\t\t\t\t\t\t\t\t<span class=\"elementor-icon-list-icon\">\n\t\t\t\t\t\t\t<i aria-hidden=\"true\" class=\"far fa-file-pdf\"><\/i>\t\t\t\t\t\t<\/span>\n\t\t\t\t\t\t\t\t\t\t<span class=\"elementor-icon-list-text\">Zur \u00c4nderung des Beschlusses Nr. T1-984 des Gemeinderates des Bezirks \u0160ilut\u0117 vom 31. M\u00e4rz 2022 \u201eZur Festlegung der Preise f\u00fcr die vom Tourismusinformationszentrum \u0160ilut\u0117 erbrachten Dienstleistungen\u201c   <\/span>\n\t\t\t\t\t\t\t\t\t\t\t<\/a>\n\t\t\t\t\t\t\t\t\t<\/li>\n\t\t\t\t\t\t<\/ul>\n\t\t\t\t\t\t<\/div>\n\t\t\t\t<\/div>\n\t\t\t\t\t<\/div>\n\t\t<\/div>\n\t\t\t\t\t<\/div>\n\t\t<\/section>\n\t\t\t\t\t<\/div>\n\t\t<\/div>\n\t\t\t\t\t<\/div>\n\t\t<\/section>\n\t\t\t\t<section class=\"wd-negative-gap elementor-section elementor-top-section elementor-element elementor-element-4c3d2d18 elementor-section-boxed elementor-section-height-default elementor-section-height-default\" data-id=\"4c3d2d18\" data-element_type=\"section\" data-e-type=\"section\">\n\t\t\t\t\t\t<div class=\"elementor-container elementor-column-gap-default\">\n\t\t\t\t\t<div class=\"elementor-column elementor-col-100 elementor-top-column elementor-element elementor-element-7e1773b5\" data-id=\"7e1773b5\" data-element_type=\"column\" data-e-type=\"column\">\n\t\t\t<div class=\"elementor-widget-wrap elementor-element-populated\">\n\t\t\t\t\t\t<div class=\"elementor-element elementor-element-72446616 color-scheme-inherit text-left elementor-widget elementor-widget-text-editor\" data-id=\"72446616\" data-element_type=\"widget\" data-e-type=\"widget\" data-widget_type=\"text-editor.default\">\n\t\t\t\t<div class=\"elementor-widget-container\">\n\t\t\t\t\t\t\t\t\t\n<p><strong>DAS TOURISMUSINFORMATIONSZENTRUM \u0160ILUT\u0116 BIETET FOLGENDE DIENSTLEISTUNGEN AN:<\/strong><\/p>\n\n<ol style=\"list-style-type: 1;\" start=\"1\">\n<li>Kostenlose Informationen \u00fcber Tourismusinfrastruktur, Sehensw\u00fcrdigkeiten, Museen, Parks, Veranstaltungen und andere Freizeitm\u00f6glichkeiten in der Region \u0160ilut\u0117.<\/li>\n\n<li>Kostenlose Informationen \u00fcber Unterk\u00fcnfte, Gastronomie und andere erg\u00e4nzende touristische Dienstleistungen.<\/li>\n\n<li>Kostenlose Informationen \u00fcber touristische Routen, Bootsverleih, F\u00e4hrpl\u00e4ne.<\/li>\n\n<li>Kostenlose Informationen \u00fcber zus\u00e4tzliche touristische Dienstleistungen: Fahrrad-, Kanu-, Tretboot-, SUP-Verleih <a>usw<\/a>.<\/li>\n\n<li>Vertretung der Gemeinde \u0160ilut\u0117 bei internationalen Messen, Konferenzen, Gesch\u00e4ftsreisen, Tourismusb\u00f6rsen und anderen Veranstaltungen.<\/li>\n\n<li>Organisation von Exkursionen und Gruppenreisen sowie Erstellung von Tourismuspaketen.<\/li>\n\n<li>Vermittlung bei Buchungen von Unterk\u00fcnften und Gastronomie f\u00fcr Gruppen und Einzelpersonen.<\/li>\n\n<li>Vermittlung bei Buchungen von Bildungsangeboten, Bootsrouten und anderen Freizeitaktivit\u00e4ten.<\/li>\n\n<li>Vermittlung bei Buchungen von Bildungsangeboten, Bootsrouten und anderen Freizeitaktivit\u00e4ten.<\/li>\n\n<li>Verkauf von touristischen Brosch\u00fcren, B\u00fcchern, Karten und Souvenirs.<\/li>\n\n<li>Organisation von Tourismusforen, F\u00fchrerseminaren usw.<\/li>\n\n<li>Verwaltung, Sammlung und Aktualisierung von Informationen zu touristischen Ressourcen und Dienstleistern in der Gemeinde \u0160ilut\u0117.<\/li>\n\n<li>Besucherstatistik und Befragungen zur Optimierung von Marketingma\u00dfnahmen.<\/li>\n\n<li>Professionelle F\u00fchrungsdienste.<\/li>\n\n<li>Projektentwicklung und -umsetzung.<\/li>\n<\/ol>\n\n<p> <\/p>\n\t\t\t\t\t\t\t\t<\/div>\n\t\t\t\t<\/div>\n\t\t\t\t\t<\/div>\n\t\t<\/div>\n\t\t\t\t\t<\/div>\n\t\t<\/section>\n\t\t\t\t<\/div>\n\t\t","protected":false},"excerpt":{"rendered":"<p>Preise f\u00fcr Dienstleistungen und Produkte des Tourismusinformationszentrums \u0160ilut\u0117 Zur \u00c4nderung des Beschlusses Nr. T1-984 des Gemeinderates des Bezirks \u0160ilut\u0117 vom<\/p>\n","protected":false},"author":1,"featured_media":0,"parent":22952,"menu_order":4,"comment_status":"closed","ping_status":"closed","template":"","meta":{"_acf_changed":false,"_monsterinsights_skip_tracking":false,"_monsterinsights_sitenote_active":false,"_monsterinsights_sitenote_note":"","_monsterinsights_sitenote_category":0,"footnotes":""},"class_list":["post-40302","page","type-page","status-publish","hentry"],"acf":[],"_links":{"self":[{"href":"https:\/\/siluteinfo.lt\/de\/wp-json\/wp\/v2\/pages\/40302","targetHints":{"allow":["GET"]}}],"collection":[{"href":"https:\/\/siluteinfo.lt\/de\/wp-json\/wp\/v2\/pages"}],"about":[{"href":"https:\/\/siluteinfo.lt\/de\/wp-json\/wp\/v2\/types\/page"}],"author":[{"embeddable":true,"href":"https:\/\/siluteinfo.lt\/de\/wp-json\/wp\/v2\/users\/1"}],"replies":[{"embeddable":true,"href":"https:\/\/siluteinfo.lt\/de\/wp-json\/wp\/v2\/comments?post=40302"}],"version-history":[{"count":0,"href":"https:\/\/siluteinfo.lt\/de\/wp-json\/wp\/v2\/pages\/40302\/revisions"}],"up":[{"embeddable":true,"href":"https:\/\/siluteinfo.lt\/de\/wp-json\/wp\/v2\/pages\/22952"}],"wp:attachment":[{"href":"https:\/\/siluteinfo.lt\/de\/wp-json\/wp\/v2\/media?parent=40302"}],"curies":[{"name":"wp","href":"https:\/\/api.w.org\/{rel}","templated":true}]}}