{"id":40129,"date":"2022-05-25T06:34:41","date_gmt":"2022-05-25T04:34:41","guid":{"rendered":"https:\/\/siluteinfo.lt\/ueber-uns\/verwaltungsinformationen\/gehaelter\/"},"modified":"2025-04-22T07:57:41","modified_gmt":"2025-04-22T05:57:41","slug":"gehaelter","status":"publish","type":"page","link":"https:\/\/siluteinfo.lt\/de\/ueber-uns\/verwaltungsinformationen\/gehaelter\/","title":{"rendered":"Geh\u00e4lter"},"content":{"rendered":"\t\t<div data-elementor-type=\"wp-page\" data-elementor-id=\"40129\" class=\"elementor elementor-40129 elementor-10611\" data-elementor-post-type=\"page\">\n\t\t\t\t\t\t<section class=\"wd-negative-gap elementor-section elementor-top-section elementor-element elementor-element-e80609a elementor-section-boxed elementor-section-height-default elementor-section-height-default\" data-id=\"e80609a\" data-element_type=\"section\" data-e-type=\"section\">\n\t\t\t\t\t\t<div class=\"elementor-container elementor-column-gap-default\">\n\t\t\t\t\t<div class=\"elementor-column elementor-col-100 elementor-top-column elementor-element elementor-element-e40f6a4\" data-id=\"e40f6a4\" data-element_type=\"column\" data-e-type=\"column\">\n\t\t\t<div class=\"elementor-widget-wrap elementor-element-populated\">\n\t\t\t\t\t\t<div class=\"elementor-element elementor-element-5724e34 elementor-widget elementor-widget-html\" data-id=\"5724e34\" data-element_type=\"widget\" data-e-type=\"widget\" data-widget_type=\"html.default\">\n\t\t\t\t<div class=\"elementor-widget-container\">\n\t\t\t\t\t<div class=\"table-wrapper\">\r\n  <table class=\"fixed-header-table\">\r\n    <thead>\r\n      <tr>\r\n        <th>Stellenbezeichnung\r\n<\/th><th>Mitarbeiter 2024\r\n<\/th><th>Gehalt 2024\r\n<\/th><th>Mitarbeiter Q1 2025\r\n<\/th><th>Gehalt Q1 2025<\/th>\r\n      <\/tr>\r\n    <\/thead>\r\n    <tbody>\r\n    <tr>\r\n      <td>Direktor\r\n<\/td><td>1<\/td>\r\n<td>*Nicht ver\u00f6ffentlicht<\/td>\r\n<td>1<\/td>\r\n<td>*Nicht ver\u00f6ffentlicht<\/td>\r\n    <\/tr>\r\n    <tr>\r\n      <td>Tourismusmanager\r\n<\/td><td>1<\/td>\r\n<td>*Nicht ver\u00f6ffentlicht<\/td>\r\n<td>1<\/td>\r\n<td>*Nicht ver\u00f6ffentlicht<\/td>\r\n    <\/tr>\r\n    <tr>\r\n      <td>Tourismusinformationsspezialist\r\n<\/td><td>1<\/td>\r\n<td>*Nicht ver\u00f6ffentlicht<\/td>\r\n<td>1<\/td>\r\n<td>*Nicht ver\u00f6ffentlicht<\/td>\r\n    <\/tr>\r\n    <tr>\r\n      <td>Manager f\u00fcr Handwerksaktivit\u00e4ten\r\n<\/td><td>2<\/td>\r\n<td>1906,78<\/td>\r\n<td>2<\/td>\r\n<td>1690,95<\/td>\r\n    <\/tr>\r\n    <tr>\r\n      <td>IT-Spezialist\r\n<\/td><td>1<\/td>\r\n<td>*Nicht ver\u00f6ffentlicht<\/td>\r\n<td>1<\/td>\r\n<td>*Nicht ver\u00f6ffentlicht<\/td>\r\n    <\/tr>\r\n    <tr>\r\n      <td>Geb\u00e4udewartungsarbeiter\r\n<\/td><td>1<\/td>\r\n<td>*Nicht ver\u00f6ffentlicht<\/td>\r\n<td>1<\/td>\r\n<td>*Nicht ver\u00f6ffentlicht<\/td>\r\n    <\/tr>\r\n    <tr>\r\n      <td>Reinigungskraft\r\n<\/td><td>\u2013\r\n<\/td><td>\u2013\r\n<\/td><td>\u2013\r\n<\/td><td>\u2013<\/td>\r\n    <\/tr>\r\n    <\/tbody>\r\n  <\/table>\r\n<\/div>\r\n<p style=\"font-size: 16px; margin-top: 20px;\">\r\n *Das durchschnittliche monatliche Grundgehalt des Vorjahres und des letzten Quartals des laufenden Jahres wird nur mit Zustimmung des Mitarbeiters offengelegt, wenn dieser die einzige Person in dieser Position in der Einrichtung ist.\r\n<\/p>\r\n\r\n<p style=\"font-size: 16px;\">\r\n Die Gehaltsinformationen der Mitarbeiter des Tourismusinformationszentrums \u0160ilut\u0117 werden gem\u00e4\u00df der von der Regierung der Republik Litauen am 18. April 2003 verabschiedeten Verordnung Nr. 480 bereitgestellt.  \r\n<\/p>\t\t\t\t<\/div>\n\t\t\t\t<\/div>\n\t\t\t\t\t<\/div>\n\t\t<\/div>\n\t\t\t\t\t<\/div>\n\t\t<\/section>\n\t\t\t\t<\/div>\n\t\t","protected":false},"excerpt":{"rendered":"<p>Stellenbezeichnung Mitarbeiter 2024 Gehalt 2024 Mitarbeiter Q1 2025 Gehalt Q1 2025 Direktor 1 *Nicht ver\u00f6ffentlicht 1 *Nicht ver\u00f6ffentlicht Tourismusmanager 1<\/p>\n","protected":false},"author":1,"featured_media":0,"parent":39952,"menu_order":3,"comment_status":"closed","ping_status":"closed","template":"","meta":{"_acf_changed":false,"_monsterinsights_skip_tracking":false,"_monsterinsights_sitenote_active":false,"_monsterinsights_sitenote_note":"","_monsterinsights_sitenote_category":0,"footnotes":""},"class_list":["post-40129","page","type-page","status-publish","hentry"],"acf":[],"_links":{"self":[{"href":"https:\/\/siluteinfo.lt\/de\/wp-json\/wp\/v2\/pages\/40129","targetHints":{"allow":["GET"]}}],"collection":[{"href":"https:\/\/siluteinfo.lt\/de\/wp-json\/wp\/v2\/pages"}],"about":[{"href":"https:\/\/siluteinfo.lt\/de\/wp-json\/wp\/v2\/types\/page"}],"author":[{"embeddable":true,"href":"https:\/\/siluteinfo.lt\/de\/wp-json\/wp\/v2\/users\/1"}],"replies":[{"embeddable":true,"href":"https:\/\/siluteinfo.lt\/de\/wp-json\/wp\/v2\/comments?post=40129"}],"version-history":[{"count":0,"href":"https:\/\/siluteinfo.lt\/de\/wp-json\/wp\/v2\/pages\/40129\/revisions"}],"up":[{"embeddable":true,"href":"https:\/\/siluteinfo.lt\/de\/wp-json\/wp\/v2\/pages\/39952"}],"wp:attachment":[{"href":"https:\/\/siluteinfo.lt\/de\/wp-json\/wp\/v2\/media?parent=40129"}],"curies":[{"name":"wp","href":"https:\/\/api.w.org\/{rel}","templated":true}]}}