{"id":40025,"date":"2022-05-25T06:35:27","date_gmt":"2022-05-25T04:35:27","guid":{"rendered":"https:\/\/siluteinfo.lt\/ueber-uns\/verwaltungsinformationen\/anreize-und-auszeichnungen\/"},"modified":"2025-04-15T21:29:16","modified_gmt":"2025-04-15T19:29:16","slug":"anreize-und-auszeichnungen","status":"publish","type":"page","link":"https:\/\/siluteinfo.lt\/de\/ueber-uns\/verwaltungsinformationen\/anreize-und-auszeichnungen\/","title":{"rendered":"Anreize und Auszeichnungen"},"content":{"rendered":"\n<p>Im Jahr 2024 gab es im Tourismusinformationszentrum \u0160ilut\u0117 keine Pr\u00e4mien oder Auszeichnungen.<\/p>\n","protected":false},"excerpt":{"rendered":"<p>Im Jahr 2024 gab es im Tourismusinformationszentrum \u0160ilut\u0117 keine Pr\u00e4mien oder Auszeichnungen.<\/p>\n","protected":false},"author":1,"featured_media":0,"parent":39952,"menu_order":4,"comment_status":"closed","ping_status":"closed","template":"","meta":{"_acf_changed":false,"_monsterinsights_skip_tracking":false,"_monsterinsights_sitenote_active":false,"_monsterinsights_sitenote_note":"","_monsterinsights_sitenote_category":0,"footnotes":""},"class_list":["post-40025","page","type-page","status-publish","hentry"],"acf":[],"_links":{"self":[{"href":"https:\/\/siluteinfo.lt\/de\/wp-json\/wp\/v2\/pages\/40025","targetHints":{"allow":["GET"]}}],"collection":[{"href":"https:\/\/siluteinfo.lt\/de\/wp-json\/wp\/v2\/pages"}],"about":[{"href":"https:\/\/siluteinfo.lt\/de\/wp-json\/wp\/v2\/types\/page"}],"author":[{"embeddable":true,"href":"https:\/\/siluteinfo.lt\/de\/wp-json\/wp\/v2\/users\/1"}],"replies":[{"embeddable":true,"href":"https:\/\/siluteinfo.lt\/de\/wp-json\/wp\/v2\/comments?post=40025"}],"version-history":[{"count":0,"href":"https:\/\/siluteinfo.lt\/de\/wp-json\/wp\/v2\/pages\/40025\/revisions"}],"up":[{"embeddable":true,"href":"https:\/\/siluteinfo.lt\/de\/wp-json\/wp\/v2\/pages\/39952"}],"wp:attachment":[{"href":"https:\/\/siluteinfo.lt\/de\/wp-json\/wp\/v2\/media?parent=40025"}],"curies":[{"name":"wp","href":"https:\/\/api.w.org\/{rel}","templated":true}]}}