{"id":40013,"date":"2022-11-11T13:32:13","date_gmt":"2022-11-11T11:32:13","guid":{"rendered":"https:\/\/siluteinfo.lt\/ueber-uns\/verwaltungsinformationen\/mittel-zur-oeffentlichkeitsarbeit\/"},"modified":"2025-04-15T20:59:36","modified_gmt":"2025-04-15T18:59:36","slug":"mittel-zur-oeffentlichkeitsarbeit","status":"publish","type":"page","link":"https:\/\/siluteinfo.lt\/de\/ueber-uns\/verwaltungsinformationen\/mittel-zur-oeffentlichkeitsarbeit\/","title":{"rendered":"Mittel zur \u00d6ffentlichkeitsarbeit"},"content":{"rendered":"\n<p class=\"has-black-color has-text-color\">Ab dem 1. Januar 2023 wird das Informationssystem f\u00fcr \u00f6ffentliche Informationsanbieter und -verbreiter (VIRSIS) in Betrieb genommen. Die Benutzer dieses Systems k\u00f6nnen \u00f6ffentlich und kostenlos gem\u00e4\u00df Artikel 24, Absatz 1 des Gesetzes \u00fcber die Bereitstellung \u00f6ffentlicher Informationen in der Republik Litauen nach Daten suchen, sie einsehen und analysieren. Dies betrifft registrierte juristische Personen wie Medienunternehmen, Verlage, Werbe- und PR-Agenturen, unabh\u00e4ngige Kreative und andere Informationsanbieter. Die abrufbaren Informationen beinhalten:<br\/>Verwaltung;<br\/>Beteiligte;<br\/>Arten der durchgef\u00fchrten T\u00e4tigkeiten im Bereich \u00f6ffentliche Information;<br\/>verwendete Medienmittel (Arten, Kategorien) und verantwortliche Personen f\u00fcr Inhalte;<br\/>schwerwiegende berufliche Verst\u00f6\u00dfe und Verst\u00f6\u00dfe gegen die Berufsethik;<br\/>vorhandene Lizenzen und festgelegte Jahresbeitr\u00e4ge;<br\/>Auflage und \u00dcberpr\u00fcfung der Auflage (falls durchgef\u00fchrt);<br\/>Einnahmen aus politischer Werbung;<br\/>Mittel aus \u00f6ffentlichen Einrichtungen;<br\/>Unterst\u00fctzung durch nat\u00fcrliche oder juristische Personen, wenn diese 10 BSI pro Kalenderjahr \u00fcberschreitet (ab dem 1. Januar 2023 betr\u00e4gt 1 BSI = 49 Euro), sowie deren Herkunft.    <\/p>\n\n<p class=\"has-black-color has-text-color\">Zugriff auf die VIRSIS-Suche ist \u00fcber die Website <a href=\"https:\/\/www.virsis.lt\/\" target=\"_blank\" rel=\"noopener\">www.virsis.lt<\/a> m\u00f6glich.<\/p>\n","protected":false},"excerpt":{"rendered":"<p>Ab dem 1. Januar 2023 wird das Informationssystem f\u00fcr \u00f6ffentliche Informationsanbieter und -verbreiter (VIRSIS) in Betrieb genommen. Die Benutzer dieses<\/p>\n","protected":false},"author":2,"featured_media":0,"parent":39952,"menu_order":10,"comment_status":"closed","ping_status":"closed","template":"","meta":{"_acf_changed":false,"_monsterinsights_skip_tracking":false,"_monsterinsights_sitenote_active":false,"_monsterinsights_sitenote_note":"","_monsterinsights_sitenote_category":0,"footnotes":""},"class_list":["post-40013","page","type-page","status-publish","hentry"],"acf":[],"_links":{"self":[{"href":"https:\/\/siluteinfo.lt\/de\/wp-json\/wp\/v2\/pages\/40013","targetHints":{"allow":["GET"]}}],"collection":[{"href":"https:\/\/siluteinfo.lt\/de\/wp-json\/wp\/v2\/pages"}],"about":[{"href":"https:\/\/siluteinfo.lt\/de\/wp-json\/wp\/v2\/types\/page"}],"author":[{"embeddable":true,"href":"https:\/\/siluteinfo.lt\/de\/wp-json\/wp\/v2\/users\/2"}],"replies":[{"embeddable":true,"href":"https:\/\/siluteinfo.lt\/de\/wp-json\/wp\/v2\/comments?post=40013"}],"version-history":[{"count":0,"href":"https:\/\/siluteinfo.lt\/de\/wp-json\/wp\/v2\/pages\/40013\/revisions"}],"up":[{"embeddable":true,"href":"https:\/\/siluteinfo.lt\/de\/wp-json\/wp\/v2\/pages\/39952"}],"wp:attachment":[{"href":"https:\/\/siluteinfo.lt\/de\/wp-json\/wp\/v2\/media?parent=40013"}],"curies":[{"name":"wp","href":"https:\/\/api.w.org\/{rel}","templated":true}]}}