{"id":39988,"date":"2022-05-25T06:37:33","date_gmt":"2022-05-25T04:37:33","guid":{"rendered":"https:\/\/siluteinfo.lt\/ueber-uns\/verwaltungsinformationen\/aufsicht-ueber-wirtschaftsteilnehmer\/"},"modified":"2025-04-15T20:38:52","modified_gmt":"2025-04-15T18:38:52","slug":"aufsicht-ueber-wirtschaftsteilnehmer","status":"publish","type":"page","link":"https:\/\/siluteinfo.lt\/de\/ueber-uns\/verwaltungsinformationen\/aufsicht-ueber-wirtschaftsteilnehmer\/","title":{"rendered":"Aufsicht \u00fcber Wirtschaftsteilnehmer"},"content":{"rendered":"\n<p class=\"has-black-color has-text-color\"><span style=\"color: #000000;\">Das Tourismusinformationszentrum \u0160ilut\u0117 \u00fcbt keine Aufsicht \u00fcber Wirtschaftsteilnehmer aus.<\/span><\/p>\n","protected":false},"excerpt":{"rendered":"<p>Das Tourismusinformationszentrum \u0160ilut\u0117 \u00fcbt keine Aufsicht \u00fcber Wirtschaftsteilnehmer aus.<\/p>\n","protected":false},"author":1,"featured_media":0,"parent":39952,"menu_order":8,"comment_status":"closed","ping_status":"closed","template":"","meta":{"_acf_changed":false,"_monsterinsights_skip_tracking":false,"_monsterinsights_sitenote_active":false,"_monsterinsights_sitenote_note":"","_monsterinsights_sitenote_category":0,"footnotes":""},"class_list":["post-39988","page","type-page","status-publish","hentry"],"acf":[],"_links":{"self":[{"href":"https:\/\/siluteinfo.lt\/de\/wp-json\/wp\/v2\/pages\/39988","targetHints":{"allow":["GET"]}}],"collection":[{"href":"https:\/\/siluteinfo.lt\/de\/wp-json\/wp\/v2\/pages"}],"about":[{"href":"https:\/\/siluteinfo.lt\/de\/wp-json\/wp\/v2\/types\/page"}],"author":[{"embeddable":true,"href":"https:\/\/siluteinfo.lt\/de\/wp-json\/wp\/v2\/users\/1"}],"replies":[{"embeddable":true,"href":"https:\/\/siluteinfo.lt\/de\/wp-json\/wp\/v2\/comments?post=39988"}],"version-history":[{"count":0,"href":"https:\/\/siluteinfo.lt\/de\/wp-json\/wp\/v2\/pages\/39988\/revisions"}],"up":[{"embeddable":true,"href":"https:\/\/siluteinfo.lt\/de\/wp-json\/wp\/v2\/pages\/39952"}],"wp:attachment":[{"href":"https:\/\/siluteinfo.lt\/de\/wp-json\/wp\/v2\/media?parent=39988"}],"curies":[{"name":"wp","href":"https:\/\/api.w.org\/{rel}","templated":true}]}}