{"id":39852,"date":"2024-01-02T09:57:02","date_gmt":"2024-01-02T07:57:02","guid":{"rendered":"https:\/\/siluteinfo.lt\/ueber-uns\/struktur-und-kontaktinformationen\/agenda-des-leiters\/"},"modified":"2025-04-15T10:57:05","modified_gmt":"2025-04-15T08:57:05","slug":"agenda-des-leiters","status":"publish","type":"page","link":"https:\/\/siluteinfo.lt\/de\/ueber-uns\/struktur-und-kontaktinformationen\/agenda-des-leiters\/","title":{"rendered":"Agenda des Leiters"},"content":{"rendered":"\n<p><strong>Arbeitszeit des Leiters<\/strong><\/p>\n\n<p>Montag\u2013Donnerstag 8:00\u201317:00<\/p>\n\n<p>Penktadienis 8:00\u201315:45<\/p>\n\n<p>Mittagspause 12:00\u201312:45<\/p>\n\n<p><strong>Agenda des Leiters<\/strong><\/p>\n\n<p>Derzeit sind keine \u00f6ffentlichen Treffen (Sitzungen, Besprechungen oder \u00e4hnliche berufliche Zusammenk\u00fcnfte) geplant, an denen neben den Mitarbeitern der Einrichtung auch Personen mit privaten Interessen teilnehmen w\u00fcrden.<\/p>\n","protected":false},"excerpt":{"rendered":"<p>Arbeitszeit des Leiters Montag\u2013Donnerstag 8:00\u201317:00 Penktadienis 8:00\u201315:45 Mittagspause 12:00\u201312:45 Agenda des Leiters Derzeit sind keine \u00f6ffentlichen Treffen (Sitzungen, Besprechungen oder<\/p>\n","protected":false},"author":2,"featured_media":0,"parent":28875,"menu_order":3,"comment_status":"closed","ping_status":"closed","template":"","meta":{"_acf_changed":false,"_monsterinsights_skip_tracking":false,"_monsterinsights_sitenote_active":false,"_monsterinsights_sitenote_note":"","_monsterinsights_sitenote_category":0,"footnotes":""},"class_list":["post-39852","page","type-page","status-publish","hentry"],"acf":[],"_links":{"self":[{"href":"https:\/\/siluteinfo.lt\/de\/wp-json\/wp\/v2\/pages\/39852","targetHints":{"allow":["GET"]}}],"collection":[{"href":"https:\/\/siluteinfo.lt\/de\/wp-json\/wp\/v2\/pages"}],"about":[{"href":"https:\/\/siluteinfo.lt\/de\/wp-json\/wp\/v2\/types\/page"}],"author":[{"embeddable":true,"href":"https:\/\/siluteinfo.lt\/de\/wp-json\/wp\/v2\/users\/2"}],"replies":[{"embeddable":true,"href":"https:\/\/siluteinfo.lt\/de\/wp-json\/wp\/v2\/comments?post=39852"}],"version-history":[{"count":0,"href":"https:\/\/siluteinfo.lt\/de\/wp-json\/wp\/v2\/pages\/39852\/revisions"}],"up":[{"embeddable":true,"href":"https:\/\/siluteinfo.lt\/de\/wp-json\/wp\/v2\/pages\/28875"}],"wp:attachment":[{"href":"https:\/\/siluteinfo.lt\/de\/wp-json\/wp\/v2\/media?parent=39852"}],"curies":[{"name":"wp","href":"https:\/\/api.w.org\/{rel}","templated":true}]}}