{"id":38644,"date":"2022-05-25T16:25:34","date_gmt":"2022-05-25T14:25:34","guid":{"rendered":"https:\/\/siluteinfo.lt\/freizeit\/zu-besuchende-orte\/der-gutshof-von-hugo-scheu-in-silute\/"},"modified":"2025-05-22T09:25:31","modified_gmt":"2025-05-22T07:25:31","slug":"der-gutshof-von-hugo-scheu-in-silute","status":"publish","type":"page","link":"https:\/\/siluteinfo.lt\/de\/freizeit\/zu-besuchende-orte\/der-gutshof-von-hugo-scheu-in-silute\/","title":{"rendered":"Der Gutshof von Hugo Scheu in \u0160ilut\u0117"},"content":{"rendered":"\t\t<div data-elementor-type=\"wp-page\" data-elementor-id=\"38644\" class=\"elementor elementor-38644 elementor-11249\" data-elementor-post-type=\"page\">\n\t\t\t\t<div class=\"wd-negative-gap elementor-element elementor-element-25262aa e-flex e-con-boxed e-con e-parent\" data-id=\"25262aa\" data-element_type=\"container\" data-e-type=\"container\">\n\t\t\t\t\t<div class=\"e-con-inner\">\n\t\t<div class=\"elementor-element elementor-element-740980e e-con-full e-flex e-con e-child\" data-id=\"740980e\" data-element_type=\"container\" data-e-type=\"container\">\n\t\t\t\t<div class=\"elementor-element elementor-element-2ac0f14 elementor-widget elementor-widget-theme-post-featured-image elementor-widget-image\" data-id=\"2ac0f14\" data-element_type=\"widget\" data-e-type=\"widget\" data-widget_type=\"theme-post-featured-image.default\">\n\t\t\t\t<div class=\"elementor-widget-container\">\n\t\t\t\t\t\t\t\t\t\t\t\t\t\t\t<img loading=\"lazy\" decoding=\"async\" width=\"1200\" height=\"800\" src=\"https:\/\/siluteinfo.lt\/wp-content\/themes\/woodmart\/images\/lazy.svg\" data-src=\"https:\/\/siluteinfo.lt\/wp-content\/uploads\/2024\/06\/lankomi-hugo-sojaus-dvaras.jpg\" class=\" wd-lazy-blur attachment-full size-full wp-image-36373\" alt=\"Hugo \u0160ojaus dvaras \u0160ilut\u0117je\" srcset=\"\" data-srcset=\"https:\/\/siluteinfo.lt\/wp-content\/uploads\/2024\/06\/lankomi-hugo-sojaus-dvaras.jpg 1200w, https:\/\/siluteinfo.lt\/wp-content\/uploads\/2024\/06\/lankomi-hugo-sojaus-dvaras-400x267.jpg 400w, https:\/\/siluteinfo.lt\/wp-content\/uploads\/2024\/06\/lankomi-hugo-sojaus-dvaras-768x512.jpg 768w\" sizes=\"auto, (max-width: 1200px) 100vw, 1200px\" \/>\t\t\t\t\t\t\t\t\t\t\t\t\t\t\t<\/div>\n\t\t\t\t<\/div>\n\t\t\t\t<\/div>\n\t\t<div class=\"elementor-element elementor-element-70f0d24 e-con-full e-flex e-con e-child\" data-id=\"70f0d24\" data-element_type=\"container\" data-e-type=\"container\">\n\t\t\t\t<div class=\"elementor-element elementor-element-f6dba40 color-scheme-inherit text-left elementor-widget elementor-widget-text-editor\" data-id=\"f6dba40\" data-element_type=\"widget\" data-e-type=\"widget\" data-widget_type=\"text-editor.default\">\n\t\t\t\t<div class=\"elementor-widget-container\">\n\t\t\t\t\t\t\t\t\t<p style=\"text-align: left;\">Der im Jahr 1721 gegr\u00fcndete staatliche Gutshof in \u0160ilut\u0117 ist ein elegantes Beispiel der sp\u00e4tklassizistischen und historistischen Architektur mit feinen dekorativen Elementen, die f\u00fcr das Memelland typisch sind.  <br>Im Jahr 1819 wurde der Gutshof von Franz Wilhelm Radke \u00fcbernommen, doch seine wahre Bl\u00fctezeit begann 1889, als er von Dr. Hugo Scheu erworben wurde. Der vision\u00e4re Gutsbesitzer modernisierte das Anwesen, verpachtete Teile seines Landes und schenkte einige Gebiete der Stadt. Viele bedeutende Orte in \u0160ilut\u0117 \u2013 darunter das Kreiskrankenhaus, der Marktplatz, das Gymnasium, die ehemalige Grundschule, das Postamt, die Feuerwehr, der Hafen und die evangelisch-lutherische Kirche \u2013 wurden auf dem ehemaligen Gutsgel\u00e4nde errichtet. Aufgrund seiner gro\u00dfz\u00fcgigen Beitr\u00e4ge wird Dr. Hugo Scheu oft als Wohlt\u00e4ter der Stadt \u0160ilut\u0117 bezeichnet.<br>Der Gutshof beherbergte auch das erste Museum des Memellandes, das eine einzigartige Sammlung kultureller und historischer Artefakte verwahrte. Leider wurde im Oktober 1944, als die Rote Armee den Gutshof besetzte, ein gro\u00dfer Teil der Museumsgegenst\u00e4nde zerst\u00f6rt. W\u00e4hrend der Sowjetzeit diente das Anwesen verschiedenen Zwecken, darunter als landwirtschaftliche Schule und als staatlich gef\u00fchrter Betrieb.<br>Seit 2015 befindet sich auf dem Gutshof das Hugo-Scheu-Museum, das Besucher in die Geschichte und Kultur der Region eintauchen l\u00e4sst. Zudem beherbergt es das Tourismusinformationszentrum von \u0160ilut\u0117, w\u00e4hrend einige der ehemaligen Wirtschaftsgeb\u00e4ude heute als Restaurierungs- und Bildungszentren genutzt werden. <\/p>\t\t\t\t\t\t\t\t<\/div>\n\t\t\t\t<\/div>\n\t\t\t\t<\/div>\n\t\t<div class=\"elementor-element elementor-element-0991361 e-con-full e-flex e-con e-child\" data-id=\"0991361\" data-element_type=\"container\" data-e-type=\"container\">\n\t\t\t\t<div class=\"elementor-element elementor-element-cc6bd06 elementor-widget elementor-widget-shortcode\" data-id=\"cc6bd06\" data-element_type=\"widget\" data-e-type=\"widget\" data-widget_type=\"shortcode.default\">\n\t\t\t\t<div class=\"elementor-widget-container\">\n\t\t\t\t\t\t\t<div class=\"elementor-shortcode\">\t\t<div id=\"maps-marker-pro-6d097840\" class=\"maps-marker-pro mmp-list-below\" style=\"width: 100%;\">\n\t\t\t<div id=\"mmp-map-wrap-6d097840\" class=\"mmp-map-wrap\">\n\t\t\t\t\t\t\t\t\t<div id=\"mmp-panel-6d097840\" class=\"mmp-panel\"><\/div>\n\t\t\t\t\t\t\t\t<div id=\"mmp-map-6d097840\" class=\"mmp-map\" style=\"height: 500px;\"><\/div>\n\t\t\t\t\t\t\t<\/div>\n\t\t\t\t\t\t\t<div id=\"mmp-list-6d097840\" class=\"mmp-list\" style=\"flex-basis: 400px;\"><\/div>\n\t\t\t\t\t<\/div>\n\t\t<\/div>\n\t\t\t\t\t\t<\/div>\n\t\t\t\t<\/div>\n\t\t\t\t<\/div>\n\t\t\t\t\t<\/div>\n\t\t\t\t<\/div>\n\t\t\t\t<\/div>\n\t\t","protected":false},"excerpt":{"rendered":"<p>Der im Jahr 1721 gegr\u00fcndete staatliche Gutshof in \u0160ilut\u0117 ist ein elegantes Beispiel der sp\u00e4tklassizistischen und historistischen Architektur mit feinen<\/p>\n","protected":false},"author":1,"featured_media":36373,"parent":22976,"menu_order":51,"comment_status":"closed","ping_status":"closed","template":"","meta":{"_acf_changed":false,"_monsterinsights_skip_tracking":false,"_monsterinsights_sitenote_active":false,"_monsterinsights_sitenote_note":"","_monsterinsights_sitenote_category":0,"footnotes":""},"class_list":["post-38644","page","type-page","status-publish","has-post-thumbnail","hentry"],"acf":[],"_links":{"self":[{"href":"https:\/\/siluteinfo.lt\/de\/wp-json\/wp\/v2\/pages\/38644","targetHints":{"allow":["GET"]}}],"collection":[{"href":"https:\/\/siluteinfo.lt\/de\/wp-json\/wp\/v2\/pages"}],"about":[{"href":"https:\/\/siluteinfo.lt\/de\/wp-json\/wp\/v2\/types\/page"}],"author":[{"embeddable":true,"href":"https:\/\/siluteinfo.lt\/de\/wp-json\/wp\/v2\/users\/1"}],"replies":[{"embeddable":true,"href":"https:\/\/siluteinfo.lt\/de\/wp-json\/wp\/v2\/comments?post=38644"}],"version-history":[{"count":0,"href":"https:\/\/siluteinfo.lt\/de\/wp-json\/wp\/v2\/pages\/38644\/revisions"}],"up":[{"embeddable":true,"href":"https:\/\/siluteinfo.lt\/de\/wp-json\/wp\/v2\/pages\/22976"}],"wp:featuredmedia":[{"embeddable":true,"href":"https:\/\/siluteinfo.lt\/de\/wp-json\/wp\/v2\/media\/36373"}],"wp:attachment":[{"href":"https:\/\/siluteinfo.lt\/de\/wp-json\/wp\/v2\/media?parent=38644"}],"curies":[{"name":"wp","href":"https:\/\/api.w.org\/{rel}","templated":true}]}}