{"id":26535,"date":"2022-06-11T07:03:22","date_gmt":"2022-06-11T05:03:22","guid":{"rendered":"https:\/\/siluteinfo.lt\/unterkunft\/gehoefte\/melynas-namas\/"},"modified":"2023-10-31T20:44:40","modified_gmt":"2023-10-31T18:44:40","slug":"melynas-namas","status":"publish","type":"page","link":"https:\/\/siluteinfo.lt\/de\/unterkunft\/gehoefte\/melynas-namas\/","title":{"rendered":"M\u0117lynas namas"},"content":{"rendered":"\t\t<div data-elementor-type=\"wp-page\" data-elementor-id=\"26535\" class=\"elementor elementor-26535 elementor-12612\" data-elementor-post-type=\"page\">\n\t\t\t\t\t\t<section class=\"wd-negative-gap elementor-section elementor-top-section elementor-element elementor-element-174a996 elementor-section-boxed elementor-section-height-default elementor-section-height-default\" data-id=\"174a996\" data-element_type=\"section\" data-e-type=\"section\">\n\t\t\t\t\t\t<div class=\"elementor-container elementor-column-gap-default\">\n\t\t\t\t\t<div class=\"elementor-column elementor-col-100 elementor-top-column elementor-element elementor-element-8ff0a11\" data-id=\"8ff0a11\" data-element_type=\"column\" data-e-type=\"column\">\n\t\t\t<div class=\"elementor-widget-wrap elementor-element-populated\">\n\t\t\t\t\t\t<section class=\"wd-negative-gap elementor-section elementor-inner-section elementor-element elementor-element-b6e0aa5 elementor-section-boxed elementor-section-height-default elementor-section-height-default\" data-id=\"b6e0aa5\" data-element_type=\"section\" data-e-type=\"section\">\n\t\t\t\t\t\t<div class=\"elementor-container elementor-column-gap-default\">\n\t\t\t\t\t<div class=\"elementor-column elementor-col-50 elementor-inner-column elementor-element elementor-element-35059e1\" data-id=\"35059e1\" data-element_type=\"column\" data-e-type=\"column\">\n\t\t\t<div class=\"elementor-widget-wrap elementor-element-populated\">\n\t\t\t\t\t\t<div class=\"elementor-element elementor-element-0792ff0 elementor-widget elementor-widget-theme-post-featured-image elementor-widget-image\" data-id=\"0792ff0\" data-element_type=\"widget\" data-e-type=\"widget\" data-widget_type=\"theme-post-featured-image.default\">\n\t\t\t\t<div class=\"elementor-widget-container\">\n\t\t\t\t\t\t\t\t\t\t\t\t\t\t\t<img loading=\"lazy\" decoding=\"async\" width=\"603\" height=\"240\" src=\"https:\/\/siluteinfo.lt\/wp-content\/themes\/woodmart\/images\/lazy.svg\" data-src=\"https:\/\/siluteinfo.lt\/wp-content\/uploads\/2022\/06\/melynas-namas.jpg\" class=\" wd-lazy-blur attachment-large size-large wp-image-12615\" alt=\"\" srcset=\"\" data-srcset=\"https:\/\/siluteinfo.lt\/wp-content\/uploads\/2022\/06\/melynas-namas.jpg 603w, https:\/\/siluteinfo.lt\/wp-content\/uploads\/2022\/06\/melynas-namas-400x159.jpg 400w\" sizes=\"auto, (max-width: 603px) 100vw, 603px\" \/>\t\t\t\t\t\t\t\t\t\t\t\t\t\t\t<\/div>\n\t\t\t\t<\/div>\n\t\t\t\t\t<\/div>\n\t\t<\/div>\n\t\t\t\t<div class=\"elementor-column elementor-col-50 elementor-inner-column elementor-element elementor-element-1d6d325\" data-id=\"1d6d325\" data-element_type=\"column\" data-e-type=\"column\">\n\t\t\t<div class=\"elementor-widget-wrap elementor-element-populated\">\n\t\t\t\t\t\t<div class=\"elementor-element elementor-element-1d61496c color-scheme-inherit text-left elementor-widget elementor-widget-text-editor\" data-id=\"1d61496c\" data-element_type=\"widget\" data-e-type=\"widget\" data-widget_type=\"text-editor.default\">\n\t\t\t\t<div class=\"elementor-widget-container\">\n\t\t\t\t\t\t\t\t\t<p>Das Geh\u00f6ft f\u00fcr l\u00e4ndlichen Tourismus &#8222;M\u0117lynas namas&#8220; befindet sich im Vorort \u0160ilut\u0117. Im Jahr 2014 wurde das Geh\u00f6ft rekonstruiert. Es ist eine perfekte Kombination aus l\u00e4ndlicher Ruhe und st\u00e4dtischen Annehmlichkeiten. Es ist eine perfekte L\u00f6sung f\u00fcr Firmenfeiern, Hochzeiten, Taufen und andere festliche Veranstaltungen. Es eignet sich f\u00fcr Gesch\u00e4ftsveranstaltungen, Konferenzen, Bankette, Buffets, Betriebsfeiern oder Silvesterfeiern.<\/p>\n<p><strong>Mehr Information:<\/strong><br \/>Til\u017e\u0117s g. 56, Verdain\u0117, \u0160ilut\u0117s r. sav.  <br \/>Tel. +370 612 21 805<br \/>E-Mail <a href=\"&#x6d;&#x61;&#x69;&#108;&#116;o:&#x6d;&#x65;&#x6c;&#121;&#110;as&#x6e;&#x61;&#x6d;&#97;&#115;&#46;m&#x62;&#x40;&#x67;&#109;&#97;il&#x2e;&#x63;&#x6f;&#109;\">&#x6d;&#101;&#x6c;&#x79;&#110;&#x61;&#x73;&#110;&#x61;&#x6d;&#97;&#x73;&#x2e;m&#x62;&#x40;g&#x6d;&#97;i&#x6c;&#46;c&#x6f;&#109;<\/a> <br \/><a href=\"https:\/\/melynasnamas.lt\/\" target=\"_blank\" rel=\"noopener\">www.melynasnamas.lt<\/a><br \/>GPS 55.337957, 21.502138<br \/>GPS 55\u00b020&#8217;16.7&#8243;N 21\u00b030&#8217;07.7&#8243;E<\/p>\n<p>Anzahl der Zimmer \/ Personen &#8211; 4 \/ 30<br \/>Preis ist verhandelbar <br \/>Bankett-\/Konferenzsaal &#8211; 60 Pl\u00e4tze<br \/>Weitere Dienstleistungen: Parkplatz, Innenhof, Garten, gro\u00dfes Spielfeld, Feuerstelle, Grill, Volleyball, M\u00f6glichkeit zum Aufstellen von Zelten. Das ganze Jahr \u00fcber ge\u00f6ffnet. Verpflegung ist organisiert.<\/p>\n\t\t\t\t\t\t\t\t<\/div>\n\t\t\t\t<\/div>\n\t\t\t\t\t<\/div>\n\t\t<\/div>\n\t\t\t\t\t<\/div>\n\t\t<\/section>\n\t\t\t\t<section class=\"wd-negative-gap elementor-section elementor-inner-section elementor-element elementor-element-87baad3 elementor-section-boxed elementor-section-height-default elementor-section-height-default\" data-id=\"87baad3\" data-element_type=\"section\" data-e-type=\"section\">\n\t\t\t\t\t\t<div class=\"elementor-container elementor-column-gap-default\">\n\t\t\t\t\t<div class=\"elementor-column elementor-col-100 elementor-inner-column elementor-element elementor-element-39dceb4\" data-id=\"39dceb4\" data-element_type=\"column\" data-e-type=\"column\">\n\t\t\t<div class=\"elementor-widget-wrap elementor-element-populated\">\n\t\t\t\t\t\t<div class=\"elementor-element elementor-element-a830402 elementor-widget elementor-widget-shortcode\" data-id=\"a830402\" data-element_type=\"widget\" data-e-type=\"widget\" data-widget_type=\"shortcode.default\">\n\t\t\t\t<div class=\"elementor-widget-container\">\n\t\t\t\t\t\t\t<div class=\"elementor-shortcode\">\r\n            \r\n            \r\n            \r\n            <a name='map27'><\/a>\r\n            \r\n            \r\n            \r\n            \r\n            <div class=\"wpgmza_map \"  id=\"wpgmza_map_27\" style=\"display:block; overflow:auto; width:100%; height:400px; float:left;\" data-settings='{\"id\":\"27\",\"map_title\":\"M\\u0117lynas namas\",\"map_width\":\"100\",\"map_height\":\"400\",\"map_start_lat\":\"55.33802766568951\",\"map_start_lng\":\"21.501515943286144\",\"map_start_location\":\"\",\"map_start_zoom\":\"14\",\"default_marker\":\"\",\"type\":\"1\",\"alignment\":\"0\",\"directions_enabled\":\"0\",\"styling_enabled\":\"0\",\"styling_json\":\"\",\"active\":\"0\",\"kml\":\"\",\"bicycle\":\"0\",\"traffic\":\"0\",\"dbox\":\"1\",\"dbox_width\":\"100\",\"listmarkers\":\"0\",\"listmarkers_advanced\":\"0\",\"filterbycat\":\"0\",\"ugm_enabled\":\"0\",\"ugm_category_enabled\":\"0\",\"fusion\":\"\",\"map_width_type\":\"%\",\"map_height_type\":\"px\",\"mass_marker_support\":\"0\",\"ugm_access\":\"0\",\"order_markers_by\":\"1\",\"order_markers_choice\":\"1\",\"show_user_location\":\"0\",\"default_to\":\"\",\"other_settings\":{\"map_type\":1,\"sl_stroke_color\":\"#ff0000\",\"sl_fill_color\":\"#ff0000\",\"sl_stroke_opacity\":\"1\",\"sl_fill_opacity\":\"0.5\",\"transport_layer\":false,\"action\":\"wpgmza_save_map\",\"redirect_to\":\"\\\/wp-admin\\\/admin-post.php\",\"map_id\":\"27\",\"http_referer\":\"\\\/wp-admin\\\/admin.php?page=wp-google-maps-menu&amp;amp;action=edit&amp;amp;map_id=2\",\"wpgmza_id\":\"2\",\"wpgmza_start_location\":\"55.33802766568951,21.501515943286144\",\"wpgmza_start_zoom\":\"14\",\"wpgmza_dbox_width_type\":\"%\",\"default_from\":\"\",\"directions_behaviour\":\"default\",\"force_google_directions_app\":false,\"directions_route_origin_icon\":\"https:\\\/\\\/siluteinfo.lt\\\/wp-content\\\/plugins\\\/wp-google-maps\\\/images\\\/spotlight-poi2.png\",\"directions_origin_retina\":false,\"directions_route_destination_icon\":\"https:\\\/\\\/siluteinfo.lt\\\/wp-content\\\/plugins\\\/wp-google-maps\\\/images\\\/spotlight-poi2.png\",\"directions_destination_retina\":false,\"directions_route_stroke_color\":\"#4f8df5\",\"directions_route_stroke_weight\":\"4\",\"directions_route_stroke_opacity\":\"0.8\",\"directions_fit_bounds_to_route\":false,\"store_locator_enabled\":false,\"store_locator_search_area\":\"radial\",\"wpgmza_store_locator_radius_style\":\"legacy\",\"wpgmza_store_locator_default_radius\":\"10\",\"store_locator_auto_area_max_zoom\":\"\",\"wpgmza_store_locator_restrict\":\"\",\"store_locator_distance\":false,\"wpgmza_store_locator_position\":false,\"store_locator_show_distance\":false,\"store_locator_category\":false,\"wpgmza_store_locator_use_their_location\":false,\"wpgmza_store_locator_bounce\":false,\"upload_default_sl_marker\":\"\",\"upload_default_sl_marker_retina\":false,\"wpgmza_sl_animation\":\"0\",\"wpgmza_store_locator_hide_before_search\":false,\"store_locator_query_string\":\"\",\"store_locator_default_address\":\"\",\"store_locator_name_search\":false,\"store_locator_name_string\":\"\",\"store_locator_not_found_message\":\"\",\"retina\":false,\"wpgmza_map_align\":\"1\",\"upload_default_ul_marker\":\"\",\"upload_default_ul_marker_retina\":false,\"jump_to_nearest_marker_on_initialization\":false,\"automatically_pan_to_users_location\":false,\"override_users_location_zoom_level\":false,\"override_users_location_zoom_levels\":\"\",\"show_distance_from_location\":false,\"map_max_zoom\":\"21\",\"map_min_zoom\":\"0\",\"click_open_link\":false,\"fit_maps_bounds_to_markers\":false,\"fit_maps_bounds_to_markers_after_filtering\":false,\"hide_point_of_interest\":false,\"wpgmza_zoom_on_marker_click\":false,\"wpgmza_zoom_on_marker_click_slider\":\"\",\"close_infowindow_on_map_click\":false,\"disable_lightbox_images\":false,\"use_Raw_Jpeg_Coordinates\":false,\"disable_polygon_info_windows\":false,\"enable_advanced_custom_fields_integration\":false,\"enable_toolset_woocommerce_integration\":false,\"enable_woo_product_integration\":false,\"only_load_markers_within_viewport\":false,\"iw_primary_color\":\"#000000\",\"iw_accent_color\":\"#000000\",\"iw_text_color\":\"#000000\",\"wpgmza_listmarkers_by\":\"4\",\"wpgmza_marker_listing_position\":false,\"zoom_level_on_marker_listing_override\":false,\"zoom_level_on_marker_listing_click\":\"\",\"datatable_no_result_message\":\"\",\"remove_search_box_datables\":false,\"dataTable_pagination_style\":\"default\",\"datatable_search_string\":\"\",\"datatable_result_start\":\"\",\"datatable_result_of\":\"\",\"datatable_result_to\":\"\",\"datatable_result_total\":\"\",\"datatable_result_show\":\"\",\"datatable_result_entries\":\"\",\"wpgmza_savemap\":\"Save Map \\u00bb\",\"shortcodeAttributes\":{\"id\":\"27\"},\"wpgmza_theme_data\":\"\",\"store_locator_location_placeholder\":\"\",\"polygon_labels\":false,\"enable_advanced_custom_fields_integration_type\":\"\",\"wpgmza_push_in_map\":false,\"wpgmza_push_in_map_placement\":\"1\",\"wpgmza_push_in_map_width\":\"\",\"wpgmza_push_in_map_height\":\"\",\"marker_listing_disable_zoom\":false}}' data-map-id='27' data-shortcode-attributes='{\"id\":\"27\"}'> <\/div>\r\n            \r\n            <div data-wpgmza-table data-wpgmza-php-class=\"WPGMZA\\MarkerListing\\BasicList\" data-wpgmza-rest-api-route=\"\/marker-listing\/\" data-wpgmza-marker-listing=\"true\" class=\"wpgmza_marker_list_class\" style=\"width:100%;\" data-wpgmza-ajax-parameters='{\"map_id\":\"27\"}' id=\"wpgmza_marker_list_27\"><\/div>   \r\n        <\/div>\n\t\t\t\t\t\t<\/div>\n\t\t\t\t<\/div>\n\t\t\t\t\t<\/div>\n\t\t<\/div>\n\t\t\t\t\t<\/div>\n\t\t<\/section>\n\t\t\t\t\t<\/div>\n\t\t<\/div>\n\t\t\t\t\t<\/div>\n\t\t<\/section>\n\t\t\t\t<\/div>\n\t\t","protected":false},"excerpt":{"rendered":"<p>Das Geh\u00f6ft f\u00fcr l\u00e4ndlichen Tourismus &#8222;M\u0117lynas namas&#8220; befindet sich im Vorort \u0160ilut\u0117. Im Jahr 2014 wurde das Geh\u00f6ft rekonstruiert. Es<\/p>\n","protected":false},"author":1,"featured_media":12615,"parent":23025,"menu_order":1,"comment_status":"closed","ping_status":"closed","template":"","meta":{"_acf_changed":false,"_monsterinsights_skip_tracking":false,"_monsterinsights_sitenote_active":false,"_monsterinsights_sitenote_note":"","_monsterinsights_sitenote_category":0,"footnotes":""},"class_list":["post-26535","page","type-page","status-publish","has-post-thumbnail","hentry"],"acf":[],"_links":{"self":[{"href":"https:\/\/siluteinfo.lt\/de\/wp-json\/wp\/v2\/pages\/26535","targetHints":{"allow":["GET"]}}],"collection":[{"href":"https:\/\/siluteinfo.lt\/de\/wp-json\/wp\/v2\/pages"}],"about":[{"href":"https:\/\/siluteinfo.lt\/de\/wp-json\/wp\/v2\/types\/page"}],"author":[{"embeddable":true,"href":"https:\/\/siluteinfo.lt\/de\/wp-json\/wp\/v2\/users\/1"}],"replies":[{"embeddable":true,"href":"https:\/\/siluteinfo.lt\/de\/wp-json\/wp\/v2\/comments?post=26535"}],"version-history":[{"count":0,"href":"https:\/\/siluteinfo.lt\/de\/wp-json\/wp\/v2\/pages\/26535\/revisions"}],"up":[{"embeddable":true,"href":"https:\/\/siluteinfo.lt\/de\/wp-json\/wp\/v2\/pages\/23025"}],"wp:featuredmedia":[{"embeddable":true,"href":"https:\/\/siluteinfo.lt\/de\/wp-json\/wp\/v2\/media\/12615"}],"wp:attachment":[{"href":"https:\/\/siluteinfo.lt\/de\/wp-json\/wp\/v2\/media?parent=26535"}],"curies":[{"name":"wp","href":"https:\/\/api.w.org\/{rel}","templated":true}]}}