{"id":26153,"date":"2022-06-11T06:47:59","date_gmt":"2022-06-11T04:47:59","guid":{"rendered":"https:\/\/siluteinfo.lt\/unterkunft\/bed-and-breakfast\/melynasis-karpis\/"},"modified":"2023-09-09T21:19:15","modified_gmt":"2023-09-09T19:19:15","slug":"melynasis-karpis","status":"publish","type":"page","link":"https:\/\/siluteinfo.lt\/de\/unterkunft\/bed-and-breakfast\/melynasis-karpis\/","title":{"rendered":"M\u0117lynasis karpis"},"content":{"rendered":"\t\t<div data-elementor-type=\"wp-page\" data-elementor-id=\"26153\" class=\"elementor elementor-26153 elementor-12536\" data-elementor-post-type=\"page\">\n\t\t\t\t\t\t<section class=\"wd-negative-gap elementor-section elementor-top-section elementor-element elementor-element-3c74ed4 elementor-section-boxed elementor-section-height-default elementor-section-height-default\" data-id=\"3c74ed4\" data-element_type=\"section\" data-e-type=\"section\">\n\t\t\t\t\t\t<div class=\"elementor-container elementor-column-gap-default\">\n\t\t\t\t\t<div class=\"elementor-column elementor-col-100 elementor-top-column elementor-element elementor-element-8174f1e\" data-id=\"8174f1e\" data-element_type=\"column\" data-e-type=\"column\">\n\t\t\t<div class=\"elementor-widget-wrap elementor-element-populated\">\n\t\t\t\t\t\t<section class=\"wd-negative-gap elementor-section elementor-inner-section elementor-element elementor-element-d96830c elementor-section-boxed elementor-section-height-default elementor-section-height-default\" data-id=\"d96830c\" data-element_type=\"section\" data-e-type=\"section\">\n\t\t\t\t\t\t<div class=\"elementor-container elementor-column-gap-default\">\n\t\t\t\t\t<div class=\"elementor-column elementor-col-50 elementor-inner-column elementor-element elementor-element-7cb5e24\" data-id=\"7cb5e24\" data-element_type=\"column\" data-e-type=\"column\">\n\t\t\t<div class=\"elementor-widget-wrap elementor-element-populated\">\n\t\t\t\t\t\t<div class=\"elementor-element elementor-element-7e6f9db elementor-widget elementor-widget-theme-post-featured-image elementor-widget-image\" data-id=\"7e6f9db\" data-element_type=\"widget\" data-e-type=\"widget\" data-widget_type=\"theme-post-featured-image.default\">\n\t\t\t\t<div class=\"elementor-widget-container\">\n\t\t\t\t\t\t\t\t\t\t\t\t\t\t\t<img loading=\"lazy\" decoding=\"async\" width=\"1200\" height=\"900\" src=\"https:\/\/siluteinfo.lt\/wp-content\/themes\/woodmart\/images\/lazy.svg\" data-src=\"https:\/\/siluteinfo.lt\/wp-content\/uploads\/2023\/09\/melynasis_karpis.jpg\" class=\" wd-lazy-blur attachment-large size-large wp-image-27619\" alt=\"\" srcset=\"\" data-srcset=\"https:\/\/siluteinfo.lt\/wp-content\/uploads\/2023\/09\/melynasis_karpis.jpg 1200w, https:\/\/siluteinfo.lt\/wp-content\/uploads\/2023\/09\/melynasis_karpis-400x300.jpg 400w, https:\/\/siluteinfo.lt\/wp-content\/uploads\/2023\/09\/melynasis_karpis-768x576.jpg 768w\" sizes=\"auto, (max-width: 1200px) 100vw, 1200px\" \/>\t\t\t\t\t\t\t\t\t\t\t\t\t\t\t<\/div>\n\t\t\t\t<\/div>\n\t\t\t\t\t<\/div>\n\t\t<\/div>\n\t\t\t\t<div class=\"elementor-column elementor-col-50 elementor-inner-column elementor-element elementor-element-4335fc8\" data-id=\"4335fc8\" data-element_type=\"column\" data-e-type=\"column\">\n\t\t\t<div class=\"elementor-widget-wrap elementor-element-populated\">\n\t\t\t\t\t\t<div class=\"elementor-element elementor-element-494816bb color-scheme-inherit text-left elementor-widget elementor-widget-text-editor\" data-id=\"494816bb\" data-element_type=\"widget\" data-e-type=\"widget\" data-widget_type=\"text-editor.default\">\n\t\t\t\t<div class=\"elementor-widget-container\">\n\t\t\t\t\t\t\t\t\t<p>Der Tourismuskomplex &#8222;M\u0117lynasis karpis&#8220; befindet sich in einer der sch\u00f6nsten und interessantesten Ecken Litauens &#8211; im Regionalpark Memeldelta, am Ufer des Flusses Minija. Wenn Sie mindestens einmal in Pommern waren, kennen Sie die magische Sch\u00f6nheit der Natur dort. Wenn Sie den Zauber der pommerschen Region zumindest einmal erlebt haben, glauben wir, dass Sie gerne wiederkommen werden. Und es ist gut, an einen Ort zur\u00fcckzukommen, an dem man willkommen ist.<br \/>Der gem\u00fctliche, erneuerte und einladende UAB &#8222;Kintai&#8220; Tourismuskomplex &#8222;M\u0117lynasis karpis&#8220; l\u00e4dt Sie ein, sich zu entspannen und Spa\u00df in der sch\u00f6nen pommerschen Region zu haben. &#8222;M\u0117lynasis karpis&#8220; befindet sich in der N\u00e4he von Kintai, am Ufer des Flusses Minija, zwischen 1000 Hektar Teichen. Die wunderbare Natur der pamarischen Region, die Vogelkolonien, die W\u00e4lder, der Fluss und die sch\u00f6nen Sonnenaufg\u00e4nge &#8211; das ist die beste Erholung vom L\u00e4rm und der Hektik der Stadt.<br \/>Der Ferienkomplex bietet Unterkunft im &#8222;Karpio namas&#8220; und auf dem &#8222;Karpio bar\u017ea&#8220;, Verpflegung im Fischrestaurant &#8222;M\u0117lynasis karpis&#8220;, Verleih von Ausflugsbooten, Bootsausfl\u00fcge, Freizeitangeln in den Teichen, Vogelbeobachtung und Fotografie, Vermietung eines Hot-Tub, Organisation von Feiern und Konferenzen.<\/p>\n<p><strong>Mehr Information:<\/strong><br \/>Tvenkini\u0173 g. 10, Povilai, \u0160ilut\u0117s r. sav.  <br \/>F\u00fcr Unterkunft und Bootsverleih +370 616 72 402, f\u00fcr Verpflegung +370 441 69 510<br \/>E-Mail <a href=\"&#x6d;a&#x69;l&#x74;&#111;&#x3a;&#105;n&#x66;o&#x40;&#107;&#x69;&#110;&#x74;&#97;i&#x2e;l&#x74;\">info&#64;k&#105;&#110;&#116;&#97;&#105;&#46;&#108;&#x74;<\/a> <br \/><a href=\"https:\/\/www.kintai.lt\/\" target=\"_blank\" rel=\"noopener\">www.kintai.lt<\/a><br \/>GPS 55.399962, 21.286299<br \/>GPS 55\u00b023&#8217;59.9&#8243;N 21\u00b017&#8217;10.7&#8243;E<\/p>\n<p>Anzahl der Zimmer \/ Personen: &#8222;Karpio namas&#8220; &#8211; 4 \/ 12; &#8222;Karpio bar\u017ea&#8220; &#8211; 9 \/ 24; &#8222;Karpio pirties namas&#8220; &#8211; 4 Personen<br \/>Preise 45-60 Eur<br \/>Bankett-\/Konferenzs\u00e4le &#8211; 25, 80 Sitzpl\u00e4tze<br \/>Weitere Dienstleistungen: Catering, Eis- und Freizeitfischen, professionelles Karpfenfischen; Ausfl\u00fcge, Konferenzen, F\u00fchrungen, Freizeitprogramme, individuelle Routen, Bootsfahrten, Kinderspielpl\u00e4tze, Sauna, Hot Tub, Boots- und Tretbootverleih. Unterkunft mit Haustieren im &#8222;Karpio bar\u017ea&#8220; ist m\u00f6glich.<\/p>\n\t\t\t\t\t\t\t\t<\/div>\n\t\t\t\t<\/div>\n\t\t\t\t\t<\/div>\n\t\t<\/div>\n\t\t\t\t\t<\/div>\n\t\t<\/section>\n\t\t\t\t<section class=\"wd-negative-gap elementor-section elementor-inner-section elementor-element elementor-element-a9df322 elementor-section-boxed elementor-section-height-default elementor-section-height-default\" data-id=\"a9df322\" data-element_type=\"section\" data-e-type=\"section\">\n\t\t\t\t\t\t<div class=\"elementor-container elementor-column-gap-default\">\n\t\t\t\t\t<div class=\"elementor-column elementor-col-100 elementor-inner-column elementor-element elementor-element-df946d1\" data-id=\"df946d1\" data-element_type=\"column\" data-e-type=\"column\">\n\t\t\t<div class=\"elementor-widget-wrap elementor-element-populated\">\n\t\t\t\t\t\t<div class=\"elementor-element elementor-element-ab7187b elementor-widget elementor-widget-shortcode\" data-id=\"ab7187b\" data-element_type=\"widget\" data-e-type=\"widget\" data-widget_type=\"shortcode.default\">\n\t\t\t\t<div class=\"elementor-widget-container\">\n\t\t\t\t\t\t\t<div class=\"elementor-shortcode\">\r\n            \r\n            \r\n            \r\n            <a name='map11'><\/a>\r\n            \r\n            \r\n            \r\n            \r\n            <div class=\"wpgmza_map \"  id=\"wpgmza_map_11\" style=\"display:block; overflow:auto; width:100%; height:400px; float:left;\" data-settings='{\"id\":\"11\",\"map_title\":\"\\u017dvej\\u0173 u\\u017eeiga\",\"map_width\":\"100\",\"map_height\":\"400\",\"map_start_lat\":\"55.40048163286902\",\"map_start_lng\":\"21.28334932154303\",\"map_start_location\":\"\",\"map_start_zoom\":\"14\",\"default_marker\":\"\",\"type\":\"1\",\"alignment\":\"0\",\"directions_enabled\":\"0\",\"styling_enabled\":\"0\",\"styling_json\":\"\",\"active\":\"0\",\"kml\":\"\",\"bicycle\":\"0\",\"traffic\":\"0\",\"dbox\":\"1\",\"dbox_width\":\"100\",\"listmarkers\":\"0\",\"listmarkers_advanced\":\"0\",\"filterbycat\":\"0\",\"ugm_enabled\":\"0\",\"ugm_category_enabled\":\"0\",\"fusion\":\"\",\"map_width_type\":\"%\",\"map_height_type\":\"px\",\"mass_marker_support\":\"0\",\"ugm_access\":\"0\",\"order_markers_by\":\"1\",\"order_markers_choice\":\"1\",\"show_user_location\":\"0\",\"default_to\":\"\",\"other_settings\":{\"map_type\":1,\"sl_stroke_color\":\"#ff0000\",\"sl_fill_color\":\"#ff0000\",\"sl_stroke_opacity\":\"1\",\"sl_fill_opacity\":\"0.5\",\"transport_layer\":false,\"action\":\"wpgmza_save_map\",\"redirect_to\":\"\\\/wp-admin\\\/admin-post.php\",\"map_id\":\"11\",\"http_referer\":\"\\\/wp-admin\\\/admin.php?page=wp-google-maps-menu&amp;amp;action=edit&amp;amp;map_id=2\",\"wpgmza_id\":\"2\",\"wpgmza_start_location\":\"55.40048163286902,21.28334932154303\",\"wpgmza_start_zoom\":\"14\",\"wpgmza_dbox_width_type\":\"%\",\"default_from\":\"\",\"directions_behaviour\":\"default\",\"force_google_directions_app\":false,\"directions_route_origin_icon\":\"https:\\\/\\\/siluteinfo.lt\\\/wp-content\\\/plugins\\\/wp-google-maps\\\/images\\\/spotlight-poi2.png\",\"directions_origin_retina\":false,\"directions_route_destination_icon\":\"https:\\\/\\\/siluteinfo.lt\\\/wp-content\\\/plugins\\\/wp-google-maps\\\/images\\\/spotlight-poi2.png\",\"directions_destination_retina\":false,\"directions_route_stroke_color\":\"#4f8df5\",\"directions_route_stroke_weight\":\"4\",\"directions_route_stroke_opacity\":\"0.8\",\"directions_fit_bounds_to_route\":false,\"store_locator_enabled\":false,\"store_locator_search_area\":\"radial\",\"wpgmza_store_locator_radius_style\":\"legacy\",\"wpgmza_store_locator_default_radius\":\"10\",\"store_locator_auto_area_max_zoom\":\"\",\"wpgmza_store_locator_restrict\":\"\",\"store_locator_distance\":false,\"wpgmza_store_locator_position\":false,\"store_locator_show_distance\":false,\"store_locator_category\":false,\"wpgmza_store_locator_use_their_location\":false,\"wpgmza_store_locator_bounce\":false,\"upload_default_sl_marker\":\"\",\"upload_default_sl_marker_retina\":false,\"wpgmza_sl_animation\":\"0\",\"wpgmza_store_locator_hide_before_search\":false,\"store_locator_query_string\":\"\",\"store_locator_default_address\":\"\",\"store_locator_name_search\":false,\"store_locator_name_string\":\"\",\"store_locator_not_found_message\":\"\",\"retina\":false,\"wpgmza_map_align\":\"1\",\"upload_default_ul_marker\":\"\",\"upload_default_ul_marker_retina\":false,\"jump_to_nearest_marker_on_initialization\":false,\"automatically_pan_to_users_location\":false,\"override_users_location_zoom_level\":false,\"override_users_location_zoom_levels\":\"\",\"show_distance_from_location\":false,\"map_max_zoom\":\"21\",\"map_min_zoom\":\"0\",\"click_open_link\":false,\"fit_maps_bounds_to_markers\":false,\"fit_maps_bounds_to_markers_after_filtering\":false,\"hide_point_of_interest\":false,\"wpgmza_zoom_on_marker_click\":false,\"wpgmza_zoom_on_marker_click_slider\":\"\",\"close_infowindow_on_map_click\":false,\"disable_lightbox_images\":false,\"use_Raw_Jpeg_Coordinates\":false,\"disable_polygon_info_windows\":false,\"enable_advanced_custom_fields_integration\":false,\"enable_toolset_woocommerce_integration\":false,\"enable_woo_product_integration\":false,\"only_load_markers_within_viewport\":false,\"iw_primary_color\":\"#000000\",\"iw_accent_color\":\"#000000\",\"iw_text_color\":\"#000000\",\"wpgmza_listmarkers_by\":\"4\",\"wpgmza_marker_listing_position\":false,\"zoom_level_on_marker_listing_override\":false,\"zoom_level_on_marker_listing_click\":\"\",\"datatable_no_result_message\":\"\",\"remove_search_box_datables\":false,\"dataTable_pagination_style\":\"default\",\"datatable_search_string\":\"\",\"datatable_result_start\":\"\",\"datatable_result_of\":\"\",\"datatable_result_to\":\"\",\"datatable_result_total\":\"\",\"datatable_result_show\":\"\",\"datatable_result_entries\":\"\",\"wpgmza_savemap\":\"Save Map \\u00bb\",\"shortcodeAttributes\":{\"id\":\"11\"},\"wpgmza_theme_data\":\"\",\"store_locator_location_placeholder\":\"\",\"polygon_labels\":false,\"enable_advanced_custom_fields_integration_type\":\"\",\"wpgmza_push_in_map\":false,\"wpgmza_push_in_map_placement\":\"1\",\"wpgmza_push_in_map_width\":\"\",\"wpgmza_push_in_map_height\":\"\",\"marker_listing_disable_zoom\":false}}' data-map-id='11' data-shortcode-attributes='{\"id\":\"11\"}'> <\/div>\r\n            \r\n            <div data-wpgmza-table data-wpgmza-php-class=\"WPGMZA\\MarkerListing\\BasicList\" data-wpgmza-rest-api-route=\"\/marker-listing\/\" data-wpgmza-marker-listing=\"true\" class=\"wpgmza_marker_list_class\" style=\"width:100%;\" data-wpgmza-ajax-parameters='{\"map_id\":\"11\"}' id=\"wpgmza_marker_list_11\"><\/div>   \r\n        <\/div>\n\t\t\t\t\t\t<\/div>\n\t\t\t\t<\/div>\n\t\t\t\t\t<\/div>\n\t\t<\/div>\n\t\t\t\t\t<\/div>\n\t\t<\/section>\n\t\t\t\t\t<\/div>\n\t\t<\/div>\n\t\t\t\t\t<\/div>\n\t\t<\/section>\n\t\t\t\t<\/div>\n\t\t","protected":false},"excerpt":{"rendered":"<p>Der Tourismuskomplex &#8222;M\u0117lynasis karpis&#8220; befindet sich in einer der sch\u00f6nsten und interessantesten Ecken Litauens &#8211; im Regionalpark Memeldelta, am Ufer<\/p>\n","protected":false},"author":1,"featured_media":27619,"parent":23023,"menu_order":2,"comment_status":"closed","ping_status":"closed","template":"","meta":{"_acf_changed":false,"_monsterinsights_skip_tracking":false,"_monsterinsights_sitenote_active":false,"_monsterinsights_sitenote_note":"","_monsterinsights_sitenote_category":0,"footnotes":""},"class_list":["post-26153","page","type-page","status-publish","has-post-thumbnail","hentry"],"acf":[],"_links":{"self":[{"href":"https:\/\/siluteinfo.lt\/de\/wp-json\/wp\/v2\/pages\/26153","targetHints":{"allow":["GET"]}}],"collection":[{"href":"https:\/\/siluteinfo.lt\/de\/wp-json\/wp\/v2\/pages"}],"about":[{"href":"https:\/\/siluteinfo.lt\/de\/wp-json\/wp\/v2\/types\/page"}],"author":[{"embeddable":true,"href":"https:\/\/siluteinfo.lt\/de\/wp-json\/wp\/v2\/users\/1"}],"replies":[{"embeddable":true,"href":"https:\/\/siluteinfo.lt\/de\/wp-json\/wp\/v2\/comments?post=26153"}],"version-history":[{"count":0,"href":"https:\/\/siluteinfo.lt\/de\/wp-json\/wp\/v2\/pages\/26153\/revisions"}],"up":[{"embeddable":true,"href":"https:\/\/siluteinfo.lt\/de\/wp-json\/wp\/v2\/pages\/23023"}],"wp:featuredmedia":[{"embeddable":true,"href":"https:\/\/siluteinfo.lt\/de\/wp-json\/wp\/v2\/media\/27619"}],"wp:attachment":[{"href":"https:\/\/siluteinfo.lt\/de\/wp-json\/wp\/v2\/media?parent=26153"}],"curies":[{"name":"wp","href":"https:\/\/api.w.org\/{rel}","templated":true}]}}