{"id":26114,"date":"2022-06-11T06:48:24","date_gmt":"2022-06-11T04:48:24","guid":{"rendered":"https:\/\/siluteinfo.lt\/unterkunft\/bed-and-breakfast\/sturmu-svyturys\/"},"modified":"2023-09-09T23:21:05","modified_gmt":"2023-09-09T21:21:05","slug":"sturmu-svyturys","status":"publish","type":"page","link":"https:\/\/siluteinfo.lt\/de\/unterkunft\/bed-and-breakfast\/sturmu-svyturys\/","title":{"rendered":"\u0160turm\u0173 \u0161vyturys"},"content":{"rendered":"\t\t<div data-elementor-type=\"wp-page\" data-elementor-id=\"26114\" class=\"elementor elementor-26114 elementor-12538\" data-elementor-post-type=\"page\">\n\t\t\t\t\t\t<section class=\"wd-negative-gap elementor-section elementor-top-section elementor-element elementor-element-f6af54f elementor-section-boxed elementor-section-height-default elementor-section-height-default\" data-id=\"f6af54f\" data-element_type=\"section\" data-e-type=\"section\">\n\t\t\t\t\t\t<div class=\"elementor-container elementor-column-gap-default\">\n\t\t\t\t\t<div class=\"elementor-column elementor-col-100 elementor-top-column elementor-element elementor-element-1d48fb7\" data-id=\"1d48fb7\" data-element_type=\"column\" data-e-type=\"column\">\n\t\t\t<div class=\"elementor-widget-wrap elementor-element-populated\">\n\t\t\t\t\t\t<section class=\"wd-negative-gap elementor-section elementor-inner-section elementor-element elementor-element-8097dcd elementor-section-boxed elementor-section-height-default elementor-section-height-default\" data-id=\"8097dcd\" data-element_type=\"section\" data-e-type=\"section\">\n\t\t\t\t\t\t<div class=\"elementor-container elementor-column-gap-default\">\n\t\t\t\t\t<div class=\"elementor-column elementor-col-50 elementor-inner-column elementor-element elementor-element-af22ae6\" data-id=\"af22ae6\" data-element_type=\"column\" data-e-type=\"column\">\n\t\t\t<div class=\"elementor-widget-wrap elementor-element-populated\">\n\t\t\t\t\t\t<div class=\"elementor-element elementor-element-f3b161b elementor-widget elementor-widget-theme-post-featured-image elementor-widget-image\" data-id=\"f3b161b\" data-element_type=\"widget\" data-e-type=\"widget\" data-widget_type=\"theme-post-featured-image.default\">\n\t\t\t\t<div class=\"elementor-widget-container\">\n\t\t\t\t\t\t\t\t\t\t\t\t\t\t\t<img loading=\"lazy\" decoding=\"async\" width=\"1200\" height=\"900\" src=\"https:\/\/siluteinfo.lt\/wp-content\/themes\/woodmart\/images\/lazy.svg\" data-src=\"https:\/\/siluteinfo.lt\/wp-content\/uploads\/2023\/09\/sturmu_svyturys.jpg\" class=\" wd-lazy-blur attachment-large size-large wp-image-27697\" alt=\"\" srcset=\"\" data-srcset=\"https:\/\/siluteinfo.lt\/wp-content\/uploads\/2023\/09\/sturmu_svyturys.jpg 1200w, https:\/\/siluteinfo.lt\/wp-content\/uploads\/2023\/09\/sturmu_svyturys-400x300.jpg 400w, https:\/\/siluteinfo.lt\/wp-content\/uploads\/2023\/09\/sturmu_svyturys-768x576.jpg 768w\" sizes=\"auto, (max-width: 1200px) 100vw, 1200px\" \/>\t\t\t\t\t\t\t\t\t\t\t\t\t\t\t<\/div>\n\t\t\t\t<\/div>\n\t\t\t\t\t<\/div>\n\t\t<\/div>\n\t\t\t\t<div class=\"elementor-column elementor-col-50 elementor-inner-column elementor-element elementor-element-7705a45\" data-id=\"7705a45\" data-element_type=\"column\" data-e-type=\"column\">\n\t\t\t<div class=\"elementor-widget-wrap elementor-element-populated\">\n\t\t\t\t\t\t<div class=\"elementor-element elementor-element-35f8d2f7 color-scheme-inherit text-left elementor-widget elementor-widget-text-editor\" data-id=\"35f8d2f7\" data-element_type=\"widget\" data-e-type=\"widget\" data-widget_type=\"text-editor.default\">\n\t\t\t\t<div class=\"elementor-widget-container\">\n\t\t\t\t\t\t\t\t\t<p>Die am Ufer des Kurischen Haffs gelegene Villa &#8222;\u0160turm\u0173 \u0161vyturys&#8220; ist stolz auf ihre Architektur aus dem 19. Jahrhundert, die den Geist des kleinen Litauens widerspiegelt.  Sie wurde restauriert und an die modernen Bed\u00fcrfnisse angepasst und bietet eine einzigartige Zimmerausstattung und -l\u00f6sung sowie einen Haffblick aus den Fenstern .<br \/>In der Villa &#8222;\u0160turm\u0173 \u0161vyturys&#8220; ist kein einziges Zimmer wie das andere. Wie die Fische sind sie individuell und haben ihren eigenen Charakter. Es gibt keine Nummern, jedes Zimmer ist nach einem Fisch aus der Lagune benannt.<br \/>Im Hafen befindet sich das einzige Frischfischrestaurant Litauens, in dem es keine traditionelle Speisekarte gibt. Jeden Tag segeln Fischer in die Lagune hinaus, und es h\u00e4ngt nur von den Maumas der Lagune und dem Erfolg der Fischer ab, was Sie heute essen werden. Das Restaurant ist in der Saison von 13:00 bis 21:00 Uhr ge\u00f6ffnet, V-VII.<\/p>\n<p><strong>Mehr Information:<\/strong><br \/>\u0160vyturio g. 7, \u0160turmai, \u0160ilut\u0117s r. sav.  <br \/>Tel. +370 687 97 756<br \/>E-Mail <a href=\"&#109;a&#x69;l&#x74;o&#x3a;&#105;&#x6e;&#102;&#x6f;&#64;s&#x74;u&#x72;m&#x75;&#115;&#x76;&#121;&#x74;&#117;&#x72;&#121;s&#x2e;l&#x74;\">&#x69;&#110;f&#x6f;&#64;&#115;&#x74;&#x75;&#114;m&#x75;&#115;v&#x79;&#x74;&#117;r&#x79;&#115;&#46;&#x6c;&#x74;<\/a> <br \/><a href=\"http:\/\/www.sturmusvyturys.lt\/\" target=\"_blank\" rel=\"noopener\">www.sturmusvyturys.lt<\/a><br \/>GPS 55.363688, 21.212618<br \/>GPS 55\u00b021&#8217;49.3&#8243;N 21\u00b012&#8217;45.4&#8243;E<\/p>\n<p>Anzahl der Zimmer \/ Personen &#8211; 10 \/ 29<br \/>2 Appartements, 3 Vierbettzimmer, 1 Dreibettzimmer und 4 Zweibettzimmer<br \/>Preis ab 125 Eur <br \/>Weitere Dienstleistungen: Privatparkplatz, Terrasse mit Holzliegen.<\/p>\n\t\t\t\t\t\t\t\t<\/div>\n\t\t\t\t<\/div>\n\t\t\t\t\t<\/div>\n\t\t<\/div>\n\t\t\t\t\t<\/div>\n\t\t<\/section>\n\t\t\t\t<section class=\"wd-negative-gap elementor-section elementor-inner-section elementor-element elementor-element-55a8214 elementor-section-boxed elementor-section-height-default elementor-section-height-default\" data-id=\"55a8214\" data-element_type=\"section\" data-e-type=\"section\">\n\t\t\t\t\t\t<div class=\"elementor-container elementor-column-gap-default\">\n\t\t\t\t\t<div class=\"elementor-column elementor-col-100 elementor-inner-column elementor-element elementor-element-5d67fd1\" data-id=\"5d67fd1\" data-element_type=\"column\" data-e-type=\"column\">\n\t\t\t<div class=\"elementor-widget-wrap elementor-element-populated\">\n\t\t\t\t\t\t<div class=\"elementor-element elementor-element-54cf66b elementor-widget elementor-widget-shortcode\" data-id=\"54cf66b\" data-element_type=\"widget\" data-e-type=\"widget\" data-widget_type=\"shortcode.default\">\n\t\t\t\t<div class=\"elementor-widget-container\">\n\t\t\t\t\t\t\t<div class=\"elementor-shortcode\">\r\n            \r\n            \r\n            \r\n            <a name='map12'><\/a>\r\n            \r\n            \r\n            \r\n            \r\n            <div class=\"wpgmza_map \"  id=\"wpgmza_map_12\" style=\"display:block; overflow:auto; width:100%; height:400px; float:left;\" data-settings='{\"id\":\"12\",\"map_title\":\"\\u0160turm\\u0173 \\u0161vyturys\",\"map_width\":\"100\",\"map_height\":\"400\",\"map_start_lat\":\"55.36383651104004\",\"map_start_lng\":\"21.21260632829413\",\"map_start_location\":\"\",\"map_start_zoom\":\"14\",\"default_marker\":\"\",\"type\":\"1\",\"alignment\":\"0\",\"directions_enabled\":\"0\",\"styling_enabled\":\"0\",\"styling_json\":\"\",\"active\":\"0\",\"kml\":\"\",\"bicycle\":\"0\",\"traffic\":\"0\",\"dbox\":\"1\",\"dbox_width\":\"100\",\"listmarkers\":\"0\",\"listmarkers_advanced\":\"0\",\"filterbycat\":\"0\",\"ugm_enabled\":\"0\",\"ugm_category_enabled\":\"0\",\"fusion\":\"\",\"map_width_type\":\"%\",\"map_height_type\":\"px\",\"mass_marker_support\":\"0\",\"ugm_access\":\"0\",\"order_markers_by\":\"1\",\"order_markers_choice\":\"1\",\"show_user_location\":\"0\",\"default_to\":\"\",\"other_settings\":{\"map_type\":1,\"sl_stroke_color\":\"#ff0000\",\"sl_fill_color\":\"#ff0000\",\"sl_stroke_opacity\":\"1\",\"sl_fill_opacity\":\"0.5\",\"transport_layer\":false,\"action\":\"wpgmza_save_map\",\"redirect_to\":\"\\\/wp-admin\\\/admin-post.php\",\"map_id\":\"12\",\"http_referer\":\"\\\/wp-admin\\\/admin.php?page=wp-google-maps-menu&amp;amp;action=edit&amp;amp;map_id=2\",\"wpgmza_id\":\"2\",\"wpgmza_start_location\":\"55.36383651104004,21.21260632829413\",\"wpgmza_start_zoom\":\"14\",\"wpgmza_dbox_width_type\":\"%\",\"default_from\":\"\",\"directions_behaviour\":\"default\",\"force_google_directions_app\":false,\"directions_route_origin_icon\":\"https:\\\/\\\/siluteinfo.lt\\\/wp-content\\\/plugins\\\/wp-google-maps\\\/images\\\/spotlight-poi2.png\",\"directions_origin_retina\":false,\"directions_route_destination_icon\":\"https:\\\/\\\/siluteinfo.lt\\\/wp-content\\\/plugins\\\/wp-google-maps\\\/images\\\/spotlight-poi2.png\",\"directions_destination_retina\":false,\"directions_route_stroke_color\":\"#4f8df5\",\"directions_route_stroke_weight\":\"4\",\"directions_route_stroke_opacity\":\"0.8\",\"directions_fit_bounds_to_route\":false,\"store_locator_enabled\":false,\"store_locator_search_area\":\"radial\",\"wpgmza_store_locator_radius_style\":\"legacy\",\"wpgmza_store_locator_default_radius\":\"10\",\"store_locator_auto_area_max_zoom\":\"\",\"wpgmza_store_locator_restrict\":\"\",\"store_locator_distance\":false,\"wpgmza_store_locator_position\":false,\"store_locator_show_distance\":false,\"store_locator_category\":false,\"wpgmza_store_locator_use_their_location\":false,\"wpgmza_store_locator_bounce\":false,\"upload_default_sl_marker\":\"\",\"upload_default_sl_marker_retina\":false,\"wpgmza_sl_animation\":\"0\",\"wpgmza_store_locator_hide_before_search\":false,\"store_locator_query_string\":\"\",\"store_locator_default_address\":\"\",\"store_locator_name_search\":false,\"store_locator_name_string\":\"\",\"store_locator_not_found_message\":\"\",\"retina\":false,\"wpgmza_map_align\":\"1\",\"upload_default_ul_marker\":\"\",\"upload_default_ul_marker_retina\":false,\"jump_to_nearest_marker_on_initialization\":false,\"automatically_pan_to_users_location\":false,\"override_users_location_zoom_level\":false,\"override_users_location_zoom_levels\":\"\",\"show_distance_from_location\":false,\"map_max_zoom\":\"21\",\"map_min_zoom\":\"0\",\"click_open_link\":false,\"fit_maps_bounds_to_markers\":false,\"fit_maps_bounds_to_markers_after_filtering\":false,\"hide_point_of_interest\":false,\"wpgmza_zoom_on_marker_click\":false,\"wpgmza_zoom_on_marker_click_slider\":\"\",\"close_infowindow_on_map_click\":false,\"disable_lightbox_images\":false,\"use_Raw_Jpeg_Coordinates\":false,\"disable_polygon_info_windows\":false,\"enable_advanced_custom_fields_integration\":false,\"enable_toolset_woocommerce_integration\":false,\"enable_woo_product_integration\":false,\"only_load_markers_within_viewport\":false,\"iw_primary_color\":\"#000000\",\"iw_accent_color\":\"#000000\",\"iw_text_color\":\"#000000\",\"wpgmza_listmarkers_by\":\"4\",\"wpgmza_marker_listing_position\":false,\"zoom_level_on_marker_listing_override\":false,\"zoom_level_on_marker_listing_click\":\"\",\"datatable_no_result_message\":\"\",\"remove_search_box_datables\":false,\"dataTable_pagination_style\":\"default\",\"datatable_search_string\":\"\",\"datatable_result_start\":\"\",\"datatable_result_of\":\"\",\"datatable_result_to\":\"\",\"datatable_result_total\":\"\",\"datatable_result_show\":\"\",\"datatable_result_entries\":\"\",\"wpgmza_savemap\":\"Save Map \\u00bb\",\"shortcodeAttributes\":{\"id\":\"12\"},\"wpgmza_theme_data\":\"\",\"store_locator_location_placeholder\":\"\",\"polygon_labels\":false,\"enable_advanced_custom_fields_integration_type\":\"\",\"wpgmza_push_in_map\":false,\"wpgmza_push_in_map_placement\":\"1\",\"wpgmza_push_in_map_width\":\"\",\"wpgmza_push_in_map_height\":\"\",\"marker_listing_disable_zoom\":false}}' data-map-id='12' data-shortcode-attributes='{\"id\":\"12\"}'> <\/div>\r\n            \r\n            <div data-wpgmza-table data-wpgmza-php-class=\"WPGMZA\\MarkerListing\\BasicList\" data-wpgmza-rest-api-route=\"\/marker-listing\/\" data-wpgmza-marker-listing=\"true\" class=\"wpgmza_marker_list_class\" style=\"width:100%;\" data-wpgmza-ajax-parameters='{\"map_id\":\"12\"}' id=\"wpgmza_marker_list_12\"><\/div>   \r\n        <\/div>\n\t\t\t\t\t\t<\/div>\n\t\t\t\t<\/div>\n\t\t\t\t\t<\/div>\n\t\t<\/div>\n\t\t\t\t\t<\/div>\n\t\t<\/section>\n\t\t\t\t\t<\/div>\n\t\t<\/div>\n\t\t\t\t\t<\/div>\n\t\t<\/section>\n\t\t\t\t<\/div>\n\t\t","protected":false},"excerpt":{"rendered":"<p>Die am Ufer des Kurischen Haffs gelegene Villa &#8222;\u0160turm\u0173 \u0161vyturys&#8220; ist stolz auf ihre Architektur aus dem 19. Jahrhundert, die<\/p>\n","protected":false},"author":1,"featured_media":27697,"parent":23023,"menu_order":6,"comment_status":"closed","ping_status":"closed","template":"","meta":{"_acf_changed":false,"_monsterinsights_skip_tracking":false,"_monsterinsights_sitenote_active":false,"_monsterinsights_sitenote_note":"","_monsterinsights_sitenote_category":0,"footnotes":""},"class_list":["post-26114","page","type-page","status-publish","has-post-thumbnail","hentry"],"acf":[],"_links":{"self":[{"href":"https:\/\/siluteinfo.lt\/de\/wp-json\/wp\/v2\/pages\/26114","targetHints":{"allow":["GET"]}}],"collection":[{"href":"https:\/\/siluteinfo.lt\/de\/wp-json\/wp\/v2\/pages"}],"about":[{"href":"https:\/\/siluteinfo.lt\/de\/wp-json\/wp\/v2\/types\/page"}],"author":[{"embeddable":true,"href":"https:\/\/siluteinfo.lt\/de\/wp-json\/wp\/v2\/users\/1"}],"replies":[{"embeddable":true,"href":"https:\/\/siluteinfo.lt\/de\/wp-json\/wp\/v2\/comments?post=26114"}],"version-history":[{"count":0,"href":"https:\/\/siluteinfo.lt\/de\/wp-json\/wp\/v2\/pages\/26114\/revisions"}],"up":[{"embeddable":true,"href":"https:\/\/siluteinfo.lt\/de\/wp-json\/wp\/v2\/pages\/23023"}],"wp:featuredmedia":[{"embeddable":true,"href":"https:\/\/siluteinfo.lt\/de\/wp-json\/wp\/v2\/media\/27697"}],"wp:attachment":[{"href":"https:\/\/siluteinfo.lt\/de\/wp-json\/wp\/v2\/media?parent=26114"}],"curies":[{"name":"wp","href":"https:\/\/api.w.org\/{rel}","templated":true}]}}