{"id":23041,"date":"2022-06-11T13:06:39","date_gmt":"2022-06-11T11:06:39","guid":{"rendered":"https:\/\/siluteinfo.lt\/handwerkszentrum\/ueber-uns\/"},"modified":"2025-03-01T16:57:09","modified_gmt":"2025-03-01T14:57:09","slug":"ueber-uns","status":"publish","type":"page","link":"https:\/\/siluteinfo.lt\/de\/zentrum-fuer-traditionelles-handwerk\/ueber-uns\/","title":{"rendered":"\u00dcber uns"},"content":{"rendered":"\n<p>Das Zentrum f\u00fcr traditionelles Handwerk in \u0160v\u0117k\u0161na wurde 2014 als Filiale des Touristeninformationszentrums \u0160ilut\u0117 im Rahmen des Projekts &#8222;Schaffung und Entwicklung traditioneller Handwerke&#8220; der Ma\u00dfnahme &#8222;Dorferneuerung und -entwicklung&#8220; des litauischen Programms zur Entwicklung des l\u00e4ndlichen Raums 2007-2013 gegr\u00fcndet.  <\/p>\n\n<p>Das besondere Ziel der T\u00e4tigkeit ist die Pflege des immateriellen Kulturerbes durch die Entwicklung des Zentrums f\u00fcr traditionelles Handwerk als touristisches Anziehungsobjekt in Westlitauen, die Pflege und F\u00f6rderung traditioneller Handwerkstechnologien sowie die Schaffung von Bedingungen f\u00fcr traditionelle Handwerker, um Produkte des nationalen Erbes zu pr\u00e4sentieren und zu verkaufen.<\/p>\n\n<p><strong>HAUPTT\u00c4TIGKEITEN DES ZENTRUMS F\u00dcR TRADITIONELLES HANDWERK:<\/strong><\/p>\n\n<ol class=\"wp-block-list\">\n<li>Organisation und Durchf\u00fchrung einmaliger und mobiler Bildungsveranstaltungen;<\/li>\n\n\n\n<li>Durchf\u00fchrung regelm\u00e4\u00dfiger Keramikkurse f\u00fcr Kinder und Erwachsenengruppen;<\/li>\n\n\n\n<li>Durchf\u00fchrung von Bildungsveranstaltungen f\u00fcr Sch\u00fcler gem\u00e4\u00df dem System der kulturellen Bildung;<\/li>\n\n\n\n<li>Organisation von Workshops, Bildungsveranstaltungen und anderen Aktivit\u00e4ten mit eingeladenen professionellen und Hobby-Handwerkern;<\/li>\n\n\n\n<li>Teilnahme an und Organisation von Ausstellungen, Messen, Handwerksfesten, kreativen Wettbewerben und Kinderlagern;<\/li>\n\n\n\n<li>Herstellung von Keramikprodukten und anderen Souvenirartikeln nach individuellen Bestellungen;<\/li>\n\n\n\n<li>Verkauf verschiedener handgefertigter Produkte: Keramikwaren, handgefertigte Kerzen, Seifen, Wetterfahnen, Strohg\u00e4rten und verschiedene andere Souvenirs mit regionaler Symbolik;<\/li>\n\n\n\n<li>Organisation und Durchf\u00fchrung der Erlebnisbildung &#8222;Papr\u016bs\u0117s skoniai&#8220; (&#8222;Geschm\u00e4cker des Preu\u00dfischen Grenzgebiets&#8220;);<\/li>\n\n\n\n<li>Beratung zu Fragen der Zertifizierung von Produkten des nationalen Erbes und traditionellen Handwerksmeistern;<\/li>\n\n\n\n<li>Bereitstellung von Tourismusinformationen \u00fcber Tourismusressourcen und -dienstleistungen in der Gemeinde \u0160ilut\u0117;<\/li>\n\n\n\n<li>Vermietung von R\u00e4umlichkeiten f\u00fcr Konferenzen, Veranstaltungen und andere Zusammenk\u00fcnfte;<\/li>\n\n\n\n<li>Entwicklung und Umsetzung von Projekten.<\/li>\n<\/ol>\n\n<p><strong>BILDUNGSANGEBOTE IM RAHMEN DES KULTURELLEN BILDUNGSSYSTEMS:<\/strong><\/p>\n\n<ol class=\"wp-block-list\">\n<li>Keramikstudio &#8222;Molio paslaptys&#8220; (&#8222;Geheimnisse des Tons&#8220;)<\/li>\n\n\n\n<li>\u0160iaudinuk\u0173 v\u0117rimas (Strohflechten),<\/li>\n\n\n\n<li>Popieriaus kelion\u0117 (Die Reise des Papiers),<\/li>\n\n\n\n<li>Ma\u017eosios mozaikos istorija (Geschichte des kleinen Mosaiks),<\/li>\n\n\n\n<li>Nuo vilnos iki veltinio (Von der Wolle zum Filz),<\/li>\n\n\n\n<li>Kerzengie\u00dfen &#8222;K\u0105 mena va\u0161kas&#8220; (&#8222;Was das Wachs erz\u00e4hlt&#8220;)<\/li>\n\n\n\n<li>Kvapaus muiliuko gamyba (Herstellung duftender Seifen),<\/li>\n\n\n\n<li>Krai\u010dio skrynia (Mitgifttruhe),<\/li>\n\n\n\n<li>Kuriu sau v\u0117trung\u0117s magnet\u0105 (Ich gestalte meinen eigenen Wetterfahnen-Magneten),<\/li>\n\n\n\n<li>Tradicini\u0173 \u017eaidim\u0173 skrynel\u0117 (Kiste traditioneller Spiele).<\/li>\n<\/ol>\n\n<p><strong>BILDUNGSANGEBOTE ZU KALENDERFESTEN:<\/strong><\/p>\n\n<ol class=\"wp-block-list\">\n<li>U\u017egav\u0117ni\u0173 kauki\u0173 gamyba (Herstellung von Fastnachtsmasken),<\/li>\n\n\n\n<li>Tradicin\u0117 \u017eemaiti\u0161ka verba (Traditionelle samogitische Palme (Osterpalme),<\/li>\n\n\n\n<li>Kiau\u0161ini\u0173 marginimas (Eierf\u00e4rben),<\/li>\n\n\n\n<li>Jonini\u0173 vainiko pynimas (Johannistag-Kranzflechten)<\/li>\n\n\n\n<li>Advento vainiko pynimas (Flechten von Adventskr\u00e4nzen)<\/li>\n\n\n\n<li>Tradicini\u0173 kal\u0117dini\u0173 \u017eaisliuk\u0173 gamyba (Herstellung traditioneller Weihnachtsschmuckst\u00fccke),<\/li>\n\n\n\n<li>Popieriaus karpiniai (Papierschnitte),<\/li>\n\n\n\n<li>\u0160iaudinio sodo v\u0117rimas (F\u00e4deln des Strohgartens).<\/li>\n<\/ol>\n\n<p class=\"has-text-align-right\">\u00a0<\/p>\n","protected":false},"excerpt":{"rendered":"<p>Das Zentrum f\u00fcr traditionelles Handwerk in \u0160v\u0117k\u0161na wurde 2014 als Filiale des Touristeninformationszentrums \u0160ilut\u0117 im Rahmen des Projekts &#8222;Schaffung und<\/p>\n","protected":false},"author":1,"featured_media":13392,"parent":23039,"menu_order":1,"comment_status":"closed","ping_status":"closed","template":"","meta":{"_acf_changed":false,"_monsterinsights_skip_tracking":false,"_monsterinsights_sitenote_active":false,"_monsterinsights_sitenote_note":"","_monsterinsights_sitenote_category":0,"footnotes":""},"class_list":["post-23041","page","type-page","status-publish","has-post-thumbnail","hentry"],"acf":[],"_links":{"self":[{"href":"https:\/\/siluteinfo.lt\/de\/wp-json\/wp\/v2\/pages\/23041","targetHints":{"allow":["GET"]}}],"collection":[{"href":"https:\/\/siluteinfo.lt\/de\/wp-json\/wp\/v2\/pages"}],"about":[{"href":"https:\/\/siluteinfo.lt\/de\/wp-json\/wp\/v2\/types\/page"}],"author":[{"embeddable":true,"href":"https:\/\/siluteinfo.lt\/de\/wp-json\/wp\/v2\/users\/1"}],"replies":[{"embeddable":true,"href":"https:\/\/siluteinfo.lt\/de\/wp-json\/wp\/v2\/comments?post=23041"}],"version-history":[{"count":0,"href":"https:\/\/siluteinfo.lt\/de\/wp-json\/wp\/v2\/pages\/23041\/revisions"}],"up":[{"embeddable":true,"href":"https:\/\/siluteinfo.lt\/de\/wp-json\/wp\/v2\/pages\/23039"}],"wp:featuredmedia":[{"embeddable":true,"href":"https:\/\/siluteinfo.lt\/de\/wp-json\/wp\/v2\/media\/13392"}],"wp:attachment":[{"href":"https:\/\/siluteinfo.lt\/de\/wp-json\/wp\/v2\/media?parent=23041"}],"curies":[{"name":"wp","href":"https:\/\/api.w.org\/{rel}","templated":true}]}}