{"id":22996,"date":"2022-06-11T11:47:07","date_gmt":"2022-06-11T09:47:07","guid":{"rendered":"https:\/\/siluteinfo.lt\/freizeit\/angeln\/"},"modified":"2025-04-22T17:51:44","modified_gmt":"2025-04-22T15:51:44","slug":"angeln","status":"publish","type":"page","link":"https:\/\/siluteinfo.lt\/de\/freizeit\/angeln\/","title":{"rendered":"Freizeitangeln im Regionalpark Memeldelta"},"content":{"rendered":"\t\t<div data-elementor-type=\"wp-page\" data-elementor-id=\"22996\" class=\"elementor elementor-22996 elementor-13269\" data-elementor-post-type=\"page\">\n\t\t\t\t\t\t<section class=\"wd-negative-gap elementor-section elementor-top-section elementor-element elementor-element-294cc1af elementor-section-boxed elementor-section-height-default elementor-section-height-default\" data-id=\"294cc1af\" data-element_type=\"section\" data-e-type=\"section\">\n\t\t\t\t\t\t<div class=\"elementor-container elementor-column-gap-default\">\n\t\t\t\t\t<div class=\"elementor-column elementor-col-100 elementor-top-column elementor-element elementor-element-38d21bb\" data-id=\"38d21bb\" data-element_type=\"column\" data-e-type=\"column\">\n\t\t\t<div class=\"elementor-widget-wrap elementor-element-populated\">\n\t\t\t\t\t\t<div class=\"elementor-element elementor-element-950736b color-scheme-inherit text-left elementor-widget elementor-widget-text-editor\" data-id=\"950736b\" data-element_type=\"widget\" data-e-type=\"widget\" data-widget_type=\"text-editor.default\">\n\t\t\t\t<div class=\"elementor-widget-container\">\n\t\t\t\t\t\t\t\t\t<p>Das Angeln in den Gew\u00e4ssern des Regionalparks ist gem\u00e4\u00df den allgemeinen Vorschriften mit einer Anglerlizenz erlaubt, wie in allen staatlichen Gew\u00e4ssern, in denen kein begrenztes Angeln organisiert ist.<br>Nach der Aufhebung der Bestimmungen f\u00fcr das begrenzte Angeln gilt die Regelung nicht mehr, nach der ein Angler im Regionalpark Memeldelta bis zu 7 kg Fisch pro Angeltag fangen durfte. Jetzt gilt eine allgemeine Begrenzung von 5 kg.<br>Das Angeln auf Brassen w\u00e4hrend ihrer Laichzeit \u2013 vom 20. April bis 20. Mai \u2013 ist in den Gew\u00e4ssern des Parks verboten (dieses Verbot gilt nicht f\u00fcr das Angeln in Poldern).<br>Bitte beachten Sie, dass jegliches Freizeitangeln ganzj\u00e4hrig im botanisch-zoologischen Schutzgebiet Krok\u0173 Lanka, in der Kurischen Lagune zwischen den Fl\u00fcssen Atmata und Skirvyt\u0117 in weniger als 1 km Entfernung vom Ufer sowie in der Kniaupo-Bucht verboten ist.<br>In der Kurischen Lagune darf man bis zu 7 kg Fisch fangen, ausgenommen Stinte, f\u00fcr die keine Fangbegrenzung besteht.<br>Weitere Informationen finden Sie in den <a href=\"https:\/\/e-seimas.lrs.lt\/portal\/legalAct\/lt\/TAD\/TAIS.441228\/asr\" target=\"_blank\" rel=\"noopener\"><span style=\"text-decoration: underline; color: #0000ff;\">Vorschriften f\u00fcr das Freizeitangeln in Binnengew\u00e4ssern<\/span><\/a>.  <\/p>\t\t\t\t\t\t\t\t<\/div>\n\t\t\t\t<\/div>\n\t\t\t\t\t<\/div>\n\t\t<\/div>\n\t\t\t\t\t<\/div>\n\t\t<\/section>\n\t\t\t\t<\/div>\n\t\t","protected":false},"excerpt":{"rendered":"<p>Das Angeln in den Gew\u00e4ssern des Regionalparks ist gem\u00e4\u00df den allgemeinen Vorschriften mit einer Anglerlizenz erlaubt, wie in allen staatlichen<\/p>\n","protected":false},"author":1,"featured_media":13272,"parent":22975,"menu_order":8,"comment_status":"closed","ping_status":"closed","template":"","meta":{"_acf_changed":false,"_monsterinsights_skip_tracking":false,"_monsterinsights_sitenote_active":false,"_monsterinsights_sitenote_note":"","_monsterinsights_sitenote_category":0,"footnotes":""},"class_list":["post-22996","page","type-page","status-publish","has-post-thumbnail","hentry"],"acf":[],"_links":{"self":[{"href":"https:\/\/siluteinfo.lt\/de\/wp-json\/wp\/v2\/pages\/22996","targetHints":{"allow":["GET"]}}],"collection":[{"href":"https:\/\/siluteinfo.lt\/de\/wp-json\/wp\/v2\/pages"}],"about":[{"href":"https:\/\/siluteinfo.lt\/de\/wp-json\/wp\/v2\/types\/page"}],"author":[{"embeddable":true,"href":"https:\/\/siluteinfo.lt\/de\/wp-json\/wp\/v2\/users\/1"}],"replies":[{"embeddable":true,"href":"https:\/\/siluteinfo.lt\/de\/wp-json\/wp\/v2\/comments?post=22996"}],"version-history":[{"count":0,"href":"https:\/\/siluteinfo.lt\/de\/wp-json\/wp\/v2\/pages\/22996\/revisions"}],"up":[{"embeddable":true,"href":"https:\/\/siluteinfo.lt\/de\/wp-json\/wp\/v2\/pages\/22975"}],"wp:featuredmedia":[{"embeddable":true,"href":"https:\/\/siluteinfo.lt\/de\/wp-json\/wp\/v2\/media\/13272"}],"wp:attachment":[{"href":"https:\/\/siluteinfo.lt\/de\/wp-json\/wp\/v2\/media?parent=22996"}],"curies":[{"name":"wp","href":"https:\/\/api.w.org\/{rel}","templated":true}]}}