{"id":22980,"date":"2022-06-11T11:18:26","date_gmt":"2022-06-11T09:18:26","guid":{"rendered":"https:\/\/siluteinfo.lt\/freizeit\/aktive-unterhaltung\/"},"modified":"2025-05-20T07:24:38","modified_gmt":"2025-05-20T05:24:38","slug":"freizeitaktivitaeten","status":"publish","type":"page","link":"https:\/\/siluteinfo.lt\/de\/freizeit\/freizeitaktivitaeten\/","title":{"rendered":"Freizeitaktivit\u00e4ten"},"content":{"rendered":"\t\t<div data-elementor-type=\"wp-page\" data-elementor-id=\"22980\" class=\"elementor elementor-22980 elementor-13187\" data-elementor-post-type=\"page\">\n\t\t\t\t\t\t<section class=\"wd-negative-gap elementor-section elementor-top-section elementor-element elementor-element-4248140 elementor-section-boxed elementor-section-height-default elementor-section-height-default\" data-id=\"4248140\" data-element_type=\"section\" data-e-type=\"section\">\n\t\t\t\t\t\t<div class=\"elementor-container elementor-column-gap-default\">\n\t\t\t\t\t<div class=\"elementor-column elementor-col-100 elementor-top-column elementor-element elementor-element-a2b438f\" data-id=\"a2b438f\" data-element_type=\"column\" data-e-type=\"column\">\n\t\t\t<div class=\"elementor-widget-wrap elementor-element-populated\">\n\t\t\t\t\t\t<div class=\"elementor-element elementor-element-26dd3de elementor-grid-3 elementor-grid-tablet-2 elementor-grid-mobile-1 elementor-posts--thumbnail-top elementor-card-shadow-yes elementor-posts__hover-gradient elementor-widget elementor-widget-posts\" data-id=\"26dd3de\" data-element_type=\"widget\" data-e-type=\"widget\" data-settings=\"{&quot;cards_columns&quot;:&quot;3&quot;,&quot;cards_columns_tablet&quot;:&quot;2&quot;,&quot;cards_columns_mobile&quot;:&quot;1&quot;,&quot;cards_row_gap&quot;:{&quot;unit&quot;:&quot;px&quot;,&quot;size&quot;:35,&quot;sizes&quot;:[]},&quot;cards_row_gap_tablet&quot;:{&quot;unit&quot;:&quot;px&quot;,&quot;size&quot;:&quot;&quot;,&quot;sizes&quot;:[]},&quot;cards_row_gap_mobile&quot;:{&quot;unit&quot;:&quot;px&quot;,&quot;size&quot;:&quot;&quot;,&quot;sizes&quot;:[]}}\" data-widget_type=\"posts.cards\">\n\t\t\t\t<div class=\"elementor-widget-container\">\n\t\t\t\t\t\t\t<div class=\"elementor-posts-container elementor-posts elementor-posts--skin-cards elementor-grid\" role=\"list\">\n\t\t\t\t<article class=\"elementor-post elementor-grid-item post-41407 page type-page status-publish has-post-thumbnail hentry\" role=\"listitem\">\n\t\t\t<div class=\"elementor-post__card\">\n\t\t\t\t<a class=\"elementor-post__thumbnail__link\" href=\"https:\/\/siluteinfo.lt\/de\/freizeit\/freizeitaktivitaeten\/discgolf-park-silute\/\" tabindex=\"-1\"><div class=\"elementor-post__thumbnail\"><img loading=\"lazy\" decoding=\"async\" width=\"400\" height=\"266\" src=\"https:\/\/siluteinfo.lt\/wp-content\/themes\/woodmart\/images\/lazy.svg\" data-src=\"https:\/\/siluteinfo.lt\/wp-content\/uploads\/2025\/05\/laisvalaikis-pramogos-diskgolfas-400x266.jpg\" class=\" wd-lazy-blur attachment-medium size-medium wp-image-41351\" alt=\"Vyras meta l\u0117k\u0161t\u0119 \u017eaisdamas diskgolf\u0105 parke\" srcset=\"\" data-srcset=\"https:\/\/siluteinfo.lt\/wp-content\/uploads\/2025\/05\/laisvalaikis-pramogos-diskgolfas-400x266.jpg 400w, https:\/\/siluteinfo.lt\/wp-content\/uploads\/2025\/05\/laisvalaikis-pramogos-diskgolfas-768x511.jpg 768w, https:\/\/siluteinfo.lt\/wp-content\/uploads\/2025\/05\/laisvalaikis-pramogos-diskgolfas.jpg 1200w\" sizes=\"auto, (max-width: 400px) 100vw, 400px\" \/><\/div><\/a>\n\t\t\t\t<div class=\"elementor-post__text\">\n\t\t\t\t<h2 class=\"elementor-post__title\">\n\t\t\t<a href=\"https:\/\/siluteinfo.lt\/de\/freizeit\/freizeitaktivitaeten\/discgolf-park-silute\/\">\n\t\t\t\tDiscgolf-Park \u0160ilut\u0117\t\t\t<\/a>\n\t\t<\/h2>\n\t\t\t\t<div class=\"elementor-post__excerpt\">\n\t\t\t<p>Disc-Golf ist endlich auch in \u0160ilut\u0117 angekommen! Komm vorbei, lerne es kennen und probiere es aus! Eine tolle Gelegenheit, Spa\u00df<\/p>\n\t\t<\/div>\n\t\t\t\t\t<div class=\"elementor-post__read-more-wrapper\">\n\t\t\n\t\t<a class=\"elementor-post__read-more\" href=\"https:\/\/siluteinfo.lt\/de\/freizeit\/freizeitaktivitaeten\/discgolf-park-silute\/\" aria-label=\"Mehr \u00fcber Discgolf-Park \u0160ilut\u0117\" tabindex=\"-1\">\n\t\t\tMehr lesen \u00bb\t\t<\/a>\n\n\t\t\t\t\t<\/div>\n\t\t\t\t<\/div>\n\t\t\t\t\t<\/div>\n\t\t<\/article>\n\t\t\t\t<article class=\"elementor-post elementor-grid-item post-40435 page type-page status-publish has-post-thumbnail hentry\" role=\"listitem\">\n\t\t\t<div class=\"elementor-post__card\">\n\t\t\t\t<a class=\"elementor-post__thumbnail__link\" href=\"https:\/\/siluteinfo.lt\/de\/freizeit\/freizeitaktivitaeten\/schwimmbad-silute\/\" tabindex=\"-1\"><div class=\"elementor-post__thumbnail\"><img loading=\"lazy\" decoding=\"async\" width=\"400\" height=\"266\" src=\"https:\/\/siluteinfo.lt\/wp-content\/themes\/woodmart\/images\/lazy.svg\" data-src=\"https:\/\/siluteinfo.lt\/wp-content\/uploads\/2025\/03\/pramogos-silutes-baseinas-400x266.jpg\" class=\" wd-lazy-blur attachment-medium size-medium wp-image-39196\" alt=\"Laisvalaikio ir sporto nam\u0173 pastatas \u0160ilut\u0117je\" srcset=\"\" data-srcset=\"https:\/\/siluteinfo.lt\/wp-content\/uploads\/2025\/03\/pramogos-silutes-baseinas-400x266.jpg 400w, https:\/\/siluteinfo.lt\/wp-content\/uploads\/2025\/03\/pramogos-silutes-baseinas-768x511.jpg 768w, https:\/\/siluteinfo.lt\/wp-content\/uploads\/2025\/03\/pramogos-silutes-baseinas.jpg 1000w\" sizes=\"auto, (max-width: 400px) 100vw, 400px\" \/><\/div><\/a>\n\t\t\t\t<div class=\"elementor-post__text\">\n\t\t\t\t<h2 class=\"elementor-post__title\">\n\t\t\t<a href=\"https:\/\/siluteinfo.lt\/de\/freizeit\/freizeitaktivitaeten\/schwimmbad-silute\/\">\n\t\t\t\tSchwimmbad \u0160ilut\u0117\t\t\t<\/a>\n\t\t<\/h2>\n\t\t\t\t<div class=\"elementor-post__excerpt\">\n\t\t\t<p>Angebote: 25-Meter-Becken mit 4 Bahnen; 3 Saunen (t\u00fcrkisch, Salzsauna, Dampfsauna); Whirlpool; Kinderbecken; Massagebecken; Str\u00f6mungskanal; Ruhebereich. SCHWIMMBAD UND SPA-BEREICH Vier 25-Meter-Bahnen,<\/p>\n\t\t<\/div>\n\t\t\t\t\t<div class=\"elementor-post__read-more-wrapper\">\n\t\t\n\t\t<a class=\"elementor-post__read-more\" href=\"https:\/\/siluteinfo.lt\/de\/freizeit\/freizeitaktivitaeten\/schwimmbad-silute\/\" aria-label=\"Mehr \u00fcber Schwimmbad \u0160ilut\u0117\" tabindex=\"-1\">\n\t\t\tMehr lesen \u00bb\t\t<\/a>\n\n\t\t\t\t\t<\/div>\n\t\t\t\t<\/div>\n\t\t\t\t\t<\/div>\n\t\t<\/article>\n\t\t\t\t<article class=\"elementor-post elementor-grid-item post-41417 page type-page status-publish has-post-thumbnail hentry\" role=\"listitem\">\n\t\t\t<div class=\"elementor-post__card\">\n\t\t\t\t<a class=\"elementor-post__thumbnail__link\" href=\"https:\/\/siluteinfo.lt\/de\/freizeit\/freizeitaktivitaeten\/vogelbeobachtung-mit-dem-kanu-und-guide\/\" tabindex=\"-1\"><div class=\"elementor-post__thumbnail\"><img loading=\"lazy\" decoding=\"async\" width=\"400\" height=\"300\" src=\"https:\/\/siluteinfo.lt\/wp-content\/themes\/woodmart\/images\/lazy.svg\" data-src=\"https:\/\/siluteinfo.lt\/wp-content\/uploads\/2023\/11\/aktyvios-pramogos-pauksciu-stebejimas-kanojomis-su-gidu-400x300.jpg\" class=\" wd-lazy-blur attachment-medium size-medium wp-image-32241\" alt=\"\" srcset=\"\" data-srcset=\"https:\/\/siluteinfo.lt\/wp-content\/uploads\/2023\/11\/aktyvios-pramogos-pauksciu-stebejimas-kanojomis-su-gidu-400x300.jpg 400w, https:\/\/siluteinfo.lt\/wp-content\/uploads\/2023\/11\/aktyvios-pramogos-pauksciu-stebejimas-kanojomis-su-gidu-768x576.jpg 768w, https:\/\/siluteinfo.lt\/wp-content\/uploads\/2023\/11\/aktyvios-pramogos-pauksciu-stebejimas-kanojomis-su-gidu.jpg 1000w\" sizes=\"auto, (max-width: 400px) 100vw, 400px\" \/><\/div><\/a>\n\t\t\t\t<div class=\"elementor-post__text\">\n\t\t\t\t<h2 class=\"elementor-post__title\">\n\t\t\t<a href=\"https:\/\/siluteinfo.lt\/de\/freizeit\/freizeitaktivitaeten\/vogelbeobachtung-mit-dem-kanu-und-guide\/\">\n\t\t\t\tVogelbeobachtung mit dem Kanu und Guide\t\t\t<\/a>\n\t\t<\/h2>\n\t\t\t\t<div class=\"elementor-post__excerpt\">\n\t\t\t<p>Haben Sie sich jemals gefragt, wie ein Vogelparadies aussieht? Diese Tour bringt Ihnen das Gef\u00fchl von Freiheit und die unber\u00fchrte<\/p>\n\t\t<\/div>\n\t\t\t\t\t<div class=\"elementor-post__read-more-wrapper\">\n\t\t\n\t\t<a class=\"elementor-post__read-more\" href=\"https:\/\/siluteinfo.lt\/de\/freizeit\/freizeitaktivitaeten\/vogelbeobachtung-mit-dem-kanu-und-guide\/\" aria-label=\"Mehr \u00fcber Vogelbeobachtung mit dem Kanu und Guide\" tabindex=\"-1\">\n\t\t\tMehr lesen \u00bb\t\t<\/a>\n\n\t\t\t\t\t<\/div>\n\t\t\t\t<\/div>\n\t\t\t\t\t<\/div>\n\t\t<\/article>\n\t\t\t\t<article class=\"elementor-post elementor-grid-item post-41427 page type-page status-publish has-post-thumbnail hentry\" role=\"listitem\">\n\t\t\t<div class=\"elementor-post__card\">\n\t\t\t\t<a class=\"elementor-post__thumbnail__link\" href=\"https:\/\/siluteinfo.lt\/de\/freizeit\/freizeitaktivitaeten\/heissluftballonfahrt-ueber-silute\/\" tabindex=\"-1\"><div class=\"elementor-post__thumbnail\"><img loading=\"lazy\" decoding=\"async\" width=\"400\" height=\"300\" src=\"https:\/\/siluteinfo.lt\/wp-content\/themes\/woodmart\/images\/lazy.svg\" data-src=\"https:\/\/siluteinfo.lt\/wp-content\/uploads\/2023\/11\/aktyvios-pramogos-skrydis_oro_balionu_siluteje-400x300.jpg\" class=\" wd-lazy-blur attachment-medium size-medium wp-image-32247\" alt=\"\" srcset=\"\" data-srcset=\"https:\/\/siluteinfo.lt\/wp-content\/uploads\/2023\/11\/aktyvios-pramogos-skrydis_oro_balionu_siluteje-400x300.jpg 400w, https:\/\/siluteinfo.lt\/wp-content\/uploads\/2023\/11\/aktyvios-pramogos-skrydis_oro_balionu_siluteje-768x576.jpg 768w, https:\/\/siluteinfo.lt\/wp-content\/uploads\/2023\/11\/aktyvios-pramogos-skrydis_oro_balionu_siluteje.jpg 1200w\" sizes=\"auto, (max-width: 400px) 100vw, 400px\" \/><\/div><\/a>\n\t\t\t\t<div class=\"elementor-post__text\">\n\t\t\t\t<h2 class=\"elementor-post__title\">\n\t\t\t<a href=\"https:\/\/siluteinfo.lt\/de\/freizeit\/freizeitaktivitaeten\/heissluftballonfahrt-ueber-silute\/\">\n\t\t\t\tHei\u00dfluftballonfahrt \u00fcber \u0160ilut\u0117\t\t\t<\/a>\n\t\t<\/h2>\n\t\t\t\t<div class=\"elementor-post__excerpt\">\n\t\t\t<p>Steigen Sie mit uns \u00fcber das Memel-Delta auf! Sie werden nicht nur \u0160ilut\u0117 sehen, sondern auch die beeindruckende Wasserlandschaft \u2013<\/p>\n\t\t<\/div>\n\t\t\t\t\t<div class=\"elementor-post__read-more-wrapper\">\n\t\t\n\t\t<a class=\"elementor-post__read-more\" href=\"https:\/\/siluteinfo.lt\/de\/freizeit\/freizeitaktivitaeten\/heissluftballonfahrt-ueber-silute\/\" aria-label=\"Mehr \u00fcber Hei\u00dfluftballonfahrt \u00fcber \u0160ilut\u0117\" tabindex=\"-1\">\n\t\t\tMehr lesen \u00bb\t\t<\/a>\n\n\t\t\t\t\t<\/div>\n\t\t\t\t<\/div>\n\t\t\t\t\t<\/div>\n\t\t<\/article>\n\t\t\t\t<article class=\"elementor-post elementor-grid-item post-41437 page type-page status-publish has-post-thumbnail hentry\" role=\"listitem\">\n\t\t\t<div class=\"elementor-post__card\">\n\t\t\t\t<a class=\"elementor-post__thumbnail__link\" href=\"https:\/\/siluteinfo.lt\/de\/freizeit\/freizeitaktivitaeten\/heissluftballonfahrt\/\" tabindex=\"-1\"><div class=\"elementor-post__thumbnail\"><img loading=\"lazy\" decoding=\"async\" width=\"400\" height=\"300\" src=\"https:\/\/siluteinfo.lt\/wp-content\/themes\/woodmart\/images\/lazy.svg\" data-src=\"https:\/\/siluteinfo.lt\/wp-content\/uploads\/2023\/11\/aktyvios-pramogos-skrydis-oro-balionu-400x300.jpg\" class=\" wd-lazy-blur attachment-medium size-medium wp-image-32253\" alt=\"\" srcset=\"\" data-srcset=\"https:\/\/siluteinfo.lt\/wp-content\/uploads\/2023\/11\/aktyvios-pramogos-skrydis-oro-balionu-400x300.jpg 400w, https:\/\/siluteinfo.lt\/wp-content\/uploads\/2023\/11\/aktyvios-pramogos-skrydis-oro-balionu-768x576.jpg 768w, https:\/\/siluteinfo.lt\/wp-content\/uploads\/2023\/11\/aktyvios-pramogos-skrydis-oro-balionu.jpg 1200w\" sizes=\"auto, (max-width: 400px) 100vw, 400px\" \/><\/div><\/a>\n\t\t\t\t<div class=\"elementor-post__text\">\n\t\t\t\t<h2 class=\"elementor-post__title\">\n\t\t\t<a href=\"https:\/\/siluteinfo.lt\/de\/freizeit\/freizeitaktivitaeten\/heissluftballonfahrt\/\">\n\t\t\t\tHei\u00dfluftballonfahrt\t\t\t<\/a>\n\t\t<\/h2>\n\t\t\t\t<div class=\"elementor-post__excerpt\">\n\t\t\t<p>Entdecken Sie die einzigartige Sch\u00f6nheit des Memel-Deltas aus der Vogelperspektive! Die Altstadt, Kan\u00e4le und Buchten werden Sie begeistern \u2013 eine<\/p>\n\t\t<\/div>\n\t\t\t\t\t<div class=\"elementor-post__read-more-wrapper\">\n\t\t\n\t\t<a class=\"elementor-post__read-more\" href=\"https:\/\/siluteinfo.lt\/de\/freizeit\/freizeitaktivitaeten\/heissluftballonfahrt\/\" aria-label=\"Mehr \u00fcber Hei\u00dfluftballonfahrt\" tabindex=\"-1\">\n\t\t\tMehr lesen \u00bb\t\t<\/a>\n\n\t\t\t\t\t<\/div>\n\t\t\t\t<\/div>\n\t\t\t\t\t<\/div>\n\t\t<\/article>\n\t\t\t\t<article class=\"elementor-post elementor-grid-item post-41447 page type-page status-publish has-post-thumbnail hentry\" role=\"listitem\">\n\t\t\t<div class=\"elementor-post__card\">\n\t\t\t\t<a class=\"elementor-post__thumbnail__link\" href=\"https:\/\/siluteinfo.lt\/de\/freizeit\/freizeitaktivitaeten\/paintball\/\" tabindex=\"-1\"><div class=\"elementor-post__thumbnail\"><img loading=\"lazy\" decoding=\"async\" width=\"400\" height=\"300\" src=\"https:\/\/siluteinfo.lt\/wp-content\/themes\/woodmart\/images\/lazy.svg\" data-src=\"https:\/\/siluteinfo.lt\/wp-content\/uploads\/2023\/11\/aktyvios-pramogos-dazasvydis-400x300.jpg\" class=\" wd-lazy-blur attachment-medium size-medium wp-image-32265\" alt=\"\" srcset=\"\" data-srcset=\"https:\/\/siluteinfo.lt\/wp-content\/uploads\/2023\/11\/aktyvios-pramogos-dazasvydis-400x300.jpg 400w, https:\/\/siluteinfo.lt\/wp-content\/uploads\/2023\/11\/aktyvios-pramogos-dazasvydis-768x576.jpg 768w, https:\/\/siluteinfo.lt\/wp-content\/uploads\/2023\/11\/aktyvios-pramogos-dazasvydis.jpg 1200w\" sizes=\"auto, (max-width: 400px) 100vw, 400px\" \/><\/div><\/a>\n\t\t\t\t<div class=\"elementor-post__text\">\n\t\t\t\t<h2 class=\"elementor-post__title\">\n\t\t\t<a href=\"https:\/\/siluteinfo.lt\/de\/freizeit\/freizeitaktivitaeten\/paintball\/\">\n\t\t\t\tPaintball\t\t\t<\/a>\n\t\t<\/h2>\n\t\t\t\t<div class=\"elementor-post__excerpt\">\n\t\t\t<p>Paintball ist eine \u00e4u\u00dferst beliebte Aktivit\u00e4t f\u00fcr Erwachsene und Kinder. Dieses actionreiche Spiel steckt voller \u00dcberraschungen, Spannung und Emotionen. Es<\/p>\n\t\t<\/div>\n\t\t\t\t\t<div class=\"elementor-post__read-more-wrapper\">\n\t\t\n\t\t<a class=\"elementor-post__read-more\" href=\"https:\/\/siluteinfo.lt\/de\/freizeit\/freizeitaktivitaeten\/paintball\/\" aria-label=\"Mehr \u00fcber Paintball\" tabindex=\"-1\">\n\t\t\tMehr lesen \u00bb\t\t<\/a>\n\n\t\t\t\t\t<\/div>\n\t\t\t\t<\/div>\n\t\t\t\t\t<\/div>\n\t\t<\/article>\n\t\t\t\t<\/div>\n\t\t\n\t\t\t\t\t\t<\/div>\n\t\t\t\t<\/div>\n\t\t\t\t\t<\/div>\n\t\t<\/div>\n\t\t\t\t\t<\/div>\n\t\t<\/section>\n\t\t\t\t<\/div>\n\t\t","protected":false},"excerpt":{"rendered":"","protected":false},"author":1,"featured_media":0,"parent":22975,"menu_order":2,"comment_status":"closed","ping_status":"closed","template":"","meta":{"_acf_changed":false,"_monsterinsights_skip_tracking":false,"_monsterinsights_sitenote_active":false,"_monsterinsights_sitenote_note":"","_monsterinsights_sitenote_category":0,"footnotes":""},"class_list":["post-22980","page","type-page","status-publish","hentry"],"acf":[],"_links":{"self":[{"href":"https:\/\/siluteinfo.lt\/de\/wp-json\/wp\/v2\/pages\/22980","targetHints":{"allow":["GET"]}}],"collection":[{"href":"https:\/\/siluteinfo.lt\/de\/wp-json\/wp\/v2\/pages"}],"about":[{"href":"https:\/\/siluteinfo.lt\/de\/wp-json\/wp\/v2\/types\/page"}],"author":[{"embeddable":true,"href":"https:\/\/siluteinfo.lt\/de\/wp-json\/wp\/v2\/users\/1"}],"replies":[{"embeddable":true,"href":"https:\/\/siluteinfo.lt\/de\/wp-json\/wp\/v2\/comments?post=22980"}],"version-history":[{"count":0,"href":"https:\/\/siluteinfo.lt\/de\/wp-json\/wp\/v2\/pages\/22980\/revisions"}],"up":[{"embeddable":true,"href":"https:\/\/siluteinfo.lt\/de\/wp-json\/wp\/v2\/pages\/22975"}],"wp:attachment":[{"href":"https:\/\/siluteinfo.lt\/de\/wp-json\/wp\/v2\/media?parent=22980"}],"curies":[{"name":"wp","href":"https:\/\/api.w.org\/{rel}","templated":true}]}}